{"id":316,"date":"2022-09-30T13:11:17","date_gmt":"2022-09-30T12:11:17","guid":{"rendered":"http:\/\/wpdiarytheme.com\/aplicativos-de-chat-naughty-gratis\/"},"modified":"2022-09-30T13:11:17","modified_gmt":"2022-09-30T12:11:17","slug":"aplicativos-de-chat-naughty-gratis","status":"publish","type":"page","link":"https:\/\/wpdiarytheme.com\/pt-pt\/aplicativos-de-chat-naughty-gratis\/","title":{"rendered":"Aplicativos de chat naughty gr\u00e1tis"},"content":{"rendered":"<p>N\u00e3o h\u00e1 como negar que salas de chat podem ser uma \u00f3tima maneira de se conectar com pessoas que compartilham seus interesses. No entanto, tamb\u00e9m n\u00e3o h\u00e1 como negar que as salas de chat podem ser uma \u00f3tima maneira de se encontrar com pessoas que partilham o seu lado mau.<\/p>\n<p>Se est\u00e1s \u00e0 procura de um pouco mais de excita\u00e7\u00e3o na tua vida, ent\u00e3o talvez queiras pensar em passar algum tempo numa sala de chat marota. Aqui, podes baixar o cabelo e ser t\u00e3o mau quanto quiseres. Quer esteja \u00e0 procura de divers\u00e3o inofensiva ou algo um pouco mais risque, vai encontr\u00e1-la numa sala de chat travessa.<\/p>\n<p>Claro que, como em qualquer outra coisa, ter\u00e1 de usar o seu melhor discernimento quando <a href=\"http:\/\/wpdiarytheme.com\/talk-with-milfs\/\">conversar com estranhos online<\/a>. N\u00e3o forne\u00e7a informa\u00e7\u00f5es pessoais ou se envolva em atividades que o fa\u00e7am sentir desconfort\u00e1vel. Mas desde que jogue pelo seguro, passar algum tempo numa sala de chat travessa pode ser uma \u00f3tima maneira de apimentar a sua vida amorosa.<\/p>\n<h2>Sites de chat travessos<\/h2>\n<p>Conversa marota pode ser uma \u00f3tima maneira de apimentar a sua vida amorosa. Pode adicionar excita\u00e7\u00e3o e intriga a uma rela\u00e7\u00e3o mundana. Conversa marota tamb\u00e9m pode ser uma \u00f3tima maneira de conhecer algu\u00e9m novo. Pode ajudar-te a quebrar o gelo e conhecer algu\u00e9m a um n\u00edvel mais pessoal. Conversa marota pode ser uma \u00f3tima maneira de construir tens\u00e3o sexual e antecipa\u00e7\u00e3o. Tamb\u00e9m pode ser uma \u00f3tima maneira de libertar algumas das suas inibi\u00e7\u00f5es e explorar o seu lado selvagem. Se quer adicionar alguma especiaria \u00e0 sua vida amorosa, conversa marota \u00e9 um \u00f3timo lugar para come\u00e7ar.<\/p>\n<p>Se procura amor, por que n\u00e3o tenta algo um pouco maroto? Conversa marota gratuita \u00e9 a maneira perfeita de apimentar a sua vida amorosa e fazer com que as borboletas voltem a funcionar. Quer sejas solteiro ou numa rela\u00e7\u00e3o, um pouco de conversa marota pode ir longe. Ent\u00e3o, do que est\u00e1 \u00e0 espera? Vai namoriscar e divertir-te!<\/p>\n<h2>Chatrooms sexuais<\/h2>\n<p>Salas de chat para adultos podem ser uma \u00f3tima maneira de conhecer novas pessoas, especialmente se voc\u00ea estiver procurando um encontro. Podem ser muito divertidos, e normalmente podes encontrar algu\u00e9m que partilhe os teus interesses. No entanto, \u00e9 importante estar seguro quando se usa salas de chat e nunca dar informa\u00e7\u00f5es pessoais.<\/p>\n<h3>Outpersonal.com<\/h3>\n<p>Se voc\u00ea est\u00e1 procurando uma aplica\u00e7\u00e3o de sala de chat travessa, Outpersonal.com \u00e9 uma \u00f3tima op\u00e7\u00e3o. A aplica\u00e7\u00e3o \u00e9 gratuita para descarregar e usar, e oferece uma grande variedade de funcionalidades para ajud\u00e1-lo a encontrar e conectar-se com potenciais partidas. Pode pesquisar os utilizadores por localiza\u00e7\u00e3o, idade e interesses, e pode enviar-lhes uma mensagem diretamente. A aplica\u00e7\u00e3o tamb\u00e9m tem uma funcionalidade &#8220;Spark&#8221; que lhe permite enviar uma mensagem de flirty a outro utilizador. No geral, Outpersonal.com \u00e9 uma \u00f3tima op\u00e7\u00e3o para quem procura uma aplica\u00e7\u00e3o de sala de chat travessa.<\/p>\n<h3>CougarLife<\/h3>\n<p>CougarLife \u00e9 uma aplica\u00e7\u00e3o de encontros que permite conversar com outros utilizadores que est\u00e3o \u00e0 procura de uma liga\u00e7\u00e3o casual. A aplica\u00e7\u00e3o \u00e9 gratuita para descarregar e usar, e oferece uma variedade de funcionalidades que facilitam a procura de algu\u00e9m com quem conversar. Pode pesquisar por localiza\u00e7\u00e3o, idade e interesses, e tamb\u00e9m pode ver perfis e fotos. Se est\u00e1 interessado em conhecer algu\u00e9m para um encontro casual, cougarLife \u00e9 uma \u00f3tima op\u00e7\u00e3o.<\/p>\n<h3>Rio Uberhorny<\/h3>\n<p>Se procura uma sala de chat marota para se divertir, Uberhorny \u00e9 uma \u00f3tima op\u00e7\u00e3o. O site tem uma grande sele\u00e7\u00e3o de salas de chat para escolher, e voc\u00ea pode facilmente encontrar uma que se adapte aos seus interesses. As salas de chat s\u00e3o bem moderadas e h\u00e1 uma boa mistura de utilizadores, por isso voc\u00ea certamente encontrar\u00e1 algu\u00e9m com quem se divertir. A \u00fanica desvantagem \u00e9 que o site n\u00e3o \u00e9 gratuito, mas vale bem o pre\u00e7o pela grande sele\u00e7\u00e3o de salas de chat e pela divers\u00e3o que voc\u00ea certamente ter\u00e1.<\/p>\n","protected":false},"excerpt":{"rendered":"<p>N\u00e3o h\u00e1 como negar que salas de chat podem ser uma \u00f3tima maneira de se conectar com pessoas que compartilham&hellip;<\/p>\n","protected":false},"author":1,"featured_media":0,"parent":0,"menu_order":0,"comment_status":"closed","ping_status":"closed","template":"","meta":[],"yoast_head":"<!-- This site is optimized with the Yoast SEO plugin v17.7.1 - https:\/\/yoast.com\/wordpress\/plugins\/seo\/ -->\n<title>Aplicativos de chat naughty gr\u00e1tis - Dating Themes<\/title>\n<meta name=\"robots\" content=\"index, follow, max-snippet:-1, max-image-preview:large, max-video-preview:-1\" \/>\n<link rel=\"canonical\" href=\"https:\/\/wpdiarytheme.com\/pt-pt\/aplicativos-de-chat-naughty-gratis\/\" \/>\n<meta property=\"og:locale\" content=\"pt_PT\" \/>\n<meta property=\"og:type\" content=\"article\" \/>\n<meta property=\"og:title\" content=\"Aplicativos de chat naughty gr\u00e1tis - Dating Themes\" \/>\n<meta property=\"og:description\" content=\"N\u00e3o h\u00e1 como negar que salas de chat podem ser uma \u00f3tima maneira de se conectar com pessoas que compartilham&hellip;\" \/>\n<meta property=\"og:url\" content=\"https:\/\/wpdiarytheme.com\/pt-pt\/aplicativos-de-chat-naughty-gratis\/\" \/>\n<meta property=\"og:site_name\" content=\"Dating Themes\" \/>\n<meta name=\"twitter:card\" content=\"summary_large_image\" \/>\n<meta name=\"twitter:label1\" content=\"Tempo estimado de leitura\" \/>\n\t<meta name=\"twitter:data1\" content=\"3 minutos\" \/>\n<script type=\"application\/ld+json\" class=\"yoast-schema-graph\">{\"@context\":\"https:\/\/schema.org\",\"@graph\":[{\"@type\":\"WebSite\",\"@id\":\"https:\/\/wpdiarytheme.com\/#website\",\"url\":\"https:\/\/wpdiarytheme.com\/\",\"name\":\"Dating Themes\",\"description\":\"Find Your Perfect App\",\"potentialAction\":[{\"@type\":\"SearchAction\",\"target\":{\"@type\":\"EntryPoint\",\"urlTemplate\":\"https:\/\/wpdiarytheme.com\/?s={search_term_string}\"},\"query-input\":\"required name=search_term_string\"}],\"inLanguage\":\"pt-PT\"},{\"@type\":\"WebPage\",\"@id\":\"https:\/\/wpdiarytheme.com\/pt-pt\/aplicativos-de-chat-naughty-gratis\/#webpage\",\"url\":\"https:\/\/wpdiarytheme.com\/pt-pt\/aplicativos-de-chat-naughty-gratis\/\",\"name\":\"Aplicativos de chat naughty gr\\u00e1tis - Dating Themes\",\"isPartOf\":{\"@id\":\"https:\/\/wpdiarytheme.com\/#website\"},\"datePublished\":\"2022-09-30T12:11:17+00:00\",\"dateModified\":\"2022-09-30T12:11:17+00:00\",\"breadcrumb\":{\"@id\":\"https:\/\/wpdiarytheme.com\/pt-pt\/aplicativos-de-chat-naughty-gratis\/#breadcrumb\"},\"inLanguage\":\"pt-PT\",\"potentialAction\":[{\"@type\":\"ReadAction\",\"target\":[\"https:\/\/wpdiarytheme.com\/pt-pt\/aplicativos-de-chat-naughty-gratis\/\"]}]},{\"@type\":\"BreadcrumbList\",\"@id\":\"https:\/\/wpdiarytheme.com\/pt-pt\/aplicativos-de-chat-naughty-gratis\/#breadcrumb\",\"itemListElement\":[{\"@type\":\"ListItem\",\"position\":1,\"name\":\"Home\",\"item\":\"https:\/\/wpdiarytheme.com\/pt-pt\/\"},{\"@type\":\"ListItem\",\"position\":2,\"name\":\"Aplicativos de chat naughty gr\\u00e1tis\"}]}]}<\/script>\n<!-- \/ Yoast SEO plugin. -->","yoast_head_json":{"title":"Aplicativos de chat naughty gr\u00e1tis - Dating Themes","robots":{"index":"index","follow":"follow","max-snippet":"max-snippet:-1","max-image-preview":"max-image-preview:large","max-video-preview":"max-video-preview:-1"},"canonical":"https:\/\/wpdiarytheme.com\/pt-pt\/aplicativos-de-chat-naughty-gratis\/","og_locale":"pt_PT","og_type":"article","og_title":"Aplicativos de chat naughty gr\u00e1tis - Dating Themes","og_description":"N\u00e3o h\u00e1 como negar que salas de chat podem ser uma \u00f3tima maneira de se conectar com pessoas que compartilham&hellip;","og_url":"https:\/\/wpdiarytheme.com\/pt-pt\/aplicativos-de-chat-naughty-gratis\/","og_site_name":"Dating Themes","twitter_card":"summary_large_image","twitter_misc":{"Tempo estimado de leitura":"3 minutos"},"schema":{"@context":"https:\/\/schema.org","@graph":[{"@type":"WebSite","@id":"https:\/\/wpdiarytheme.com\/#website","url":"https:\/\/wpdiarytheme.com\/","name":"Dating Themes","description":"Find Your Perfect App","potentialAction":[{"@type":"SearchAction","target":{"@type":"EntryPoint","urlTemplate":"https:\/\/wpdiarytheme.com\/?s={search_term_string}"},"query-input":"required name=search_term_string"}],"inLanguage":"pt-PT"},{"@type":"WebPage","@id":"https:\/\/wpdiarytheme.com\/pt-pt\/aplicativos-de-chat-naughty-gratis\/#webpage","url":"https:\/\/wpdiarytheme.com\/pt-pt\/aplicativos-de-chat-naughty-gratis\/","name":"Aplicativos de chat naughty gr\u00e1tis - Dating Themes","isPartOf":{"@id":"https:\/\/wpdiarytheme.com\/#website"},"datePublished":"2022-09-30T12:11:17+00:00","dateModified":"2022-09-30T12:11:17+00:00","breadcrumb":{"@id":"https:\/\/wpdiarytheme.com\/pt-pt\/aplicativos-de-chat-naughty-gratis\/#breadcrumb"},"inLanguage":"pt-PT","potentialAction":[{"@type":"ReadAction","target":["https:\/\/wpdiarytheme.com\/pt-pt\/aplicativos-de-chat-naughty-gratis\/"]}]},{"@type":"BreadcrumbList","@id":"https:\/\/wpdiarytheme.com\/pt-pt\/aplicativos-de-chat-naughty-gratis\/#breadcrumb","itemListElement":[{"@type":"ListItem","position":1,"name":"Home","item":"https:\/\/wpdiarytheme.com\/pt-pt\/"},{"@type":"ListItem","position":2,"name":"Aplicativos de chat naughty gr\u00e1tis"}]}]}},"_links":{"self":[{"href":"https:\/\/wpdiarytheme.com\/pt-pt\/wp-json\/wp\/v2\/pages\/316"}],"collection":[{"href":"https:\/\/wpdiarytheme.com\/pt-pt\/wp-json\/wp\/v2\/pages"}],"about":[{"href":"https:\/\/wpdiarytheme.com\/pt-pt\/wp-json\/wp\/v2\/types\/page"}],"author":[{"embeddable":true,"href":"https:\/\/wpdiarytheme.com\/pt-pt\/wp-json\/wp\/v2\/users\/1"}],"replies":[{"embeddable":true,"href":"https:\/\/wpdiarytheme.com\/pt-pt\/wp-json\/wp\/v2\/comments?post=316"}],"version-history":[{"count":0,"href":"https:\/\/wpdiarytheme.com\/pt-pt\/wp-json\/wp\/v2\/pages\/316\/revisions"}],"wp:attachment":[{"href":"https:\/\/wpdiarytheme.com\/pt-pt\/wp-json\/wp\/v2\/media?parent=316"}],"curies":[{"name":"wp","href":"https:\/\/api.w.org\/{rel}","templated":true}]}}