{"id":308,"date":"2022-09-30T13:10:30","date_gmt":"2022-09-30T12:10:30","guid":{"rendered":"http:\/\/wpdiarytheme.com\/sites-de-foda-livre\/"},"modified":"2022-09-30T13:10:30","modified_gmt":"2022-09-30T12:10:30","slug":"sites-de-foda-livre","status":"publish","type":"page","link":"https:\/\/wpdiarytheme.com\/pt-pt\/sites-de-foda-livre\/","title":{"rendered":"Sites de foda livre"},"content":{"rendered":"<p>N\u00e3o h\u00e1 como negar que conhecer e foder sites t\u00eam o seu lugar quando se trata de namorar. S\u00e3o r\u00e1pidos, f\u00e1ceis e muitas vezes livres, o que os torna ideais para quem procura um <a href=\"http:\/\/wpdiarytheme.com\/free-naughty-chat-apps\/\">encontro sem compromissos<\/a>. No entanto, n\u00e3o est\u00e3o sem as suas desvantagens. Porque s\u00e3o t\u00e3o f\u00e1ceis de usar, s\u00e3o muitas vezes invadidos por perfis falsos e burl\u00f5es. Al\u00e9m disso, muitos sites de encontros e foda-se s\u00e3o sem moderados, o que pode levar a alguns encontros desagrad\u00e1veis (e perigosos). Se procura usar um site de encontros e foder, certifique-se de fazer a sua pesquisa e usar um local respeit\u00e1vel e seguro.<\/p>\n<p>H\u00e1 muitos sites livres l\u00e1 fora se souber onde procurar. Uma pesquisa r\u00e1pida online revelar\u00e1 muitas op\u00e7\u00f5es diferentes, por isso \u00e9 apenas uma quest\u00e3o de encontrar uma que se adapte \u00e0s suas necessidades. Se est\u00e1s \u00e0 procura de uma maneira r\u00e1pida e f\u00e1cil de fazer sexo, ent\u00e3o um s\u00edtio livre pode ser o caminho a seguir. No entanto, se procura algo um pouco mais s\u00e9rio, ent\u00e3o talvez queira considerar pagar por uma associa\u00e7\u00e3o a um site de encontros premium. Os sites premium geralmente t\u00eam melhores funcionalidades de seguran\u00e7a e privacidade, bem como uma base de utilizadores maior e mais ativa.<\/p>\n<h2>Encontre um amigo foda-se<\/h2>\n<p>N\u00e3o existe tal coisa como &#8220;foda-se de gra\u00e7a&#8221; quando se trata de namoro. Se queres sair com algu\u00e9m, vais ter de te esfor\u00e7ar, quer isso signifique ir a uns encontros ou gastar algum dinheiro para um jantar chique. Mas no fim das contas, depende de ti o quanto est\u00e1s disposto a dar, s\u00f3 n\u00e3o esperes obt\u00ea-lo de gra\u00e7a.<\/p>\n<h3>FriendFinder-X<\/h3>\n<p>Se voc\u00ea quiser encontrar um encontro, FriendFinder-X \u00e9 uma \u00f3tima aplica\u00e7\u00e3o de encontros para usar. \u00c9 um site de encontros e foda-se que \u00e9 especificamente projetado para ajud\u00e1-lo a encontrar parceiros sexuais. A aplica\u00e7\u00e3o \u00e9 f\u00e1cil de usar e tem muitas funcionalidades que fazem com que seja uma \u00f3tima escolha para encontrar uma liga\u00e7\u00e3o. A fun\u00e7\u00e3o de pesquisa \u00e9 muito f\u00e1cil de utilizar e pode us\u00e1-la para encontrar f\u00f3sforos na sua \u00e1rea. A aplica\u00e7\u00e3o tamb\u00e9m tem uma fun\u00e7\u00e3o de mensagens que lhe permite comunicar com potenciais correspond\u00eancias. No geral, FriendFinder-X \u00e9 uma \u00f3tima escolha para encontrar um engate.<\/p>\n<h3>XCheaters<\/h3>\n<p>A aplica\u00e7\u00e3o de encontros XCheaters \u00e9 um dos sites de encontros e foda-se online. A aplica\u00e7\u00e3o foi descarregada mais de um milh\u00e3o de vezes e foi utilizada por milh\u00f5es de utilizadores. A aplica\u00e7\u00e3o \u00e9 gratuita para descarregar e usar, estando dispon\u00edvel tanto para dispositivos iOS como Android. A aplica\u00e7\u00e3o tem uma classifica\u00e7\u00e3o de 4.5 estrelas na App Store e uma classifica\u00e7\u00e3o de 4 estrelas na Google Play Store.<\/p>\n<p>A aplica\u00e7\u00e3o permite que os utilizadores encontrem solteiros locais interessados em se encontrarem para uma liga\u00e7\u00e3o. A aplica\u00e7\u00e3o tamb\u00e9m permite que os utilizadores conversem com outros utilizadores, e at\u00e9 tem um sistema de mensagens incorporado. A aplica\u00e7\u00e3o \u00e9 muito f\u00e1cil de usar e \u00e9 muito f\u00e1cil de usar. No geral, a aplica\u00e7\u00e3o de encontros XCheaters \u00e9 uma \u00f3tima op\u00e7\u00e3o para quem procura uma maneira r\u00e1pida e f\u00e1cil de conhecer solteiros locais para um encontro.<\/p>\n<h3>Data<\/h3>\n<p>Se est\u00e1s \u00e0 procura de um site de encontros e foda-te, ent\u00e3o o DateYou \u00e9 uma \u00f3tima op\u00e7\u00e3o. O site tem uma grande base de utilizadores e \u00e9 f\u00e1cil de usar. Os perfis s\u00e3o detalhados e existem muitas op\u00e7\u00f5es de pesquisa. No entanto, o site \u00e9 caro e n\u00e3o h\u00e1 testes gratuitos.<\/p>\n","protected":false},"excerpt":{"rendered":"<p>N\u00e3o h\u00e1 como negar que conhecer e foder sites t\u00eam o seu lugar quando se trata de namorar. S\u00e3o r\u00e1pidos,&hellip;<\/p>\n","protected":false},"author":1,"featured_media":0,"parent":0,"menu_order":0,"comment_status":"closed","ping_status":"closed","template":"","meta":[],"yoast_head":"<!-- This site is optimized with the Yoast SEO plugin v17.7.1 - https:\/\/yoast.com\/wordpress\/plugins\/seo\/ -->\n<title>Sites de foda livre - Dating Themes<\/title>\n<meta name=\"robots\" content=\"index, follow, max-snippet:-1, max-image-preview:large, max-video-preview:-1\" \/>\n<link rel=\"canonical\" href=\"https:\/\/wpdiarytheme.com\/pt-pt\/sites-de-foda-livre\/\" \/>\n<meta property=\"og:locale\" content=\"pt_PT\" \/>\n<meta property=\"og:type\" content=\"article\" \/>\n<meta property=\"og:title\" content=\"Sites de foda livre - Dating Themes\" \/>\n<meta property=\"og:description\" content=\"N\u00e3o h\u00e1 como negar que conhecer e foder sites t\u00eam o seu lugar quando se trata de namorar. S\u00e3o r\u00e1pidos,&hellip;\" \/>\n<meta property=\"og:url\" content=\"https:\/\/wpdiarytheme.com\/pt-pt\/sites-de-foda-livre\/\" \/>\n<meta property=\"og:site_name\" content=\"Dating Themes\" \/>\n<meta name=\"twitter:card\" content=\"summary_large_image\" \/>\n<meta name=\"twitter:label1\" content=\"Tempo estimado de leitura\" \/>\n\t<meta name=\"twitter:data1\" content=\"3 minutos\" \/>\n<script type=\"application\/ld+json\" class=\"yoast-schema-graph\">{\"@context\":\"https:\/\/schema.org\",\"@graph\":[{\"@type\":\"WebSite\",\"@id\":\"https:\/\/wpdiarytheme.com\/#website\",\"url\":\"https:\/\/wpdiarytheme.com\/\",\"name\":\"Dating Themes\",\"description\":\"Find Your Perfect App\",\"potentialAction\":[{\"@type\":\"SearchAction\",\"target\":{\"@type\":\"EntryPoint\",\"urlTemplate\":\"https:\/\/wpdiarytheme.com\/?s={search_term_string}\"},\"query-input\":\"required name=search_term_string\"}],\"inLanguage\":\"pt-PT\"},{\"@type\":\"WebPage\",\"@id\":\"https:\/\/wpdiarytheme.com\/pt-pt\/sites-de-foda-livre\/#webpage\",\"url\":\"https:\/\/wpdiarytheme.com\/pt-pt\/sites-de-foda-livre\/\",\"name\":\"Sites de foda livre - Dating Themes\",\"isPartOf\":{\"@id\":\"https:\/\/wpdiarytheme.com\/#website\"},\"datePublished\":\"2022-09-30T12:10:30+00:00\",\"dateModified\":\"2022-09-30T12:10:30+00:00\",\"breadcrumb\":{\"@id\":\"https:\/\/wpdiarytheme.com\/pt-pt\/sites-de-foda-livre\/#breadcrumb\"},\"inLanguage\":\"pt-PT\",\"potentialAction\":[{\"@type\":\"ReadAction\",\"target\":[\"https:\/\/wpdiarytheme.com\/pt-pt\/sites-de-foda-livre\/\"]}]},{\"@type\":\"BreadcrumbList\",\"@id\":\"https:\/\/wpdiarytheme.com\/pt-pt\/sites-de-foda-livre\/#breadcrumb\",\"itemListElement\":[{\"@type\":\"ListItem\",\"position\":1,\"name\":\"Home\",\"item\":\"https:\/\/wpdiarytheme.com\/pt-pt\/\"},{\"@type\":\"ListItem\",\"position\":2,\"name\":\"Sites de foda livre\"}]}]}<\/script>\n<!-- \/ Yoast SEO plugin. -->","yoast_head_json":{"title":"Sites de foda livre - Dating Themes","robots":{"index":"index","follow":"follow","max-snippet":"max-snippet:-1","max-image-preview":"max-image-preview:large","max-video-preview":"max-video-preview:-1"},"canonical":"https:\/\/wpdiarytheme.com\/pt-pt\/sites-de-foda-livre\/","og_locale":"pt_PT","og_type":"article","og_title":"Sites de foda livre - Dating Themes","og_description":"N\u00e3o h\u00e1 como negar que conhecer e foder sites t\u00eam o seu lugar quando se trata de namorar. S\u00e3o r\u00e1pidos,&hellip;","og_url":"https:\/\/wpdiarytheme.com\/pt-pt\/sites-de-foda-livre\/","og_site_name":"Dating Themes","twitter_card":"summary_large_image","twitter_misc":{"Tempo estimado de leitura":"3 minutos"},"schema":{"@context":"https:\/\/schema.org","@graph":[{"@type":"WebSite","@id":"https:\/\/wpdiarytheme.com\/#website","url":"https:\/\/wpdiarytheme.com\/","name":"Dating Themes","description":"Find Your Perfect App","potentialAction":[{"@type":"SearchAction","target":{"@type":"EntryPoint","urlTemplate":"https:\/\/wpdiarytheme.com\/?s={search_term_string}"},"query-input":"required name=search_term_string"}],"inLanguage":"pt-PT"},{"@type":"WebPage","@id":"https:\/\/wpdiarytheme.com\/pt-pt\/sites-de-foda-livre\/#webpage","url":"https:\/\/wpdiarytheme.com\/pt-pt\/sites-de-foda-livre\/","name":"Sites de foda livre - Dating Themes","isPartOf":{"@id":"https:\/\/wpdiarytheme.com\/#website"},"datePublished":"2022-09-30T12:10:30+00:00","dateModified":"2022-09-30T12:10:30+00:00","breadcrumb":{"@id":"https:\/\/wpdiarytheme.com\/pt-pt\/sites-de-foda-livre\/#breadcrumb"},"inLanguage":"pt-PT","potentialAction":[{"@type":"ReadAction","target":["https:\/\/wpdiarytheme.com\/pt-pt\/sites-de-foda-livre\/"]}]},{"@type":"BreadcrumbList","@id":"https:\/\/wpdiarytheme.com\/pt-pt\/sites-de-foda-livre\/#breadcrumb","itemListElement":[{"@type":"ListItem","position":1,"name":"Home","item":"https:\/\/wpdiarytheme.com\/pt-pt\/"},{"@type":"ListItem","position":2,"name":"Sites de foda livre"}]}]}},"_links":{"self":[{"href":"https:\/\/wpdiarytheme.com\/pt-pt\/wp-json\/wp\/v2\/pages\/308"}],"collection":[{"href":"https:\/\/wpdiarytheme.com\/pt-pt\/wp-json\/wp\/v2\/pages"}],"about":[{"href":"https:\/\/wpdiarytheme.com\/pt-pt\/wp-json\/wp\/v2\/types\/page"}],"author":[{"embeddable":true,"href":"https:\/\/wpdiarytheme.com\/pt-pt\/wp-json\/wp\/v2\/users\/1"}],"replies":[{"embeddable":true,"href":"https:\/\/wpdiarytheme.com\/pt-pt\/wp-json\/wp\/v2\/comments?post=308"}],"version-history":[{"count":0,"href":"https:\/\/wpdiarytheme.com\/pt-pt\/wp-json\/wp\/v2\/pages\/308\/revisions"}],"wp:attachment":[{"href":"https:\/\/wpdiarytheme.com\/pt-pt\/wp-json\/wp\/v2\/media?parent=308"}],"curies":[{"name":"wp","href":"https:\/\/api.w.org\/{rel}","templated":true}]}}