{"id":307,"date":"2022-09-30T13:10:58","date_gmt":"2022-09-30T12:10:58","guid":{"rendered":"http:\/\/wpdiarytheme.com\/falar-com-milfs\/"},"modified":"2022-09-30T13:10:58","modified_gmt":"2022-09-30T12:10:58","slug":"falar-com-milfs","status":"publish","type":"page","link":"https:\/\/wpdiarytheme.com\/pt-pt\/falar-com-milfs\/","title":{"rendered":"Falar com Milfs"},"content":{"rendered":"<p>H\u00e1 algo nos MILFs que os torna irresist\u00edveis. Talvez sejam os seus modos experientes, ou talvez seja apenas o facto de serem mais quentes do que as mulheres mais novas. Seja qual for a raz\u00e3o, os MILFs est\u00e3o definitivamente a ser procurados, especialmente quando se trata de engatar.<\/p>\n<p>Felizmente, h\u00e1 <a href=\"http:\/\/wpdiarytheme.com\/women-looking-for-sex\/\">muitas salas de chat<\/a> milf l\u00e1 fora, onde voc\u00ea pode ir conversar e potencialmente se encontrar com uma mulher mais velha. Apenas tenha cuidado com as suas maneiras e seja respeitoso \u2013 afinal, estas ainda s\u00e3o pessoas reais com quem est\u00e1 a falar, e n\u00e3o apenas objetos do seu desejo. Se fizer isso, n\u00e3o ter\u00e1 problemas em encontrar um MILF para conversar com&#8230; e talvez at\u00e9 mesmo se juntar!<\/p>\n<p>Existem muitas salas de chat MILF on-line que permitem conversar com mulheres mais velhas sem ter que pagar um tost\u00e3o. Estas salas de chat s\u00e3o uma \u00f3tima maneira de se conectar com mulheres mais velhas que podem estar interessadas em namorar homens mais jovens. Voc\u00ea pode usar estas salas de chat para conhecer melhor uma data potencial e ver se h\u00e1 alguma qu\u00edmica entre voc\u00eas os dois. Al\u00e9m disso, voc\u00ea tamb\u00e9m pode usar estas salas de chat para falar sobre qualquer outra coisa que voc\u00ea possa estar interessado. Ent\u00e3o, se voc\u00ea est\u00e1 procurando uma sala de chat MILF gr\u00e1tis para se conectar com mulheres mais velhas, ent\u00e3o confira algumas das op\u00e7\u00f5es abaixo.<\/p>\n<h2>Salas de chat MILF<\/h2>\n<p>H\u00e1 algo de especial em conversar com milfs. Exalam confian\u00e7a e experi\u00eancia, e sabem o que querem na vida. Tamb\u00e9m s\u00e3o grandes ouvintes, e sempre v\u00e3o oferecer conselhos s\u00e1bios. Quer esteja \u00e0 procura de amor ou apenas uma conversa divertida, conversar com um milf \u00e9 sempre uma boa altura. Quando se trata de namorar, falar com milfs pode ser uma grande experi\u00eancia. S\u00e3o tipicamente experientes em relacionamentos e sabem o que est\u00e3o a fazer, para que possam ser um grande recurso para conselhos. Tamb\u00e9m podem ser muito divertidos de falar, j\u00e1 que s\u00e3o tipicamente mais descontra\u00eddas e f\u00e1ceis do que as mulheres mais jovens. No entanto, \u00e9 importante lembrar que os MILFs s\u00e3o como qualquer outra mulher &#8211; s\u00e3o indiv\u00edduos com os seus pr\u00f3prios desejos e necessidades \u00fanicas, por isso \u00e9 importante conhec\u00ea-los a n\u00edvel pessoal antes de qualquer outra coisa.<\/p>\n<h3>Esguicho<\/h3>\n<p>A app de encontros Squirt \u00e9 uma das salas de chat mais populares dispon\u00edveis online. A aplica\u00e7\u00e3o foi projetada para ajudar os milfs a encontrar a sua combina\u00e7\u00e3o perfeita. A aplica\u00e7\u00e3o \u00e9 gratuita para descarregar e usar, e oferece uma ampla gama de funcionalidades para ajudar os utilizadores a encontrar o seu par perfeito. A aplica\u00e7\u00e3o \u00e9 f\u00e1cil de usar e oferece uma ampla gama de filtros para ajudar os utilizadores a encontrar a sua combina\u00e7\u00e3o perfeita. A aplica\u00e7\u00e3o est\u00e1 dispon\u00edvel em ingl\u00eas e espanhol, e oferece um vasto leque de op\u00e7\u00f5es para ajudar os utilizadores a encontrar o seu par perfeito.<\/p>\n<h3>Abund\u00e2ncia de peixes<\/h3>\n<p>Se voc\u00ea est\u00e1 procurando uma aplica\u00e7\u00e3o de encontros que \u00e9 especificamente projetada para salas de chat milf, ent\u00e3o Plenty of Fish \u00e9 uma \u00f3tima op\u00e7\u00e3o. A aplica\u00e7\u00e3o tem uma grande base de utilizadores, por isso poder\u00e1 encontrar uma boa sele\u00e7\u00e3o de potenciais partidas. A interface \u00e9 f\u00e1cil de navegar e f\u00e1cil de navegar, tornando-se uma \u00f3tima op\u00e7\u00e3o para quem \u00e9 novo em namoro online. A aplica\u00e7\u00e3o tamb\u00e9m oferece uma variedade de funcionalidades, como um sistema de mensagens e uma fun\u00e7\u00e3o de pesquisa, que a tornam uma \u00f3tima op\u00e7\u00e3o para salas de chat milf.<\/p>\n<h3>Xmeets<\/h3>\n<p>Se procura uma sala de chat MILF, ent\u00e3o xmeets \u00e9 uma \u00f3tima op\u00e7\u00e3o. O site tem uma grande sele\u00e7\u00e3o de MILFs para conversar, e o site \u00e9 f\u00e1cil de usar. O site tamb\u00e9m tem uma grande sele\u00e7\u00e3o de funcionalidades, incluindo uma fun\u00e7\u00e3o de pesquisa, uma lista de favoritos, e uma fun\u00e7\u00e3o de chat. O site tamb\u00e9m oferece uma variedade de op\u00e7\u00f5es de pagamento, para que voc\u00ea possa escolher a que melhor se adequa \u00e0s suas necessidades. No geral, xmeets \u00e9 uma \u00f3tima sala de chat MILF e uma \u00f3tima op\u00e7\u00e3o para quem procura uma sala de chat para conversar com MILFs.<\/p>\n","protected":false},"excerpt":{"rendered":"<p>H\u00e1 algo nos MILFs que os torna irresist\u00edveis. Talvez sejam os seus modos experientes, ou talvez seja apenas o facto&hellip;<\/p>\n","protected":false},"author":1,"featured_media":0,"parent":0,"menu_order":0,"comment_status":"closed","ping_status":"closed","template":"","meta":[],"yoast_head":"<!-- This site is optimized with the Yoast SEO plugin v17.7.1 - https:\/\/yoast.com\/wordpress\/plugins\/seo\/ -->\n<title>Falar com Milfs - Dating Themes<\/title>\n<meta name=\"robots\" content=\"index, follow, max-snippet:-1, max-image-preview:large, max-video-preview:-1\" \/>\n<link rel=\"canonical\" href=\"https:\/\/wpdiarytheme.com\/pt-pt\/falar-com-milfs\/\" \/>\n<meta property=\"og:locale\" content=\"pt_PT\" \/>\n<meta property=\"og:type\" content=\"article\" \/>\n<meta property=\"og:title\" content=\"Falar com Milfs - Dating Themes\" \/>\n<meta property=\"og:description\" content=\"H\u00e1 algo nos MILFs que os torna irresist\u00edveis. Talvez sejam os seus modos experientes, ou talvez seja apenas o facto&hellip;\" \/>\n<meta property=\"og:url\" content=\"https:\/\/wpdiarytheme.com\/pt-pt\/falar-com-milfs\/\" \/>\n<meta property=\"og:site_name\" content=\"Dating Themes\" \/>\n<meta name=\"twitter:card\" content=\"summary_large_image\" \/>\n<meta name=\"twitter:label1\" content=\"Tempo estimado de leitura\" \/>\n\t<meta name=\"twitter:data1\" content=\"4 minutos\" \/>\n<script type=\"application\/ld+json\" class=\"yoast-schema-graph\">{\"@context\":\"https:\/\/schema.org\",\"@graph\":[{\"@type\":\"WebSite\",\"@id\":\"https:\/\/wpdiarytheme.com\/#website\",\"url\":\"https:\/\/wpdiarytheme.com\/\",\"name\":\"Dating Themes\",\"description\":\"Find Your Perfect App\",\"potentialAction\":[{\"@type\":\"SearchAction\",\"target\":{\"@type\":\"EntryPoint\",\"urlTemplate\":\"https:\/\/wpdiarytheme.com\/?s={search_term_string}\"},\"query-input\":\"required name=search_term_string\"}],\"inLanguage\":\"pt-PT\"},{\"@type\":\"WebPage\",\"@id\":\"https:\/\/wpdiarytheme.com\/pt-pt\/falar-com-milfs\/#webpage\",\"url\":\"https:\/\/wpdiarytheme.com\/pt-pt\/falar-com-milfs\/\",\"name\":\"Falar com Milfs - Dating Themes\",\"isPartOf\":{\"@id\":\"https:\/\/wpdiarytheme.com\/#website\"},\"datePublished\":\"2022-09-30T12:10:58+00:00\",\"dateModified\":\"2022-09-30T12:10:58+00:00\",\"breadcrumb\":{\"@id\":\"https:\/\/wpdiarytheme.com\/pt-pt\/falar-com-milfs\/#breadcrumb\"},\"inLanguage\":\"pt-PT\",\"potentialAction\":[{\"@type\":\"ReadAction\",\"target\":[\"https:\/\/wpdiarytheme.com\/pt-pt\/falar-com-milfs\/\"]}]},{\"@type\":\"BreadcrumbList\",\"@id\":\"https:\/\/wpdiarytheme.com\/pt-pt\/falar-com-milfs\/#breadcrumb\",\"itemListElement\":[{\"@type\":\"ListItem\",\"position\":1,\"name\":\"Home\",\"item\":\"https:\/\/wpdiarytheme.com\/pt-pt\/\"},{\"@type\":\"ListItem\",\"position\":2,\"name\":\"Falar com Milfs\"}]}]}<\/script>\n<!-- \/ Yoast SEO plugin. -->","yoast_head_json":{"title":"Falar com Milfs - Dating Themes","robots":{"index":"index","follow":"follow","max-snippet":"max-snippet:-1","max-image-preview":"max-image-preview:large","max-video-preview":"max-video-preview:-1"},"canonical":"https:\/\/wpdiarytheme.com\/pt-pt\/falar-com-milfs\/","og_locale":"pt_PT","og_type":"article","og_title":"Falar com Milfs - Dating Themes","og_description":"H\u00e1 algo nos MILFs que os torna irresist\u00edveis. Talvez sejam os seus modos experientes, ou talvez seja apenas o facto&hellip;","og_url":"https:\/\/wpdiarytheme.com\/pt-pt\/falar-com-milfs\/","og_site_name":"Dating Themes","twitter_card":"summary_large_image","twitter_misc":{"Tempo estimado de leitura":"4 minutos"},"schema":{"@context":"https:\/\/schema.org","@graph":[{"@type":"WebSite","@id":"https:\/\/wpdiarytheme.com\/#website","url":"https:\/\/wpdiarytheme.com\/","name":"Dating Themes","description":"Find Your Perfect App","potentialAction":[{"@type":"SearchAction","target":{"@type":"EntryPoint","urlTemplate":"https:\/\/wpdiarytheme.com\/?s={search_term_string}"},"query-input":"required name=search_term_string"}],"inLanguage":"pt-PT"},{"@type":"WebPage","@id":"https:\/\/wpdiarytheme.com\/pt-pt\/falar-com-milfs\/#webpage","url":"https:\/\/wpdiarytheme.com\/pt-pt\/falar-com-milfs\/","name":"Falar com Milfs - Dating Themes","isPartOf":{"@id":"https:\/\/wpdiarytheme.com\/#website"},"datePublished":"2022-09-30T12:10:58+00:00","dateModified":"2022-09-30T12:10:58+00:00","breadcrumb":{"@id":"https:\/\/wpdiarytheme.com\/pt-pt\/falar-com-milfs\/#breadcrumb"},"inLanguage":"pt-PT","potentialAction":[{"@type":"ReadAction","target":["https:\/\/wpdiarytheme.com\/pt-pt\/falar-com-milfs\/"]}]},{"@type":"BreadcrumbList","@id":"https:\/\/wpdiarytheme.com\/pt-pt\/falar-com-milfs\/#breadcrumb","itemListElement":[{"@type":"ListItem","position":1,"name":"Home","item":"https:\/\/wpdiarytheme.com\/pt-pt\/"},{"@type":"ListItem","position":2,"name":"Falar com Milfs"}]}]}},"_links":{"self":[{"href":"https:\/\/wpdiarytheme.com\/pt-pt\/wp-json\/wp\/v2\/pages\/307"}],"collection":[{"href":"https:\/\/wpdiarytheme.com\/pt-pt\/wp-json\/wp\/v2\/pages"}],"about":[{"href":"https:\/\/wpdiarytheme.com\/pt-pt\/wp-json\/wp\/v2\/types\/page"}],"author":[{"embeddable":true,"href":"https:\/\/wpdiarytheme.com\/pt-pt\/wp-json\/wp\/v2\/users\/1"}],"replies":[{"embeddable":true,"href":"https:\/\/wpdiarytheme.com\/pt-pt\/wp-json\/wp\/v2\/comments?post=307"}],"version-history":[{"count":0,"href":"https:\/\/wpdiarytheme.com\/pt-pt\/wp-json\/wp\/v2\/pages\/307\/revisions"}],"wp:attachment":[{"href":"https:\/\/wpdiarytheme.com\/pt-pt\/wp-json\/wp\/v2\/media?parent=307"}],"curies":[{"name":"wp","href":"https:\/\/api.w.org\/{rel}","templated":true}]}}