{"id":290,"date":"2022-09-30T13:14:07","date_gmt":"2022-09-30T12:14:07","guid":{"rendered":"http:\/\/wpdiarytheme.com\/sites-de-ligacao-milf\/"},"modified":"2022-09-30T13:14:07","modified_gmt":"2022-09-30T12:14:07","slug":"sites-de-ligacao-milf","status":"publish","type":"page","link":"https:\/\/wpdiarytheme.com\/pt-pt\/sites-de-ligacao-milf\/","title":{"rendered":"Sites de liga\u00e7\u00e3o MILF"},"content":{"rendered":"<p>H\u00e1 muitos sites de liga\u00e7\u00e3o milf l\u00e1 fora, mas nem todos s\u00e3o criados iguais. Voc\u00ea quer ter certeza de que voc\u00ea encontra um site que tem um monte de membros, \u00e9 f\u00e1cil de usar, e tem uma boa reputa\u00e7\u00e3o.<\/p>\n<p>Uma das melhores formas de encontrar um bom site de <a href=\"http:\/\/wpdiarytheme.com\/adult-sexting-sites\/\">liga\u00e7\u00e3o milf \u00e9 ler coment\u00e1rios deles<\/a>. Isto vai dar-lhe uma boa ideia do que as outras pessoas pensam sobre o site e se vale ou n\u00e3o o seu tempo. Outra coisa a considerar \u00e9 o pre\u00e7o. Alguns sites s\u00e3o gratuitos, enquanto outros cobram uma mensalidade. Se voc\u00ea est\u00e1 apenas procurando se ligar com um milf de vez em quando, ent\u00e3o um site gratuito pode ser uma boa op\u00e7\u00e3o para voc\u00ea. Mas se quiser usar o site com mais frequ\u00eancia, ent\u00e3o talvez queira considerar pagar uma mensalidade.<\/p>\n<p>Quando estiver a olhar para sites de liga\u00e7\u00e3o milf, certifique-se de encontrar um que tenha muitos membros. Quanto mais membros um site tem, mais hip\u00f3teses tens de encontrar algu\u00e9m com quem te encontrares. Al\u00e9m disso, certifique-se de que o site \u00e9 f\u00e1cil de usar. Voc\u00ea deve ser capaz de navegar facilmente e encontrar as coisas que voc\u00ea procura. Se um site \u00e9 dif\u00edcil de usar, ent\u00e3o talvez queira procurar em outro lugar.<\/p>\n<p>Finalmente, certifique-se de que o site tem uma boa reputa\u00e7\u00e3o. Voc\u00ea pode verificar coment\u00e1rios do site on-line para ver o que outras pessoas pensam sobre isso.<\/p>\n<h2>Conhe\u00e7a um Milf<\/h2>\n<p>H\u00e1 algo em namorar um MILF que se sente incr\u00edvel. S\u00e3o experientes, confiantes e sabem exatamente o que querem na vida. Al\u00e9m disso, normalmente s\u00e3o muito quentes.<\/p>\n<p>Lembro-me de ter ido a um encontro com um MILF h\u00e1 uns anos e foi incr\u00edvel. Estava t\u00e3o confiante e segura de si mesma, e sabia exatamente o que queria. Al\u00e9m disso, era muito boa. Acab\u00e1mos por dormir juntos naquela noite e foi uma das melhores experi\u00eancias sexuais que j\u00e1 tive. Se est\u00e1s a pensar em namorar um MILF, ent\u00e3o vai em seguida. N\u00e3o se arrepender\u00e1.<\/p>\n<h2>Milf Namoro<\/h2>\n<p>H\u00e1 muitos benef\u00edcios em namorar um MILF, incluindo experi\u00eancia, sabedoria e maturidade. Os MILFs tamb\u00e9m s\u00e3o tipicamente mais confiantes e autosseguros do que as mulheres mais jovens, o que pode ser uma grande excita\u00e7\u00e3o. Se procura amor e quer namorar com um MILF, h\u00e1 algumas coisas que deve ter em mente. Primeiro, seja respeitoso e atencioso com a sua idade e experi\u00eancia. Em segundo lugar, leve as coisas devagar e n\u00e3o se apresse em nada f\u00edsico. E, finalmente, certifiquem-se de comunicar aberta e honestamente um com o outro para garantir que ambos est\u00e3o na mesma p\u00e1gina. Se conseguires fazer estas coisas, est\u00e1s a caminho de uma rela\u00e7\u00e3o gratificante e excitante com um MILF.<\/p>\n<h2>Site de namoro milfs<\/h2>\n<p>H\u00e1 muitos sites de encontros l\u00e1 fora que servem para diferentes p\u00fablicos. MilfsDatingSite \u00e9 um desses sites que visa ligar milfs com homens eleg\u00edveis. O site tem uma interface bastante simples e uma base de utilizadores decente. No entanto, vale a pena notar que o site ainda est\u00e1 em fase inicial e, por isso, pode haver alguns bugs aqui e ali. No geral, o MilfsDatingSite \u00e9 uma op\u00e7\u00e3o decente para quem procura namorar um milf.<\/p>\n<h3>Xmeets<\/h3>\n<p>Xmeets \u00e9 uma aplica\u00e7\u00e3o de encontros que \u00e9 especificamente projetada para pessoas que procuram se ligar com MILFs. A aplica\u00e7\u00e3o \u00e9 f\u00e1cil de usar e tem muitas funcionalidades que a tornam um dos melhores sites de liga\u00e7\u00e3o MILF. A aplica\u00e7\u00e3o tamb\u00e9m tem muitas avalia\u00e7\u00f5es positivas dos utilizadores.<\/p>\n<h3>Alt.com<\/h3>\n<p>Se voc\u00ea est\u00e1 procurando um site de liga\u00e7\u00e3o milf que \u00e9 confi\u00e1vel e f\u00e1cil de usar, ent\u00e3o Alt.com \u00e9 uma \u00f3tima op\u00e7\u00e3o. O site tem uma interface amig\u00e1vel e uma grande base de dados de membros, por isso voc\u00ea certamente encontrar\u00e1 algu\u00e9m que atenda \u00e0s suas necessidades. As funcionalidades de pesquisa e mensagens tamb\u00e9m s\u00e3o muito boas, tornando mais f\u00e1cil encontrar e conectar-se com potenciais jogos. No geral, Alt.com \u00e9 uma \u00f3tima escolha para quem procura um site de liga\u00e7\u00e3o milf.<\/p>\n<h3>TinderMeets<\/h3>\n<p>Se procura uma aplica\u00e7\u00e3o de encontros especificamente concebida para se juntar a mulheres mais velhas, ent\u00e3o deve verificar o TinderMeets. Esta aplica\u00e7\u00e3o est\u00e1 a tornar-se cada vez mais popular entre os utilizadores que procuram parceiros de namoro maduros. A interface \u00e9 f\u00e1cil de usar e a aplica\u00e7\u00e3o fornece um monte de funcionalidades \u00fateis, como filtros de pesquisa e um sistema de mensagens. No geral, o TinderMeets \u00e9 uma \u00f3tima op\u00e7\u00e3o para qualquer pessoa que esteja interessada em namorar milf.<\/p>\n","protected":false},"excerpt":{"rendered":"<p>H\u00e1 muitos sites de liga\u00e7\u00e3o milf l\u00e1 fora, mas nem todos s\u00e3o criados iguais. Voc\u00ea quer ter certeza de que&hellip;<\/p>\n","protected":false},"author":1,"featured_media":0,"parent":0,"menu_order":0,"comment_status":"closed","ping_status":"closed","template":"","meta":[],"yoast_head":"<!-- This site is optimized with the Yoast SEO plugin v17.7.1 - https:\/\/yoast.com\/wordpress\/plugins\/seo\/ -->\n<title>Sites de liga\u00e7\u00e3o MILF - Dating Themes<\/title>\n<meta name=\"robots\" content=\"index, follow, max-snippet:-1, max-image-preview:large, max-video-preview:-1\" \/>\n<link rel=\"canonical\" href=\"https:\/\/wpdiarytheme.com\/pt-pt\/sites-de-ligacao-milf\/\" \/>\n<meta property=\"og:locale\" content=\"pt_PT\" \/>\n<meta property=\"og:type\" content=\"article\" \/>\n<meta property=\"og:title\" content=\"Sites de liga\u00e7\u00e3o MILF - Dating Themes\" \/>\n<meta property=\"og:description\" content=\"H\u00e1 muitos sites de liga\u00e7\u00e3o milf l\u00e1 fora, mas nem todos s\u00e3o criados iguais. Voc\u00ea quer ter certeza de que&hellip;\" \/>\n<meta property=\"og:url\" content=\"https:\/\/wpdiarytheme.com\/pt-pt\/sites-de-ligacao-milf\/\" \/>\n<meta property=\"og:site_name\" content=\"Dating Themes\" \/>\n<meta name=\"twitter:card\" content=\"summary_large_image\" \/>\n<meta name=\"twitter:label1\" content=\"Tempo estimado de leitura\" \/>\n\t<meta name=\"twitter:data1\" content=\"4 minutos\" \/>\n<script type=\"application\/ld+json\" class=\"yoast-schema-graph\">{\"@context\":\"https:\/\/schema.org\",\"@graph\":[{\"@type\":\"WebSite\",\"@id\":\"https:\/\/wpdiarytheme.com\/#website\",\"url\":\"https:\/\/wpdiarytheme.com\/\",\"name\":\"Dating Themes\",\"description\":\"Find Your Perfect App\",\"potentialAction\":[{\"@type\":\"SearchAction\",\"target\":{\"@type\":\"EntryPoint\",\"urlTemplate\":\"https:\/\/wpdiarytheme.com\/?s={search_term_string}\"},\"query-input\":\"required name=search_term_string\"}],\"inLanguage\":\"pt-PT\"},{\"@type\":\"WebPage\",\"@id\":\"https:\/\/wpdiarytheme.com\/pt-pt\/sites-de-ligacao-milf\/#webpage\",\"url\":\"https:\/\/wpdiarytheme.com\/pt-pt\/sites-de-ligacao-milf\/\",\"name\":\"Sites de liga\\u00e7\\u00e3o MILF - Dating Themes\",\"isPartOf\":{\"@id\":\"https:\/\/wpdiarytheme.com\/#website\"},\"datePublished\":\"2022-09-30T12:14:07+00:00\",\"dateModified\":\"2022-09-30T12:14:07+00:00\",\"breadcrumb\":{\"@id\":\"https:\/\/wpdiarytheme.com\/pt-pt\/sites-de-ligacao-milf\/#breadcrumb\"},\"inLanguage\":\"pt-PT\",\"potentialAction\":[{\"@type\":\"ReadAction\",\"target\":[\"https:\/\/wpdiarytheme.com\/pt-pt\/sites-de-ligacao-milf\/\"]}]},{\"@type\":\"BreadcrumbList\",\"@id\":\"https:\/\/wpdiarytheme.com\/pt-pt\/sites-de-ligacao-milf\/#breadcrumb\",\"itemListElement\":[{\"@type\":\"ListItem\",\"position\":1,\"name\":\"Home\",\"item\":\"https:\/\/wpdiarytheme.com\/pt-pt\/\"},{\"@type\":\"ListItem\",\"position\":2,\"name\":\"Sites de liga\\u00e7\\u00e3o MILF\"}]}]}<\/script>\n<!-- \/ Yoast SEO plugin. -->","yoast_head_json":{"title":"Sites de liga\u00e7\u00e3o MILF - Dating Themes","robots":{"index":"index","follow":"follow","max-snippet":"max-snippet:-1","max-image-preview":"max-image-preview:large","max-video-preview":"max-video-preview:-1"},"canonical":"https:\/\/wpdiarytheme.com\/pt-pt\/sites-de-ligacao-milf\/","og_locale":"pt_PT","og_type":"article","og_title":"Sites de liga\u00e7\u00e3o MILF - Dating Themes","og_description":"H\u00e1 muitos sites de liga\u00e7\u00e3o milf l\u00e1 fora, mas nem todos s\u00e3o criados iguais. Voc\u00ea quer ter certeza de que&hellip;","og_url":"https:\/\/wpdiarytheme.com\/pt-pt\/sites-de-ligacao-milf\/","og_site_name":"Dating Themes","twitter_card":"summary_large_image","twitter_misc":{"Tempo estimado de leitura":"4 minutos"},"schema":{"@context":"https:\/\/schema.org","@graph":[{"@type":"WebSite","@id":"https:\/\/wpdiarytheme.com\/#website","url":"https:\/\/wpdiarytheme.com\/","name":"Dating Themes","description":"Find Your Perfect App","potentialAction":[{"@type":"SearchAction","target":{"@type":"EntryPoint","urlTemplate":"https:\/\/wpdiarytheme.com\/?s={search_term_string}"},"query-input":"required name=search_term_string"}],"inLanguage":"pt-PT"},{"@type":"WebPage","@id":"https:\/\/wpdiarytheme.com\/pt-pt\/sites-de-ligacao-milf\/#webpage","url":"https:\/\/wpdiarytheme.com\/pt-pt\/sites-de-ligacao-milf\/","name":"Sites de liga\u00e7\u00e3o MILF - Dating Themes","isPartOf":{"@id":"https:\/\/wpdiarytheme.com\/#website"},"datePublished":"2022-09-30T12:14:07+00:00","dateModified":"2022-09-30T12:14:07+00:00","breadcrumb":{"@id":"https:\/\/wpdiarytheme.com\/pt-pt\/sites-de-ligacao-milf\/#breadcrumb"},"inLanguage":"pt-PT","potentialAction":[{"@type":"ReadAction","target":["https:\/\/wpdiarytheme.com\/pt-pt\/sites-de-ligacao-milf\/"]}]},{"@type":"BreadcrumbList","@id":"https:\/\/wpdiarytheme.com\/pt-pt\/sites-de-ligacao-milf\/#breadcrumb","itemListElement":[{"@type":"ListItem","position":1,"name":"Home","item":"https:\/\/wpdiarytheme.com\/pt-pt\/"},{"@type":"ListItem","position":2,"name":"Sites de liga\u00e7\u00e3o MILF"}]}]}},"_links":{"self":[{"href":"https:\/\/wpdiarytheme.com\/pt-pt\/wp-json\/wp\/v2\/pages\/290"}],"collection":[{"href":"https:\/\/wpdiarytheme.com\/pt-pt\/wp-json\/wp\/v2\/pages"}],"about":[{"href":"https:\/\/wpdiarytheme.com\/pt-pt\/wp-json\/wp\/v2\/types\/page"}],"author":[{"embeddable":true,"href":"https:\/\/wpdiarytheme.com\/pt-pt\/wp-json\/wp\/v2\/users\/1"}],"replies":[{"embeddable":true,"href":"https:\/\/wpdiarytheme.com\/pt-pt\/wp-json\/wp\/v2\/comments?post=290"}],"version-history":[{"count":0,"href":"https:\/\/wpdiarytheme.com\/pt-pt\/wp-json\/wp\/v2\/pages\/290\/revisions"}],"wp:attachment":[{"href":"https:\/\/wpdiarytheme.com\/pt-pt\/wp-json\/wp\/v2\/media?parent=290"}],"curies":[{"name":"wp","href":"https:\/\/api.w.org\/{rel}","templated":true}]}}