{"id":278,"date":"2022-09-30T13:13:34","date_gmt":"2022-09-30T12:13:34","guid":{"rendered":"http:\/\/wpdiarytheme.com\/namoro-local-da-avo\/"},"modified":"2022-09-30T13:13:34","modified_gmt":"2022-09-30T12:13:34","slug":"namoro-local-da-avo","status":"publish","type":"page","link":"https:\/\/wpdiarytheme.com\/pt-pt\/namoro-local-da-avo\/","title":{"rendered":"Namoro local da av\u00f3"},"content":{"rendered":"<p>H\u00e1 muitas raz\u00f5es para namorar uma av\u00f3 local. Primeiro, eles geralmente conhecem os melhores pontos de encontro da cidade. E segundo, normalmente est\u00e3o em baixo para qualquer coisa. Se procura <a href=\"http:\/\/wpdiarytheme.com\/free-fuck-sites\/\">algu\u00e9m que<\/a> o leve aos melhores bares e clubes da cidade, uma av\u00f3 local \u00e9 a sua melhor aposta. Eles sabem todos os pontos quentes e normalmente podem meter-te sem problemas. Al\u00e9m disso, normalmente est\u00e3o dispostos a qualquer coisa quando se trata de engatar.<\/p>\n<p>Por isso, se est\u00e1s \u00e0 procura de uma noite divertida na cidade com algu\u00e9m que saiba mostrar-te um bom momento, uma av\u00f3 local \u00e9 a tua melhor aposta.<\/p>\n<h2>Conhe\u00e7a Gilfs<\/h2>\n<p>H\u00e1 muitas maneiras de conhecer o Gilfs hoje em dia. Voc\u00ea pode ir on-line e procurar sites de encontros que atendam a Gilfs ou voc\u00ea pode sair e procurar Gilfs na sua \u00e1rea. Voc\u00ea tamb\u00e9m pode encontrar Gilfs atrav\u00e9s de amigos m\u00fatuos ou em reuni\u00f5es sociais. Assim que encontrares um Gilf de que gostes, podes come\u00e7ar a conversar com ela e a conhec\u00ea-la melhor. Se te der bem, podes sair com um ou dois encontros e ver para onde v\u00e3o as coisas a partir da\u00ed.<\/p>\n<h2>Data GILF<\/h2>\n<p>H\u00e1 algo de especial em passar tempo com uma figura do tipo av\u00f3. T\u00eam tanta sabedoria e experi\u00eancia de vida para partilhar, e normalmente s\u00e3o f\u00e1ceis de falar. Os Gilfs tamb\u00e9m costumam ser muito sexy, e sabem divertir-se. Se procura amor, passar tempo com um dourado \u00e9 uma \u00f3tima maneira de encontr\u00e1-lo. Podes aprender muito com eles, e provavelmente vais divertir-te muito no processo. Quem sabe, pode at\u00e9 encontrar o amor da sua vida.<\/p>\n<h2>Local GILF<\/h2>\n<p>Sabem divertir-se e est\u00e3o sempre acordados. Tamb\u00e9m s\u00e3o \u00f3timos na cama. Se est\u00e1 \u00e0 procura de um gilf at\u00e9 \u00e0 data, vai querer ver o seu dourado local.<\/p>\n<h3>OneBBW<\/h3>\n<p>Se voc\u00ea est\u00e1 procurando uma av\u00f3 local at\u00e9 \u00e0 data, a aplica\u00e7\u00e3o OneBBW \u00e9 uma \u00f3tima op\u00e7\u00e3o. A aplica\u00e7\u00e3o \u00e9 f\u00e1cil de usar e tem uma grande sele\u00e7\u00e3o de grannies para escolher. As av\u00f3s da aplica\u00e7\u00e3o tamb\u00e9m s\u00e3o muito amig\u00e1veis e f\u00e1ceis de conversar. No geral, a aplica\u00e7\u00e3o OneBBW \u00e9 uma \u00f3tima op\u00e7\u00e3o para encontros locais de av\u00f3s.<\/p>\n<h3>DataMyAge<\/h3>\n<p>DateMyAge \u00e9 uma das aplica\u00e7\u00f5es de namoro mais populares dispon\u00edveis hoje. A aplica\u00e7\u00e3o facilita a procura e a liga\u00e7\u00e3o com as av\u00f3s locais que procuram amor e companheirismo. A aplica\u00e7\u00e3o \u00e9 gratuita para descarregar e usar, e oferece uma grande variedade de funcionalidades para ajud\u00e1-lo a encontrar a combina\u00e7\u00e3o perfeita para si. A aplica\u00e7\u00e3o tamb\u00e9m tem uma \u00f3tima interface de utilizador, facilitando a navega\u00e7\u00e3o e a utiliza\u00e7\u00e3o. No geral, o DateMyAge \u00e9 uma \u00f3tima op\u00e7\u00e3o para quem procura uma aplica\u00e7\u00e3o de encontros de av\u00f3s.<\/p>\n<h3>Fling.com<\/h3>\n<p>Se procura uma aplica\u00e7\u00e3o de encontros que facilite o encontro com as av\u00f3s locais, ent\u00e3o deve definitivamente sair Fling.com. A aplica\u00e7\u00e3o \u00e9 gratuita para descarregar e usar, e \u00e9 muito f\u00e1cil descobrir como usar. Tudo o que precisa fazer \u00e9 criar um perfil e come\u00e7ar a navegar pelas avozinhas da sua \u00e1rea. Podes enviar-lhes uma mensagem, conversar com eles, e at\u00e9 encontrar-te com eles pessoalmente, se estiverem ambos interessados.<\/p>\n<p>A melhor parte Fling.com \u00e9 que \u00e9 completamente discreto. N\u00e3o tens de te preocupar com a tua fam\u00edlia ou amigos a descobrirem sobre os teus encontros com a av\u00f3. Tudo \u00e9 completamente confidencial. Por isso, se est\u00e1s \u00e0 procura de uma maneira de apimentar a tua vida amorosa, ent\u00e3o definitivamente d\u00e1 Fling.com uma tentativa.<\/p>\n","protected":false},"excerpt":{"rendered":"<p>H\u00e1 muitas raz\u00f5es para namorar uma av\u00f3 local. Primeiro, eles geralmente conhecem os melhores pontos de encontro da cidade. E&hellip;<\/p>\n","protected":false},"author":1,"featured_media":0,"parent":0,"menu_order":0,"comment_status":"closed","ping_status":"closed","template":"","meta":[],"yoast_head":"<!-- This site is optimized with the Yoast SEO plugin v17.7.1 - https:\/\/yoast.com\/wordpress\/plugins\/seo\/ -->\n<title>Namoro local da av\u00f3 - Dating Themes<\/title>\n<meta name=\"robots\" content=\"index, follow, max-snippet:-1, max-image-preview:large, max-video-preview:-1\" \/>\n<link rel=\"canonical\" href=\"https:\/\/wpdiarytheme.com\/pt-pt\/namoro-local-da-avo\/\" \/>\n<meta property=\"og:locale\" content=\"pt_PT\" \/>\n<meta property=\"og:type\" content=\"article\" \/>\n<meta property=\"og:title\" content=\"Namoro local da av\u00f3 - Dating Themes\" \/>\n<meta property=\"og:description\" content=\"H\u00e1 muitas raz\u00f5es para namorar uma av\u00f3 local. Primeiro, eles geralmente conhecem os melhores pontos de encontro da cidade. E&hellip;\" \/>\n<meta property=\"og:url\" content=\"https:\/\/wpdiarytheme.com\/pt-pt\/namoro-local-da-avo\/\" \/>\n<meta property=\"og:site_name\" content=\"Dating Themes\" \/>\n<meta name=\"twitter:card\" content=\"summary_large_image\" \/>\n<meta name=\"twitter:label1\" content=\"Tempo estimado de leitura\" \/>\n\t<meta name=\"twitter:data1\" content=\"3 minutos\" \/>\n<script type=\"application\/ld+json\" class=\"yoast-schema-graph\">{\"@context\":\"https:\/\/schema.org\",\"@graph\":[{\"@type\":\"WebSite\",\"@id\":\"https:\/\/wpdiarytheme.com\/#website\",\"url\":\"https:\/\/wpdiarytheme.com\/\",\"name\":\"Dating Themes\",\"description\":\"Find Your Perfect App\",\"potentialAction\":[{\"@type\":\"SearchAction\",\"target\":{\"@type\":\"EntryPoint\",\"urlTemplate\":\"https:\/\/wpdiarytheme.com\/?s={search_term_string}\"},\"query-input\":\"required name=search_term_string\"}],\"inLanguage\":\"pt-PT\"},{\"@type\":\"WebPage\",\"@id\":\"https:\/\/wpdiarytheme.com\/pt-pt\/namoro-local-da-avo\/#webpage\",\"url\":\"https:\/\/wpdiarytheme.com\/pt-pt\/namoro-local-da-avo\/\",\"name\":\"Namoro local da av\\u00f3 - Dating Themes\",\"isPartOf\":{\"@id\":\"https:\/\/wpdiarytheme.com\/#website\"},\"datePublished\":\"2022-09-30T12:13:34+00:00\",\"dateModified\":\"2022-09-30T12:13:34+00:00\",\"breadcrumb\":{\"@id\":\"https:\/\/wpdiarytheme.com\/pt-pt\/namoro-local-da-avo\/#breadcrumb\"},\"inLanguage\":\"pt-PT\",\"potentialAction\":[{\"@type\":\"ReadAction\",\"target\":[\"https:\/\/wpdiarytheme.com\/pt-pt\/namoro-local-da-avo\/\"]}]},{\"@type\":\"BreadcrumbList\",\"@id\":\"https:\/\/wpdiarytheme.com\/pt-pt\/namoro-local-da-avo\/#breadcrumb\",\"itemListElement\":[{\"@type\":\"ListItem\",\"position\":1,\"name\":\"Home\",\"item\":\"https:\/\/wpdiarytheme.com\/pt-pt\/\"},{\"@type\":\"ListItem\",\"position\":2,\"name\":\"Namoro local da av\\u00f3\"}]}]}<\/script>\n<!-- \/ Yoast SEO plugin. -->","yoast_head_json":{"title":"Namoro local da av\u00f3 - Dating Themes","robots":{"index":"index","follow":"follow","max-snippet":"max-snippet:-1","max-image-preview":"max-image-preview:large","max-video-preview":"max-video-preview:-1"},"canonical":"https:\/\/wpdiarytheme.com\/pt-pt\/namoro-local-da-avo\/","og_locale":"pt_PT","og_type":"article","og_title":"Namoro local da av\u00f3 - Dating Themes","og_description":"H\u00e1 muitas raz\u00f5es para namorar uma av\u00f3 local. Primeiro, eles geralmente conhecem os melhores pontos de encontro da cidade. E&hellip;","og_url":"https:\/\/wpdiarytheme.com\/pt-pt\/namoro-local-da-avo\/","og_site_name":"Dating Themes","twitter_card":"summary_large_image","twitter_misc":{"Tempo estimado de leitura":"3 minutos"},"schema":{"@context":"https:\/\/schema.org","@graph":[{"@type":"WebSite","@id":"https:\/\/wpdiarytheme.com\/#website","url":"https:\/\/wpdiarytheme.com\/","name":"Dating Themes","description":"Find Your Perfect App","potentialAction":[{"@type":"SearchAction","target":{"@type":"EntryPoint","urlTemplate":"https:\/\/wpdiarytheme.com\/?s={search_term_string}"},"query-input":"required name=search_term_string"}],"inLanguage":"pt-PT"},{"@type":"WebPage","@id":"https:\/\/wpdiarytheme.com\/pt-pt\/namoro-local-da-avo\/#webpage","url":"https:\/\/wpdiarytheme.com\/pt-pt\/namoro-local-da-avo\/","name":"Namoro local da av\u00f3 - Dating Themes","isPartOf":{"@id":"https:\/\/wpdiarytheme.com\/#website"},"datePublished":"2022-09-30T12:13:34+00:00","dateModified":"2022-09-30T12:13:34+00:00","breadcrumb":{"@id":"https:\/\/wpdiarytheme.com\/pt-pt\/namoro-local-da-avo\/#breadcrumb"},"inLanguage":"pt-PT","potentialAction":[{"@type":"ReadAction","target":["https:\/\/wpdiarytheme.com\/pt-pt\/namoro-local-da-avo\/"]}]},{"@type":"BreadcrumbList","@id":"https:\/\/wpdiarytheme.com\/pt-pt\/namoro-local-da-avo\/#breadcrumb","itemListElement":[{"@type":"ListItem","position":1,"name":"Home","item":"https:\/\/wpdiarytheme.com\/pt-pt\/"},{"@type":"ListItem","position":2,"name":"Namoro local da av\u00f3"}]}]}},"_links":{"self":[{"href":"https:\/\/wpdiarytheme.com\/pt-pt\/wp-json\/wp\/v2\/pages\/278"}],"collection":[{"href":"https:\/\/wpdiarytheme.com\/pt-pt\/wp-json\/wp\/v2\/pages"}],"about":[{"href":"https:\/\/wpdiarytheme.com\/pt-pt\/wp-json\/wp\/v2\/types\/page"}],"author":[{"embeddable":true,"href":"https:\/\/wpdiarytheme.com\/pt-pt\/wp-json\/wp\/v2\/users\/1"}],"replies":[{"embeddable":true,"href":"https:\/\/wpdiarytheme.com\/pt-pt\/wp-json\/wp\/v2\/comments?post=278"}],"version-history":[{"count":0,"href":"https:\/\/wpdiarytheme.com\/pt-pt\/wp-json\/wp\/v2\/pages\/278\/revisions"}],"wp:attachment":[{"href":"https:\/\/wpdiarytheme.com\/pt-pt\/wp-json\/wp\/v2\/media?parent=278"}],"curies":[{"name":"wp","href":"https:\/\/api.w.org\/{rel}","templated":true}]}}