{"id":276,"date":"2022-09-30T13:13:44","date_gmt":"2022-09-30T12:13:44","guid":{"rendered":"http:\/\/wpdiarytheme.com\/sites-de-sexting-adulto\/"},"modified":"2022-09-30T13:13:44","modified_gmt":"2022-09-30T12:13:44","slug":"sites-de-sexting-adulto","status":"publish","type":"page","link":"https:\/\/wpdiarytheme.com\/pt-pt\/sites-de-sexting-adulto\/","title":{"rendered":"Sites de sexting adulto"},"content":{"rendered":"<p>H\u00e1 uma s\u00e9rie de sites de sexo adulto que atendem pessoas <a href=\"http:\/\/wpdiarytheme.com\/local-granny-dating\/\">\u00e0 procura de um encontro r\u00e1pido<\/a>. Estes sites normalmente requerem uma taxa de ades\u00e3o, mas oferecem uma s\u00e9rie de funcionalidades que podem tornar f\u00e1cil encontrar um parceiro de sexo. Muitos destes sites tamb\u00e9m oferecem uma aplica\u00e7\u00e3o m\u00f3vel, para que voc\u00ea possa fazer sexo em movimento.<\/p>\n<h2>Sexting Sites<\/h2>\n<p>Existem v\u00e1rios sites de sexo diferentes l\u00e1 fora que podem ser usados para fins de namoro. Um dos mais populares \u00e9 o Arousr, que permite aos utilizadores conectarem-se entre si e trocarem mensagens e fotos expl\u00edcitas. Outro site, o Kaboom, especializa-se em fazer sexo entre utilizadores que j\u00e1 est\u00e3o numa rela\u00e7\u00e3o. E por \u00faltimo, h\u00e1 o Snapchat, que \u00e9 uma popular aplica\u00e7\u00e3o de mensagens que permite aos utilizadores enviarem fotografias e v\u00eddeos que desaparecem ap\u00f3s alguns segundos.<\/p>\n<h2>Sites de Sexting gratuitos<\/h2>\n<p>Existem muitos sites de sexo gratuitos que permitem que as pessoas encontrem o amor online. Estes sites permitem que as pessoas enviem e recebam mensagens e imagens sexualmente expl\u00edcitas sem terem de pagar por elas. Isto faz com que o sexo seja uma \u00f3tima maneira de se conectar com potenciais parceiros que est\u00e3o interessados na mesma coisa. Existem muitos sites de sexo gratuitos dispon\u00edveis, por isso \u00e9 importante encontrar um que seja adequado para voc\u00ea. Assim que encontrar um site de que goste, pode criar um perfil e come\u00e7ar a enviar e receber mensagens.<\/p>\n<h2>Site de sexting gratuito<\/h2>\n<p>Existem muitos sites de sexo gratuitos dispon\u00edveis na internet. No entanto, \u00e9 importante estar ciente de que nem todos estes sites s\u00e3o criados iguais. Alguns sites podem n\u00e3o ser seguros de usar, e outros podem n\u00e3o ser t\u00e3o fi\u00e1veis como outros. \u00c9 importante fazer a sua pesquisa antes de usar qualquer site de sexting. Uma das coisas mais importantes para se procurar num local de sexting \u00e9 a seguran\u00e7a. Certifique-se de que o site que est\u00e1 a utilizar tem mensagens seguras e que as suas informa\u00e7\u00f5es pessoais est\u00e3o protegidas. Voc\u00ea tamb\u00e9m deve procurar um site que tenha uma boa reputa\u00e7\u00e3o. Existem muitos sites de revis\u00e3o que voc\u00ea pode usar para pesquisar sites de sexting.<\/p>\n<p>Uma vez encontrado alguns sites de sexo seguros e fi\u00e1veis, pode come\u00e7ar a enviar mensagens e fotos para o seu parceiro. Lembre-se de ser respeitoso e apenas enviar mensagens e fotos com as qual se sinta confort\u00e1vel. Se n\u00e3o tem certeza sobre algo, n\u00e3o envie. Fazer sexo deve ser divertido e seguro para ti e para o teu parceiro.<\/p>\n<h3>DataMyAge<\/h3>\n<p>Se procura uma aplica\u00e7\u00e3o de encontros que lhe permite enviar e receber fotos e v\u00eddeos expl\u00edcitos, ent\u00e3o o DateMyAge \u00e9 uma \u00f3tima op\u00e7\u00e3o. A aplica\u00e7\u00e3o est\u00e1 dispon\u00edvel para dispositivos iOS e Android, e \u00e9 gratuita para download. Uma vez que crie uma conta, pode navegar atrav\u00e9s de perfis de outros utilizadores e enviar e receber mensagens. A aplica\u00e7\u00e3o tamb\u00e9m inclui uma fun\u00e7\u00e3o de pesquisa, para que possa encontrar pessoas interessadas nas mesmas coisas que voc\u00ea.<\/p>\n<p>Uma das grandes coisas sobre o DateMyAge \u00e9 que \u00e9 uma das \u00fanicas aplica\u00e7\u00f5es de namoro que lhe permitem enviar e receber mensagens de v\u00eddeo. Isto significa que pode conhecer algu\u00e9m antes de conhec\u00ea-lo pessoalmente. A aplica\u00e7\u00e3o tamb\u00e9m tem uma \u00f3tima interface de utilizador, e \u00e9 f\u00e1cil de usar. No geral, o DateMyAge \u00e9 uma \u00f3tima op\u00e7\u00e3o para adultos que est\u00e3o \u00e0 procura de uma aplica\u00e7\u00e3o de sexting.<\/p>\n<h3>Apenas AsSa<\/h3>\n<p>Se procura um site de sexo com uma diferen\u00e7a, o OnlyFlings vale a pena verificar. Embora n\u00e3o seja estritamente um site de sexting, tem todas as caracter\u00edsticas que precisa para fazer o trabalho, e depois alguns. A interface \u00e9 limpa e f\u00e1cil de utilizar, e existem muitas funcionalidades para mant\u00ea-lo de volta para mais. Em particular, a funcionalidade &#8220;Fling Finder&#8221; \u00e9 uma \u00f3tima maneira de encontrar novos parceiros para o sexo, e as &#8216;galerias de fotos&#8217; s\u00e3o uma \u00f3tima maneira de se inspirar. No geral, OnlyFlings \u00e9 uma \u00f3tima op\u00e7\u00e3o para quem procura um pouco de excita\u00e7\u00e3o extra na sua vida.<\/p>\n<h3>Fabswingers<\/h3>\n<p>Eu definitivamente recomendaria FabSwingers a qualquer um que procurasse um site de sexo adulto. O site \u00e9 f\u00e1cil de navegar e existem toneladas de funcionalidades para ajud\u00e1-lo a encontrar exatamente o que procura. Voc\u00ea pode pesquisar por localiza\u00e7\u00e3o, idade, interesses, e muito mais, e os resultados s\u00e3o sempre precisos. O sistema de mensagens tamb\u00e9m \u00e9 muito f\u00e1cil de utilizar e pode facilmente acompanhar todas as suas conversas. No geral, tive uma grande experi\u00eancia usando FabSwingers e definitivamente us\u00e1-lo novamente.<\/p>\n","protected":false},"excerpt":{"rendered":"<p>H\u00e1 uma s\u00e9rie de sites de sexo adulto que atendem pessoas \u00e0 procura de um encontro r\u00e1pido. Estes sites normalmente&hellip;<\/p>\n","protected":false},"author":1,"featured_media":0,"parent":0,"menu_order":0,"comment_status":"closed","ping_status":"closed","template":"","meta":[],"yoast_head":"<!-- This site is optimized with the Yoast SEO plugin v17.7.1 - https:\/\/yoast.com\/wordpress\/plugins\/seo\/ -->\n<title>Sites de sexting adulto - Dating Themes<\/title>\n<meta name=\"robots\" content=\"index, follow, max-snippet:-1, max-image-preview:large, max-video-preview:-1\" \/>\n<link rel=\"canonical\" href=\"https:\/\/wpdiarytheme.com\/pt-pt\/sites-de-sexting-adulto\/\" \/>\n<meta property=\"og:locale\" content=\"pt_PT\" \/>\n<meta property=\"og:type\" content=\"article\" \/>\n<meta property=\"og:title\" content=\"Sites de sexting adulto - Dating Themes\" \/>\n<meta property=\"og:description\" content=\"H\u00e1 uma s\u00e9rie de sites de sexo adulto que atendem pessoas \u00e0 procura de um encontro r\u00e1pido. Estes sites normalmente&hellip;\" \/>\n<meta property=\"og:url\" content=\"https:\/\/wpdiarytheme.com\/pt-pt\/sites-de-sexting-adulto\/\" \/>\n<meta property=\"og:site_name\" content=\"Dating Themes\" \/>\n<meta name=\"twitter:card\" content=\"summary_large_image\" \/>\n<meta name=\"twitter:label1\" content=\"Tempo estimado de leitura\" \/>\n\t<meta name=\"twitter:data1\" content=\"4 minutos\" \/>\n<script type=\"application\/ld+json\" class=\"yoast-schema-graph\">{\"@context\":\"https:\/\/schema.org\",\"@graph\":[{\"@type\":\"WebSite\",\"@id\":\"https:\/\/wpdiarytheme.com\/#website\",\"url\":\"https:\/\/wpdiarytheme.com\/\",\"name\":\"Dating Themes\",\"description\":\"Find Your Perfect App\",\"potentialAction\":[{\"@type\":\"SearchAction\",\"target\":{\"@type\":\"EntryPoint\",\"urlTemplate\":\"https:\/\/wpdiarytheme.com\/?s={search_term_string}\"},\"query-input\":\"required name=search_term_string\"}],\"inLanguage\":\"pt-PT\"},{\"@type\":\"WebPage\",\"@id\":\"https:\/\/wpdiarytheme.com\/pt-pt\/sites-de-sexting-adulto\/#webpage\",\"url\":\"https:\/\/wpdiarytheme.com\/pt-pt\/sites-de-sexting-adulto\/\",\"name\":\"Sites de sexting adulto - Dating Themes\",\"isPartOf\":{\"@id\":\"https:\/\/wpdiarytheme.com\/#website\"},\"datePublished\":\"2022-09-30T12:13:44+00:00\",\"dateModified\":\"2022-09-30T12:13:44+00:00\",\"breadcrumb\":{\"@id\":\"https:\/\/wpdiarytheme.com\/pt-pt\/sites-de-sexting-adulto\/#breadcrumb\"},\"inLanguage\":\"pt-PT\",\"potentialAction\":[{\"@type\":\"ReadAction\",\"target\":[\"https:\/\/wpdiarytheme.com\/pt-pt\/sites-de-sexting-adulto\/\"]}]},{\"@type\":\"BreadcrumbList\",\"@id\":\"https:\/\/wpdiarytheme.com\/pt-pt\/sites-de-sexting-adulto\/#breadcrumb\",\"itemListElement\":[{\"@type\":\"ListItem\",\"position\":1,\"name\":\"Home\",\"item\":\"https:\/\/wpdiarytheme.com\/pt-pt\/\"},{\"@type\":\"ListItem\",\"position\":2,\"name\":\"Sites de sexting adulto\"}]}]}<\/script>\n<!-- \/ Yoast SEO plugin. -->","yoast_head_json":{"title":"Sites de sexting adulto - Dating Themes","robots":{"index":"index","follow":"follow","max-snippet":"max-snippet:-1","max-image-preview":"max-image-preview:large","max-video-preview":"max-video-preview:-1"},"canonical":"https:\/\/wpdiarytheme.com\/pt-pt\/sites-de-sexting-adulto\/","og_locale":"pt_PT","og_type":"article","og_title":"Sites de sexting adulto - Dating Themes","og_description":"H\u00e1 uma s\u00e9rie de sites de sexo adulto que atendem pessoas \u00e0 procura de um encontro r\u00e1pido. Estes sites normalmente&hellip;","og_url":"https:\/\/wpdiarytheme.com\/pt-pt\/sites-de-sexting-adulto\/","og_site_name":"Dating Themes","twitter_card":"summary_large_image","twitter_misc":{"Tempo estimado de leitura":"4 minutos"},"schema":{"@context":"https:\/\/schema.org","@graph":[{"@type":"WebSite","@id":"https:\/\/wpdiarytheme.com\/#website","url":"https:\/\/wpdiarytheme.com\/","name":"Dating Themes","description":"Find Your Perfect App","potentialAction":[{"@type":"SearchAction","target":{"@type":"EntryPoint","urlTemplate":"https:\/\/wpdiarytheme.com\/?s={search_term_string}"},"query-input":"required name=search_term_string"}],"inLanguage":"pt-PT"},{"@type":"WebPage","@id":"https:\/\/wpdiarytheme.com\/pt-pt\/sites-de-sexting-adulto\/#webpage","url":"https:\/\/wpdiarytheme.com\/pt-pt\/sites-de-sexting-adulto\/","name":"Sites de sexting adulto - Dating Themes","isPartOf":{"@id":"https:\/\/wpdiarytheme.com\/#website"},"datePublished":"2022-09-30T12:13:44+00:00","dateModified":"2022-09-30T12:13:44+00:00","breadcrumb":{"@id":"https:\/\/wpdiarytheme.com\/pt-pt\/sites-de-sexting-adulto\/#breadcrumb"},"inLanguage":"pt-PT","potentialAction":[{"@type":"ReadAction","target":["https:\/\/wpdiarytheme.com\/pt-pt\/sites-de-sexting-adulto\/"]}]},{"@type":"BreadcrumbList","@id":"https:\/\/wpdiarytheme.com\/pt-pt\/sites-de-sexting-adulto\/#breadcrumb","itemListElement":[{"@type":"ListItem","position":1,"name":"Home","item":"https:\/\/wpdiarytheme.com\/pt-pt\/"},{"@type":"ListItem","position":2,"name":"Sites de sexting adulto"}]}]}},"_links":{"self":[{"href":"https:\/\/wpdiarytheme.com\/pt-pt\/wp-json\/wp\/v2\/pages\/276"}],"collection":[{"href":"https:\/\/wpdiarytheme.com\/pt-pt\/wp-json\/wp\/v2\/pages"}],"about":[{"href":"https:\/\/wpdiarytheme.com\/pt-pt\/wp-json\/wp\/v2\/types\/page"}],"author":[{"embeddable":true,"href":"https:\/\/wpdiarytheme.com\/pt-pt\/wp-json\/wp\/v2\/users\/1"}],"replies":[{"embeddable":true,"href":"https:\/\/wpdiarytheme.com\/pt-pt\/wp-json\/wp\/v2\/comments?post=276"}],"version-history":[{"count":0,"href":"https:\/\/wpdiarytheme.com\/pt-pt\/wp-json\/wp\/v2\/pages\/276\/revisions"}],"wp:attachment":[{"href":"https:\/\/wpdiarytheme.com\/pt-pt\/wp-json\/wp\/v2\/media?parent=276"}],"curies":[{"name":"wp","href":"https:\/\/api.w.org\/{rel}","templated":true}]}}