{"id":272,"date":"2022-09-30T13:11:56","date_gmt":"2022-09-30T12:11:56","guid":{"rendered":"http:\/\/wpdiarytheme.com\/mulheres-procurando-por-sexo\/"},"modified":"2022-09-30T13:11:56","modified_gmt":"2022-09-30T12:11:56","slug":"mulheres-procurando-por-sexo","status":"publish","type":"page","link":"https:\/\/wpdiarytheme.com\/pt-pt\/mulheres-procurando-por-sexo\/","title":{"rendered":"Mulheres procurando por sexo"},"content":{"rendered":"<p>H\u00e1 algo numa mulher que sabe o que quer e n\u00e3o tem medo de <a href=\"http:\/\/wpdiarytheme.com\/milf-hookup-sites\/\">ir atr\u00e1s dela que \u00e9 incrivelmente atraente<\/a>. As mulheres que querem foder s\u00e3o confiantes e sexys, e sabem como conseguir o que querem. N\u00e3o t\u00eam medo de assumir o comando e s\u00e3o \u00f3timos na cama. Se est\u00e1s \u00e0 procura de um encontro que seja garantido ser quente e selvagem, junta-te a uma mulher que quer foder.<\/p>\n<p>H\u00e1 muitas mulheres \u00e0 procura de sexo, e se estiveres disposto a esfor\u00e7ar-te um pouco, podes encontr\u00e1-las. A chave \u00e9 tornar-se atraente para eles e ser assertivo. Seja confiante e tome a iniciativa. Esteja preparado para oferecer-lhes algo em troca, seja uma compensa\u00e7\u00e3o financeira ou simplesmente prazer. Seja respeitoso e n\u00e3o pressione muito, e deve ser capaz de encontrar mulheres que estejam dispostas a fazer sexo consigo.<\/p>\n<h2>Descobridor de Sexo<\/h2>\n<p>H\u00e1 muitas mulheres \u00e0 procura de sexo perto de mim, e a grande maioria delas s\u00f3 est\u00e3o \u00e0 procura de amor. No entanto, se est\u00e1 apenas \u00e0 procura de um encontro r\u00e1pido, provavelmente ter\u00e1 mais sorte em outro lugar. As mulheres que procuram sexo perto de mim normalmente procuram algo um pouco mais substancial, por isso, se estiveres \u00e0 procura de um encontro de uma noite, talvez queiras tentar noutro s\u00edtio.<\/p>\n<h2>Mulheres locais horny<\/h2>\n<p>N\u00e3o h\u00e1 necessidade de ter vergonha de querer ficar com uma mulher excitada. Pode encontrar muitos deles aqui na Xpress.com. Basta criar um perfil e come\u00e7ar a navegar por todas as mulheres excitadas locais da sua \u00e1rea. Voc\u00ea pode enviar mensagens e flirts, e organizar um encontro para uma sess\u00e3o quente e quente. Tudo a seu ver. Ent\u00e3o, do que est\u00e1 \u00e0 espera? Come\u00e7a hoje e junta-te a uma mulher excitada perto de ti!<\/p>\n<h3>LuckyCrush<\/h3>\n<p>LuckyCrush \u00e9 uma nova aplica\u00e7\u00e3o de encontros que permite \u00e0s mulheres classificar e rever anonimamente os homens com quem dormiram. A aplica\u00e7\u00e3o \u00e9 an\u00f3nima e s\u00f3 permite que as mulheres avaliem e revejam os homens que foderam, e n\u00e3o o contr\u00e1rio. A aplica\u00e7\u00e3o ainda est\u00e1 na fase inicial, mas j\u00e1 est\u00e1 a ajudar as mulheres a classificar e rever anonimamente os homens que foderam.<\/p>\n<h3>WantMatures<\/h3>\n<p>Se \u00e9s uma mulher que s\u00f3 quer foder, ent\u00e3o o aplicativo de encontros WantMatures vale a pena verificar. A aplica\u00e7\u00e3o \u00e9 projetada especificamente para mulheres que querem se juntar a homens mais velhos, e \u00e9 realmente f\u00e1cil de usar. Basta criar um perfil, navegar atrav\u00e9s dos perfis de potenciais partidas e come\u00e7ar a enviar mensagens. Os homens da aplica\u00e7\u00e3o est\u00e3o todos \u00e0 procura de uma coisa, e n\u00e3o t\u00eam medo de o dizer. Por isso, se est\u00e1s cansado de lidar com tipos que s\u00f3 querem jogar, esta \u00e9 a aplica\u00e7\u00e3o para ti.<\/p>\n<h3>Fling.com<\/h3>\n<p>Se \u00e9s uma mulher que quer foder, ent\u00e3o Fling.com \u00e9 a aplica\u00e7\u00e3o de encontros para ti. Com mais de 2 milh\u00f5es de membros em todo o mundo, \u00e9 a maior app de encontros do g\u00e9nero e \u00e9 f\u00e1cil perceber porqu\u00ea. Com a sua fun\u00e7\u00e3o de pesquisa simples, mas eficaz, pode encontrar de forma r\u00e1pida e f\u00e1cil algu\u00e9m que cumpra os seus crit\u00e9rios.<\/p>\n<p>N\u00e3o h\u00e1 algoritmos complicados ou question\u00e1rios longos para preencher, apenas um perfil simples e uma foto. Assim que encontrares algu\u00e9m de quem gostes, envia-lhe uma mensagem e deixa a divers\u00e3o come\u00e7ar.<\/p>\n<p>Fling.com \u00e9 livre de usar e n\u00e3o h\u00e1 custos escondidos, por isso podes concentrar-te em encontrar algu\u00e9m para foder. E com a sua grande base de membros, vais encontrar algu\u00e9m que esteja disposto a isso.<\/p>\n","protected":false},"excerpt":{"rendered":"<p>H\u00e1 algo numa mulher que sabe o que quer e n\u00e3o tem medo de ir atr\u00e1s dela que \u00e9 incrivelmente&hellip;<\/p>\n","protected":false},"author":1,"featured_media":0,"parent":0,"menu_order":0,"comment_status":"closed","ping_status":"closed","template":"","meta":[],"yoast_head":"<!-- This site is optimized with the Yoast SEO plugin v17.7.1 - https:\/\/yoast.com\/wordpress\/plugins\/seo\/ -->\n<title>Mulheres procurando por sexo - Dating Themes<\/title>\n<meta name=\"robots\" content=\"index, follow, max-snippet:-1, max-image-preview:large, max-video-preview:-1\" \/>\n<link rel=\"canonical\" href=\"https:\/\/wpdiarytheme.com\/pt-pt\/mulheres-procurando-por-sexo\/\" \/>\n<meta property=\"og:locale\" content=\"pt_PT\" \/>\n<meta property=\"og:type\" content=\"article\" \/>\n<meta property=\"og:title\" content=\"Mulheres procurando por sexo - Dating Themes\" \/>\n<meta property=\"og:description\" content=\"H\u00e1 algo numa mulher que sabe o que quer e n\u00e3o tem medo de ir atr\u00e1s dela que \u00e9 incrivelmente&hellip;\" \/>\n<meta property=\"og:url\" content=\"https:\/\/wpdiarytheme.com\/pt-pt\/mulheres-procurando-por-sexo\/\" \/>\n<meta property=\"og:site_name\" content=\"Dating Themes\" \/>\n<meta name=\"twitter:card\" content=\"summary_large_image\" \/>\n<meta name=\"twitter:label1\" content=\"Tempo estimado de leitura\" \/>\n\t<meta name=\"twitter:data1\" content=\"3 minutos\" \/>\n<script type=\"application\/ld+json\" class=\"yoast-schema-graph\">{\"@context\":\"https:\/\/schema.org\",\"@graph\":[{\"@type\":\"WebSite\",\"@id\":\"https:\/\/wpdiarytheme.com\/#website\",\"url\":\"https:\/\/wpdiarytheme.com\/\",\"name\":\"Dating Themes\",\"description\":\"Find Your Perfect App\",\"potentialAction\":[{\"@type\":\"SearchAction\",\"target\":{\"@type\":\"EntryPoint\",\"urlTemplate\":\"https:\/\/wpdiarytheme.com\/?s={search_term_string}\"},\"query-input\":\"required name=search_term_string\"}],\"inLanguage\":\"pt-PT\"},{\"@type\":\"WebPage\",\"@id\":\"https:\/\/wpdiarytheme.com\/pt-pt\/mulheres-procurando-por-sexo\/#webpage\",\"url\":\"https:\/\/wpdiarytheme.com\/pt-pt\/mulheres-procurando-por-sexo\/\",\"name\":\"Mulheres procurando por sexo - Dating Themes\",\"isPartOf\":{\"@id\":\"https:\/\/wpdiarytheme.com\/#website\"},\"datePublished\":\"2022-09-30T12:11:56+00:00\",\"dateModified\":\"2022-09-30T12:11:56+00:00\",\"breadcrumb\":{\"@id\":\"https:\/\/wpdiarytheme.com\/pt-pt\/mulheres-procurando-por-sexo\/#breadcrumb\"},\"inLanguage\":\"pt-PT\",\"potentialAction\":[{\"@type\":\"ReadAction\",\"target\":[\"https:\/\/wpdiarytheme.com\/pt-pt\/mulheres-procurando-por-sexo\/\"]}]},{\"@type\":\"BreadcrumbList\",\"@id\":\"https:\/\/wpdiarytheme.com\/pt-pt\/mulheres-procurando-por-sexo\/#breadcrumb\",\"itemListElement\":[{\"@type\":\"ListItem\",\"position\":1,\"name\":\"Home\",\"item\":\"https:\/\/wpdiarytheme.com\/pt-pt\/\"},{\"@type\":\"ListItem\",\"position\":2,\"name\":\"Mulheres procurando por sexo\"}]}]}<\/script>\n<!-- \/ Yoast SEO plugin. -->","yoast_head_json":{"title":"Mulheres procurando por sexo - Dating Themes","robots":{"index":"index","follow":"follow","max-snippet":"max-snippet:-1","max-image-preview":"max-image-preview:large","max-video-preview":"max-video-preview:-1"},"canonical":"https:\/\/wpdiarytheme.com\/pt-pt\/mulheres-procurando-por-sexo\/","og_locale":"pt_PT","og_type":"article","og_title":"Mulheres procurando por sexo - Dating Themes","og_description":"H\u00e1 algo numa mulher que sabe o que quer e n\u00e3o tem medo de ir atr\u00e1s dela que \u00e9 incrivelmente&hellip;","og_url":"https:\/\/wpdiarytheme.com\/pt-pt\/mulheres-procurando-por-sexo\/","og_site_name":"Dating Themes","twitter_card":"summary_large_image","twitter_misc":{"Tempo estimado de leitura":"3 minutos"},"schema":{"@context":"https:\/\/schema.org","@graph":[{"@type":"WebSite","@id":"https:\/\/wpdiarytheme.com\/#website","url":"https:\/\/wpdiarytheme.com\/","name":"Dating Themes","description":"Find Your Perfect App","potentialAction":[{"@type":"SearchAction","target":{"@type":"EntryPoint","urlTemplate":"https:\/\/wpdiarytheme.com\/?s={search_term_string}"},"query-input":"required name=search_term_string"}],"inLanguage":"pt-PT"},{"@type":"WebPage","@id":"https:\/\/wpdiarytheme.com\/pt-pt\/mulheres-procurando-por-sexo\/#webpage","url":"https:\/\/wpdiarytheme.com\/pt-pt\/mulheres-procurando-por-sexo\/","name":"Mulheres procurando por sexo - Dating Themes","isPartOf":{"@id":"https:\/\/wpdiarytheme.com\/#website"},"datePublished":"2022-09-30T12:11:56+00:00","dateModified":"2022-09-30T12:11:56+00:00","breadcrumb":{"@id":"https:\/\/wpdiarytheme.com\/pt-pt\/mulheres-procurando-por-sexo\/#breadcrumb"},"inLanguage":"pt-PT","potentialAction":[{"@type":"ReadAction","target":["https:\/\/wpdiarytheme.com\/pt-pt\/mulheres-procurando-por-sexo\/"]}]},{"@type":"BreadcrumbList","@id":"https:\/\/wpdiarytheme.com\/pt-pt\/mulheres-procurando-por-sexo\/#breadcrumb","itemListElement":[{"@type":"ListItem","position":1,"name":"Home","item":"https:\/\/wpdiarytheme.com\/pt-pt\/"},{"@type":"ListItem","position":2,"name":"Mulheres procurando por sexo"}]}]}},"_links":{"self":[{"href":"https:\/\/wpdiarytheme.com\/pt-pt\/wp-json\/wp\/v2\/pages\/272"}],"collection":[{"href":"https:\/\/wpdiarytheme.com\/pt-pt\/wp-json\/wp\/v2\/pages"}],"about":[{"href":"https:\/\/wpdiarytheme.com\/pt-pt\/wp-json\/wp\/v2\/types\/page"}],"author":[{"embeddable":true,"href":"https:\/\/wpdiarytheme.com\/pt-pt\/wp-json\/wp\/v2\/users\/1"}],"replies":[{"embeddable":true,"href":"https:\/\/wpdiarytheme.com\/pt-pt\/wp-json\/wp\/v2\/comments?post=272"}],"version-history":[{"count":0,"href":"https:\/\/wpdiarytheme.com\/pt-pt\/wp-json\/wp\/v2\/pages\/272\/revisions"}],"wp:attachment":[{"href":"https:\/\/wpdiarytheme.com\/pt-pt\/wp-json\/wp\/v2\/media?parent=272"}],"curies":[{"name":"wp","href":"https:\/\/api.w.org\/{rel}","templated":true}]}}