{"id":171,"date":"2022-09-12T12:14:34","date_gmt":"2022-09-12T11:14:34","guid":{"rendered":"http:\/\/wpdiarytheme.com\/seu-diario-de-namoro-hookups-more\/"},"modified":"2022-09-12T12:14:34","modified_gmt":"2022-09-12T11:14:34","slug":"seu-diario-de-namoro-hookups-more","status":"publish","type":"page","link":"https:\/\/wpdiarytheme.com\/pt-pt\/","title":{"rendered":"Seu Di\u00e1rio de Namoro: Hookups &amp; More"},"content":{"rendered":"<p>Eu sei o que est\u00e1s a pensar: &#8220;H\u00e1 milhares de aplicativos e sites de encontros por a\u00ed.&#8221; E tem raz\u00e3o. Mas acho que podemos concordar que h\u00e1 alguns dos melhores por aqui. Como algu\u00e9m que usa um todos os dias, queria ter a certeza que sabias dos melhores sites de encontros gr\u00e1tis.<\/p>\n<p>Esta lista inclui todos os principais que s\u00e3o totalmente gratuitos. Alguns at\u00e9 pagaram planos, mas n\u00e3o s\u00e3o necess\u00e1rios para aderir. No entanto, se quiser encontrar uma rela\u00e7\u00e3o a longo prazo, consulte o meu guia para encontrar o amor online.<\/p>\n<p>A maior coisa que vai notar sobre estes sites \u00e9 como eles s\u00e3o f\u00e1ceis de usar. A maioria dos sites n\u00e3o requer inscri\u00e7\u00f5es, apenas nome de utilizador e senha. N\u00e3o tem de preencher perfis ou responder a perguntas; Basta escrever o que quiser na barra de pesquisa e come\u00e7ar a conhecer pessoas.<\/p>\n<p>N\u00e3o vai encontrar nenhuma conta falsa na nossa lista. Todos os sites listados aqui s\u00e3o completamente leg\u00edtimos e seguros. H\u00e1 toneladas de diferentes tipos de pessoas nestas plataformas, tamb\u00e9m. Quer prefira sexo casual ou relacionamentos s\u00e9rios, \u00e9 obrigado a encontrar algo que goste.<\/p>\n<h2>Come\u00e7ar com sites de namoro<\/h2>\n<p>Muitas pessoas usam sites de encontros e aplicativos para se conectar com potenciais jogos rom\u00e2nticos. Mas enquanto esses sites oferecem muitas caracter\u00edsticas para encontrar o amor, h\u00e1 muitos outros que atendem especificamente a encontros para uma noite. Quer esteja \u00e0 procura de uma aventura r\u00e1pida ou apenas algu\u00e9m com quem sair, aqui est\u00e3o 10 \u00f3timos lugares para ir onde nem precisa pagar nada para tentar.<\/p>\n<p><img loading=\"lazy\" class=\"aligncenter wp-image-66 size-large\" src=\"http:\/\/wpdiarytheme.com\/wp-content\/uploads\/2022\/09\/real-dates-online-1024x683.jpeg\" alt=\"\" width=\"525\" height=\"350\" srcset=\"https:\/\/wpdiarytheme.com\/wp-content\/uploads\/2022\/09\/real-dates-online-1024x683.jpeg 1024w, https:\/\/wpdiarytheme.com\/wp-content\/uploads\/2022\/09\/real-dates-online-300x200.jpeg 300w, https:\/\/wpdiarytheme.com\/wp-content\/uploads\/2022\/09\/real-dates-online-768x512.jpeg 768w, https:\/\/wpdiarytheme.com\/wp-content\/uploads\/2022\/09\/real-dates-online.jpeg 1125w\" sizes=\"(max-width: 525px) 100vw, 525px\" \/><\/p>\n<h3>PlentyOfFish<\/h3>\n<p>PlentyOfFish \u00e9 provavelmente o local mais conhecido para encontros casuais. Embora cobra uma taxa para se tornar um membro premium, oferece toneladas de caracter\u00edsticas, incluindo ser capaz de navegar membros com base na localiza\u00e7\u00e3o, idade, tipo de corpo, sexo, etnia, religi\u00e3o, estado de relacionamento, n\u00edvel de educa\u00e7\u00e3o, altura, peso, h\u00e1bitos de fumar, h\u00e1bitos de consumo, e muito mais. Nunca vais encontrar ningu\u00e9m que conhe\u00e7as, mas podes acabar por conhecer algu\u00e9m que partilhe os teus interesses.<\/p>\n<h3>AdultFriendFinder<\/h3>\n<p>Adult Friend Finder \u00e9 outro lugar muito popular para procurar um encontro casual. Existem desde 1999 e dizem ter milh\u00f5es de perfis ativos. Existem muitas op\u00e7\u00f5es diferentes para a ades\u00e3o, que v\u00e3o desde um teste gratuito a uma subscri\u00e7\u00e3o mensal. Desde que esteja disposto a trabalhar, pode encontrar exatamente o que procura.<\/p>\n<p>Adult Friend Finder \u00e9 outro site dedicado a ajudar adultos a encontrar amigos com benef\u00edcios. Na verdade, \u00e9 o segundo maior site pessoal da BBW atr\u00e1s de Ashley Madison.<\/p>\n<h3>Ashley Madison<\/h3>\n<p>Se est\u00e1s \u00e0 procura de algo discreto, a Ashley Madison vale a pena verificar. Este site d\u00e1-lhe a capacidade de ver os perfis de outras pessoas, enviar mensagens e organizar datas. Tudo isto acontece anonimamente. Se decidir inscrever-se para uma ades\u00e3o premium, poder\u00e1 ver os nomes completos de outros membros, endere\u00e7os de e-mail e at\u00e9 n\u00fameros de telefone.<\/p>\n<p>AshleyMadison.com \u00e9 uma lufada de ar fresco on-line para as pessoas que procuram experimentar um pouco de especiaria extra nas suas vidas amorosas. Com mais de 54 milh\u00f5es de membros em todo o mundo, o site de encontros para adultos oferece muitas maneiras de conhecer solteiros com ideias semelhantes. Quer esteja \u00e0 procura de encontros casuais, de uma rela\u00e7\u00e3o s\u00e9ria, ou de outra coisa, AshleyMadison.com tem tudo o que procura.<\/p>\n<h3>BeNaughty<\/h3>\n<p>BeNaughty \u00e9 uma aplica\u00e7\u00e3o de encontros online gratuita onde as pessoas se encontram com base no interesse m\u00fatuo. N\u00e3o precisas de te preocupar em encontrar algu\u00e9m especial porque h\u00e1 milhares de membros \u00e0 espera que te juntes.<\/p>\n<p>O objetivo da BeNaughty \u00e9 simples: queremos facilitar o encontro com as pessoas. A nossa equipa de peritos escolheu perfis de tipos e raparigas como tu. Quer estejas \u00e0 procura de amizade, sexo casual ou algo s\u00e9rio, vais encontrar exatamente o que queres aqui.<\/p>\n<p>Se estiver pronto para come\u00e7ar a conversar com singleton local, inscreva-se agora e comece a navegar.<\/p>\n<h3>IWantU<\/h3>\n<p>A aplica\u00e7\u00e3o IWantU \u00e9 um site de encontros que permite que as pessoas se encontrem para fazer sexo no mesmo dia. Lan\u00e7ada em 2017, a aplica\u00e7\u00e3o foi descarregada mais de 50 milh\u00f5es de vezes em todo o mundo, com mais de 30 milh\u00f5es de downloads s\u00f3 nos EUA. Os utilizadores inscrevem-se gratuitamente, escolhem o seu sexo, faixa et\u00e1ria, localiza\u00e7\u00e3o e interesses, e aguardam por f\u00f3sforos com base nesses crit\u00e9rios. Em seguida, eles podem ent\u00e3o estabelecer contacto diretamente via e-mail ou telefonema, e organizar um encontro para sexo dentro de 24 horas.<\/p>\n<p>A aplica\u00e7\u00e3o \u00e9 projetada para ajudar profissionais ocupados a conhecer indiv\u00edduos com ideias semelhantes para uma noite, aventuras r\u00e1pidas ou at\u00e9 mesmo propostas de casamento. N\u00e3o h\u00e1 recusas ou longas persuas\u00f5es porque todos os membros v\u00eam pela mesma coisa &#8211; sexo.<\/p>\n<p>Cada utilizador distingue-se pela emancipa\u00e7\u00e3o, desejo de receber e proporcionar prazer, e uma vontade de experimentar algo diferente. Al\u00e9m de uma sec\u00e7\u00e3o de perfil onde os utilizadores se descrevem, tamb\u00e9m fazem upload de fotos, v\u00eddeos e locais onde se querem encontrar.<\/p>\n<h2>O que vem a seguir?<\/h2>\n<p>Sabemos o que est\u00e1s a pensar. &#8220;N\u00e3o quero entrar num site de encontros.&#8221; Bem, n\u00e3o faz mal, porque h\u00e1 muitos sites gratuitos por a\u00ed que oferecem grandes funcionalidades como mensagens instant\u00e2neas e chat de v\u00eddeo.<\/p>\n<p>Se queres fazer sexo casual esta noite, continua a andar e a agir, simples o suficiente, n\u00e3o \u00e9?<\/p>\n<p>Voc\u00ea deve se juntar a alguns sites diferentes e ver qual funciona melhor para voc\u00ea.<\/p>\n","protected":false},"excerpt":{"rendered":"<p>Eu sei o que est\u00e1s a pensar: &#8220;H\u00e1 milhares de aplicativos e sites de encontros por a\u00ed.&#8221; E tem raz\u00e3o.&hellip;<\/p>\n","protected":false},"author":1,"featured_media":84,"parent":0,"menu_order":0,"comment_status":"closed","ping_status":"closed","template":"","meta":[],"yoast_head":"<!-- This site is optimized with the Yoast SEO plugin v17.7.1 - https:\/\/yoast.com\/wordpress\/plugins\/seo\/ -->\n<title>Seu Di\u00e1rio de Namoro: Hookups &amp; More - Dating Themes<\/title>\n<meta name=\"robots\" content=\"index, follow, max-snippet:-1, max-image-preview:large, max-video-preview:-1\" \/>\n<link rel=\"canonical\" href=\"https:\/\/wpdiarytheme.com\/pt-pt\/\" \/>\n<meta property=\"og:locale\" content=\"pt_PT\" \/>\n<meta property=\"og:type\" content=\"article\" \/>\n<meta property=\"og:title\" content=\"Seu Di\u00e1rio de Namoro: Hookups &amp; More - Dating Themes\" \/>\n<meta property=\"og:description\" content=\"Eu sei o que est\u00e1s a pensar: &#8220;H\u00e1 milhares de aplicativos e sites de encontros por a\u00ed.&#8221; E tem raz\u00e3o.&hellip;\" \/>\n<meta property=\"og:url\" content=\"https:\/\/wpdiarytheme.com\/pt-pt\/\" \/>\n<meta property=\"og:site_name\" content=\"Dating Themes\" \/>\n<meta property=\"og:image\" content=\"https:\/\/wpdiarytheme.com\/wp-content\/uploads\/2022\/09\/local-sex-match.jpeg\" \/>\n\t<meta property=\"og:image:width\" content=\"1600\" \/>\n\t<meta property=\"og:image:height\" content=\"1067\" \/>\n<meta name=\"twitter:card\" content=\"summary_large_image\" \/>\n<meta name=\"twitter:label1\" content=\"Tempo estimado de leitura\" \/>\n\t<meta name=\"twitter:data1\" content=\"5 minutos\" \/>\n<script type=\"application\/ld+json\" class=\"yoast-schema-graph\">{\"@context\":\"https:\/\/schema.org\",\"@graph\":[{\"@type\":\"WebSite\",\"@id\":\"https:\/\/wpdiarytheme.com\/#website\",\"url\":\"https:\/\/wpdiarytheme.com\/\",\"name\":\"Dating Themes\",\"description\":\"Find Your Perfect App\",\"potentialAction\":[{\"@type\":\"SearchAction\",\"target\":{\"@type\":\"EntryPoint\",\"urlTemplate\":\"https:\/\/wpdiarytheme.com\/?s={search_term_string}\"},\"query-input\":\"required name=search_term_string\"}],\"inLanguage\":\"pt-PT\"},{\"@type\":\"ImageObject\",\"@id\":\"https:\/\/wpdiarytheme.com\/pt-pt\/#primaryimage\",\"inLanguage\":\"pt-PT\",\"url\":\"https:\/\/wpdiarytheme.com\/wp-content\/uploads\/2022\/09\/local-sex-match.jpeg\",\"contentUrl\":\"https:\/\/wpdiarytheme.com\/wp-content\/uploads\/2022\/09\/local-sex-match.jpeg\",\"width\":1600,\"height\":1067},{\"@type\":\"WebPage\",\"@id\":\"https:\/\/wpdiarytheme.com\/pt-pt\/#webpage\",\"url\":\"https:\/\/wpdiarytheme.com\/pt-pt\/\",\"name\":\"Seu Di\\u00e1rio de Namoro: Hookups &amp; More - Dating Themes\",\"isPartOf\":{\"@id\":\"https:\/\/wpdiarytheme.com\/#website\"},\"primaryImageOfPage\":{\"@id\":\"https:\/\/wpdiarytheme.com\/pt-pt\/#primaryimage\"},\"datePublished\":\"2022-09-12T11:14:34+00:00\",\"dateModified\":\"2022-09-12T11:14:34+00:00\",\"breadcrumb\":{\"@id\":\"https:\/\/wpdiarytheme.com\/pt-pt\/#breadcrumb\"},\"inLanguage\":\"pt-PT\",\"potentialAction\":[{\"@type\":\"ReadAction\",\"target\":[\"https:\/\/wpdiarytheme.com\/pt-pt\/\"]}]},{\"@type\":\"BreadcrumbList\",\"@id\":\"https:\/\/wpdiarytheme.com\/pt-pt\/#breadcrumb\",\"itemListElement\":[{\"@type\":\"ListItem\",\"position\":1,\"name\":\"Home\",\"item\":\"https:\/\/wpdiarytheme.com\/pt-pt\/\"},{\"@type\":\"ListItem\",\"position\":2,\"name\":\"Seu Di\\u00e1rio de Namoro: Hookups &amp; More\"}]}]}<\/script>\n<!-- \/ Yoast SEO plugin. -->","yoast_head_json":{"title":"Seu Di\u00e1rio de Namoro: Hookups &amp; More - Dating Themes","robots":{"index":"index","follow":"follow","max-snippet":"max-snippet:-1","max-image-preview":"max-image-preview:large","max-video-preview":"max-video-preview:-1"},"canonical":"https:\/\/wpdiarytheme.com\/pt-pt\/","og_locale":"pt_PT","og_type":"article","og_title":"Seu Di\u00e1rio de Namoro: Hookups &amp; More - Dating Themes","og_description":"Eu sei o que est\u00e1s a pensar: &#8220;H\u00e1 milhares de aplicativos e sites de encontros por a\u00ed.&#8221; E tem raz\u00e3o.&hellip;","og_url":"https:\/\/wpdiarytheme.com\/pt-pt\/","og_site_name":"Dating Themes","og_image":[{"width":1600,"height":1067,"url":"https:\/\/wpdiarytheme.com\/wp-content\/uploads\/2022\/09\/local-sex-match.jpeg","type":"image\/jpeg"}],"twitter_card":"summary_large_image","twitter_misc":{"Tempo estimado de leitura":"5 minutos"},"schema":{"@context":"https:\/\/schema.org","@graph":[{"@type":"WebSite","@id":"https:\/\/wpdiarytheme.com\/#website","url":"https:\/\/wpdiarytheme.com\/","name":"Dating Themes","description":"Find Your Perfect App","potentialAction":[{"@type":"SearchAction","target":{"@type":"EntryPoint","urlTemplate":"https:\/\/wpdiarytheme.com\/?s={search_term_string}"},"query-input":"required name=search_term_string"}],"inLanguage":"pt-PT"},{"@type":"ImageObject","@id":"https:\/\/wpdiarytheme.com\/pt-pt\/#primaryimage","inLanguage":"pt-PT","url":"https:\/\/wpdiarytheme.com\/wp-content\/uploads\/2022\/09\/local-sex-match.jpeg","contentUrl":"https:\/\/wpdiarytheme.com\/wp-content\/uploads\/2022\/09\/local-sex-match.jpeg","width":1600,"height":1067},{"@type":"WebPage","@id":"https:\/\/wpdiarytheme.com\/pt-pt\/#webpage","url":"https:\/\/wpdiarytheme.com\/pt-pt\/","name":"Seu Di\u00e1rio de Namoro: Hookups &amp; More - Dating Themes","isPartOf":{"@id":"https:\/\/wpdiarytheme.com\/#website"},"primaryImageOfPage":{"@id":"https:\/\/wpdiarytheme.com\/pt-pt\/#primaryimage"},"datePublished":"2022-09-12T11:14:34+00:00","dateModified":"2022-09-12T11:14:34+00:00","breadcrumb":{"@id":"https:\/\/wpdiarytheme.com\/pt-pt\/#breadcrumb"},"inLanguage":"pt-PT","potentialAction":[{"@type":"ReadAction","target":["https:\/\/wpdiarytheme.com\/pt-pt\/"]}]},{"@type":"BreadcrumbList","@id":"https:\/\/wpdiarytheme.com\/pt-pt\/#breadcrumb","itemListElement":[{"@type":"ListItem","position":1,"name":"Home","item":"https:\/\/wpdiarytheme.com\/pt-pt\/"},{"@type":"ListItem","position":2,"name":"Seu Di\u00e1rio de Namoro: Hookups &amp; More"}]}]}},"_links":{"self":[{"href":"https:\/\/wpdiarytheme.com\/pt-pt\/wp-json\/wp\/v2\/pages\/171"}],"collection":[{"href":"https:\/\/wpdiarytheme.com\/pt-pt\/wp-json\/wp\/v2\/pages"}],"about":[{"href":"https:\/\/wpdiarytheme.com\/pt-pt\/wp-json\/wp\/v2\/types\/page"}],"author":[{"embeddable":true,"href":"https:\/\/wpdiarytheme.com\/pt-pt\/wp-json\/wp\/v2\/users\/1"}],"replies":[{"embeddable":true,"href":"https:\/\/wpdiarytheme.com\/pt-pt\/wp-json\/wp\/v2\/comments?post=171"}],"version-history":[{"count":0,"href":"https:\/\/wpdiarytheme.com\/pt-pt\/wp-json\/wp\/v2\/pages\/171\/revisions"}],"wp:featuredmedia":[{"embeddable":true,"href":"https:\/\/wpdiarytheme.com\/pt-pt\/wp-json\/wp\/v2\/media\/84"}],"wp:attachment":[{"href":"https:\/\/wpdiarytheme.com\/pt-pt\/wp-json\/wp\/v2\/media?parent=171"}],"curies":[{"name":"wp","href":"https:\/\/api.w.org\/{rel}","templated":true}]}}