{"id":295,"date":"2022-09-30T13:10:30","date_gmt":"2022-09-30T12:10:30","guid":{"rendered":"http:\/\/wpdiarytheme.com\/darmowe-strony-fuck\/"},"modified":"2022-09-30T13:10:30","modified_gmt":"2022-09-30T12:10:30","slug":"darmowe-strony-fuck","status":"publish","type":"page","link":"https:\/\/wpdiarytheme.com\/pl\/darmowe-strony-fuck\/","title":{"rendered":"Darmowe strony Fuck"},"content":{"rendered":"<p>Nie mo\u017cna zaprzeczy\u0107, \u017ce strony spotka\u0144 i pieprzenia maj\u0105 swoje miejsce, je\u015bli chodzi o pod\u0142\u0105czanie. S\u0105 szybkie, \u0142atwe i cz\u0119sto bezp\u0142atne, co czyni je idealnymi dla ka\u017cdego, kto szuka <a href=\"http:\/\/wpdiarytheme.com\/free-naughty-chat-apps\/\">spotkania bez zobowi\u0105za\u0144<\/a>. Nie s\u0105 jednak pozbawione wad. Poniewa\u017c s\u0105 tak \u0142atwe w u\u017cyciu, cz\u0119sto s\u0105 przepe\u0142nione fa\u0142szywymi profilami i oszustami. Ponadto wiele miejsc spotka\u0144 i pieprzonych jest niemoderowanych, co mo\u017ce prowadzi\u0107 do nieprzyjemnych (i niebezpiecznych) spotka\u0144. Je\u015bli chcesz skorzysta\u0107 z witryny meet and fuck, koniecznie przeprowad\u017a badania i skorzystaj z renomowanej, bezpiecznej witryny.<\/p>\n<p>Istnieje wiele darmowych stron, je\u015bli wiesz, gdzie szuka\u0107. Szybkie wyszukiwanie online ujawni wiele r\u00f3\u017cnych opcji, wi\u0119c to tylko kwestia znalezienia takiej, kt\u00f3ra odpowiada Twoim potrzebom. Je\u015bli szukasz tylko szybkiego i \u0142atwego sposobu na u\u0142o\u017cenie, to darmowa strona fuck mo\u017ce by\u0107 najlepszym rozwi\u0105zaniem. Je\u015bli jednak szukasz czego\u015b nieco powa\u017cniejszego, mo\u017cesz rozwa\u017cy\u0107 zap\u0142acenie za cz\u0142onkostwo w serwisie randkowym premium. Witryny Premium maj\u0105 zwykle lepsze funkcje bezpiecze\u0144stwa i prywatno\u015bci, a tak\u017ce wi\u0119ksz\u0105 i bardziej aktywn\u0105 baz\u0119 u\u017cytkownik\u00f3w.<\/p>\n<h2>Znajd\u017a pieprzonego kumpla<\/h2>\n<p>Nie ma czego\u015b takiego jak &#8222;pieprzy\u0107 za darmo&#8221;, je\u015bli chodzi o randki. Je\u015bli chcesz si\u0119 z kim\u015b um\u00f3wi\u0107, b\u0119dziesz musia\u0142 w\u0142o\u017cy\u0107 troch\u0119 wysi\u0142ku &#8211; niezale\u017cnie od tego, czy oznacza to p\u00f3j\u015bcie na kilka randek, czy wyrzucenie got\u00f3wki na fantazyjn\u0105 kolacj\u0119. Ale pod koniec dnia to od ciebie zale\u017cy, ile &#8222;kurwa&#8221; jeste\u015b got\u00f3w da\u0107 &#8211; po prostu nie oczekuj, \u017ce dostaniesz to za darmo.<\/p>\n<h3>FriendFinder-X<\/h3>\n<p>Je\u015bli chcesz znale\u017a\u0107 po\u0142\u0105czenie, FriendFinder-X to \u015bwietna aplikacja randkowa do u\u017cycia. Jest to strona spotka\u0144 i pieprzenia, kt\u00f3ra zosta\u0142a specjalnie zaprojektowana, aby pom\u00f3c Ci znale\u017a\u0107 partner\u00f3w seksualnych. Aplikacja jest \u0142atwa w u\u017cyciu i ma wiele funkcji, kt\u00f3re sprawiaj\u0105, \u017ce jest doskona\u0142ym wyborem do znalezienia po\u0142\u0105czenia. Funkcja wyszukiwania jest bardzo przyjazna dla u\u017cytkownika i mo\u017cesz jej u\u017cy\u0107 do znalezienia dopasowa\u0144 w swojej okolicy. Aplikacja posiada r\u00f3wnie\u017c funkcj\u0119 przesy\u0142ania wiadomo\u015bci, kt\u00f3ra pozwala komunikowa\u0107 si\u0119 z potencjalnymi dopasowaniami. Og\u00f3lnie rzecz bior\u0105c, FriendFinder-X to \u015bwietny wyb\u00f3r do znalezienia po\u0142\u0105czenia.<\/p>\n<h3>XCheaters<\/h3>\n<p>Aplikacja randkowa XCheaters jest jedn\u0105 z najpopularniejszych witryn spotka\u0144 i pieprzy\u0107 online. Aplikacja zosta\u0142a pobrana ponad 1 milion razy i by\u0142a u\u017cywana przez miliony u\u017cytkownik\u00f3w. Aplikacja jest bezp\u0142atna do pobrania i u\u017cytkowania i jest dost\u0119pna zar\u00f3wno dla urz\u0105dze\u0144 z systemem iOS, jak i Android. Aplikacja ma ocen\u0119 4,5 gwiazdki w App Store i 4 gwiazdki w sklepie Google Play.<\/p>\n<p>Aplikacja pozwala u\u017cytkownikom znale\u017a\u0107 lokalnych singli, kt\u00f3rzy s\u0105 zainteresowani spotkaniem na po\u0142\u0105czenie. Aplikacja pozwala r\u00f3wnie\u017c u\u017cytkownikom rozmawia\u0107 z innymi u\u017cytkownikami, a nawet ma wbudowany system przesy\u0142ania wiadomo\u015bci. Aplikacja jest bardzo przyjazna dla u\u017cytkownika i jest bardzo \u0142atwa w u\u017cyciu. Og\u00f3lnie rzecz bior\u0105c, aplikacja randkowa XCheaters to \u015bwietna opcja dla tych, kt\u00f3rzy szukaj\u0105 szybkiego i \u0142atwego sposobu na poznanie lokalnych singli.<\/p>\n<h3>DateYou<\/h3>\n<p>Je\u015bli szukasz strony spotkaj si\u0119 i pieprz, to DateYou jest \u015bwietn\u0105 opcj\u0105. Witryna ma du\u017c\u0105 baz\u0119 u\u017cytkownik\u00f3w i jest \u0142atwa w u\u017cyciu. Profile s\u0105 szczeg\u00f3\u0142owe i istnieje wiele opcji wyszukiwania. Jednak strona jest droga i nie ma bezp\u0142atnych wersji pr\u00f3bnych.<\/p>\n","protected":false},"excerpt":{"rendered":"<p>Nie mo\u017cna zaprzeczy\u0107, \u017ce strony spotka\u0144 i pieprzenia maj\u0105 swoje miejsce, je\u015bli chodzi o pod\u0142\u0105czanie. S\u0105 szybkie, \u0142atwe i cz\u0119sto&hellip;<\/p>\n","protected":false},"author":1,"featured_media":0,"parent":0,"menu_order":0,"comment_status":"closed","ping_status":"closed","template":"","meta":[],"yoast_head":"<!-- This site is optimized with the Yoast SEO plugin v17.7.1 - https:\/\/yoast.com\/wordpress\/plugins\/seo\/ -->\n<title>Darmowe strony Fuck - Dating Themes<\/title>\n<meta name=\"robots\" content=\"index, follow, max-snippet:-1, max-image-preview:large, max-video-preview:-1\" \/>\n<link rel=\"canonical\" href=\"https:\/\/wpdiarytheme.com\/pl\/darmowe-strony-fuck\/\" \/>\n<meta property=\"og:locale\" content=\"pl_PL\" \/>\n<meta property=\"og:type\" content=\"article\" \/>\n<meta property=\"og:title\" content=\"Darmowe strony Fuck - Dating Themes\" \/>\n<meta property=\"og:description\" content=\"Nie mo\u017cna zaprzeczy\u0107, \u017ce strony spotka\u0144 i pieprzenia maj\u0105 swoje miejsce, je\u015bli chodzi o pod\u0142\u0105czanie. S\u0105 szybkie, \u0142atwe i cz\u0119sto&hellip;\" \/>\n<meta property=\"og:url\" content=\"https:\/\/wpdiarytheme.com\/pl\/darmowe-strony-fuck\/\" \/>\n<meta property=\"og:site_name\" content=\"Dating Themes\" \/>\n<meta name=\"twitter:card\" content=\"summary_large_image\" \/>\n<meta name=\"twitter:label1\" content=\"Szacowany czas czytania\" \/>\n\t<meta name=\"twitter:data1\" content=\"3 minuty\" \/>\n<script type=\"application\/ld+json\" class=\"yoast-schema-graph\">{\"@context\":\"https:\/\/schema.org\",\"@graph\":[{\"@type\":\"WebSite\",\"@id\":\"https:\/\/wpdiarytheme.com\/#website\",\"url\":\"https:\/\/wpdiarytheme.com\/\",\"name\":\"Dating Themes\",\"description\":\"Find Your Perfect App\",\"potentialAction\":[{\"@type\":\"SearchAction\",\"target\":{\"@type\":\"EntryPoint\",\"urlTemplate\":\"https:\/\/wpdiarytheme.com\/?s={search_term_string}\"},\"query-input\":\"required name=search_term_string\"}],\"inLanguage\":\"pl-PL\"},{\"@type\":\"WebPage\",\"@id\":\"https:\/\/wpdiarytheme.com\/pl\/darmowe-strony-fuck\/#webpage\",\"url\":\"https:\/\/wpdiarytheme.com\/pl\/darmowe-strony-fuck\/\",\"name\":\"Darmowe strony Fuck - Dating Themes\",\"isPartOf\":{\"@id\":\"https:\/\/wpdiarytheme.com\/#website\"},\"datePublished\":\"2022-09-30T12:10:30+00:00\",\"dateModified\":\"2022-09-30T12:10:30+00:00\",\"breadcrumb\":{\"@id\":\"https:\/\/wpdiarytheme.com\/pl\/darmowe-strony-fuck\/#breadcrumb\"},\"inLanguage\":\"pl-PL\",\"potentialAction\":[{\"@type\":\"ReadAction\",\"target\":[\"https:\/\/wpdiarytheme.com\/pl\/darmowe-strony-fuck\/\"]}]},{\"@type\":\"BreadcrumbList\",\"@id\":\"https:\/\/wpdiarytheme.com\/pl\/darmowe-strony-fuck\/#breadcrumb\",\"itemListElement\":[{\"@type\":\"ListItem\",\"position\":1,\"name\":\"Home\",\"item\":\"https:\/\/wpdiarytheme.com\/pl\/\"},{\"@type\":\"ListItem\",\"position\":2,\"name\":\"Darmowe strony Fuck\"}]}]}<\/script>\n<!-- \/ Yoast SEO plugin. -->","yoast_head_json":{"title":"Darmowe strony Fuck - Dating Themes","robots":{"index":"index","follow":"follow","max-snippet":"max-snippet:-1","max-image-preview":"max-image-preview:large","max-video-preview":"max-video-preview:-1"},"canonical":"https:\/\/wpdiarytheme.com\/pl\/darmowe-strony-fuck\/","og_locale":"pl_PL","og_type":"article","og_title":"Darmowe strony Fuck - Dating Themes","og_description":"Nie mo\u017cna zaprzeczy\u0107, \u017ce strony spotka\u0144 i pieprzenia maj\u0105 swoje miejsce, je\u015bli chodzi o pod\u0142\u0105czanie. S\u0105 szybkie, \u0142atwe i cz\u0119sto&hellip;","og_url":"https:\/\/wpdiarytheme.com\/pl\/darmowe-strony-fuck\/","og_site_name":"Dating Themes","twitter_card":"summary_large_image","twitter_misc":{"Szacowany czas czytania":"3 minuty"},"schema":{"@context":"https:\/\/schema.org","@graph":[{"@type":"WebSite","@id":"https:\/\/wpdiarytheme.com\/#website","url":"https:\/\/wpdiarytheme.com\/","name":"Dating Themes","description":"Find Your Perfect App","potentialAction":[{"@type":"SearchAction","target":{"@type":"EntryPoint","urlTemplate":"https:\/\/wpdiarytheme.com\/?s={search_term_string}"},"query-input":"required name=search_term_string"}],"inLanguage":"pl-PL"},{"@type":"WebPage","@id":"https:\/\/wpdiarytheme.com\/pl\/darmowe-strony-fuck\/#webpage","url":"https:\/\/wpdiarytheme.com\/pl\/darmowe-strony-fuck\/","name":"Darmowe strony Fuck - Dating Themes","isPartOf":{"@id":"https:\/\/wpdiarytheme.com\/#website"},"datePublished":"2022-09-30T12:10:30+00:00","dateModified":"2022-09-30T12:10:30+00:00","breadcrumb":{"@id":"https:\/\/wpdiarytheme.com\/pl\/darmowe-strony-fuck\/#breadcrumb"},"inLanguage":"pl-PL","potentialAction":[{"@type":"ReadAction","target":["https:\/\/wpdiarytheme.com\/pl\/darmowe-strony-fuck\/"]}]},{"@type":"BreadcrumbList","@id":"https:\/\/wpdiarytheme.com\/pl\/darmowe-strony-fuck\/#breadcrumb","itemListElement":[{"@type":"ListItem","position":1,"name":"Home","item":"https:\/\/wpdiarytheme.com\/pl\/"},{"@type":"ListItem","position":2,"name":"Darmowe strony Fuck"}]}]}},"_links":{"self":[{"href":"https:\/\/wpdiarytheme.com\/pl\/wp-json\/wp\/v2\/pages\/295"}],"collection":[{"href":"https:\/\/wpdiarytheme.com\/pl\/wp-json\/wp\/v2\/pages"}],"about":[{"href":"https:\/\/wpdiarytheme.com\/pl\/wp-json\/wp\/v2\/types\/page"}],"author":[{"embeddable":true,"href":"https:\/\/wpdiarytheme.com\/pl\/wp-json\/wp\/v2\/users\/1"}],"replies":[{"embeddable":true,"href":"https:\/\/wpdiarytheme.com\/pl\/wp-json\/wp\/v2\/comments?post=295"}],"version-history":[{"count":0,"href":"https:\/\/wpdiarytheme.com\/pl\/wp-json\/wp\/v2\/pages\/295\/revisions"}],"wp:attachment":[{"href":"https:\/\/wpdiarytheme.com\/pl\/wp-json\/wp\/v2\/media?parent=295"}],"curies":[{"name":"wp","href":"https:\/\/api.w.org\/{rel}","templated":true}]}}