{"id":294,"date":"2022-09-30T13:10:58","date_gmt":"2022-09-30T12:10:58","guid":{"rendered":"http:\/\/wpdiarytheme.com\/porozmawiaj-z-milfs\/"},"modified":"2022-09-30T13:10:58","modified_gmt":"2022-09-30T12:10:58","slug":"porozmawiaj-z-milfs","status":"publish","type":"page","link":"https:\/\/wpdiarytheme.com\/pl\/porozmawiaj-z-milfs\/","title":{"rendered":"Porozmawiaj z Milfs"},"content":{"rendered":"<p>Jest co\u015b w MILF-ach, co sprawia, \u017ce nie mo\u017cna im si\u0119 oprze\u0107. Mo\u017ce to ich do\u015bwiadczone sposoby, a mo\u017ce po prostu fakt, \u017ce zwykle s\u0105 o wiele gor\u0119tsze ni\u017c m\u0142odsze kobiety. Niezale\u017cnie od przyczyny, MILF s\u0105 zdecydowanie poszukiwane, zw\u0142aszcza je\u015bli chodzi o pod\u0142\u0105czanie.<\/p>\n<p>Na szcz\u0119\u015bcie istnieje wiele <a href=\"http:\/\/wpdiarytheme.com\/women-looking-for-sex\/\">czat\u00f3w<\/a> MILF, w kt\u00f3rych mo\u017cna porozmawia\u0107 i potencjalnie po\u0142\u0105czy\u0107 si\u0119 ze starsz\u0105 kobiet\u0105. Pami\u0119taj tylko, aby uwa\u017ca\u0107 na swoje maniery i okazywa\u0107 szacunek &#8211; w ko\u0144cu nadal s\u0105 to prawdziwi ludzie, z kt\u00f3rymi rozmawiasz, a nie tylko obiekty twojego po\u017c\u0105dania. Je\u015bli to zrobisz, nie powiniene\u015b mie\u0107 problemu ze znalezieniem sobie MILF do rozmowy &#8230; a mo\u017ce nawet pod\u0142\u0105czy\u0107 si\u0119 do!<\/p>\n<p>Istnieje wiele czat\u00f3w MILF online, kt\u00f3re pozwalaj\u0105 rozmawia\u0107 ze starszymi kobietami bez konieczno\u015bci p\u0142acenia ani grosza. Te czaty to \u015bwietny spos\u00f3b na nawi\u0105zanie kontaktu ze starszymi kobietami, kt\u00f3re mog\u0105 by\u0107 zainteresowane randkami z m\u0142odszymi m\u0119\u017cczyznami. Mo\u017cesz skorzysta\u0107 z tych czat\u00f3w, aby lepiej pozna\u0107 potencjaln\u0105 dat\u0119 i sprawdzi\u0107, czy jest mi\u0119dzy wami jaka\u015b chemia. Ponadto mo\u017cesz r\u00f3wnie\u017c u\u017cy\u0107 tych czat\u00f3w, aby porozmawia\u0107 o wszystkim, co mo\u017ce Ci\u0119 zainteresowa\u0107. Tak wi\u0119c, je\u015bli szukasz darmowego pokoju czatu MILF, aby po\u0142\u0105czy\u0107 si\u0119 ze starszymi kobietami, sprawd\u017a niekt\u00f3re z poni\u017cszych opcji.<\/p>\n<h2>Czaty MILF<\/h2>\n<p>Jest co\u015b wyj\u0105tkowego w rozmowach z milfs. Emanuj\u0105 pewno\u015bci\u0105 siebie i do\u015bwiadczeniem i wiedz\u0105, czego chc\u0105 w \u017cyciu. S\u0105 tak\u017ce \u015bwietnymi s\u0142uchaczami i zawsze b\u0119d\u0105 oferowa\u0107 m\u0105dre porady. Niezale\u017cnie od tego, czy szukasz mi\u0142o\u015bci, czy po prostu zabawnej rozmowy, rozmowa z milfem to zawsze dobry czas. Je\u015bli chodzi o randki, rozmowa z MILF mo\u017ce by\u0107 wspania\u0142ym do\u015bwiadczeniem. Zazwyczaj maj\u0105 do\u015bwiadczenie w zwi\u0105zkach i wiedz\u0105, co robi\u0105, wi\u0119c mog\u0105 by\u0107 doskona\u0142ym \u017ar\u00f3d\u0142em porad. Mog\u0105 by\u0107 r\u00f3wnie\u017c \u015bwietn\u0105 zabaw\u0105 do rozmowy, poniewa\u017c zazwyczaj s\u0105 bardziej wyluzowani i wyluzowani ni\u017c m\u0142odsze kobiety. Jednak wa\u017cne jest, aby pami\u0119ta\u0107, \u017ce MILF s\u0105 jak ka\u017cda inna kobieta &#8211; s\u0105 to osoby z w\u0142asnymi unikalnymi pragnieniami i potrzebami, dlatego wa\u017cne jest, aby pozna\u0107 je na poziomie osobistym przed czymkolwiek innym.<\/p>\n<h3>Tryskanie<\/h3>\n<p>Aplikacja randkowa Squirt jest jednym z najpopularniejszych czat\u00f3w milf dost\u0119pnych online. Aplikacja zosta\u0142a zaprojektowana, aby pom\u00f3c milfs znale\u017a\u0107 idealne dopasowanie. Aplikacja jest bezp\u0142atna do pobrania i u\u017cytkowania i oferuje szeroki zakres funkcji, kt\u00f3re pomog\u0105 u\u017cytkownikom znale\u017a\u0107 idealne dopasowanie. Aplikacja jest \u0142atwa w u\u017cyciu i oferuje szerok\u0105 gam\u0119 filtr\u00f3w, kt\u00f3re pomagaj\u0105 u\u017cytkownikom znale\u017a\u0107 idealne dopasowanie. Aplikacja jest dost\u0119pna w j\u0119zyku angielskim i hiszpa\u0144skim i oferuje szeroki zakres opcji, kt\u00f3re pomog\u0105 u\u017cytkownikom znale\u017a\u0107 idealne dopasowanie.<\/p>\n<h3>Mn\u00f3stwo ryb<\/h3>\n<p>Je\u015bli szukasz aplikacji randkowej zaprojektowanej specjalnie dla czat\u00f3w milf, to Plenty of Fish to \u015bwietna opcja. Aplikacja ma du\u017c\u0105 baz\u0119 u\u017cytkownik\u00f3w, wi\u0119c b\u0119dziesz m\u00f3g\u0142 znale\u017a\u0107 dobry wyb\u00f3r potencjalnych dopasowa\u0144. Interfejs jest przyjazny dla u\u017cytkownika i \u0142atwy w nawigacji, dzi\u0119ki czemu jest \u015bwietn\u0105 opcj\u0105 dla tych, kt\u00f3rzy s\u0105 nowicjuszami w randkach online. Aplikacja oferuje r\u00f3wnie\u017c wiele funkcji, takich jak system przesy\u0142ania wiadomo\u015bci i funkcja wyszukiwania, kt\u00f3re sprawiaj\u0105, \u017ce jest to \u015bwietna opcja dla czat\u00f3w milf.<\/p>\n<h3>Xmeets<\/h3>\n<p>Je\u015bli szukasz pokoju rozm\u00f3w MILF, Xmeets to \u015bwietna opcja. Witryna ma du\u017cy wyb\u00f3r MILF do czatowania, a strona jest \u0142atwa w u\u017cyciu. Witryna ma r\u00f3wnie\u017c du\u017cy wyb\u00f3r funkcji, w tym funkcj\u0119 wyszukiwania, list\u0119 ulubionych i funkcj\u0119 czatu. Witryna oferuje r\u00f3wnie\u017c wiele opcji p\u0142atno\u015bci, dzi\u0119ki czemu mo\u017cesz wybra\u0107 t\u0119, kt\u00f3ra najlepiej odpowiada Twoim potrzebom. Og\u00f3lnie rzecz bior\u0105c, Xmeets to \u015bwietny pok\u00f3j rozm\u00f3w MILF i \u015bwietna opcja dla ka\u017cdego, kto szuka pokoju rozm\u00f3w z MILF.<\/p>\n","protected":false},"excerpt":{"rendered":"<p>Jest co\u015b w MILF-ach, co sprawia, \u017ce nie mo\u017cna im si\u0119 oprze\u0107. Mo\u017ce to ich do\u015bwiadczone sposoby, a mo\u017ce po&hellip;<\/p>\n","protected":false},"author":1,"featured_media":0,"parent":0,"menu_order":0,"comment_status":"closed","ping_status":"closed","template":"","meta":[],"yoast_head":"<!-- This site is optimized with the Yoast SEO plugin v17.7.1 - https:\/\/yoast.com\/wordpress\/plugins\/seo\/ -->\n<title>Porozmawiaj z Milfs - Dating Themes<\/title>\n<meta name=\"robots\" content=\"index, follow, max-snippet:-1, max-image-preview:large, max-video-preview:-1\" \/>\n<link rel=\"canonical\" href=\"https:\/\/wpdiarytheme.com\/pl\/porozmawiaj-z-milfs\/\" \/>\n<meta property=\"og:locale\" content=\"pl_PL\" \/>\n<meta property=\"og:type\" content=\"article\" \/>\n<meta property=\"og:title\" content=\"Porozmawiaj z Milfs - Dating Themes\" \/>\n<meta property=\"og:description\" content=\"Jest co\u015b w MILF-ach, co sprawia, \u017ce nie mo\u017cna im si\u0119 oprze\u0107. Mo\u017ce to ich do\u015bwiadczone sposoby, a mo\u017ce po&hellip;\" \/>\n<meta property=\"og:url\" content=\"https:\/\/wpdiarytheme.com\/pl\/porozmawiaj-z-milfs\/\" \/>\n<meta property=\"og:site_name\" content=\"Dating Themes\" \/>\n<meta name=\"twitter:card\" content=\"summary_large_image\" \/>\n<meta name=\"twitter:label1\" content=\"Szacowany czas czytania\" \/>\n\t<meta name=\"twitter:data1\" content=\"3 minuty\" \/>\n<script type=\"application\/ld+json\" class=\"yoast-schema-graph\">{\"@context\":\"https:\/\/schema.org\",\"@graph\":[{\"@type\":\"WebSite\",\"@id\":\"http:\/\/wpdiarytheme.com\/#website\",\"url\":\"http:\/\/wpdiarytheme.com\/\",\"name\":\"Dating Themes\",\"description\":\"Find Your Perfect App\",\"potentialAction\":[{\"@type\":\"SearchAction\",\"target\":{\"@type\":\"EntryPoint\",\"urlTemplate\":\"http:\/\/wpdiarytheme.com\/?s={search_term_string}\"},\"query-input\":\"required name=search_term_string\"}],\"inLanguage\":\"pl-PL\"},{\"@type\":\"WebPage\",\"@id\":\"https:\/\/wpdiarytheme.com\/pl\/porozmawiaj-z-milfs\/#webpage\",\"url\":\"https:\/\/wpdiarytheme.com\/pl\/porozmawiaj-z-milfs\/\",\"name\":\"Porozmawiaj z Milfs - Dating Themes\",\"isPartOf\":{\"@id\":\"http:\/\/wpdiarytheme.com\/#website\"},\"datePublished\":\"2022-09-30T12:10:58+00:00\",\"dateModified\":\"2022-09-30T12:10:58+00:00\",\"breadcrumb\":{\"@id\":\"https:\/\/wpdiarytheme.com\/pl\/porozmawiaj-z-milfs\/#breadcrumb\"},\"inLanguage\":\"pl-PL\",\"potentialAction\":[{\"@type\":\"ReadAction\",\"target\":[\"https:\/\/wpdiarytheme.com\/pl\/porozmawiaj-z-milfs\/\"]}]},{\"@type\":\"BreadcrumbList\",\"@id\":\"https:\/\/wpdiarytheme.com\/pl\/porozmawiaj-z-milfs\/#breadcrumb\",\"itemListElement\":[{\"@type\":\"ListItem\",\"position\":1,\"name\":\"Home\",\"item\":\"http:\/\/wpdiarytheme.com\/pl\/\"},{\"@type\":\"ListItem\",\"position\":2,\"name\":\"Porozmawiaj z Milfs\"}]}]}<\/script>\n<!-- \/ Yoast SEO plugin. -->","yoast_head_json":{"title":"Porozmawiaj z Milfs - Dating Themes","robots":{"index":"index","follow":"follow","max-snippet":"max-snippet:-1","max-image-preview":"max-image-preview:large","max-video-preview":"max-video-preview:-1"},"canonical":"https:\/\/wpdiarytheme.com\/pl\/porozmawiaj-z-milfs\/","og_locale":"pl_PL","og_type":"article","og_title":"Porozmawiaj z Milfs - Dating Themes","og_description":"Jest co\u015b w MILF-ach, co sprawia, \u017ce nie mo\u017cna im si\u0119 oprze\u0107. Mo\u017ce to ich do\u015bwiadczone sposoby, a mo\u017ce po&hellip;","og_url":"https:\/\/wpdiarytheme.com\/pl\/porozmawiaj-z-milfs\/","og_site_name":"Dating Themes","twitter_card":"summary_large_image","twitter_misc":{"Szacowany czas czytania":"3 minuty"},"schema":{"@context":"https:\/\/schema.org","@graph":[{"@type":"WebSite","@id":"http:\/\/wpdiarytheme.com\/#website","url":"http:\/\/wpdiarytheme.com\/","name":"Dating Themes","description":"Find Your Perfect App","potentialAction":[{"@type":"SearchAction","target":{"@type":"EntryPoint","urlTemplate":"http:\/\/wpdiarytheme.com\/?s={search_term_string}"},"query-input":"required name=search_term_string"}],"inLanguage":"pl-PL"},{"@type":"WebPage","@id":"https:\/\/wpdiarytheme.com\/pl\/porozmawiaj-z-milfs\/#webpage","url":"https:\/\/wpdiarytheme.com\/pl\/porozmawiaj-z-milfs\/","name":"Porozmawiaj z Milfs - Dating Themes","isPartOf":{"@id":"http:\/\/wpdiarytheme.com\/#website"},"datePublished":"2022-09-30T12:10:58+00:00","dateModified":"2022-09-30T12:10:58+00:00","breadcrumb":{"@id":"https:\/\/wpdiarytheme.com\/pl\/porozmawiaj-z-milfs\/#breadcrumb"},"inLanguage":"pl-PL","potentialAction":[{"@type":"ReadAction","target":["https:\/\/wpdiarytheme.com\/pl\/porozmawiaj-z-milfs\/"]}]},{"@type":"BreadcrumbList","@id":"https:\/\/wpdiarytheme.com\/pl\/porozmawiaj-z-milfs\/#breadcrumb","itemListElement":[{"@type":"ListItem","position":1,"name":"Home","item":"http:\/\/wpdiarytheme.com\/pl\/"},{"@type":"ListItem","position":2,"name":"Porozmawiaj z Milfs"}]}]}},"_links":{"self":[{"href":"https:\/\/wpdiarytheme.com\/pl\/wp-json\/wp\/v2\/pages\/294"}],"collection":[{"href":"https:\/\/wpdiarytheme.com\/pl\/wp-json\/wp\/v2\/pages"}],"about":[{"href":"https:\/\/wpdiarytheme.com\/pl\/wp-json\/wp\/v2\/types\/page"}],"author":[{"embeddable":true,"href":"https:\/\/wpdiarytheme.com\/pl\/wp-json\/wp\/v2\/users\/1"}],"replies":[{"embeddable":true,"href":"https:\/\/wpdiarytheme.com\/pl\/wp-json\/wp\/v2\/comments?post=294"}],"version-history":[{"count":0,"href":"https:\/\/wpdiarytheme.com\/pl\/wp-json\/wp\/v2\/pages\/294\/revisions"}],"wp:attachment":[{"href":"https:\/\/wpdiarytheme.com\/pl\/wp-json\/wp\/v2\/media?parent=294"}],"curies":[{"name":"wp","href":"https:\/\/api.w.org\/{rel}","templated":true}]}}