{"id":284,"date":"2022-09-30T13:13:34","date_gmt":"2022-09-30T12:13:34","guid":{"rendered":"http:\/\/wpdiarytheme.com\/lokalna-babcia-randki\/"},"modified":"2022-09-30T13:13:34","modified_gmt":"2022-09-30T12:13:34","slug":"lokalna-babcia-randki","status":"publish","type":"page","link":"https:\/\/wpdiarytheme.com\/pl\/lokalna-babcia-randki\/","title":{"rendered":"Lokalna babcia Randki"},"content":{"rendered":"<p>Istnieje wiele powod\u00f3w, aby um\u00f3wi\u0107 si\u0119 z lokaln\u0105 babci\u0105. Po pierwsze, zwykle znaj\u0105 wszystkie najlepsze miejsca do pod\u0142\u0105czenia w mie\u015bcie. A po drugie, zwykle s\u0105 w d\u00f3\u0142 na cokolwiek. Je\u015bli szukasz <a href=\"http:\/\/wpdiarytheme.com\/free-fuck-sites\/\">kogo\u015b, kto<\/a> zabierze Ci\u0119 do najlepszych bar\u00f3w i klub\u00f3w w mie\u015bcie, lokalna babcia jest najlepszym wyborem. Znaj\u0105 wszystkie gor\u0105ce punkty i zwykle mog\u0105 ci\u0119 wprowadzi\u0107 bez \u017cadnych problem\u00f3w. Dodatkowo, zwykle s\u0105 gotowi na wszystko, je\u015bli chodzi o pod\u0142\u0105czenie.<\/p>\n<p>Wi\u0119c je\u015bli szukasz zabawnego wieczoru na mie\u015bcie z kim\u015b, kto wie, jak pokaza\u0107 ci dobr\u0105 zabaw\u0119, lokalna babcia jest najlepszym wyborem.<\/p>\n<h2>Poznaj Gilfs<\/h2>\n<p>W dzisiejszych czasach istnieje wiele sposob\u00f3w na poznanie Gilfsa. Mo\u017cesz przej\u015b\u0107 do trybu online i wyszuka\u0107 serwisy randkowe, kt\u00f3re zaspokajaj\u0105 potrzeby Gilfs lub mo\u017cesz wyj\u015b\u0107 i poszuka\u0107 Gilfs w swojej okolicy. Gilf\u00f3w mo\u017cna r\u00f3wnie\u017c znale\u017a\u0107 za po\u015brednictwem wsp\u00f3lnych przyjaci\u00f3\u0142 lub na spotkaniach towarzyskich. Gdy znajdziesz Gilf, kt\u00f3ry ci si\u0119 podoba, mo\u017cesz zacz\u0105\u0107 z ni\u0105 rozmawia\u0107 i lepiej j\u0105 pozna\u0107. Je\u015bli to zrobisz, mo\u017cesz p\u00f3j\u015b\u0107 na randk\u0119 lub dwie i zobaczy\u0107, dok\u0105d zmierzaj\u0105 rzeczy.<\/p>\n<h2>Data GILF<\/h2>\n<p>Jest co\u015b wyj\u0105tkowego w sp\u0119dzaniu czasu z figur\u0105 w typie babci. Maj\u0105 tak wiele m\u0105dro\u015bci i do\u015bwiadczenia \u017cyciowego do podzielenia si\u0119, a zazwyczaj s\u0105 przyziemni i \u0142atwo z nimi rozmawia\u0107. Gilfy s\u0105 r\u00f3wnie\u017c zwykle do\u015b\u0107 seksowne i wiedz\u0105, jak dobrze si\u0119 bawi\u0107. Je\u015bli szukasz mi\u0142o\u015bci, sp\u0119dzanie czasu z gilfem to \u015bwietny spos\u00f3b, aby j\u0105 znale\u017a\u0107. Mo\u017cesz si\u0119 od nich wiele nauczy\u0107 i prawdopodobnie b\u0119dziesz si\u0119 dobrze bawi\u0107 w tym procesie. Kto wie, mo\u017ce nawet znajdziesz mi\u0142o\u015b\u0107 swojego \u017cycia.<\/p>\n<h2>Lokalny GILF<\/h2>\n<p>Wiedz\u0105, jak dobrze si\u0119 bawi\u0107 i zawsze s\u0105 gotowi na dobr\u0105 zabaw\u0119. \u015awietnie sprawdzaj\u0105 si\u0119 r\u00f3wnie\u017c w \u0142\u00f3\u017cku. Je\u015bli szukasz gilf do tej pory, na pewno b\u0119dziesz chcia\u0142 sprawdzi\u0107 sw\u00f3j lokalny gilf.<\/p>\n<h3>OneBBW<\/h3>\n<p>Je\u015bli szukasz lokalnej babci do tej pory, aplikacja OneBBW to \u015bwietna opcja. Aplikacja jest \u0142atwa w u\u017cyciu i ma du\u017cy wyb\u00f3r bab\u0107 do wyboru. Babcie w aplikacji s\u0105 r\u00f3wnie\u017c bardzo przyjazne i \u0142atwe do rozmowy. Og\u00f3lnie rzecz bior\u0105c, aplikacja OneBBW to \u015bwietna opcja dla lokalnych randek z babci\u0105.<\/p>\n<h3>DateMyAge<\/h3>\n<p>DateMyAge to jedna z najpopularniejszych aplikacji randkowych dla bab\u0107 dost\u0119pnych obecnie. Aplikacja u\u0142atwia znalezienie i nawi\u0105zanie kontaktu z lokalnymi babciami, kt\u00f3re szukaj\u0105 mi\u0142o\u015bci i towarzystwa. Aplikacja jest bezp\u0142atna do pobrania i u\u017cytkowania i oferuje szeroki zakres funkcji, kt\u00f3re pomog\u0105 Ci znale\u017a\u0107 idealne dopasowanie dla Ciebie. Aplikacja ma r\u00f3wnie\u017c \u015bwietny interfejs u\u017cytkownika, dzi\u0119ki czemu jest \u0142atwa w nawigacji i obs\u0142udze. Og\u00f3lnie rzecz bior\u0105c, DateMyAge to \u015bwietna opcja dla tych, kt\u00f3rzy szukaj\u0105 aplikacji randkowej dla babci.<\/p>\n<h3>Fling.com<\/h3>\n<p>Je\u015bli szukasz aplikacji randkowej, kt\u00f3ra u\u0142atwia \u0142\u0105czenie si\u0119 z lokalnymi babciami, zdecydowanie powiniene\u015b sprawdzi\u0107 Fling.com. Aplikacja jest bezp\u0142atna do pobrania i u\u017cytkowania, a jej u\u017cycie jest do\u015b\u0107 \u0142atwe. Wszystko, co musisz zrobi\u0107, to utworzy\u0107 profil i zacz\u0105\u0107 przegl\u0105da\u0107 babcie w Twojej okolicy. Mo\u017cesz wys\u0142a\u0107 do nich wiadomo\u015b\u0107, porozmawia\u0107 z nimi, a nawet spotka\u0107 si\u0119 z nimi osobi\u015bcie, je\u015bli oboje jeste\u015bcie zainteresowani.<\/p>\n<p>Najlepsze w Fling.com jest to, \u017ce jest ca\u0142kowicie dyskretny. Nie musisz si\u0119 martwi\u0107, \u017ce twoja rodzina lub przyjaciele dowiedz\u0105 si\u0119 o twoich babciach. Wszystko jest ca\u0142kowicie poufne. Wi\u0119c je\u015bli szukasz sposobu na urozmaicenie swojego \u017cycia mi\u0142osnego, zdecydowanie daj Fling.com spr\u00f3bowa\u0107.<\/p>\n","protected":false},"excerpt":{"rendered":"<p>Istnieje wiele powod\u00f3w, aby um\u00f3wi\u0107 si\u0119 z lokaln\u0105 babci\u0105. Po pierwsze, zwykle znaj\u0105 wszystkie najlepsze miejsca do pod\u0142\u0105czenia w mie\u015bcie.&hellip;<\/p>\n","protected":false},"author":1,"featured_media":0,"parent":0,"menu_order":0,"comment_status":"closed","ping_status":"closed","template":"","meta":[],"yoast_head":"<!-- This site is optimized with the Yoast SEO plugin v17.7.1 - https:\/\/yoast.com\/wordpress\/plugins\/seo\/ -->\n<title>Lokalna babcia Randki - Dating Themes<\/title>\n<meta name=\"robots\" content=\"index, follow, max-snippet:-1, max-image-preview:large, max-video-preview:-1\" \/>\n<link rel=\"canonical\" href=\"https:\/\/wpdiarytheme.com\/pl\/lokalna-babcia-randki\/\" \/>\n<meta property=\"og:locale\" content=\"pl_PL\" \/>\n<meta property=\"og:type\" content=\"article\" \/>\n<meta property=\"og:title\" content=\"Lokalna babcia Randki - Dating Themes\" \/>\n<meta property=\"og:description\" content=\"Istnieje wiele powod\u00f3w, aby um\u00f3wi\u0107 si\u0119 z lokaln\u0105 babci\u0105. Po pierwsze, zwykle znaj\u0105 wszystkie najlepsze miejsca do pod\u0142\u0105czenia w mie\u015bcie.&hellip;\" \/>\n<meta property=\"og:url\" content=\"https:\/\/wpdiarytheme.com\/pl\/lokalna-babcia-randki\/\" \/>\n<meta property=\"og:site_name\" content=\"Dating Themes\" \/>\n<meta name=\"twitter:card\" content=\"summary_large_image\" \/>\n<meta name=\"twitter:label1\" content=\"Szacowany czas czytania\" \/>\n\t<meta name=\"twitter:data1\" content=\"3 minuty\" \/>\n<script type=\"application\/ld+json\" class=\"yoast-schema-graph\">{\"@context\":\"https:\/\/schema.org\",\"@graph\":[{\"@type\":\"WebSite\",\"@id\":\"https:\/\/wpdiarytheme.com\/cs\/#website\",\"url\":\"https:\/\/wpdiarytheme.com\/cs\/\",\"name\":\"Dating Themes\",\"description\":\"Find Your Perfect App\",\"potentialAction\":[{\"@type\":\"SearchAction\",\"target\":{\"@type\":\"EntryPoint\",\"urlTemplate\":\"https:\/\/wpdiarytheme.com\/cs\/?s={search_term_string}\"},\"query-input\":\"required name=search_term_string\"}],\"inLanguage\":\"pl-PL\"},{\"@type\":\"WebPage\",\"@id\":\"https:\/\/wpdiarytheme.com\/pl\/lokalna-babcia-randki\/#webpage\",\"url\":\"https:\/\/wpdiarytheme.com\/pl\/lokalna-babcia-randki\/\",\"name\":\"Lokalna babcia Randki - Dating Themes\",\"isPartOf\":{\"@id\":\"https:\/\/wpdiarytheme.com\/cs\/#website\"},\"datePublished\":\"2022-09-30T12:13:34+00:00\",\"dateModified\":\"2022-09-30T12:13:34+00:00\",\"breadcrumb\":{\"@id\":\"https:\/\/wpdiarytheme.com\/pl\/lokalna-babcia-randki\/#breadcrumb\"},\"inLanguage\":\"pl-PL\",\"potentialAction\":[{\"@type\":\"ReadAction\",\"target\":[\"https:\/\/wpdiarytheme.com\/pl\/lokalna-babcia-randki\/\"]}]},{\"@type\":\"BreadcrumbList\",\"@id\":\"https:\/\/wpdiarytheme.com\/pl\/lokalna-babcia-randki\/#breadcrumb\",\"itemListElement\":[{\"@type\":\"ListItem\",\"position\":1,\"name\":\"Home\",\"item\":\"https:\/\/wpdiarytheme.com\/pl\/\"},{\"@type\":\"ListItem\",\"position\":2,\"name\":\"Lokalna babcia Randki\"}]}]}<\/script>\n<!-- \/ Yoast SEO plugin. -->","yoast_head_json":{"title":"Lokalna babcia Randki - Dating Themes","robots":{"index":"index","follow":"follow","max-snippet":"max-snippet:-1","max-image-preview":"max-image-preview:large","max-video-preview":"max-video-preview:-1"},"canonical":"https:\/\/wpdiarytheme.com\/pl\/lokalna-babcia-randki\/","og_locale":"pl_PL","og_type":"article","og_title":"Lokalna babcia Randki - Dating Themes","og_description":"Istnieje wiele powod\u00f3w, aby um\u00f3wi\u0107 si\u0119 z lokaln\u0105 babci\u0105. Po pierwsze, zwykle znaj\u0105 wszystkie najlepsze miejsca do pod\u0142\u0105czenia w mie\u015bcie.&hellip;","og_url":"https:\/\/wpdiarytheme.com\/pl\/lokalna-babcia-randki\/","og_site_name":"Dating Themes","twitter_card":"summary_large_image","twitter_misc":{"Szacowany czas czytania":"3 minuty"},"schema":{"@context":"https:\/\/schema.org","@graph":[{"@type":"WebSite","@id":"https:\/\/wpdiarytheme.com\/cs\/#website","url":"https:\/\/wpdiarytheme.com\/cs\/","name":"Dating Themes","description":"Find Your Perfect App","potentialAction":[{"@type":"SearchAction","target":{"@type":"EntryPoint","urlTemplate":"https:\/\/wpdiarytheme.com\/cs\/?s={search_term_string}"},"query-input":"required name=search_term_string"}],"inLanguage":"pl-PL"},{"@type":"WebPage","@id":"https:\/\/wpdiarytheme.com\/pl\/lokalna-babcia-randki\/#webpage","url":"https:\/\/wpdiarytheme.com\/pl\/lokalna-babcia-randki\/","name":"Lokalna babcia Randki - Dating Themes","isPartOf":{"@id":"https:\/\/wpdiarytheme.com\/cs\/#website"},"datePublished":"2022-09-30T12:13:34+00:00","dateModified":"2022-09-30T12:13:34+00:00","breadcrumb":{"@id":"https:\/\/wpdiarytheme.com\/pl\/lokalna-babcia-randki\/#breadcrumb"},"inLanguage":"pl-PL","potentialAction":[{"@type":"ReadAction","target":["https:\/\/wpdiarytheme.com\/pl\/lokalna-babcia-randki\/"]}]},{"@type":"BreadcrumbList","@id":"https:\/\/wpdiarytheme.com\/pl\/lokalna-babcia-randki\/#breadcrumb","itemListElement":[{"@type":"ListItem","position":1,"name":"Home","item":"https:\/\/wpdiarytheme.com\/pl\/"},{"@type":"ListItem","position":2,"name":"Lokalna babcia Randki"}]}]}},"_links":{"self":[{"href":"https:\/\/wpdiarytheme.com\/pl\/wp-json\/wp\/v2\/pages\/284"}],"collection":[{"href":"https:\/\/wpdiarytheme.com\/pl\/wp-json\/wp\/v2\/pages"}],"about":[{"href":"https:\/\/wpdiarytheme.com\/pl\/wp-json\/wp\/v2\/types\/page"}],"author":[{"embeddable":true,"href":"https:\/\/wpdiarytheme.com\/pl\/wp-json\/wp\/v2\/users\/1"}],"replies":[{"embeddable":true,"href":"https:\/\/wpdiarytheme.com\/pl\/wp-json\/wp\/v2\/comments?post=284"}],"version-history":[{"count":0,"href":"https:\/\/wpdiarytheme.com\/pl\/wp-json\/wp\/v2\/pages\/284\/revisions"}],"wp:attachment":[{"href":"https:\/\/wpdiarytheme.com\/pl\/wp-json\/wp\/v2\/media?parent=284"}],"curies":[{"name":"wp","href":"https:\/\/api.w.org\/{rel}","templated":true}]}}