{"id":280,"date":"2022-09-30T13:11:17","date_gmt":"2022-09-30T12:11:17","guid":{"rendered":"http:\/\/wpdiarytheme.com\/darmowe-aplikacje-naughty-chat\/"},"modified":"2022-09-30T13:11:17","modified_gmt":"2022-09-30T12:11:17","slug":"darmowe-aplikacje-naughty-chat","status":"publish","type":"page","link":"https:\/\/wpdiarytheme.com\/pl\/darmowe-aplikacje-naughty-chat\/","title":{"rendered":"Darmowe aplikacje Naughty Chat"},"content":{"rendered":"<p>Nie mo\u017cna zaprzeczy\u0107, \u017ce pokoje rozm\u00f3w mog\u0105 by\u0107 \u015bwietnym sposobem na nawi\u0105zanie kontaktu z osobami, kt\u00f3re podzielaj\u0105 Twoje zainteresowania. Jednak nie mo\u017cna r\u00f3wnie\u017c zaprzeczy\u0107, \u017ce pokoje rozm\u00f3w mog\u0105 by\u0107 \u015bwietnym sposobem na nawi\u0105zanie kontaktu z lud\u017ami, kt\u00f3rzy dziel\u0105 twoj\u0105 niegrzeczn\u0105 stron\u0119.<\/p>\n<p>Je\u015bli szukasz troch\u0119 dodatkowych emocji w swoim \u017cyciu, mo\u017cesz rozwa\u017cy\u0107 sp\u0119dzenie czasu w niegrzecznym pokoju rozm\u00f3w. Tutaj mo\u017cesz spu\u015bci\u0107 w\u0142osy i by\u0107 tak niegrzecznym, jak chcesz. Niezale\u017cnie od tego, czy szukasz nieszkodliwej zabawy, czy czego\u015b bardziej ryzykownego, na pewno znajdziesz j\u0105 w niegrzecznym pokoju rozm\u00f3w.<\/p>\n<p>Oczywi\u015bcie, podobnie jak w przypadku wszystkiego innego, musisz u\u017cy\u0107 najlepszego os\u0105du podczas <a href=\"http:\/\/wpdiarytheme.com\/talk-with-milfs\/\">rozmowy z nieznajomymi online<\/a>. Nie podawaj danych osobowych ani nie anga\u017cuj si\u0119 w \u017cadne dzia\u0142ania, kt\u00f3re sprawiaj\u0105, \u017ce czujesz si\u0119 nieswojo. Ale tak d\u0142ugo, jak grasz bezpiecznie, sp\u0119dzanie czasu w niegrzecznym pokoju rozm\u00f3w mo\u017ce by\u0107 \u015bwietnym sposobem na urozmaicenie \u017cycia mi\u0142osnego.<\/p>\n<h2>Niegrzeczne strony czatu<\/h2>\n<p>Niegrzeczny czat mo\u017ce by\u0107 \u015bwietnym sposobem na urozmaicenie \u017cycia randkowego. Mo\u017ce doda\u0107 emocji i intrygi do przyziemnego zwi\u0105zku. Niegrzeczny czat mo\u017ce by\u0107 r\u00f3wnie\u017c \u015bwietnym sposobem na poznanie kogo\u015b nowego. Mo\u017ce pom\u00f3c ci prze\u0142ama\u0107 lody i pozna\u0107 kogo\u015b na bardziej osobistym poziomie. Niegrzeczny czat mo\u017ce by\u0107 \u015bwietnym sposobem na budowanie napi\u0119cia seksualnego i oczekiwania. Mo\u017ce to by\u0107 r\u00f3wnie\u017c \u015bwietny spos\u00f3b na uwolnienie si\u0119 od niekt\u00f3rych zahamowa\u0144 i zbadanie swojej dzikiej strony. Je\u015bli chcesz doda\u0107 troch\u0119 pikanterii do swojego \u017cycia randkowego, niegrzeczny czat to \u015bwietne miejsce na rozpocz\u0119cie.<\/p>\n<p>Je\u015bli szukasz mi\u0142o\u015bci, dlaczego nie spr\u00f3bowa\u0107 czego\u015b troch\u0119 niegrzecznego? Darmowy niegrzeczny czat to idealny spos\u00f3b na urozmaicenie \u017cycia mi\u0142osnego i ponowne uruchomienie motyli. Niezale\u017cnie od tego, czy jeste\u015b singlem, czy w zwi\u0105zku, odrobina niegrzecznego czatu mo\u017ce przej\u015b\u0107 d\u0142ug\u0105 drog\u0119. Na co wi\u0119c czekasz? Flirtuj i baw si\u0119 dobrze!<\/p>\n<h2>Czaty erotyczne<\/h2>\n<p>Czaty dla doros\u0142ych mog\u0105 by\u0107 \u015bwietnym sposobem na poznanie nowych ludzi, zw\u0142aszcza je\u015bli szukasz randki. Mog\u0105 by\u0107 \u015bwietn\u0105 zabaw\u0105 i zazwyczaj mo\u017cna znale\u017a\u0107 kogo\u015b, kto podziela twoje zainteresowania. Wa\u017cne jest jednak, aby by\u0107 bezpiecznym podczas korzystania z czat\u00f3w i nigdy nie podawa\u0107 danych osobowych.<\/p>\n<h3>Outpersonal.com<\/h3>\n<p>Je\u015bli szukasz niegrzecznej aplikacji do czatu, Outpersonal.com jest \u015bwietn\u0105 opcj\u0105. Aplikacja jest bezp\u0142atna do pobrania i u\u017cywania i oferuje szerok\u0105 gam\u0119 funkcji, kt\u00f3re pomog\u0105 Ci znale\u017a\u0107 i po\u0142\u0105czy\u0107 si\u0119 z potencjalnymi dopasowaniami. Mo\u017cesz wyszukiwa\u0107 u\u017cytkownik\u00f3w wed\u0142ug lokalizacji, wieku i zainteresowa\u0144, a tak\u017ce wysy\u0142a\u0107 do nich wiadomo\u015bci bezpo\u015brednio. Aplikacja ma r\u00f3wnie\u017c funkcj\u0119 &#8222;Spark&#8221;, kt\u00f3ra pozwala wys\u0142a\u0107 zalotn\u0105 wiadomo\u015b\u0107 do innego u\u017cytkownika. Og\u00f3lnie rzecz bior\u0105c, Outpersonal.com to \u015bwietna opcja dla os\u00f3b szukaj\u0105cych niegrzecznej aplikacji do czatu.<\/p>\n<h3>CougarLife<\/h3>\n<p>CougarLife to aplikacja randkowa, kt\u00f3ra pozwala rozmawia\u0107 z innymi u\u017cytkownikami, kt\u00f3rzy szukaj\u0105 przypadkowego po\u0142\u0105czenia. Aplikacja jest bezp\u0142atna do pobrania i u\u017cytkowania i oferuje wiele funkcji, kt\u00f3re u\u0142atwiaj\u0105 znalezienie kogo\u015b, z kim mo\u017cna porozmawia\u0107. Mo\u017cesz wyszukiwa\u0107 u\u017cytkownik\u00f3w wed\u0142ug lokalizacji, wieku i zainteresowa\u0144, a tak\u017ce wy\u015bwietla\u0107 profile i zdj\u0119cia. Je\u015bli jeste\u015b zainteresowany spotkaniem z kim\u015b na nieformalne po\u0142\u0105czenie, CougarLife to \u015bwietna opcja.<\/p>\n<h3>Uberhorny \u2022<\/h3>\n<p>Je\u015bli szukasz niegrzecznego pokoju rozm\u00f3w, w kt\u00f3rym mo\u017cesz si\u0119 dobrze bawi\u0107, Uberhorny to \u015bwietna opcja. Witryna ma du\u017cy wyb\u00f3r czat\u00f3w do wyboru i mo\u017cesz \u0142atwo znale\u017a\u0107 taki, kt\u00f3ry odpowiada Twoim zainteresowaniom. Czaty s\u0105 dobrze moderowane i istnieje dobra mieszanka u\u017cytkownik\u00f3w, wi\u0119c na pewno znajdziesz kogo\u015b, z kim mo\u017cesz si\u0119 dobrze bawi\u0107. Jedynym minusem jest to, \u017ce strona nie jest bezp\u0142atna, ale jest warta ceny za du\u017cy wyb\u00f3r czat\u00f3w i zabaw\u0119, kt\u00f3r\u0105 na pewno b\u0119dziesz mie\u0107.<\/p>\n","protected":false},"excerpt":{"rendered":"<p>Nie mo\u017cna zaprzeczy\u0107, \u017ce pokoje rozm\u00f3w mog\u0105 by\u0107 \u015bwietnym sposobem na nawi\u0105zanie kontaktu z osobami, kt\u00f3re podzielaj\u0105 Twoje zainteresowania. Jednak&hellip;<\/p>\n","protected":false},"author":1,"featured_media":0,"parent":0,"menu_order":0,"comment_status":"closed","ping_status":"closed","template":"","meta":[],"yoast_head":"<!-- This site is optimized with the Yoast SEO plugin v17.7.1 - https:\/\/yoast.com\/wordpress\/plugins\/seo\/ -->\n<title>Darmowe aplikacje Naughty Chat - Dating Themes<\/title>\n<meta name=\"robots\" content=\"index, follow, max-snippet:-1, max-image-preview:large, max-video-preview:-1\" \/>\n<link rel=\"canonical\" href=\"https:\/\/wpdiarytheme.com\/pl\/darmowe-aplikacje-naughty-chat\/\" \/>\n<meta property=\"og:locale\" content=\"pl_PL\" \/>\n<meta property=\"og:type\" content=\"article\" \/>\n<meta property=\"og:title\" content=\"Darmowe aplikacje Naughty Chat - Dating Themes\" \/>\n<meta property=\"og:description\" content=\"Nie mo\u017cna zaprzeczy\u0107, \u017ce pokoje rozm\u00f3w mog\u0105 by\u0107 \u015bwietnym sposobem na nawi\u0105zanie kontaktu z osobami, kt\u00f3re podzielaj\u0105 Twoje zainteresowania. Jednak&hellip;\" \/>\n<meta property=\"og:url\" content=\"https:\/\/wpdiarytheme.com\/pl\/darmowe-aplikacje-naughty-chat\/\" \/>\n<meta property=\"og:site_name\" content=\"Dating Themes\" \/>\n<meta name=\"twitter:card\" content=\"summary_large_image\" \/>\n<meta name=\"twitter:label1\" content=\"Szacowany czas czytania\" \/>\n\t<meta name=\"twitter:data1\" content=\"3 minuty\" \/>\n<script type=\"application\/ld+json\" class=\"yoast-schema-graph\">{\"@context\":\"https:\/\/schema.org\",\"@graph\":[{\"@type\":\"WebSite\",\"@id\":\"https:\/\/wpdiarytheme.com\/#website\",\"url\":\"https:\/\/wpdiarytheme.com\/\",\"name\":\"Dating Themes\",\"description\":\"Find Your Perfect App\",\"potentialAction\":[{\"@type\":\"SearchAction\",\"target\":{\"@type\":\"EntryPoint\",\"urlTemplate\":\"https:\/\/wpdiarytheme.com\/?s={search_term_string}\"},\"query-input\":\"required name=search_term_string\"}],\"inLanguage\":\"pl-PL\"},{\"@type\":\"WebPage\",\"@id\":\"https:\/\/wpdiarytheme.com\/pl\/darmowe-aplikacje-naughty-chat\/#webpage\",\"url\":\"https:\/\/wpdiarytheme.com\/pl\/darmowe-aplikacje-naughty-chat\/\",\"name\":\"Darmowe aplikacje Naughty Chat - Dating Themes\",\"isPartOf\":{\"@id\":\"https:\/\/wpdiarytheme.com\/#website\"},\"datePublished\":\"2022-09-30T12:11:17+00:00\",\"dateModified\":\"2022-09-30T12:11:17+00:00\",\"breadcrumb\":{\"@id\":\"https:\/\/wpdiarytheme.com\/pl\/darmowe-aplikacje-naughty-chat\/#breadcrumb\"},\"inLanguage\":\"pl-PL\",\"potentialAction\":[{\"@type\":\"ReadAction\",\"target\":[\"https:\/\/wpdiarytheme.com\/pl\/darmowe-aplikacje-naughty-chat\/\"]}]},{\"@type\":\"BreadcrumbList\",\"@id\":\"https:\/\/wpdiarytheme.com\/pl\/darmowe-aplikacje-naughty-chat\/#breadcrumb\",\"itemListElement\":[{\"@type\":\"ListItem\",\"position\":1,\"name\":\"Home\",\"item\":\"https:\/\/wpdiarytheme.com\/pl\/\"},{\"@type\":\"ListItem\",\"position\":2,\"name\":\"Darmowe aplikacje Naughty Chat\"}]}]}<\/script>\n<!-- \/ Yoast SEO plugin. -->","yoast_head_json":{"title":"Darmowe aplikacje Naughty Chat - Dating Themes","robots":{"index":"index","follow":"follow","max-snippet":"max-snippet:-1","max-image-preview":"max-image-preview:large","max-video-preview":"max-video-preview:-1"},"canonical":"https:\/\/wpdiarytheme.com\/pl\/darmowe-aplikacje-naughty-chat\/","og_locale":"pl_PL","og_type":"article","og_title":"Darmowe aplikacje Naughty Chat - Dating Themes","og_description":"Nie mo\u017cna zaprzeczy\u0107, \u017ce pokoje rozm\u00f3w mog\u0105 by\u0107 \u015bwietnym sposobem na nawi\u0105zanie kontaktu z osobami, kt\u00f3re podzielaj\u0105 Twoje zainteresowania. Jednak&hellip;","og_url":"https:\/\/wpdiarytheme.com\/pl\/darmowe-aplikacje-naughty-chat\/","og_site_name":"Dating Themes","twitter_card":"summary_large_image","twitter_misc":{"Szacowany czas czytania":"3 minuty"},"schema":{"@context":"https:\/\/schema.org","@graph":[{"@type":"WebSite","@id":"https:\/\/wpdiarytheme.com\/#website","url":"https:\/\/wpdiarytheme.com\/","name":"Dating Themes","description":"Find Your Perfect App","potentialAction":[{"@type":"SearchAction","target":{"@type":"EntryPoint","urlTemplate":"https:\/\/wpdiarytheme.com\/?s={search_term_string}"},"query-input":"required name=search_term_string"}],"inLanguage":"pl-PL"},{"@type":"WebPage","@id":"https:\/\/wpdiarytheme.com\/pl\/darmowe-aplikacje-naughty-chat\/#webpage","url":"https:\/\/wpdiarytheme.com\/pl\/darmowe-aplikacje-naughty-chat\/","name":"Darmowe aplikacje Naughty Chat - Dating Themes","isPartOf":{"@id":"https:\/\/wpdiarytheme.com\/#website"},"datePublished":"2022-09-30T12:11:17+00:00","dateModified":"2022-09-30T12:11:17+00:00","breadcrumb":{"@id":"https:\/\/wpdiarytheme.com\/pl\/darmowe-aplikacje-naughty-chat\/#breadcrumb"},"inLanguage":"pl-PL","potentialAction":[{"@type":"ReadAction","target":["https:\/\/wpdiarytheme.com\/pl\/darmowe-aplikacje-naughty-chat\/"]}]},{"@type":"BreadcrumbList","@id":"https:\/\/wpdiarytheme.com\/pl\/darmowe-aplikacje-naughty-chat\/#breadcrumb","itemListElement":[{"@type":"ListItem","position":1,"name":"Home","item":"https:\/\/wpdiarytheme.com\/pl\/"},{"@type":"ListItem","position":2,"name":"Darmowe aplikacje Naughty Chat"}]}]}},"_links":{"self":[{"href":"https:\/\/wpdiarytheme.com\/pl\/wp-json\/wp\/v2\/pages\/280"}],"collection":[{"href":"https:\/\/wpdiarytheme.com\/pl\/wp-json\/wp\/v2\/pages"}],"about":[{"href":"https:\/\/wpdiarytheme.com\/pl\/wp-json\/wp\/v2\/types\/page"}],"author":[{"embeddable":true,"href":"https:\/\/wpdiarytheme.com\/pl\/wp-json\/wp\/v2\/users\/1"}],"replies":[{"embeddable":true,"href":"https:\/\/wpdiarytheme.com\/pl\/wp-json\/wp\/v2\/comments?post=280"}],"version-history":[{"count":0,"href":"https:\/\/wpdiarytheme.com\/pl\/wp-json\/wp\/v2\/pages\/280\/revisions"}],"wp:attachment":[{"href":"https:\/\/wpdiarytheme.com\/pl\/wp-json\/wp\/v2\/media?parent=280"}],"curies":[{"name":"wp","href":"https:\/\/api.w.org\/{rel}","templated":true}]}}