{"id":264,"date":"2022-09-30T13:14:07","date_gmt":"2022-09-30T12:14:07","guid":{"rendered":"http:\/\/wpdiarytheme.com\/strony-milf-hookup\/"},"modified":"2022-09-30T13:14:07","modified_gmt":"2022-09-30T12:14:07","slug":"strony-milf-hookup","status":"publish","type":"page","link":"https:\/\/wpdiarytheme.com\/pl\/strony-milf-hookup\/","title":{"rendered":"Strony milf Hookup"},"content":{"rendered":"<p>Istnieje wiele stron z pod\u0142\u0105czeniami milf, ale nie wszystkie z nich s\u0105 sobie r\u00f3wne. Chcesz mie\u0107 pewno\u015b\u0107, \u017ce znajdziesz witryn\u0119, kt\u00f3ra ma wielu cz\u0142onk\u00f3w, jest \u0142atwa w u\u017cyciu i ma dobr\u0105 reputacj\u0119.<\/p>\n<p>Jednym z najlepszych sposob\u00f3w na znalezienie dobrej <a href=\"http:\/\/wpdiarytheme.com\/adult-sexting-sites\/\">strony z pod\u0142\u0105czeniem milf jest przeczytanie ich recenzji<\/a>. To da ci dobre wyobra\u017cenie o tym, co inni ludzie my\u015bl\u0105 o witrynie i czy jest to warte twojego czasu. Kolejn\u0105 rzecz\u0105 do rozwa\u017cenia jest cena. Niekt\u00f3re witryny s\u0105 bezp\u0142atne, podczas gdy inne pobieraj\u0105 miesi\u0119czn\u0105 op\u0142at\u0119. Je\u015bli chcesz po\u0142\u0105czy\u0107 si\u0119 z milf tylko raz na jaki\u015b czas, bezp\u0142atna strona mo\u017ce by\u0107 dla Ciebie dobrym rozwi\u0105zaniem. Ale je\u015bli chcesz cz\u0119\u015bciej korzysta\u0107 z witryny, mo\u017cesz rozwa\u017cy\u0107 uiszczenie miesi\u0119cznej op\u0142aty.<\/p>\n<p>Kiedy patrzysz na strony z pod\u0142\u0105czeniami milf, upewnij si\u0119, \u017ce znajdziesz taki, kt\u00f3ry ma wielu cz\u0142onk\u00f3w. Im wi\u0119cej cz\u0142onk\u00f3w ma witryna, tym wi\u0119ksza szansa na znalezienie kogo\u015b, z kim mo\u017cesz si\u0119 po\u0142\u0105czy\u0107. Upewnij si\u0119 r\u00f3wnie\u017c, \u017ce strona jest \u0142atwa w u\u017cyciu. Powiniene\u015b by\u0107 w stanie \u0142atwo porusza\u0107 si\u0119 i znajdowa\u0107 rzeczy, kt\u00f3rych szukasz. Je\u015bli witryna jest trudna w u\u017cyciu, mo\u017cesz poszuka\u0107 gdzie indziej.<\/p>\n<p>Na koniec upewnij si\u0119, \u017ce strona ma dobr\u0105 reputacj\u0119. Mo\u017cesz sprawdzi\u0107 recenzje witryny online, aby zobaczy\u0107, co inni ludzie o niej my\u015bl\u0105.<\/p>\n<h2>Poznaj Milf<\/h2>\n<p>Jest co\u015b w randkowaniu z MILF, co po prostu jest niesamowite. S\u0105 do\u015bwiadczeni, pewni siebie i dok\u0142adnie wiedz\u0105, czego chc\u0105 w \u017cyciu. Poza tym zazwyczaj s\u0105 naprawd\u0119 gor\u0105ce.<\/p>\n<p>Pami\u0119tam, jak kilka lat temu poszed\u0142em na randk\u0119 z MILF i to by\u0142o niesamowite. By\u0142a taka pewna siebie i pewna siebie i dok\u0142adnie wiedzia\u0142a, czego chce. Poza tym by\u0142a naprawd\u0119 gor\u0105ca. Sko\u0144czy\u0142o si\u0119 na tym, \u017ce spali\u015bmy razem tej nocy i by\u0142o to jedno z najlepszych do\u015bwiadcze\u0144 seksualnych, jakie kiedykolwiek mia\u0142em. Je\u015bli my\u015blisz o randce z MILF, po prostu id\u017a na to. Nie po\u017ca\u0142ujesz.<\/p>\n<h2>Milf Randki<\/h2>\n<p>Istnieje wiele korzy\u015bci z randkowania z MILF, w tym do\u015bwiadczenie, m\u0105dro\u015b\u0107 i dojrza\u0142o\u015b\u0107. MILF s\u0105 r\u00f3wnie\u017c zazwyczaj bardziej pewne siebie i pewne siebie ni\u017c m\u0142odsze kobiety, co mo\u017ce by\u0107 powa\u017cnym zwrotem. Je\u015bli szukasz mi\u0142o\u015bci i chcesz um\u00f3wi\u0107 si\u0119 z MILF, jest kilka rzeczy, o kt\u00f3rych powiniene\u015b pami\u0119ta\u0107. Po pierwsze, b\u0105d\u017a pe\u0142en szacunku i troskliwy o jej wiek i do\u015bwiadczenie. Po drugie, r\u00f3b rzeczy powoli i nie spiesz si\u0119 z niczym fizycznym. I wreszcie, pami\u0119taj, aby komunikowa\u0107 si\u0119 ze sob\u0105 otwarcie i szczerze, aby upewni\u0107 si\u0119, \u017ce oboje jeste\u015bcie na tej samej stronie. Je\u015bli mo\u017cesz robi\u0107 te rzeczy, jeste\u015b na dobrej drodze do satysfakcjonuj\u0105cej i ekscytuj\u0105cej relacji z MILF.<\/p>\n<h2>Milfs Serwis randkowy<\/h2>\n<p>Istnieje wiele serwis\u00f3w randkowych przeznaczonych dla r\u00f3\u017cnych odbiorc\u00f3w. MilfsDatingSite jest jedn\u0105 z takich stron, kt\u00f3ra ma na celu po\u0142\u0105czenie milfs z kwalifikuj\u0105cymi si\u0119 m\u0119\u017cczyznami. Strona ma do\u015b\u0107 prosty interfejs i przyzwoit\u0105 baz\u0119 u\u017cytkownik\u00f3w. Warto jednak zauwa\u017cy\u0107, \u017ce strona jest wci\u0105\u017c na wczesnym etapie, a wi\u0119c mog\u0105 tu i \u00f3wdzie wyst\u0119powa\u0107 b\u0142\u0119dy. Og\u00f3lnie rzecz bior\u0105c, MilfsDatingSite to przyzwoita opcja dla tych, kt\u00f3rzy chc\u0105 um\u00f3wi\u0107 si\u0119 na randk\u0119 z milf.<\/p>\n<h3>Xmeets<\/h3>\n<p>Xmeets to aplikacja randkowa zaprojektowana specjalnie dla os\u00f3b, kt\u00f3re chc\u0105 po\u0142\u0105czy\u0107 si\u0119 z MILF. Aplikacja jest \u0142atwa w u\u017cyciu i ma wiele funkcji, kt\u00f3re czyni\u0105 j\u0105 jedn\u0105 z najlepszych witryn do pod\u0142\u0105czania MILF. Aplikacja ma r\u00f3wnie\u017c wiele pozytywnych recenzji od u\u017cytkownik\u00f3w.<\/p>\n<h3>Alt.com<\/h3>\n<p>Je\u015bli szukasz strony z pod\u0142\u0105czeniem milf, kt\u00f3ra jest niezawodna i \u0142atwa w u\u017cyciu, to Alt.com jest \u015bwietn\u0105 opcj\u0105. Witryna ma przyjazny dla u\u017cytkownika interfejs i du\u017c\u0105 baz\u0119 danych cz\u0142onk\u00f3w, wi\u0119c na pewno znajdziesz kogo\u015b, kto spe\u0142ni Twoje potrzeby. Funkcje wyszukiwania i przesy\u0142ania wiadomo\u015bci s\u0105 r\u00f3wnie\u017c bardzo dobre, co u\u0142atwia znajdowanie i \u0142\u0105czenie si\u0119 z potencjalnymi dopasowaniami. Og\u00f3lnie rzecz bior\u0105c, Alt.com to \u015bwietny wyb\u00f3r dla ka\u017cdego, kto szuka strony z pod\u0142\u0105czeniem milf.<\/p>\n<h3>TinderMeets<\/h3>\n<p>Je\u015bli szukasz aplikacji randkowej, kt\u00f3ra jest specjalnie zaprojektowana do \u0142\u0105czenia si\u0119 ze starszymi kobietami, powiniene\u015b sprawdzi\u0107 TinderMeets. Ta aplikacja staje si\u0119 coraz bardziej popularna w\u015br\u00f3d u\u017cytkownik\u00f3w, kt\u00f3rzy szukaj\u0105 dojrza\u0142ych partner\u00f3w randkowych. Interfejs jest \u0142atwy w u\u017cyciu, a aplikacja zapewnia wiele przydatnych funkcji, takich jak filtry wyszukiwania i system przesy\u0142ania wiadomo\u015bci. Og\u00f3lnie rzecz bior\u0105c, TinderMeets to \u015bwietna opcja dla ka\u017cdego, kto jest zainteresowany randkami milf.<\/p>\n","protected":false},"excerpt":{"rendered":"<p>Istnieje wiele stron z pod\u0142\u0105czeniami milf, ale nie wszystkie z nich s\u0105 sobie r\u00f3wne. Chcesz mie\u0107 pewno\u015b\u0107, \u017ce znajdziesz witryn\u0119,&hellip;<\/p>\n","protected":false},"author":1,"featured_media":0,"parent":0,"menu_order":0,"comment_status":"closed","ping_status":"closed","template":"","meta":[],"yoast_head":"<!-- This site is optimized with the Yoast SEO plugin v17.7.1 - https:\/\/yoast.com\/wordpress\/plugins\/seo\/ -->\n<title>Strony milf Hookup - Dating Themes<\/title>\n<meta name=\"robots\" content=\"index, follow, max-snippet:-1, max-image-preview:large, max-video-preview:-1\" \/>\n<link rel=\"canonical\" href=\"https:\/\/wpdiarytheme.com\/pl\/strony-milf-hookup\/\" \/>\n<meta property=\"og:locale\" content=\"pl_PL\" \/>\n<meta property=\"og:type\" content=\"article\" \/>\n<meta property=\"og:title\" content=\"Strony milf Hookup - Dating Themes\" \/>\n<meta property=\"og:description\" content=\"Istnieje wiele stron z pod\u0142\u0105czeniami milf, ale nie wszystkie z nich s\u0105 sobie r\u00f3wne. Chcesz mie\u0107 pewno\u015b\u0107, \u017ce znajdziesz witryn\u0119,&hellip;\" \/>\n<meta property=\"og:url\" content=\"https:\/\/wpdiarytheme.com\/pl\/strony-milf-hookup\/\" \/>\n<meta property=\"og:site_name\" content=\"Dating Themes\" \/>\n<meta name=\"twitter:card\" content=\"summary_large_image\" \/>\n<meta name=\"twitter:label1\" content=\"Szacowany czas czytania\" \/>\n\t<meta name=\"twitter:data1\" content=\"4 minuty\" \/>\n<script type=\"application\/ld+json\" class=\"yoast-schema-graph\">{\"@context\":\"https:\/\/schema.org\",\"@graph\":[{\"@type\":\"WebSite\",\"@id\":\"https:\/\/wpdiarytheme.com\/cs\/#website\",\"url\":\"https:\/\/wpdiarytheme.com\/cs\/\",\"name\":\"Dating Themes\",\"description\":\"Find Your Perfect App\",\"potentialAction\":[{\"@type\":\"SearchAction\",\"target\":{\"@type\":\"EntryPoint\",\"urlTemplate\":\"https:\/\/wpdiarytheme.com\/cs\/?s={search_term_string}\"},\"query-input\":\"required name=search_term_string\"}],\"inLanguage\":\"pl-PL\"},{\"@type\":\"WebPage\",\"@id\":\"https:\/\/wpdiarytheme.com\/pl\/strony-milf-hookup\/#webpage\",\"url\":\"https:\/\/wpdiarytheme.com\/pl\/strony-milf-hookup\/\",\"name\":\"Strony milf Hookup - Dating Themes\",\"isPartOf\":{\"@id\":\"https:\/\/wpdiarytheme.com\/cs\/#website\"},\"datePublished\":\"2022-09-30T12:14:07+00:00\",\"dateModified\":\"2022-09-30T12:14:07+00:00\",\"breadcrumb\":{\"@id\":\"https:\/\/wpdiarytheme.com\/pl\/strony-milf-hookup\/#breadcrumb\"},\"inLanguage\":\"pl-PL\",\"potentialAction\":[{\"@type\":\"ReadAction\",\"target\":[\"https:\/\/wpdiarytheme.com\/pl\/strony-milf-hookup\/\"]}]},{\"@type\":\"BreadcrumbList\",\"@id\":\"https:\/\/wpdiarytheme.com\/pl\/strony-milf-hookup\/#breadcrumb\",\"itemListElement\":[{\"@type\":\"ListItem\",\"position\":1,\"name\":\"Home\",\"item\":\"https:\/\/wpdiarytheme.com\/pl\/\"},{\"@type\":\"ListItem\",\"position\":2,\"name\":\"Strony milf Hookup\"}]}]}<\/script>\n<!-- \/ Yoast SEO plugin. -->","yoast_head_json":{"title":"Strony milf Hookup - Dating Themes","robots":{"index":"index","follow":"follow","max-snippet":"max-snippet:-1","max-image-preview":"max-image-preview:large","max-video-preview":"max-video-preview:-1"},"canonical":"https:\/\/wpdiarytheme.com\/pl\/strony-milf-hookup\/","og_locale":"pl_PL","og_type":"article","og_title":"Strony milf Hookup - Dating Themes","og_description":"Istnieje wiele stron z pod\u0142\u0105czeniami milf, ale nie wszystkie z nich s\u0105 sobie r\u00f3wne. Chcesz mie\u0107 pewno\u015b\u0107, \u017ce znajdziesz witryn\u0119,&hellip;","og_url":"https:\/\/wpdiarytheme.com\/pl\/strony-milf-hookup\/","og_site_name":"Dating Themes","twitter_card":"summary_large_image","twitter_misc":{"Szacowany czas czytania":"4 minuty"},"schema":{"@context":"https:\/\/schema.org","@graph":[{"@type":"WebSite","@id":"https:\/\/wpdiarytheme.com\/cs\/#website","url":"https:\/\/wpdiarytheme.com\/cs\/","name":"Dating Themes","description":"Find Your Perfect App","potentialAction":[{"@type":"SearchAction","target":{"@type":"EntryPoint","urlTemplate":"https:\/\/wpdiarytheme.com\/cs\/?s={search_term_string}"},"query-input":"required name=search_term_string"}],"inLanguage":"pl-PL"},{"@type":"WebPage","@id":"https:\/\/wpdiarytheme.com\/pl\/strony-milf-hookup\/#webpage","url":"https:\/\/wpdiarytheme.com\/pl\/strony-milf-hookup\/","name":"Strony milf Hookup - Dating Themes","isPartOf":{"@id":"https:\/\/wpdiarytheme.com\/cs\/#website"},"datePublished":"2022-09-30T12:14:07+00:00","dateModified":"2022-09-30T12:14:07+00:00","breadcrumb":{"@id":"https:\/\/wpdiarytheme.com\/pl\/strony-milf-hookup\/#breadcrumb"},"inLanguage":"pl-PL","potentialAction":[{"@type":"ReadAction","target":["https:\/\/wpdiarytheme.com\/pl\/strony-milf-hookup\/"]}]},{"@type":"BreadcrumbList","@id":"https:\/\/wpdiarytheme.com\/pl\/strony-milf-hookup\/#breadcrumb","itemListElement":[{"@type":"ListItem","position":1,"name":"Home","item":"https:\/\/wpdiarytheme.com\/pl\/"},{"@type":"ListItem","position":2,"name":"Strony milf Hookup"}]}]}},"_links":{"self":[{"href":"https:\/\/wpdiarytheme.com\/pl\/wp-json\/wp\/v2\/pages\/264"}],"collection":[{"href":"https:\/\/wpdiarytheme.com\/pl\/wp-json\/wp\/v2\/pages"}],"about":[{"href":"https:\/\/wpdiarytheme.com\/pl\/wp-json\/wp\/v2\/types\/page"}],"author":[{"embeddable":true,"href":"https:\/\/wpdiarytheme.com\/pl\/wp-json\/wp\/v2\/users\/1"}],"replies":[{"embeddable":true,"href":"https:\/\/wpdiarytheme.com\/pl\/wp-json\/wp\/v2\/comments?post=264"}],"version-history":[{"count":0,"href":"https:\/\/wpdiarytheme.com\/pl\/wp-json\/wp\/v2\/pages\/264\/revisions"}],"wp:attachment":[{"href":"https:\/\/wpdiarytheme.com\/pl\/wp-json\/wp\/v2\/media?parent=264"}],"curies":[{"name":"wp","href":"https:\/\/api.w.org\/{rel}","templated":true}]}}