{"id":260,"date":"2022-09-30T13:13:44","date_gmt":"2022-09-30T12:13:44","guid":{"rendered":"http:\/\/wpdiarytheme.com\/witryny-erotyczne-dla-doroslych\/"},"modified":"2022-09-30T13:13:44","modified_gmt":"2022-09-30T12:13:44","slug":"witryny-erotyczne-dla-doroslych","status":"publish","type":"page","link":"https:\/\/wpdiarytheme.com\/pl\/witryny-erotyczne-dla-doroslych\/","title":{"rendered":"Witryny erotyczne dla doros\u0142ych"},"content":{"rendered":"<p>Istnieje wiele witryn erotycznych dla doros\u0142ych, kt\u00f3re zaspokajaj\u0105 potrzeby os\u00f3b <a href=\"http:\/\/wpdiarytheme.com\/local-granny-dating\/\">szukaj\u0105cych szybkiego po\u0142\u0105czenia<\/a>. Witryny te zazwyczaj wymagaj\u0105 op\u0142aty cz\u0142onkowskiej, ale oferuj\u0105 szereg funkcji, kt\u00f3re mog\u0105 u\u0142atwi\u0107 znalezienie partnera do seksu. Wiele z tych witryn oferuje r\u00f3wnie\u017c aplikacj\u0119 mobiln\u0105, dzi\u0119ki czemu mo\u017cesz uprawia\u0107 seks w podr\u00f3\u017cy.<\/p>\n<h2>Sexting Strony<\/h2>\n<p>Istnieje kilka r\u00f3\u017cnych stron erotycznych, kt\u00f3re mo\u017cna wykorzysta\u0107 do cel\u00f3w randkowych. Jednym z bardziej popularnych jest Arousr, kt\u00f3ry pozwala u\u017cytkownikom \u0142\u0105czy\u0107 si\u0119 ze sob\u0105 i wymienia\u0107 wyra\u017ane wiadomo\u015bci i zdj\u0119cia. Inna strona, Kaboom, specjalizuje si\u0119 w sekstingu mi\u0119dzy u\u017cytkownikami, kt\u00f3rzy s\u0105 ju\u017c w zwi\u0105zku. I wreszcie, jest Snapchat, kt\u00f3ry jest popularn\u0105 aplikacj\u0105 do przesy\u0142ania wiadomo\u015bci, kt\u00f3ra pozwala u\u017cytkownikom wysy\u0142a\u0107 sobie zdj\u0119cia i filmy, kt\u00f3re znikaj\u0105 po kilku sekundach.<\/p>\n<h2>Darmowe strony sextingowe<\/h2>\n<p>Istnieje wiele bezp\u0142atnych stron erotycznych, kt\u00f3re pozwalaj\u0105 ludziom znale\u017a\u0107 mi\u0142o\u015b\u0107 online. Witryny te umo\u017cliwiaj\u0105 wysy\u0142anie i odbieranie wiadomo\u015bci i obraz\u00f3w o charakterze jednoznacznie seksualnym bez konieczno\u015bci p\u0142acenia za nie. To sprawia, \u017ce sexting jest \u015bwietnym sposobem na nawi\u0105zanie kontaktu z potencjalnymi partnerami, kt\u00f3rzy s\u0105 zainteresowani tym samym. Dost\u0119pnych jest wiele r\u00f3\u017cnych bezp\u0142atnych witryn erotycznych, dlatego wa\u017cne jest, aby znale\u017a\u0107 taki, kt\u00f3ry jest odpowiedni dla Ciebie. Po znalezieniu witryny, kt\u00f3ra Ci si\u0119 podoba, mo\u017cesz utworzy\u0107 profil i zacz\u0105\u0107 wysy\u0142a\u0107 i odbiera\u0107 wiadomo\u015bci.<\/p>\n<h2>Bezp\u0142atna strona Sexting<\/h2>\n<p>Istnieje wiele bezp\u0142atnych stron erotycznych dost\u0119pnych w Internecie. Nale\u017cy jednak pami\u0119ta\u0107, \u017ce nie wszystkie z tych witryn s\u0105 sobie r\u00f3wne. Niekt\u00f3re witryny mog\u0105 nie by\u0107 bezpieczne w u\u017cyciu, a inne mog\u0105 nie by\u0107 tak niezawodne jak inne. Wa\u017cne jest, aby przeprowadzi\u0107 badania przed u\u017cyciem jakiejkolwiek strony seksualnej. Jedn\u0105 z najwa\u017cniejszych rzeczy, kt\u00f3rych nale\u017cy szuka\u0107 w witrynie do sekstowania, jest bezpiecze\u0144stwo. Upewnij si\u0119, \u017ce witryna, z kt\u00f3rej korzystasz, ma bezpieczne wiadomo\u015bci i \u017ce Twoje dane osobowe s\u0105 chronione. Powiniene\u015b tak\u017ce poszuka\u0107 witryny, kt\u00f3ra ma dobr\u0105 reputacj\u0119. Istnieje wiele witryn z recenzjami, kt\u00f3rych mo\u017cna u\u017cy\u0107 do badania witryn erotycznych.<\/p>\n<p>Po znalezieniu kilku bezpiecznych i niezawodnych witryn erotycznych mo\u017cesz zacz\u0105\u0107 wysy\u0142a\u0107 wiadomo\u015bci i zdj\u0119cia do swojego partnera. Pami\u0119taj, aby okazywa\u0107 szacunek i wysy\u0142a\u0107 tylko wiadomo\u015bci i zdj\u0119cia, z kt\u00f3rymi czujesz si\u0119 komfortowo. Je\u015bli nie jeste\u015b czego\u015b pewien, nie wysy\u0142aj tego. Sexting powinien by\u0107 zabawny i bezpieczny zar\u00f3wno dla Ciebie, jak i Twojego partnera.<\/p>\n<h3>DateMyAge<\/h3>\n<p>Je\u015bli szukasz aplikacji randkowej, kt\u00f3ra pozwala wysy\u0142a\u0107 i odbiera\u0107 wyra\u017ane zdj\u0119cia i filmy, DateMyAge to \u015bwietna opcja. Aplikacja jest dost\u0119pna zar\u00f3wno na urz\u0105dzenia z systemem iOS, jak i Android, a jej pobranie jest bezp\u0142atne. Po utworzeniu konta mo\u017cesz przegl\u0105da\u0107 profile innych u\u017cytkownik\u00f3w oraz wysy\u0142a\u0107 i odbiera\u0107 wiadomo\u015bci. Aplikacja zawiera r\u00f3wnie\u017c funkcj\u0119 wyszukiwania, dzi\u0119ki czemu mo\u017cesz znale\u017a\u0107 osoby, kt\u00f3re s\u0105 zainteresowane tymi samymi rzeczami, co Ty.<\/p>\n<p>Jedn\u0105 z najwi\u0119kszych zalet DateMyAge jest to, \u017ce jest to jedna z niewielu aplikacji randkowych, kt\u00f3re umo\u017cliwiaj\u0105 wysy\u0142anie i odbieranie wiadomo\u015bci wideo. Oznacza to, \u017ce mo\u017cesz naprawd\u0119 pozna\u0107 kogo\u015b, zanim spotkasz si\u0119 z nim osobi\u015bcie. Aplikacja ma r\u00f3wnie\u017c \u015bwietny interfejs u\u017cytkownika i jest \u0142atwa w u\u017cyciu. Og\u00f3lnie rzecz bior\u0105c, DateMyAge to \u015bwietna opcja dla doros\u0142ych, kt\u00f3rzy szukaj\u0105 aplikacji do sekstowania.<\/p>\n<h3>OnlyFlings<\/h3>\n<p>Je\u015bli szukasz strony sextingowej z r\u00f3\u017cnic\u0105, OnlyFlings jest zdecydowanie wart sprawdzenia. Chocia\u017c nie jest to \u015bci\u015ble strona do seksu, ma wszystkie funkcje potrzebne do wykonania pracy, a nast\u0119pnie niekt\u00f3re. Interfejs jest czysty i przyjazny dla u\u017cytkownika, a istnieje wiele funkcji, kt\u00f3re sprawi\u0105, \u017ce wr\u00f3cisz po wi\u0119cej. W szczeg\u00f3lno\u015bci funkcja &#8222;Fling Finder&#8221; to \u015bwietny spos\u00f3b na znalezienie nowych partner\u00f3w do sekstowania, a &#8222;galerie zdj\u0119\u0107&#8221; to \u015bwietny spos\u00f3b na zainspirowanie si\u0119. Og\u00f3lnie rzecz bior\u0105c, OnlyFlings to \u015bwietna opcja dla ka\u017cdego, kto szuka odrobiny dodatkowych emocji w swoim \u017cyciu.<\/p>\n<h3>FabSwingers<\/h3>\n<p>Zdecydowanie polecam FabSwingers ka\u017cdemu, kto szuka strony z sekstowaniem dla doros\u0142ych. Witryna jest \u0142atwa w nawigacji i istnieje mn\u00f3stwo funkcji, kt\u00f3re pomog\u0105 Ci znale\u017a\u0107 dok\u0142adnie to, czego szukasz. Mo\u017cesz wyszukiwa\u0107 wed\u0142ug lokalizacji, wieku, zainteresowa\u0144 i innych, a wyniki s\u0105 zawsze dok\u0142adne. System przesy\u0142ania wiadomo\u015bci jest r\u00f3wnie\u017c bardzo przyjazny dla u\u017cytkownika i mo\u017cna \u0142atwo \u015bledzi\u0107 wszystkie rozmowy. Og\u00f3lnie rzecz bior\u0105c, mia\u0142em \u015bwietne do\u015bwiadczenie w korzystaniu z FabSwingers i na pewno u\u017cy\u0142bym go ponownie.<\/p>\n","protected":false},"excerpt":{"rendered":"<p>Istnieje wiele witryn erotycznych dla doros\u0142ych, kt\u00f3re zaspokajaj\u0105 potrzeby os\u00f3b szukaj\u0105cych szybkiego po\u0142\u0105czenia. Witryny te zazwyczaj wymagaj\u0105 op\u0142aty cz\u0142onkowskiej, ale&hellip;<\/p>\n","protected":false},"author":1,"featured_media":0,"parent":0,"menu_order":0,"comment_status":"closed","ping_status":"closed","template":"","meta":[],"yoast_head":"<!-- This site is optimized with the Yoast SEO plugin v17.7.1 - https:\/\/yoast.com\/wordpress\/plugins\/seo\/ -->\n<title>Witryny erotyczne dla doros\u0142ych - Dating Themes<\/title>\n<meta name=\"robots\" content=\"index, follow, max-snippet:-1, max-image-preview:large, max-video-preview:-1\" \/>\n<link rel=\"canonical\" href=\"https:\/\/wpdiarytheme.com\/pl\/witryny-erotyczne-dla-doroslych\/\" \/>\n<meta property=\"og:locale\" content=\"pl_PL\" \/>\n<meta property=\"og:type\" content=\"article\" \/>\n<meta property=\"og:title\" content=\"Witryny erotyczne dla doros\u0142ych - Dating Themes\" \/>\n<meta property=\"og:description\" content=\"Istnieje wiele witryn erotycznych dla doros\u0142ych, kt\u00f3re zaspokajaj\u0105 potrzeby os\u00f3b szukaj\u0105cych szybkiego po\u0142\u0105czenia. Witryny te zazwyczaj wymagaj\u0105 op\u0142aty cz\u0142onkowskiej, ale&hellip;\" \/>\n<meta property=\"og:url\" content=\"https:\/\/wpdiarytheme.com\/pl\/witryny-erotyczne-dla-doroslych\/\" \/>\n<meta property=\"og:site_name\" content=\"Dating Themes\" \/>\n<meta name=\"twitter:card\" content=\"summary_large_image\" \/>\n<meta name=\"twitter:label1\" content=\"Szacowany czas czytania\" \/>\n\t<meta name=\"twitter:data1\" content=\"4 minuty\" \/>\n<script type=\"application\/ld+json\" class=\"yoast-schema-graph\">{\"@context\":\"https:\/\/schema.org\",\"@graph\":[{\"@type\":\"WebSite\",\"@id\":\"https:\/\/wpdiarytheme.com\/#website\",\"url\":\"https:\/\/wpdiarytheme.com\/\",\"name\":\"Dating Themes\",\"description\":\"Find Your Perfect App\",\"potentialAction\":[{\"@type\":\"SearchAction\",\"target\":{\"@type\":\"EntryPoint\",\"urlTemplate\":\"https:\/\/wpdiarytheme.com\/?s={search_term_string}\"},\"query-input\":\"required name=search_term_string\"}],\"inLanguage\":\"pl-PL\"},{\"@type\":\"WebPage\",\"@id\":\"https:\/\/wpdiarytheme.com\/pl\/witryny-erotyczne-dla-doroslych\/#webpage\",\"url\":\"https:\/\/wpdiarytheme.com\/pl\/witryny-erotyczne-dla-doroslych\/\",\"name\":\"Witryny erotyczne dla doros\\u0142ych - Dating Themes\",\"isPartOf\":{\"@id\":\"https:\/\/wpdiarytheme.com\/#website\"},\"datePublished\":\"2022-09-30T12:13:44+00:00\",\"dateModified\":\"2022-09-30T12:13:44+00:00\",\"breadcrumb\":{\"@id\":\"https:\/\/wpdiarytheme.com\/pl\/witryny-erotyczne-dla-doroslych\/#breadcrumb\"},\"inLanguage\":\"pl-PL\",\"potentialAction\":[{\"@type\":\"ReadAction\",\"target\":[\"https:\/\/wpdiarytheme.com\/pl\/witryny-erotyczne-dla-doroslych\/\"]}]},{\"@type\":\"BreadcrumbList\",\"@id\":\"https:\/\/wpdiarytheme.com\/pl\/witryny-erotyczne-dla-doroslych\/#breadcrumb\",\"itemListElement\":[{\"@type\":\"ListItem\",\"position\":1,\"name\":\"Home\",\"item\":\"https:\/\/wpdiarytheme.com\/pl\/\"},{\"@type\":\"ListItem\",\"position\":2,\"name\":\"Witryny erotyczne dla doros\\u0142ych\"}]}]}<\/script>\n<!-- \/ Yoast SEO plugin. -->","yoast_head_json":{"title":"Witryny erotyczne dla doros\u0142ych - Dating Themes","robots":{"index":"index","follow":"follow","max-snippet":"max-snippet:-1","max-image-preview":"max-image-preview:large","max-video-preview":"max-video-preview:-1"},"canonical":"https:\/\/wpdiarytheme.com\/pl\/witryny-erotyczne-dla-doroslych\/","og_locale":"pl_PL","og_type":"article","og_title":"Witryny erotyczne dla doros\u0142ych - Dating Themes","og_description":"Istnieje wiele witryn erotycznych dla doros\u0142ych, kt\u00f3re zaspokajaj\u0105 potrzeby os\u00f3b szukaj\u0105cych szybkiego po\u0142\u0105czenia. Witryny te zazwyczaj wymagaj\u0105 op\u0142aty cz\u0142onkowskiej, ale&hellip;","og_url":"https:\/\/wpdiarytheme.com\/pl\/witryny-erotyczne-dla-doroslych\/","og_site_name":"Dating Themes","twitter_card":"summary_large_image","twitter_misc":{"Szacowany czas czytania":"4 minuty"},"schema":{"@context":"https:\/\/schema.org","@graph":[{"@type":"WebSite","@id":"https:\/\/wpdiarytheme.com\/#website","url":"https:\/\/wpdiarytheme.com\/","name":"Dating Themes","description":"Find Your Perfect App","potentialAction":[{"@type":"SearchAction","target":{"@type":"EntryPoint","urlTemplate":"https:\/\/wpdiarytheme.com\/?s={search_term_string}"},"query-input":"required name=search_term_string"}],"inLanguage":"pl-PL"},{"@type":"WebPage","@id":"https:\/\/wpdiarytheme.com\/pl\/witryny-erotyczne-dla-doroslych\/#webpage","url":"https:\/\/wpdiarytheme.com\/pl\/witryny-erotyczne-dla-doroslych\/","name":"Witryny erotyczne dla doros\u0142ych - Dating Themes","isPartOf":{"@id":"https:\/\/wpdiarytheme.com\/#website"},"datePublished":"2022-09-30T12:13:44+00:00","dateModified":"2022-09-30T12:13:44+00:00","breadcrumb":{"@id":"https:\/\/wpdiarytheme.com\/pl\/witryny-erotyczne-dla-doroslych\/#breadcrumb"},"inLanguage":"pl-PL","potentialAction":[{"@type":"ReadAction","target":["https:\/\/wpdiarytheme.com\/pl\/witryny-erotyczne-dla-doroslych\/"]}]},{"@type":"BreadcrumbList","@id":"https:\/\/wpdiarytheme.com\/pl\/witryny-erotyczne-dla-doroslych\/#breadcrumb","itemListElement":[{"@type":"ListItem","position":1,"name":"Home","item":"https:\/\/wpdiarytheme.com\/pl\/"},{"@type":"ListItem","position":2,"name":"Witryny erotyczne dla doros\u0142ych"}]}]}},"_links":{"self":[{"href":"https:\/\/wpdiarytheme.com\/pl\/wp-json\/wp\/v2\/pages\/260"}],"collection":[{"href":"https:\/\/wpdiarytheme.com\/pl\/wp-json\/wp\/v2\/pages"}],"about":[{"href":"https:\/\/wpdiarytheme.com\/pl\/wp-json\/wp\/v2\/types\/page"}],"author":[{"embeddable":true,"href":"https:\/\/wpdiarytheme.com\/pl\/wp-json\/wp\/v2\/users\/1"}],"replies":[{"embeddable":true,"href":"https:\/\/wpdiarytheme.com\/pl\/wp-json\/wp\/v2\/comments?post=260"}],"version-history":[{"count":0,"href":"https:\/\/wpdiarytheme.com\/pl\/wp-json\/wp\/v2\/pages\/260\/revisions"}],"wp:attachment":[{"href":"https:\/\/wpdiarytheme.com\/pl\/wp-json\/wp\/v2\/media?parent=260"}],"curies":[{"name":"wp","href":"https:\/\/api.w.org\/{rel}","templated":true}]}}