{"id":255,"date":"2022-09-30T13:11:56","date_gmt":"2022-09-30T12:11:56","guid":{"rendered":"http:\/\/wpdiarytheme.com\/kobiety-szukajace-seksu\/"},"modified":"2022-09-30T13:11:56","modified_gmt":"2022-09-30T12:11:56","slug":"kobiety-szukajace-seksu","status":"publish","type":"page","link":"https:\/\/wpdiarytheme.com\/pl\/kobiety-szukajace-seksu\/","title":{"rendered":"Kobiety szukaj\u0105ce seksu"},"content":{"rendered":"<p>Jest co\u015b w kobiecie, kt\u00f3ra wie, czego chce i nie boi si\u0119 <a href=\"http:\/\/wpdiarytheme.com\/milf-hookup-sites\/\">tego osi\u0105gn\u0105\u0107, co jest niesamowicie atrakcyjne<\/a>. Kobiety, kt\u00f3re chc\u0105 si\u0119 pieprzy\u0107, s\u0105 pewne siebie i seksowne i wiedz\u0105, jak dosta\u0107 to, czego chc\u0105. Nie boj\u0105 si\u0119 przej\u0105\u0107 kontroli i \u015bwietnie le\u017c\u0105 w \u0142\u00f3\u017cku. Je\u015bli szukasz po\u0142\u0105czenia, kt\u00f3re z pewno\u015bci\u0105 b\u0119dzie gor\u0105ce i dzikie, po\u0142\u0105cz si\u0119 z kobiet\u0105, kt\u00f3ra chce si\u0119 pieprzy\u0107.<\/p>\n<p>Jest wiele kobiet szukaj\u0105cych seksu, a je\u015bli chcesz w\u0142o\u017cy\u0107 troch\u0119 wysi\u0142ku, mo\u017cesz je znale\u017a\u0107. Kluczem jest uczynienie siebie atrakcyjnym dla nich i bycie asertywnym. B\u0105d\u017a pewny siebie i przejmij inicjatyw\u0119. B\u0105d\u017a przygotowany na zaoferowanie im czego\u015b w zamian, niezale\u017cnie od tego, czy jest to rekompensata finansowa, czy po prostu przyjemno\u015b\u0107. B\u0105d\u017a pe\u0142en szacunku i nie naciskaj zbyt mocno, a powiniene\u015b by\u0107 w stanie znale\u017a\u0107 kobiety, kt\u00f3re chc\u0105 uprawia\u0107 z tob\u0105 seks.<\/p>\n<h2>Wyszukiwarka seksu<\/h2>\n<p>Jest mn\u00f3stwo kobiet szukaj\u0105cych seksu w pobli\u017cu mnie, a zdecydowana wi\u0119kszo\u015b\u0107 z nich po prostu szuka mi\u0142o\u015bci. Je\u015bli jednak szukasz tylko szybkiego po\u0142\u0105czenia, prawdopodobnie b\u0119dziesz mia\u0142 wi\u0119cej szcz\u0119\u015bcia gdzie indziej. Kobiety szukaj\u0105ce seksu w pobli\u017cu mnie zazwyczaj szukaj\u0105 czego\u015b bardziej znacz\u0105cego, wi\u0119c je\u015bli szukasz tylko jednej nocy, mo\u017cesz spr\u00f3bowa\u0107 gdzie indziej.<\/p>\n<h2>Napalone lokalne kobiety<\/h2>\n<p>Nie musisz si\u0119 wstydzi\u0107, \u017ce chcesz po\u0142\u0105czy\u0107 si\u0119 z napalon\u0105 kobiet\u0105. Mo\u017cesz znale\u017a\u0107 wiele z nich tutaj na Xpress.com. Po prostu utw\u00f3rz profil i zacznij przegl\u0105da\u0107 wszystkie lokalne napalone kobiety w Twojej okolicy. Mo\u017cesz wysy\u0142a\u0107 wiadomo\u015bci i flirtowa\u0107 oraz umawia\u0107 si\u0119 na spotkanie na gor\u0105c\u0105, parn\u0105 sesj\u0119. Wszystko zale\u017cy od Ciebie. Na co wi\u0119c czekasz? Zacznij ju\u017c dzi\u015b i po\u0142\u0105cz si\u0119 z napalon\u0105 kobiet\u0105 w pobli\u017cu!<\/p>\n<h3>LuckyCrush<\/h3>\n<p>LuckyCrush to nowa aplikacja randkowa, kt\u00f3ra pozwala kobietom anonimowo ocenia\u0107 i recenzowa\u0107 m\u0119\u017cczyzn, z kt\u00f3rymi spa\u0142y. Aplikacja jest anonimowa i pozwala kobietom ocenia\u0107 i recenzowa\u0107 m\u0119\u017cczyzn, kt\u00f3rych pieprzy\u0142y, a nie na odwr\u00f3t. Aplikacja jest wci\u0105\u017c na wczesnym etapie, ale ju\u017c pomaga kobietom anonimowo ocenia\u0107 i recenzowa\u0107 m\u0119\u017cczyzn, kt\u00f3rych pieprzy\u0142y.<\/p>\n<h3>WantMatures<\/h3>\n<p>Je\u015bli jeste\u015b kobiet\u0105, kt\u00f3ra po prostu chce si\u0119 pieprzy\u0107, to aplikacja randkowa WantMatures jest zdecydowanie warta sprawdzenia. Aplikacja zosta\u0142a zaprojektowana specjalnie dla kobiet, kt\u00f3re chc\u0105 po\u0142\u0105czy\u0107 si\u0119 ze starszymi m\u0119\u017cczyznami i jest naprawd\u0119 \u0142atwa w u\u017cyciu. Wystarczy utworzy\u0107 profil, przejrze\u0107 profile potencjalnych dopasowa\u0144 i rozpocz\u0105\u0107 wysy\u0142anie wiadomo\u015bci. M\u0119\u017cczy\u017ani w aplikacji szukaj\u0105 jednej rzeczy i nie boj\u0105 si\u0119 tego powiedzie\u0107. Tak wi\u0119c, je\u015bli jeste\u015b zm\u0119czony kontaktami z facetami, kt\u00f3rzy po prostu chc\u0105 gra\u0107 w gry, jest to aplikacja dla Ciebie.<\/p>\n<h3>Fling.com<\/h3>\n<p>Je\u015bli jeste\u015b kobiet\u0105, kt\u00f3ra chce si\u0119 pieprzy\u0107, to Fling.com jest aplikacja randkowa dla Ciebie. Z ponad 2 milionami cz\u0142onk\u00f3w na ca\u0142ym \u015bwiecie, jest to najwi\u0119ksza aplikacja randkowa tego rodzaju i \u0142atwo zrozumie\u0107, dlaczego. Dzi\u0119ki prostej, ale skutecznej funkcji wyszukiwania mo\u017cesz szybko i \u0142atwo znale\u017a\u0107 kogo\u015b, kto spe\u0142nia Twoje kryteria.<\/p>\n<p>Nie ma skomplikowanych algorytm\u00f3w ani d\u0142ugich kwestionariuszy do wype\u0142nienia, tylko prosty profil i zdj\u0119cie. Gdy znajdziesz kogo\u015b, kogo lubisz, po prostu wy\u015blij mu wiadomo\u015b\u0107 i pozw\u00f3l rozpocz\u0105\u0107 zabaw\u0119.<\/p>\n<p>Fling.com jest darmowy i nie ma \u017cadnych ukrytych koszt\u00f3w, wi\u0119c mo\u017cesz po prostu skupi\u0107 si\u0119 na znalezieniu kogo\u015b do pieprzenia. A dzi\u0119ki du\u017cej bazie cz\u0142onk\u00f3w na pewno znajdziesz kogo\u015b, kto jest na to gotowy.<\/p>\n","protected":false},"excerpt":{"rendered":"<p>Jest co\u015b w kobiecie, kt\u00f3ra wie, czego chce i nie boi si\u0119 tego osi\u0105gn\u0105\u0107, co jest niesamowicie atrakcyjne. Kobiety, kt\u00f3re&hellip;<\/p>\n","protected":false},"author":1,"featured_media":0,"parent":0,"menu_order":0,"comment_status":"closed","ping_status":"closed","template":"","meta":[],"yoast_head":"<!-- This site is optimized with the Yoast SEO plugin v17.7.1 - https:\/\/yoast.com\/wordpress\/plugins\/seo\/ -->\n<title>Kobiety szukaj\u0105ce seksu - Dating Themes<\/title>\n<meta name=\"robots\" content=\"index, follow, max-snippet:-1, max-image-preview:large, max-video-preview:-1\" \/>\n<link rel=\"canonical\" href=\"https:\/\/wpdiarytheme.com\/pl\/kobiety-szukajace-seksu\/\" \/>\n<meta property=\"og:locale\" content=\"pl_PL\" \/>\n<meta property=\"og:type\" content=\"article\" \/>\n<meta property=\"og:title\" content=\"Kobiety szukaj\u0105ce seksu - Dating Themes\" \/>\n<meta property=\"og:description\" content=\"Jest co\u015b w kobiecie, kt\u00f3ra wie, czego chce i nie boi si\u0119 tego osi\u0105gn\u0105\u0107, co jest niesamowicie atrakcyjne. Kobiety, kt\u00f3re&hellip;\" \/>\n<meta property=\"og:url\" content=\"https:\/\/wpdiarytheme.com\/pl\/kobiety-szukajace-seksu\/\" \/>\n<meta property=\"og:site_name\" content=\"Dating Themes\" \/>\n<meta name=\"twitter:card\" content=\"summary_large_image\" \/>\n<meta name=\"twitter:label1\" content=\"Szacowany czas czytania\" \/>\n\t<meta name=\"twitter:data1\" content=\"3 minuty\" \/>\n<script type=\"application\/ld+json\" class=\"yoast-schema-graph\">{\"@context\":\"https:\/\/schema.org\",\"@graph\":[{\"@type\":\"WebSite\",\"@id\":\"http:\/\/wpdiarytheme.com\/#website\",\"url\":\"http:\/\/wpdiarytheme.com\/\",\"name\":\"Dating Themes\",\"description\":\"Find Your Perfect App\",\"potentialAction\":[{\"@type\":\"SearchAction\",\"target\":{\"@type\":\"EntryPoint\",\"urlTemplate\":\"http:\/\/wpdiarytheme.com\/?s={search_term_string}\"},\"query-input\":\"required name=search_term_string\"}],\"inLanguage\":\"pl-PL\"},{\"@type\":\"WebPage\",\"@id\":\"https:\/\/wpdiarytheme.com\/pl\/kobiety-szukajace-seksu\/#webpage\",\"url\":\"https:\/\/wpdiarytheme.com\/pl\/kobiety-szukajace-seksu\/\",\"name\":\"Kobiety szukaj\\u0105ce seksu - Dating Themes\",\"isPartOf\":{\"@id\":\"http:\/\/wpdiarytheme.com\/#website\"},\"datePublished\":\"2022-09-30T12:11:56+00:00\",\"dateModified\":\"2022-09-30T12:11:56+00:00\",\"breadcrumb\":{\"@id\":\"https:\/\/wpdiarytheme.com\/pl\/kobiety-szukajace-seksu\/#breadcrumb\"},\"inLanguage\":\"pl-PL\",\"potentialAction\":[{\"@type\":\"ReadAction\",\"target\":[\"https:\/\/wpdiarytheme.com\/pl\/kobiety-szukajace-seksu\/\"]}]},{\"@type\":\"BreadcrumbList\",\"@id\":\"https:\/\/wpdiarytheme.com\/pl\/kobiety-szukajace-seksu\/#breadcrumb\",\"itemListElement\":[{\"@type\":\"ListItem\",\"position\":1,\"name\":\"Home\",\"item\":\"http:\/\/wpdiarytheme.com\/pl\/\"},{\"@type\":\"ListItem\",\"position\":2,\"name\":\"Kobiety szukaj\\u0105ce seksu\"}]}]}<\/script>\n<!-- \/ Yoast SEO plugin. -->","yoast_head_json":{"title":"Kobiety szukaj\u0105ce seksu - Dating Themes","robots":{"index":"index","follow":"follow","max-snippet":"max-snippet:-1","max-image-preview":"max-image-preview:large","max-video-preview":"max-video-preview:-1"},"canonical":"https:\/\/wpdiarytheme.com\/pl\/kobiety-szukajace-seksu\/","og_locale":"pl_PL","og_type":"article","og_title":"Kobiety szukaj\u0105ce seksu - Dating Themes","og_description":"Jest co\u015b w kobiecie, kt\u00f3ra wie, czego chce i nie boi si\u0119 tego osi\u0105gn\u0105\u0107, co jest niesamowicie atrakcyjne. Kobiety, kt\u00f3re&hellip;","og_url":"https:\/\/wpdiarytheme.com\/pl\/kobiety-szukajace-seksu\/","og_site_name":"Dating Themes","twitter_card":"summary_large_image","twitter_misc":{"Szacowany czas czytania":"3 minuty"},"schema":{"@context":"https:\/\/schema.org","@graph":[{"@type":"WebSite","@id":"http:\/\/wpdiarytheme.com\/#website","url":"http:\/\/wpdiarytheme.com\/","name":"Dating Themes","description":"Find Your Perfect App","potentialAction":[{"@type":"SearchAction","target":{"@type":"EntryPoint","urlTemplate":"http:\/\/wpdiarytheme.com\/?s={search_term_string}"},"query-input":"required name=search_term_string"}],"inLanguage":"pl-PL"},{"@type":"WebPage","@id":"https:\/\/wpdiarytheme.com\/pl\/kobiety-szukajace-seksu\/#webpage","url":"https:\/\/wpdiarytheme.com\/pl\/kobiety-szukajace-seksu\/","name":"Kobiety szukaj\u0105ce seksu - Dating Themes","isPartOf":{"@id":"http:\/\/wpdiarytheme.com\/#website"},"datePublished":"2022-09-30T12:11:56+00:00","dateModified":"2022-09-30T12:11:56+00:00","breadcrumb":{"@id":"https:\/\/wpdiarytheme.com\/pl\/kobiety-szukajace-seksu\/#breadcrumb"},"inLanguage":"pl-PL","potentialAction":[{"@type":"ReadAction","target":["https:\/\/wpdiarytheme.com\/pl\/kobiety-szukajace-seksu\/"]}]},{"@type":"BreadcrumbList","@id":"https:\/\/wpdiarytheme.com\/pl\/kobiety-szukajace-seksu\/#breadcrumb","itemListElement":[{"@type":"ListItem","position":1,"name":"Home","item":"http:\/\/wpdiarytheme.com\/pl\/"},{"@type":"ListItem","position":2,"name":"Kobiety szukaj\u0105ce seksu"}]}]}},"_links":{"self":[{"href":"https:\/\/wpdiarytheme.com\/pl\/wp-json\/wp\/v2\/pages\/255"}],"collection":[{"href":"https:\/\/wpdiarytheme.com\/pl\/wp-json\/wp\/v2\/pages"}],"about":[{"href":"https:\/\/wpdiarytheme.com\/pl\/wp-json\/wp\/v2\/types\/page"}],"author":[{"embeddable":true,"href":"https:\/\/wpdiarytheme.com\/pl\/wp-json\/wp\/v2\/users\/1"}],"replies":[{"embeddable":true,"href":"https:\/\/wpdiarytheme.com\/pl\/wp-json\/wp\/v2\/comments?post=255"}],"version-history":[{"count":0,"href":"https:\/\/wpdiarytheme.com\/pl\/wp-json\/wp\/v2\/pages\/255\/revisions"}],"wp:attachment":[{"href":"https:\/\/wpdiarytheme.com\/pl\/wp-json\/wp\/v2\/media?parent=255"}],"curies":[{"name":"wp","href":"https:\/\/api.w.org\/{rel}","templated":true}]}}