{"id":168,"date":"2022-09-12T12:14:34","date_gmt":"2022-09-12T11:14:34","guid":{"rendered":"http:\/\/wpdiarytheme.com\/twoj-dziennik-randkowy-hookups-more\/"},"modified":"2022-09-27T13:17:53","modified_gmt":"2022-09-27T12:17:53","slug":"twoj-dziennik-randkowy-hookups-more","status":"publish","type":"page","link":"https:\/\/wpdiarytheme.com\/pl\/","title":{"rendered":"Tw\u00f3j dziennik randkowy: Hookups &amp; More"},"content":{"rendered":"<p>Wiem, co my\u015blisz: &#8222;Istniej\u0105 tysi\u0105ce aplikacji randkowych i stron internetowych&#8221;. I mia\u0142by\u015b racj\u0119. Ale my\u015bl\u0119, \u017ce mo\u017cemy si\u0119 zgodzi\u0107, \u017ce s\u0105 te\u017c najlepsze. Jako kto\u015b, kto u\u017cywa go codziennie, chcia\u0142em si\u0119 upewni\u0107, \u017ce wiesz o najlepszych darmowych witrynach do pod\u0142\u0105czania.<\/p>\n<p>Ta lista zawiera wszystkie g\u0142\u00f3wne, kt\u00f3re s\u0105 ca\u0142kowicie bezp\u0142atne. Niekt\u00f3re z nich maj\u0105 nawet p\u0142atne plany, ale nie s\u0105 one konieczne, aby do\u0142\u0105czy\u0107. Je\u015bli jednak chcesz znale\u017a\u0107 d\u0142ugoterminowy zwi\u0105zek, sprawd\u017a m\u00f3j przewodnik po znajdowaniu mi\u0142o\u015bci w Internecie.<\/p>\n<p>Najwi\u0119ksz\u0105 rzecz\u0105, kt\u00f3r\u0105 zauwa\u017cysz na tych stronach, jest \u0142atwo\u015b\u0107 ich u\u017cycia <a href=\"http:\/\/www.sexrandki.org\">Sexrandki.org<\/a>. Wi\u0119kszo\u015b\u0107 witryn nie wymaga rejestracji, tylko nazw\u0119 u\u017cytkownika i has\u0142o. Nie musisz wype\u0142nia\u0107 profili ani odpowiada\u0107 na pytania; po prostu wpisz, co chcesz w pasku wyszukiwania i zacznij spotyka\u0107 si\u0119 z lud\u017ami.<\/p>\n<p>Na naszej li\u015bcie nie znajdziesz \u017cadnych fa\u0142szywych kont. Wszystkie wymienione tutaj witryny s\u0105 ca\u0142kowicie legalne i bezpieczne. Na tych platformach jest te\u017c mn\u00f3stwo r\u00f3\u017cnych typ\u00f3w ludzi. Niezale\u017cnie od tego, czy wolisz przygodny seks, czy powa\u017cne zwi\u0105zki, na pewno znajdziesz co\u015b, co lubisz.<\/p>\n<h2>Pierwsze kroki z serwisami randkowymi<\/h2>\n<p>Wiele os\u00f3b korzysta z serwis\u00f3w randkowych i aplikacji, aby po\u0142\u0105czy\u0107 si\u0119 z potencjalnymi romantycznymi meczami. Ale podczas gdy te strony oferuj\u0105 wiele funkcji do znajdowania mi\u0142o\u015bci, istnieje wiele innych, kt\u00f3re zaspokajaj\u0105 specjalnie spotkania na jedn\u0105 noc. Niezale\u017cnie od tego, czy szukasz szybkiego flingu, czy po prostu kogo\u015b, z kim mo\u017cesz sp\u0119dza\u0107 czas, oto 10 \u015bwietnych miejsc, do kt\u00f3rych mo\u017cesz si\u0119 uda\u0107, gdzie nie b\u0119dziesz musia\u0142 nawet nic p\u0142aci\u0107, aby spr\u00f3bowa\u0107.<\/p>\n<p><img loading=\"lazy\" class=\"aligncenter wp-image-66 size-large\" src=\"http:\/\/wpdiarytheme.com\/wp-content\/uploads\/2022\/09\/real-dates-online-1024x683.jpeg\" alt=\"\" width=\"525\" height=\"350\" srcset=\"https:\/\/wpdiarytheme.com\/wp-content\/uploads\/2022\/09\/real-dates-online-1024x683.jpeg 1024w, https:\/\/wpdiarytheme.com\/wp-content\/uploads\/2022\/09\/real-dates-online-300x200.jpeg 300w, https:\/\/wpdiarytheme.com\/wp-content\/uploads\/2022\/09\/real-dates-online-768x512.jpeg 768w, https:\/\/wpdiarytheme.com\/wp-content\/uploads\/2022\/09\/real-dates-online.jpeg 1125w\" sizes=\"(max-width: 525px) 100vw, 525px\" \/><\/p>\n<h3>PlentyOfFish<\/h3>\n<p>PlentyOfFish jest prawdopodobnie najbardziej znanym miejscem do przypadkowych spotka\u0144. Chocia\u017c pobiera op\u0142at\u0119, aby zosta\u0107 cz\u0142onkiem premium, oferuje mn\u00f3stwo funkcji, w tym mo\u017cliwo\u015b\u0107 przegl\u0105dania cz\u0142onk\u00f3w na podstawie lokalizacji, wieku, typu cia\u0142a, p\u0142ci, pochodzenia etnicznego, religii, statusu zwi\u0105zku, poziomu wykszta\u0142cenia, wzrostu, wagi, nawyk\u00f3w palenia, nawyk\u00f3w picia i wielu innych. Nigdy nie spotkasz nikogo, kogo znasz, ale mo\u017cesz spotka\u0107 kogo\u015b, kto podziela twoje zainteresowania.<\/p>\n<h3>AdultFriendFinder<\/h3>\n<p>Adult Friend Finder to kolejne bardzo popularne miejsce do szukania przypadkowego spotkania. Istniej\u0105 od 1999 roku i twierdz\u0105, \u017ce maj\u0105 miliony aktywnych profili. Istnieje wiele r\u00f3\u017cnych opcji cz\u0142onkostwa, od bezp\u0142atnej wersji pr\u00f3bnej po miesi\u0119czn\u0105 subskrypcj\u0119. Tak d\u0142ugo, jak jeste\u015b got\u00f3w w\u0142o\u017cy\u0107 troch\u0119 pracy, mo\u017cesz znale\u017a\u0107 dok\u0142adnie to, czego szukasz.<\/p>\n<p>Adult Friend Finder to kolejna strona po\u015bwi\u0119cona pomaganiu doros\u0142ym w znalezieniu przyjaci\u00f3\u0142 z korzy\u015bciami. W rzeczywisto\u015bci jest to druga co do wielko\u015bci strona osobista BBW za Ashley Madison.<\/p>\n<h3>Ashley Madison<\/h3>\n<p>Je\u015bli szukasz czego\u015b dyskretnego, Ashley Madison jest zdecydowanie <a href=\"http:\/\/www.darmowe-sex-randki.com\">Darmowe-Sex-Randki.com<\/a> warta sprawdzenia. Ta witryna umo\u017cliwia wy\u015bwietlanie profili innych os\u00f3b, wysy\u0142anie wiadomo\u015bci i ustalanie dat. Wszystko to dzieje si\u0119 ca\u0142kowicie anonimowo. Je\u015bli zdecydujesz si\u0119 zarejestrowa\u0107 w celu uzyskania cz\u0142onkostwa premium, b\u0119dziesz m\u00f3g\u0142 zobaczy\u0107 pe\u0142ne imiona i nazwiska innych cz\u0142onk\u00f3w, adresy e-mail, a nawet numery telefon\u00f3w.<\/p>\n<p>AshleyMadison.com to powiew \u015bwie\u017cego powietrza online dla os\u00f3b, kt\u00f3re chc\u0105 do\u015bwiadczy\u0107 troch\u0119 dodatkowej przyprawy w swoim \u017cyciu mi\u0142osnym. Z ponad 54 milionami cz\u0142onk\u00f3w na ca\u0142ym \u015bwiecie, serwis randkowy dla doros\u0142ych oferuje wiele sposob\u00f3w na poznanie podobnie my\u015bl\u0105cych singli. Niezale\u017cnie od tego, czy szukasz przypadkowych spotka\u0144, powa\u017cnego zwi\u0105zku, czy czego\u015b zupe\u0142nie innego, AshleyMadison.com ma wszystko, czego szukasz.<\/p>\n<h3>Niegrzeczny<\/h3>\n<p>BeNaughty to bezp\u0142atna aplikacja randkowa online, w kt\u00f3rej ludzie spotykaj\u0105 si\u0119 na podstawie wzajemnych zainteresowa\u0144. Nie musisz si\u0119 martwi\u0107 o znalezienie kogo\u015b wyj\u0105tkowego, poniewa\u017c tysi\u0105ce cz\u0142onk\u00f3w czeka na Ciebie, aby do\u0142\u0105czy\u0107.<\/p>\n<p>Cel BeNaughty jest prosty: chcemy u\u0142atwi\u0107 poznawanie ludzi. Wykonali\u015bmy dla Ciebie ci\u0119\u017ck\u0105 prac\u0119 &#8211; nasz zesp\u00f3\u0142 ekspert\u00f3w starannie dobra\u0142 profile gor\u0105cych facet\u00f3w i dziewcz\u0105t takich jak Ty. Niezale\u017cnie od tego, czy szukasz przyja\u017ani, przypadkowego seksu, czy czego\u015b powa\u017cnego, znajdziesz tutaj dok\u0142adnie to, czego chcesz.<\/p>\n<p>Je\u015bli chcesz rozpocz\u0105\u0107 rozmow\u0119 z lokalnym singletonem, zarejestruj si\u0119 teraz i zacznij przegl\u0105da\u0107.<\/p>\n<h3>IWantU<\/h3>\n<p>Aplikacja IWantU to strona z pod\u0142\u0105czeniem, kt\u00f3ra pozwala ludziom spotka\u0107 si\u0119 na seks tego samego dnia. Uruchomiona w 2017 roku aplikacja zosta\u0142a pobrana ponad 50 milion\u00f3w razy na ca\u0142ym \u015bwiecie, z ponad 30 milionami pobra\u0144 w samych Stanach Zjednoczonych. U\u017cytkownicy rejestruj\u0105 si\u0119 bezp\u0142atnie, wybieraj\u0105 p\u0142e\u0107, przedzia\u0142 wiekowy, lokalizacj\u0119 i zainteresowania oraz czekaj\u0105 na dopasowania na podstawie tych kryteri\u00f3w. Nast\u0119pnie mog\u0105 nawi\u0105za\u0107 bezpo\u015bredni kontakt przez e-mail lub telefon i um\u00f3wi\u0107 si\u0119 na spotkanie seksualne w ci\u0105gu 24 godzin.<\/p>\n<p>Aplikacja zosta\u0142a zaprojektowana, aby pom\u00f3c zapracowanym profesjonalistom spotka\u0107 si\u0119 z podobnie my\u015bl\u0105cymi osobami na jedn\u0105 noc, szybkie flingi, a nawet propozycje ma\u0142\u017ce\u0144stwa. Nie ma odm\u00f3w ani d\u0142ugich perswazji, poniewa\u017c wszyscy cz\u0142onkowie przychodz\u0105 po to samo \u2013 seks.<\/p>\n<p>Ka\u017cdy u\u017cytkownik wyr\u00f3\u017cnia si\u0119 emancypacj\u0105, ch\u0119ci\u0105 otrzymywania i dostarczania przyjemno\u015bci oraz ch\u0119ci\u0105 spr\u00f3bowania czego\u015b innego. Opr\u00f3cz sekcji profilu, w kt\u00f3rej u\u017cytkownicy opisuj\u0105 siebie, przesy\u0142aj\u0105 r\u00f3wnie\u017c zdj\u0119cia, filmy i lokalizacje, w kt\u00f3rych chc\u0105 si\u0119 spotka\u0107.<\/p>\n<h2>Co dalej?<\/h2>\n<p>Okej, wi\u0119c wiemy, co my\u015blisz. &#8222;Nie chc\u0119 do\u0142\u0105cza\u0107 do jakiej\u015b strony z pod\u0142\u0105czeniami.&#8221; C\u00f3\u017c, jest w porz\u0105dku, poniewa\u017c istnieje wiele bezp\u0142atnych witryn, kt\u00f3re oferuj\u0105 \u015bwietne funkcje, takie jak wiadomo\u015bci b\u0142yskawiczne i czat wideo.<\/p>\n<p>Je\u015bli chcesz uprawia\u0107 przygodny seks dzi\u015b wieczorem, przewijaj dalej i podejmuj dzia\u0142ania, do\u015b\u0107 proste, prawda?<\/p>\n<p>Powiniene\u015b do\u0142\u0105czy\u0107 do kilku r\u00f3\u017cnych witryn i zobaczy\u0107, kt\u00f3ra z nich dzia\u0142a najlepiej dla Ciebie.<\/p>\n","protected":false},"excerpt":{"rendered":"<p>Wiem, co my\u015blisz: &#8222;Istniej\u0105 tysi\u0105ce aplikacji randkowych i stron internetowych&#8221;. I mia\u0142by\u015b racj\u0119. Ale my\u015bl\u0119, \u017ce mo\u017cemy si\u0119 zgodzi\u0107, \u017ce&hellip;<\/p>\n","protected":false},"author":1,"featured_media":83,"parent":0,"menu_order":0,"comment_status":"closed","ping_status":"closed","template":"","meta":[],"yoast_head":"<!-- This site is optimized with the Yoast SEO plugin v17.7.1 - https:\/\/yoast.com\/wordpress\/plugins\/seo\/ -->\n<title>Tw\u00f3j dziennik randkowy: Hookups &amp; More - Dating Themes<\/title>\n<meta name=\"robots\" content=\"index, follow, max-snippet:-1, max-image-preview:large, max-video-preview:-1\" \/>\n<link rel=\"canonical\" href=\"https:\/\/wpdiarytheme.com\/pl\/\" \/>\n<meta property=\"og:locale\" content=\"pl_PL\" \/>\n<meta property=\"og:type\" content=\"article\" \/>\n<meta property=\"og:title\" content=\"Tw\u00f3j dziennik randkowy: Hookups &amp; More - Dating Themes\" \/>\n<meta property=\"og:description\" content=\"Wiem, co my\u015blisz: &#8222;Istniej\u0105 tysi\u0105ce aplikacji randkowych i stron internetowych&#8221;. I mia\u0142by\u015b racj\u0119. Ale my\u015bl\u0119, \u017ce mo\u017cemy si\u0119 zgodzi\u0107, \u017ce&hellip;\" \/>\n<meta property=\"og:url\" content=\"https:\/\/wpdiarytheme.com\/pl\/\" \/>\n<meta property=\"og:site_name\" content=\"Dating Themes\" \/>\n<meta property=\"article:modified_time\" content=\"2022-09-27T12:17:53+00:00\" \/>\n<meta property=\"og:image\" content=\"https:\/\/wpdiarytheme.com\/wp-content\/uploads\/2022\/09\/local-sex-match.jpeg\" \/>\n\t<meta property=\"og:image:width\" content=\"1600\" \/>\n\t<meta property=\"og:image:height\" content=\"1067\" \/>\n<meta name=\"twitter:card\" content=\"summary_large_image\" \/>\n<meta name=\"twitter:label1\" content=\"Szacowany czas czytania\" \/>\n\t<meta name=\"twitter:data1\" content=\"5 minut\" \/>\n<script type=\"application\/ld+json\" class=\"yoast-schema-graph\">{\"@context\":\"https:\/\/schema.org\",\"@graph\":[{\"@type\":\"WebSite\",\"@id\":\"https:\/\/wpdiarytheme.com\/#website\",\"url\":\"https:\/\/wpdiarytheme.com\/\",\"name\":\"Dating Themes\",\"description\":\"Find Your Perfect App\",\"potentialAction\":[{\"@type\":\"SearchAction\",\"target\":{\"@type\":\"EntryPoint\",\"urlTemplate\":\"https:\/\/wpdiarytheme.com\/?s={search_term_string}\"},\"query-input\":\"required name=search_term_string\"}],\"inLanguage\":\"pl-PL\"},{\"@type\":\"ImageObject\",\"@id\":\"https:\/\/wpdiarytheme.com\/pl\/#primaryimage\",\"inLanguage\":\"pl-PL\",\"url\":\"https:\/\/wpdiarytheme.com\/wp-content\/uploads\/2022\/09\/local-sex-match.jpeg\",\"contentUrl\":\"https:\/\/wpdiarytheme.com\/wp-content\/uploads\/2022\/09\/local-sex-match.jpeg\",\"width\":1600,\"height\":1067},{\"@type\":\"WebPage\",\"@id\":\"https:\/\/wpdiarytheme.com\/pl\/#webpage\",\"url\":\"https:\/\/wpdiarytheme.com\/pl\/\",\"name\":\"Tw\\u00f3j dziennik randkowy: Hookups &amp; More - Dating Themes\",\"isPartOf\":{\"@id\":\"https:\/\/wpdiarytheme.com\/#website\"},\"primaryImageOfPage\":{\"@id\":\"https:\/\/wpdiarytheme.com\/pl\/#primaryimage\"},\"datePublished\":\"2022-09-12T11:14:34+00:00\",\"dateModified\":\"2022-09-27T12:17:53+00:00\",\"breadcrumb\":{\"@id\":\"https:\/\/wpdiarytheme.com\/pl\/#breadcrumb\"},\"inLanguage\":\"pl-PL\",\"potentialAction\":[{\"@type\":\"ReadAction\",\"target\":[\"https:\/\/wpdiarytheme.com\/pl\/\"]}]},{\"@type\":\"BreadcrumbList\",\"@id\":\"https:\/\/wpdiarytheme.com\/pl\/#breadcrumb\",\"itemListElement\":[{\"@type\":\"ListItem\",\"position\":1,\"name\":\"Home\",\"item\":\"https:\/\/wpdiarytheme.com\/pl\/\"},{\"@type\":\"ListItem\",\"position\":2,\"name\":\"Tw\\u00f3j dziennik randkowy: Hookups &amp; More\"}]}]}<\/script>\n<!-- \/ Yoast SEO plugin. -->","yoast_head_json":{"title":"Tw\u00f3j dziennik randkowy: Hookups &amp; More - Dating Themes","robots":{"index":"index","follow":"follow","max-snippet":"max-snippet:-1","max-image-preview":"max-image-preview:large","max-video-preview":"max-video-preview:-1"},"canonical":"https:\/\/wpdiarytheme.com\/pl\/","og_locale":"pl_PL","og_type":"article","og_title":"Tw\u00f3j dziennik randkowy: Hookups &amp; More - Dating Themes","og_description":"Wiem, co my\u015blisz: &#8222;Istniej\u0105 tysi\u0105ce aplikacji randkowych i stron internetowych&#8221;. I mia\u0142by\u015b racj\u0119. Ale my\u015bl\u0119, \u017ce mo\u017cemy si\u0119 zgodzi\u0107, \u017ce&hellip;","og_url":"https:\/\/wpdiarytheme.com\/pl\/","og_site_name":"Dating Themes","article_modified_time":"2022-09-27T12:17:53+00:00","og_image":[{"width":1600,"height":1067,"url":"https:\/\/wpdiarytheme.com\/wp-content\/uploads\/2022\/09\/local-sex-match.jpeg","type":"image\/jpeg"}],"twitter_card":"summary_large_image","twitter_misc":{"Szacowany czas czytania":"5 minut"},"schema":{"@context":"https:\/\/schema.org","@graph":[{"@type":"WebSite","@id":"https:\/\/wpdiarytheme.com\/#website","url":"https:\/\/wpdiarytheme.com\/","name":"Dating Themes","description":"Find Your Perfect App","potentialAction":[{"@type":"SearchAction","target":{"@type":"EntryPoint","urlTemplate":"https:\/\/wpdiarytheme.com\/?s={search_term_string}"},"query-input":"required name=search_term_string"}],"inLanguage":"pl-PL"},{"@type":"ImageObject","@id":"https:\/\/wpdiarytheme.com\/pl\/#primaryimage","inLanguage":"pl-PL","url":"https:\/\/wpdiarytheme.com\/wp-content\/uploads\/2022\/09\/local-sex-match.jpeg","contentUrl":"https:\/\/wpdiarytheme.com\/wp-content\/uploads\/2022\/09\/local-sex-match.jpeg","width":1600,"height":1067},{"@type":"WebPage","@id":"https:\/\/wpdiarytheme.com\/pl\/#webpage","url":"https:\/\/wpdiarytheme.com\/pl\/","name":"Tw\u00f3j dziennik randkowy: Hookups &amp; More - Dating Themes","isPartOf":{"@id":"https:\/\/wpdiarytheme.com\/#website"},"primaryImageOfPage":{"@id":"https:\/\/wpdiarytheme.com\/pl\/#primaryimage"},"datePublished":"2022-09-12T11:14:34+00:00","dateModified":"2022-09-27T12:17:53+00:00","breadcrumb":{"@id":"https:\/\/wpdiarytheme.com\/pl\/#breadcrumb"},"inLanguage":"pl-PL","potentialAction":[{"@type":"ReadAction","target":["https:\/\/wpdiarytheme.com\/pl\/"]}]},{"@type":"BreadcrumbList","@id":"https:\/\/wpdiarytheme.com\/pl\/#breadcrumb","itemListElement":[{"@type":"ListItem","position":1,"name":"Home","item":"https:\/\/wpdiarytheme.com\/pl\/"},{"@type":"ListItem","position":2,"name":"Tw\u00f3j dziennik randkowy: Hookups &amp; More"}]}]}},"_links":{"self":[{"href":"https:\/\/wpdiarytheme.com\/pl\/wp-json\/wp\/v2\/pages\/168"}],"collection":[{"href":"https:\/\/wpdiarytheme.com\/pl\/wp-json\/wp\/v2\/pages"}],"about":[{"href":"https:\/\/wpdiarytheme.com\/pl\/wp-json\/wp\/v2\/types\/page"}],"author":[{"embeddable":true,"href":"https:\/\/wpdiarytheme.com\/pl\/wp-json\/wp\/v2\/users\/1"}],"replies":[{"embeddable":true,"href":"https:\/\/wpdiarytheme.com\/pl\/wp-json\/wp\/v2\/comments?post=168"}],"version-history":[{"count":2,"href":"https:\/\/wpdiarytheme.com\/pl\/wp-json\/wp\/v2\/pages\/168\/revisions"}],"predecessor-version":[{"id":203,"href":"https:\/\/wpdiarytheme.com\/pl\/wp-json\/wp\/v2\/pages\/168\/revisions\/203"}],"wp:featuredmedia":[{"embeddable":true,"href":"https:\/\/wpdiarytheme.com\/pl\/wp-json\/wp\/v2\/media\/83"}],"wp:attachment":[{"href":"https:\/\/wpdiarytheme.com\/pl\/wp-json\/wp\/v2\/media?parent=168"}],"curies":[{"name":"wp","href":"https:\/\/api.w.org\/{rel}","templated":true}]}}