{"id":263,"date":"2022-09-30T13:11:56","date_gmt":"2022-09-30T12:11:56","guid":{"rendered":"http:\/\/wpdiarytheme.com\/vrouwen-op-zoek-naar-seks\/"},"modified":"2022-10-16T13:48:03","modified_gmt":"2022-10-16T12:48:03","slug":"vrouwen-op-zoek-naar-seks","status":"publish","type":"page","link":"https:\/\/wpdiarytheme.com\/nl\/vrouwen-op-zoek-naar-seks\/","title":{"rendered":"Vrouwen op zoek naar seks"},"content":{"rendered":"<p>Er is iets met een vrouw die weet wat ze wil en niet bang is om <a href=\"http:\/\/wpdiarytheme.com\/milf-hookup-sites\/\">er achteraan te gaan dat ongelooflijk aantrekkelijk is<\/a>. Vrouwen die willen neuken zijn zelfverzekerd en sexy, en ze weten hoe ze moeten krijgen wat ze willen. Ze zijn niet bang om de leiding te nemen en ze zijn geweldig in bed. Als je op zoek bent naar een hookup die gegarandeerd heet en wild is, sluit je dan aan bij een vrouw die wil neuken.<\/p>\n<p>Er zijn genoeg vrouwen die op zoek zijn naar seks, en als je bereid bent <a href=\"http:\/\/www.goodvibesquickies.com\/nl\/discrete-aansluitingen-bij-mij-in-de-buurt\/\">discretecontacten<\/a> om een beetje moeite te doen, kun je ze vinden. De sleutel is om jezelf aantrekkelijk voor hen te maken en assertief te zijn. Wees zelfverzekerd en neem het initiatief. Wees bereid om hen iets terug te doen, of het nu gaat om financi\u00eble compensatie of gewoon plezier. Wees respectvol en duw niet te hard, en je zou in staat moeten zijn om vrouwen te vinden die bereid zijn om seks met je te hebben.<\/p>\n<h2>Sex zoeker<\/h2>\n<p>Er zijn genoeg vrouwen die op zoek zijn naar seks bij mij in de buurt, en de overgrote meerderheid van hen is gewoon op zoek naar liefde. Als u echter gewoon op zoek bent naar een snelle aansluiting, zult u waarschijnlijk elders meer geluk hebben. De vrouwen die op zoek zijn naar seks bij mij in de buurt zijn meestal op zoek naar iets substantieels, dus als je gewoon op zoek bent naar een one night stand, wil je het misschien ergens anders proberen.<\/p>\n<h2>Geile Lokale Vrouwen<\/h2>\n<p>Het is niet nodig om verlegen te zijn om contact te willen maken met een geile vrouw. Je kunt er hier op Xpress.com veel van vinden. Maak gewoon een profiel aan en begin met bladeren door alle lokale geile vrouwen in je omgeving. Je kunt berichten en flirts sturen en afspreken om af te spreken voor een hete, stomende sessie. Het is allemaal aan jou. Dus waar wacht je nog op <a href=\"https:\/\/www.seksdating-nl.com\/gratis-hookup-sites-geen-creditcard\/\">betrouwbare datingsites<\/a>? Ga vandaag nog aan de slag en sluit aan bij een geile vrouw bij jou in de buurt!<\/p>\n<h3>LuckyCrush<\/h3>\n<p>LuckyCrush is een nieuwe dating-app waarmee vrouwen anoniem de mannen kunnen beoordelen en beoordelen waarmee ze hebben geslapen. De app is anoniem en stelt vrouwen alleen in staat om de mannen die ze hebben geneukt te beoordelen en te beoordelen, niet andersom. De app staat nog in de kinderschoenen, maar helpt vrouwen al om anoniem de mannen die ze hebben geneukt te beoordelen en te beoordelen.<\/p>\n<h3>WantMatures<\/h3>\n<p>Als je een vrouw bent die gewoon wil neuken, dan is wantmatures dating app zeker de moeite waard om te bekijken. De app is speciaal ontworpen voor vrouwen die contact willen maken met oudere mannen en is heel gemakkelijk te gebruiken. Maak gewoon een profiel aan, blader door de profielen van potenti\u00eble matches en begin met berichten. De mannen op de app zijn allemaal op zoek naar \u00e9\u00e9n ding, en ze zijn niet bang om het te zeggen. Dus als je moe bent van het omgaan met jongens die gewoon games willen spelen, is dit de app voor jou.<\/p>\n<h3>Fling.com<\/h3>\n<p>Als je een vrouw bent die wil neuken, dan is <a href=\"https:\/\/www.local-fuck.net\/nl\/cuckold-chat\/\">cuckoldchat<\/a> de dating-app voor jou. Met meer dan 2 miljoen leden wereldwijd is het de grootste dating-app in zijn soort en het is gemakkelijk te zien waarom. Met zijn eenvoudige, maar effectieve zoekfunctie kunt u snel en eenvoudig iemand vinden die aan uw criteria voldoet.<\/p>\n<p>Er zijn geen ingewikkelde algoritmes of lange vragenlijsten om in te vullen, alleen een eenvoudig profiel en een foto. Zodra je iemand hebt gevonden die je leuk vindt, stuur je hem of haar een bericht en laat je het plezier beginnen.<\/p>\n<p>Fling.com is gratis te gebruiken en er zijn geen verborgen kosten, dus je kunt je gewoon concentreren op het vinden van iemand om te neuken. En met zijn grote ledenbestand zul je zeker iemand vinden die er zin in heeft.<\/p>\n","protected":false},"excerpt":{"rendered":"<p>Er is iets met een vrouw die weet wat ze wil en niet bang is om er achteraan te gaan&hellip;<\/p>\n","protected":false},"author":1,"featured_media":0,"parent":0,"menu_order":0,"comment_status":"closed","ping_status":"closed","template":"","meta":[],"yoast_head":"<!-- This site is optimized with the Yoast SEO plugin v17.7.1 - https:\/\/yoast.com\/wordpress\/plugins\/seo\/ -->\n<title>Vrouwen op zoek naar seks - Dating Themes<\/title>\n<meta name=\"robots\" content=\"index, follow, max-snippet:-1, max-image-preview:large, max-video-preview:-1\" \/>\n<link rel=\"canonical\" href=\"https:\/\/wpdiarytheme.com\/nl\/vrouwen-op-zoek-naar-seks\/\" \/>\n<meta property=\"og:locale\" content=\"nl_NL\" \/>\n<meta property=\"og:type\" content=\"article\" \/>\n<meta property=\"og:title\" content=\"Vrouwen op zoek naar seks - Dating Themes\" \/>\n<meta property=\"og:description\" content=\"Er is iets met een vrouw die weet wat ze wil en niet bang is om er achteraan te gaan&hellip;\" \/>\n<meta property=\"og:url\" content=\"https:\/\/wpdiarytheme.com\/nl\/vrouwen-op-zoek-naar-seks\/\" \/>\n<meta property=\"og:site_name\" content=\"Dating Themes\" \/>\n<meta property=\"article:modified_time\" content=\"2022-10-16T12:48:03+00:00\" \/>\n<meta name=\"twitter:card\" content=\"summary_large_image\" \/>\n<meta name=\"twitter:label1\" content=\"Geschatte leestijd\" \/>\n\t<meta name=\"twitter:data1\" content=\"3 minuten\" \/>\n<script type=\"application\/ld+json\" class=\"yoast-schema-graph\">{\"@context\":\"https:\/\/schema.org\",\"@graph\":[{\"@type\":\"WebSite\",\"@id\":\"https:\/\/wpdiarytheme.com\/#website\",\"url\":\"https:\/\/wpdiarytheme.com\/\",\"name\":\"Dating Themes\",\"description\":\"Find Your Perfect App\",\"potentialAction\":[{\"@type\":\"SearchAction\",\"target\":{\"@type\":\"EntryPoint\",\"urlTemplate\":\"https:\/\/wpdiarytheme.com\/?s={search_term_string}\"},\"query-input\":\"required name=search_term_string\"}],\"inLanguage\":\"nl\"},{\"@type\":\"WebPage\",\"@id\":\"https:\/\/wpdiarytheme.com\/nl\/vrouwen-op-zoek-naar-seks\/#webpage\",\"url\":\"https:\/\/wpdiarytheme.com\/nl\/vrouwen-op-zoek-naar-seks\/\",\"name\":\"Vrouwen op zoek naar seks - Dating Themes\",\"isPartOf\":{\"@id\":\"https:\/\/wpdiarytheme.com\/#website\"},\"datePublished\":\"2022-09-30T12:11:56+00:00\",\"dateModified\":\"2022-10-16T12:48:03+00:00\",\"breadcrumb\":{\"@id\":\"https:\/\/wpdiarytheme.com\/nl\/vrouwen-op-zoek-naar-seks\/#breadcrumb\"},\"inLanguage\":\"nl\",\"potentialAction\":[{\"@type\":\"ReadAction\",\"target\":[\"https:\/\/wpdiarytheme.com\/nl\/vrouwen-op-zoek-naar-seks\/\"]}]},{\"@type\":\"BreadcrumbList\",\"@id\":\"https:\/\/wpdiarytheme.com\/nl\/vrouwen-op-zoek-naar-seks\/#breadcrumb\",\"itemListElement\":[{\"@type\":\"ListItem\",\"position\":1,\"name\":\"Home\",\"item\":\"https:\/\/wpdiarytheme.com\/nl\/\"},{\"@type\":\"ListItem\",\"position\":2,\"name\":\"Vrouwen op zoek naar seks\"}]}]}<\/script>\n<!-- \/ Yoast SEO plugin. -->","yoast_head_json":{"title":"Vrouwen op zoek naar seks - Dating Themes","robots":{"index":"index","follow":"follow","max-snippet":"max-snippet:-1","max-image-preview":"max-image-preview:large","max-video-preview":"max-video-preview:-1"},"canonical":"https:\/\/wpdiarytheme.com\/nl\/vrouwen-op-zoek-naar-seks\/","og_locale":"nl_NL","og_type":"article","og_title":"Vrouwen op zoek naar seks - Dating Themes","og_description":"Er is iets met een vrouw die weet wat ze wil en niet bang is om er achteraan te gaan&hellip;","og_url":"https:\/\/wpdiarytheme.com\/nl\/vrouwen-op-zoek-naar-seks\/","og_site_name":"Dating Themes","article_modified_time":"2022-10-16T12:48:03+00:00","twitter_card":"summary_large_image","twitter_misc":{"Geschatte leestijd":"3 minuten"},"schema":{"@context":"https:\/\/schema.org","@graph":[{"@type":"WebSite","@id":"https:\/\/wpdiarytheme.com\/#website","url":"https:\/\/wpdiarytheme.com\/","name":"Dating Themes","description":"Find Your Perfect App","potentialAction":[{"@type":"SearchAction","target":{"@type":"EntryPoint","urlTemplate":"https:\/\/wpdiarytheme.com\/?s={search_term_string}"},"query-input":"required name=search_term_string"}],"inLanguage":"nl"},{"@type":"WebPage","@id":"https:\/\/wpdiarytheme.com\/nl\/vrouwen-op-zoek-naar-seks\/#webpage","url":"https:\/\/wpdiarytheme.com\/nl\/vrouwen-op-zoek-naar-seks\/","name":"Vrouwen op zoek naar seks - Dating Themes","isPartOf":{"@id":"https:\/\/wpdiarytheme.com\/#website"},"datePublished":"2022-09-30T12:11:56+00:00","dateModified":"2022-10-16T12:48:03+00:00","breadcrumb":{"@id":"https:\/\/wpdiarytheme.com\/nl\/vrouwen-op-zoek-naar-seks\/#breadcrumb"},"inLanguage":"nl","potentialAction":[{"@type":"ReadAction","target":["https:\/\/wpdiarytheme.com\/nl\/vrouwen-op-zoek-naar-seks\/"]}]},{"@type":"BreadcrumbList","@id":"https:\/\/wpdiarytheme.com\/nl\/vrouwen-op-zoek-naar-seks\/#breadcrumb","itemListElement":[{"@type":"ListItem","position":1,"name":"Home","item":"https:\/\/wpdiarytheme.com\/nl\/"},{"@type":"ListItem","position":2,"name":"Vrouwen op zoek naar seks"}]}]}},"_links":{"self":[{"href":"https:\/\/wpdiarytheme.com\/nl\/wp-json\/wp\/v2\/pages\/263"}],"collection":[{"href":"https:\/\/wpdiarytheme.com\/nl\/wp-json\/wp\/v2\/pages"}],"about":[{"href":"https:\/\/wpdiarytheme.com\/nl\/wp-json\/wp\/v2\/types\/page"}],"author":[{"embeddable":true,"href":"https:\/\/wpdiarytheme.com\/nl\/wp-json\/wp\/v2\/users\/1"}],"replies":[{"embeddable":true,"href":"https:\/\/wpdiarytheme.com\/nl\/wp-json\/wp\/v2\/comments?post=263"}],"version-history":[{"count":1,"href":"https:\/\/wpdiarytheme.com\/nl\/wp-json\/wp\/v2\/pages\/263\/revisions"}],"predecessor-version":[{"id":327,"href":"https:\/\/wpdiarytheme.com\/nl\/wp-json\/wp\/v2\/pages\/263\/revisions\/327"}],"wp:attachment":[{"href":"https:\/\/wpdiarytheme.com\/nl\/wp-json\/wp\/v2\/media?parent=263"}],"curies":[{"name":"wp","href":"https:\/\/api.w.org\/{rel}","templated":true}]}}