{"id":320,"date":"2022-09-30T13:10:30","date_gmt":"2022-09-30T12:10:30","guid":{"rendered":"http:\/\/wpdiarytheme.com\/siti-di-cazzo-gratuiti\/"},"modified":"2022-09-30T13:10:30","modified_gmt":"2022-09-30T12:10:30","slug":"siti-di-cazzo-gratuiti","status":"publish","type":"page","link":"https:\/\/wpdiarytheme.com\/it\/siti-di-cazzo-gratuiti\/","title":{"rendered":"Siti di cazzo gratuiti"},"content":{"rendered":"<p>Non si pu\u00f2 negare che i siti di incontri e scopa abbiano il loro posto quando si tratta di collegarsi. Sono veloci, facili e spesso gratuiti, il che li rende ideali per chiunque cerchi un <a href=\"http:\/\/wpdiarytheme.com\/free-naughty-chat-apps\/\">incontro senza vincoli<\/a>. Tuttavia, non sono privi di inconvenienti. Poich\u00e9 sono cos\u00ec facili da usare, sono spesso invasi da profili falsi e truffatori. Inoltre, molti siti di incontro e scopa non sono moderati, il che pu\u00f2 portare ad alcuni incontri sgradevoli (e pericolosi). Se stai cercando di utilizzare un sito di incontri e scopa, assicurati di fare le tue ricerche e utilizzare un sito affidabile e sicuro.<\/p>\n<p>Ci sono molti siti di cazzo gratuiti l\u00e0 fuori se sai dove cercare. Una rapida ricerca online riveler\u00e0 molte opzioni diverse, quindi \u00e8 solo una questione di trovarne una adatta alle tue esigenze. Se stai solo cercando un modo semplice e veloce per essere posato, allora un sito di cazzo gratuito potrebbe essere la strada da percorrere. Tuttavia, se stai cercando qualcosa di un po &#8216;pi\u00f9 serio, allora potresti prendere in considerazione il pagamento di un abbonamento a un sito di incontri premium. I siti premium di solito hanno migliori funzionalit\u00e0 di sicurezza e privacy, nonch\u00e9 una base di utenti pi\u00f9 ampia e pi\u00f9 attiva.<\/p>\n<h2>Trova un Fuck Buddy<\/h2>\n<p>Non esiste una cosa come &#8220;cazzo gratis&#8221; quando si tratta di appuntamenti. Se vuoi uscire con qualcuno, dovrai fare uno sforzo- sia che ci\u00f2 significhi andare in alcuni appuntamenti o sborsare un po &#8216;di soldi per una cena di lusso. Ma alla fine della giornata, dipende da te quanto &#8220;cazzo&#8221; sei disposto a dare &#8211; ma non aspettarti di ottenerlo gratuitamente.<\/p>\n<h3>FriendFinder-X<\/h3>\n<p>Se vuoi trovare un collegamento, FriendFinder-X \u00e8 un&#8217;ottima app di appuntamenti da usare. \u00c8 un sito di incontri e scopare specificamente progettato per aiutarti a trovare partner sessuali. L&#8217;app \u00e8 facile da usare e ha molte funzionalit\u00e0 che la rendono un&#8217;ottima scelta per trovare un collegamento. La funzione di ricerca \u00e8 molto user-friendly e puoi usarla per trovare corrispondenze nella tua zona. L&#8217;app ha anche una funzione di messaggistica che ti consente di comunicare con potenziali corrispondenze. Nel complesso, FriendFinder-X \u00e8 un&#8217;ottima scelta per trovare un collegamento.<\/p>\n<h3>XCheaters<\/h3>\n<p>L&#8217;app di appuntamenti XCheaters \u00e8 uno dei siti di incontri e scopa pi\u00f9 popolari online. L&#8217;app \u00e8 stata scaricata oltre 1 milione di volte ed \u00e8 stata utilizzata da milioni di utenti. L&#8217;app \u00e8 scaricabile e utilizzabile gratuitamente ed \u00e8 disponibile per dispositivi iOS e Android. L&#8217;app ha una valutazione di 4,5 stelle sull&#8217;App Store e una valutazione di 4 stelle sul Google Play Store.<\/p>\n<p>L&#8217;app consente agli utenti di trovare single locali interessati a incontrarsi per un collegamento. L&#8217;app consente inoltre agli utenti di chattare con altri utenti e ha persino un sistema di messaggistica integrato. L&#8217;app \u00e8 molto user-friendly ed \u00e8 molto facile da usare. Nel complesso, l&#8217;app di appuntamenti XCheaters \u00e8 un&#8217;ottima opzione per coloro che sono alla ricerca di un modo semplice e veloce per incontrare single locali per un collegamento.<\/p>\n<h3>DateYou<\/h3>\n<p>Se stai cercando un sito di incontri e scopate, allora DateYou \u00e8 un&#8217;ottima opzione. Il sito ha una vasta base di utenti ed \u00e8 facile da usare. I profili sono dettagliati e ci sono molte opzioni di ricerca. Tuttavia, il sito \u00e8 costoso e non ci sono prove gratuite.<\/p>\n","protected":false},"excerpt":{"rendered":"<p>Non si pu\u00f2 negare che i siti di incontri e scopa abbiano il loro posto quando si tratta di collegarsi.&hellip;<\/p>\n","protected":false},"author":1,"featured_media":0,"parent":0,"menu_order":0,"comment_status":"closed","ping_status":"closed","template":"","meta":[],"yoast_head":"<!-- This site is optimized with the Yoast SEO plugin v17.7.1 - https:\/\/yoast.com\/wordpress\/plugins\/seo\/ -->\n<title>Siti di cazzo gratuiti - Dating Themes<\/title>\n<meta name=\"robots\" content=\"index, follow, max-snippet:-1, max-image-preview:large, max-video-preview:-1\" \/>\n<link rel=\"canonical\" href=\"https:\/\/wpdiarytheme.com\/it\/siti-di-cazzo-gratuiti\/\" \/>\n<meta property=\"og:locale\" content=\"it_IT\" \/>\n<meta property=\"og:type\" content=\"article\" \/>\n<meta property=\"og:title\" content=\"Siti di cazzo gratuiti - Dating Themes\" \/>\n<meta property=\"og:description\" content=\"Non si pu\u00f2 negare che i siti di incontri e scopa abbiano il loro posto quando si tratta di collegarsi.&hellip;\" \/>\n<meta property=\"og:url\" content=\"https:\/\/wpdiarytheme.com\/it\/siti-di-cazzo-gratuiti\/\" \/>\n<meta property=\"og:site_name\" content=\"Dating Themes\" \/>\n<meta name=\"twitter:card\" content=\"summary_large_image\" \/>\n<meta name=\"twitter:label1\" content=\"Tempo di lettura stimato\" \/>\n\t<meta name=\"twitter:data1\" content=\"3 minuti\" \/>\n<script type=\"application\/ld+json\" class=\"yoast-schema-graph\">{\"@context\":\"https:\/\/schema.org\",\"@graph\":[{\"@type\":\"WebSite\",\"@id\":\"https:\/\/wpdiarytheme.com\/#website\",\"url\":\"https:\/\/wpdiarytheme.com\/\",\"name\":\"Dating Themes\",\"description\":\"Find Your Perfect App\",\"potentialAction\":[{\"@type\":\"SearchAction\",\"target\":{\"@type\":\"EntryPoint\",\"urlTemplate\":\"https:\/\/wpdiarytheme.com\/?s={search_term_string}\"},\"query-input\":\"required name=search_term_string\"}],\"inLanguage\":\"it-IT\"},{\"@type\":\"WebPage\",\"@id\":\"https:\/\/wpdiarytheme.com\/it\/siti-di-cazzo-gratuiti\/#webpage\",\"url\":\"https:\/\/wpdiarytheme.com\/it\/siti-di-cazzo-gratuiti\/\",\"name\":\"Siti di cazzo gratuiti - Dating Themes\",\"isPartOf\":{\"@id\":\"https:\/\/wpdiarytheme.com\/#website\"},\"datePublished\":\"2022-09-30T12:10:30+00:00\",\"dateModified\":\"2022-09-30T12:10:30+00:00\",\"breadcrumb\":{\"@id\":\"https:\/\/wpdiarytheme.com\/it\/siti-di-cazzo-gratuiti\/#breadcrumb\"},\"inLanguage\":\"it-IT\",\"potentialAction\":[{\"@type\":\"ReadAction\",\"target\":[\"https:\/\/wpdiarytheme.com\/it\/siti-di-cazzo-gratuiti\/\"]}]},{\"@type\":\"BreadcrumbList\",\"@id\":\"https:\/\/wpdiarytheme.com\/it\/siti-di-cazzo-gratuiti\/#breadcrumb\",\"itemListElement\":[{\"@type\":\"ListItem\",\"position\":1,\"name\":\"Home\",\"item\":\"http:\/\/wpdiarytheme.com\/it\/\"},{\"@type\":\"ListItem\",\"position\":2,\"name\":\"Siti di cazzo gratuiti\"}]}]}<\/script>\n<!-- \/ Yoast SEO plugin. -->","yoast_head_json":{"title":"Siti di cazzo gratuiti - Dating Themes","robots":{"index":"index","follow":"follow","max-snippet":"max-snippet:-1","max-image-preview":"max-image-preview:large","max-video-preview":"max-video-preview:-1"},"canonical":"https:\/\/wpdiarytheme.com\/it\/siti-di-cazzo-gratuiti\/","og_locale":"it_IT","og_type":"article","og_title":"Siti di cazzo gratuiti - Dating Themes","og_description":"Non si pu\u00f2 negare che i siti di incontri e scopa abbiano il loro posto quando si tratta di collegarsi.&hellip;","og_url":"https:\/\/wpdiarytheme.com\/it\/siti-di-cazzo-gratuiti\/","og_site_name":"Dating Themes","twitter_card":"summary_large_image","twitter_misc":{"Tempo di lettura stimato":"3 minuti"},"schema":{"@context":"https:\/\/schema.org","@graph":[{"@type":"WebSite","@id":"https:\/\/wpdiarytheme.com\/#website","url":"https:\/\/wpdiarytheme.com\/","name":"Dating Themes","description":"Find Your Perfect App","potentialAction":[{"@type":"SearchAction","target":{"@type":"EntryPoint","urlTemplate":"https:\/\/wpdiarytheme.com\/?s={search_term_string}"},"query-input":"required name=search_term_string"}],"inLanguage":"it-IT"},{"@type":"WebPage","@id":"https:\/\/wpdiarytheme.com\/it\/siti-di-cazzo-gratuiti\/#webpage","url":"https:\/\/wpdiarytheme.com\/it\/siti-di-cazzo-gratuiti\/","name":"Siti di cazzo gratuiti - Dating Themes","isPartOf":{"@id":"https:\/\/wpdiarytheme.com\/#website"},"datePublished":"2022-09-30T12:10:30+00:00","dateModified":"2022-09-30T12:10:30+00:00","breadcrumb":{"@id":"https:\/\/wpdiarytheme.com\/it\/siti-di-cazzo-gratuiti\/#breadcrumb"},"inLanguage":"it-IT","potentialAction":[{"@type":"ReadAction","target":["https:\/\/wpdiarytheme.com\/it\/siti-di-cazzo-gratuiti\/"]}]},{"@type":"BreadcrumbList","@id":"https:\/\/wpdiarytheme.com\/it\/siti-di-cazzo-gratuiti\/#breadcrumb","itemListElement":[{"@type":"ListItem","position":1,"name":"Home","item":"http:\/\/wpdiarytheme.com\/it\/"},{"@type":"ListItem","position":2,"name":"Siti di cazzo gratuiti"}]}]}},"_links":{"self":[{"href":"https:\/\/wpdiarytheme.com\/it\/wp-json\/wp\/v2\/pages\/320"}],"collection":[{"href":"https:\/\/wpdiarytheme.com\/it\/wp-json\/wp\/v2\/pages"}],"about":[{"href":"https:\/\/wpdiarytheme.com\/it\/wp-json\/wp\/v2\/types\/page"}],"author":[{"embeddable":true,"href":"https:\/\/wpdiarytheme.com\/it\/wp-json\/wp\/v2\/users\/1"}],"replies":[{"embeddable":true,"href":"https:\/\/wpdiarytheme.com\/it\/wp-json\/wp\/v2\/comments?post=320"}],"version-history":[{"count":0,"href":"https:\/\/wpdiarytheme.com\/it\/wp-json\/wp\/v2\/pages\/320\/revisions"}],"wp:attachment":[{"href":"https:\/\/wpdiarytheme.com\/it\/wp-json\/wp\/v2\/media?parent=320"}],"curies":[{"name":"wp","href":"https:\/\/api.w.org\/{rel}","templated":true}]}}