{"id":318,"date":"2022-09-30T13:10:58","date_gmt":"2022-09-30T12:10:58","guid":{"rendered":"http:\/\/wpdiarytheme.com\/parla-con-milfs\/"},"modified":"2022-09-30T13:10:58","modified_gmt":"2022-09-30T12:10:58","slug":"parla-con-milfs","status":"publish","type":"page","link":"https:\/\/wpdiarytheme.com\/it\/parla-con-milfs\/","title":{"rendered":"Parla con Milfs"},"content":{"rendered":"<p>C&#8217;\u00e8 qualcosa nelle MILF che le rende irresistibili. Forse sono i loro modi esperti, o forse \u00e8 solo il fatto che di solito sono molto pi\u00f9 caldi delle donne pi\u00f9 giovani. Qualunque sia la ragione, le MILF sono sicuramente richieste, specialmente quando si tratta di collegarsi.<\/p>\n<p>Fortunatamente, ci sono molte <a href=\"http:\/\/wpdiarytheme.com\/women-looking-for-sex\/\">chat room<\/a> MILF l\u00e0 fuori, dove puoi andare a chattare e potenzialmente collegarti con una donna anziana. Assicurati solo di badare alle tue maniere e di essere rispettoso &#8211; dopo tutto, queste sono ancora persone reali con cui stai parlando, non solo oggetti del tuo desiderio. Se lo fai, non dovresti avere problemi a trovarti una MILF con cui chattare &#8230; e forse anche collegarsi con!<\/p>\n<p>Ci sono molte chat room MILF online che ti consentono di chattare con donne anziane senza dover pagare un centesimo. Queste chat room sono un ottimo modo per connettersi con donne anziane che potrebbero essere interessate a uscire con uomini pi\u00f9 giovani. Puoi usare queste chat room per conoscere meglio una potenziale data e vedere se c&#8217;\u00e8 qualche chimica tra voi due. Inoltre, puoi anche utilizzare queste chat room per parlare di qualsiasi altra cosa a cui potresti essere interessato. Quindi, se stai cercando una chat room MILF gratuita per connetterti con donne anziane, dai un&#8217;occhiata ad alcune delle opzioni di seguito.<\/p>\n<h2>Chat room MILF<\/h2>\n<p>C&#8217;\u00e8 qualcosa di speciale nel chattare con le milfs. Trasudano fiducia ed esperienza e sanno cosa vogliono nella vita. Sono anche grandi ascoltatori e offriranno sempre consigli saggi. Che tu stia cercando l&#8217;amore o solo una conversazione divertente, chattare con una milf \u00e8 sempre un buon momento. Quando si tratta di appuntamenti, parlare con le MILF pu\u00f2 essere una grande esperienza. In genere hanno esperienza nelle relazioni e sanno cosa stanno facendo, quindi possono essere una grande risorsa per i consigli. Possono anche essere molto divertenti con cui parlare poich\u00e9 sono in genere pi\u00f9 rilassati e accomodanti rispetto alle donne pi\u00f9 giovani. Tuttavia, \u00e8 importante ricordare che le MILF sono proprio come qualsiasi altra donna: sono individui con i loro desideri e bisogni unici, quindi \u00e8 importante conoscerli a livello personale prima di ogni altra cosa.<\/p>\n<h3>Schizzare<\/h3>\n<p>L&#8217;app di appuntamenti Squirt \u00e8 una delle chat room milf pi\u00f9 popolari disponibili online. L&#8217;app \u00e8 stata progettata per aiutare le milf a trovare la loro corrispondenza perfetta. L&#8217;app \u00e8 scaricabile e utilizzabile gratuitamente e offre una vasta gamma di funzionalit\u00e0 per aiutare gli utenti a trovare la loro corrispondenza perfetta. L&#8217;app \u00e8 facile da usare e offre una vasta gamma di filtri per aiutare gli utenti a trovare la loro corrispondenza perfetta. L&#8217;app \u00e8 disponibile in inglese e spagnolo e offre una vasta gamma di opzioni per aiutare gli utenti a trovare la loro corrispondenza perfetta.<\/p>\n<h3>Un sacco di pesce<\/h3>\n<p>Se stai cercando un&#8217;app di appuntamenti specificamente progettata per le chat room milf, allora Plenty of Fish \u00e8 un&#8217;ottima opzione. L&#8217;app ha una vasta base di utenti, quindi sarai in grado di trovare una buona selezione di potenziali corrispondenze. L&#8217;interfaccia \u00e8 user-friendly e facile da navigare, rendendola un&#8217;ottima opzione per coloro che sono nuovi agli appuntamenti online. L&#8217;app offre anche una variet\u00e0 di funzionalit\u00e0, come un sistema di messaggistica e una funzione di ricerca, che la rendono un&#8217;ottima opzione per le chat room milf.<\/p>\n<h3>Xmeets<\/h3>\n<p>Se stai cercando una chat room MILF, allora Xmeets \u00e8 un&#8217;ottima opzione. Il sito ha una vasta selezione di MILF con cui chattare e il sito \u00e8 facile da usare. Il sito ha anche una grande selezione di funzionalit\u00e0, tra cui una funzione di ricerca, un elenco di preferiti e una funzione di chat. Il sito offre anche una variet\u00e0 di opzioni di pagamento, in modo da poter scegliere quella pi\u00f9 adatta alle tue esigenze. Nel complesso, Xmeets \u00e8 un&#8217;ottima chat room MILF e un&#8217;ottima opzione per chiunque cerchi una chat room per chattare con le MILF.<\/p>\n","protected":false},"excerpt":{"rendered":"<p>C&#8217;\u00e8 qualcosa nelle MILF che le rende irresistibili. Forse sono i loro modi esperti, o forse \u00e8 solo il fatto&hellip;<\/p>\n","protected":false},"author":1,"featured_media":0,"parent":0,"menu_order":0,"comment_status":"closed","ping_status":"closed","template":"","meta":[],"yoast_head":"<!-- This site is optimized with the Yoast SEO plugin v17.7.1 - https:\/\/yoast.com\/wordpress\/plugins\/seo\/ -->\n<title>Parla con Milfs - Dating Themes<\/title>\n<meta name=\"robots\" content=\"index, follow, max-snippet:-1, max-image-preview:large, max-video-preview:-1\" \/>\n<link rel=\"canonical\" href=\"https:\/\/wpdiarytheme.com\/it\/parla-con-milfs\/\" \/>\n<meta property=\"og:locale\" content=\"it_IT\" \/>\n<meta property=\"og:type\" content=\"article\" \/>\n<meta property=\"og:title\" content=\"Parla con Milfs - Dating Themes\" \/>\n<meta property=\"og:description\" content=\"C&#8217;\u00e8 qualcosa nelle MILF che le rende irresistibili. Forse sono i loro modi esperti, o forse \u00e8 solo il fatto&hellip;\" \/>\n<meta property=\"og:url\" content=\"https:\/\/wpdiarytheme.com\/it\/parla-con-milfs\/\" \/>\n<meta property=\"og:site_name\" content=\"Dating Themes\" \/>\n<meta name=\"twitter:card\" content=\"summary_large_image\" \/>\n<meta name=\"twitter:label1\" content=\"Tempo di lettura stimato\" \/>\n\t<meta name=\"twitter:data1\" content=\"3 minuti\" \/>\n<script type=\"application\/ld+json\" class=\"yoast-schema-graph\">{\"@context\":\"https:\/\/schema.org\",\"@graph\":[{\"@type\":\"WebSite\",\"@id\":\"https:\/\/wpdiarytheme.com\/#website\",\"url\":\"https:\/\/wpdiarytheme.com\/\",\"name\":\"Dating Themes\",\"description\":\"Find Your Perfect App\",\"potentialAction\":[{\"@type\":\"SearchAction\",\"target\":{\"@type\":\"EntryPoint\",\"urlTemplate\":\"https:\/\/wpdiarytheme.com\/?s={search_term_string}\"},\"query-input\":\"required name=search_term_string\"}],\"inLanguage\":\"it-IT\"},{\"@type\":\"WebPage\",\"@id\":\"https:\/\/wpdiarytheme.com\/it\/parla-con-milfs\/#webpage\",\"url\":\"https:\/\/wpdiarytheme.com\/it\/parla-con-milfs\/\",\"name\":\"Parla con Milfs - Dating Themes\",\"isPartOf\":{\"@id\":\"https:\/\/wpdiarytheme.com\/#website\"},\"datePublished\":\"2022-09-30T12:10:58+00:00\",\"dateModified\":\"2022-09-30T12:10:58+00:00\",\"breadcrumb\":{\"@id\":\"https:\/\/wpdiarytheme.com\/it\/parla-con-milfs\/#breadcrumb\"},\"inLanguage\":\"it-IT\",\"potentialAction\":[{\"@type\":\"ReadAction\",\"target\":[\"https:\/\/wpdiarytheme.com\/it\/parla-con-milfs\/\"]}]},{\"@type\":\"BreadcrumbList\",\"@id\":\"https:\/\/wpdiarytheme.com\/it\/parla-con-milfs\/#breadcrumb\",\"itemListElement\":[{\"@type\":\"ListItem\",\"position\":1,\"name\":\"Home\",\"item\":\"http:\/\/wpdiarytheme.com\/it\/\"},{\"@type\":\"ListItem\",\"position\":2,\"name\":\"Parla con Milfs\"}]}]}<\/script>\n<!-- \/ Yoast SEO plugin. -->","yoast_head_json":{"title":"Parla con Milfs - Dating Themes","robots":{"index":"index","follow":"follow","max-snippet":"max-snippet:-1","max-image-preview":"max-image-preview:large","max-video-preview":"max-video-preview:-1"},"canonical":"https:\/\/wpdiarytheme.com\/it\/parla-con-milfs\/","og_locale":"it_IT","og_type":"article","og_title":"Parla con Milfs - Dating Themes","og_description":"C&#8217;\u00e8 qualcosa nelle MILF che le rende irresistibili. Forse sono i loro modi esperti, o forse \u00e8 solo il fatto&hellip;","og_url":"https:\/\/wpdiarytheme.com\/it\/parla-con-milfs\/","og_site_name":"Dating Themes","twitter_card":"summary_large_image","twitter_misc":{"Tempo di lettura stimato":"3 minuti"},"schema":{"@context":"https:\/\/schema.org","@graph":[{"@type":"WebSite","@id":"https:\/\/wpdiarytheme.com\/#website","url":"https:\/\/wpdiarytheme.com\/","name":"Dating Themes","description":"Find Your Perfect App","potentialAction":[{"@type":"SearchAction","target":{"@type":"EntryPoint","urlTemplate":"https:\/\/wpdiarytheme.com\/?s={search_term_string}"},"query-input":"required name=search_term_string"}],"inLanguage":"it-IT"},{"@type":"WebPage","@id":"https:\/\/wpdiarytheme.com\/it\/parla-con-milfs\/#webpage","url":"https:\/\/wpdiarytheme.com\/it\/parla-con-milfs\/","name":"Parla con Milfs - Dating Themes","isPartOf":{"@id":"https:\/\/wpdiarytheme.com\/#website"},"datePublished":"2022-09-30T12:10:58+00:00","dateModified":"2022-09-30T12:10:58+00:00","breadcrumb":{"@id":"https:\/\/wpdiarytheme.com\/it\/parla-con-milfs\/#breadcrumb"},"inLanguage":"it-IT","potentialAction":[{"@type":"ReadAction","target":["https:\/\/wpdiarytheme.com\/it\/parla-con-milfs\/"]}]},{"@type":"BreadcrumbList","@id":"https:\/\/wpdiarytheme.com\/it\/parla-con-milfs\/#breadcrumb","itemListElement":[{"@type":"ListItem","position":1,"name":"Home","item":"http:\/\/wpdiarytheme.com\/it\/"},{"@type":"ListItem","position":2,"name":"Parla con Milfs"}]}]}},"_links":{"self":[{"href":"https:\/\/wpdiarytheme.com\/it\/wp-json\/wp\/v2\/pages\/318"}],"collection":[{"href":"https:\/\/wpdiarytheme.com\/it\/wp-json\/wp\/v2\/pages"}],"about":[{"href":"https:\/\/wpdiarytheme.com\/it\/wp-json\/wp\/v2\/types\/page"}],"author":[{"embeddable":true,"href":"https:\/\/wpdiarytheme.com\/it\/wp-json\/wp\/v2\/users\/1"}],"replies":[{"embeddable":true,"href":"https:\/\/wpdiarytheme.com\/it\/wp-json\/wp\/v2\/comments?post=318"}],"version-history":[{"count":0,"href":"https:\/\/wpdiarytheme.com\/it\/wp-json\/wp\/v2\/pages\/318\/revisions"}],"wp:attachment":[{"href":"https:\/\/wpdiarytheme.com\/it\/wp-json\/wp\/v2\/media?parent=318"}],"curies":[{"name":"wp","href":"https:\/\/api.w.org\/{rel}","templated":true}]}}