{"id":299,"date":"2022-09-30T13:11:17","date_gmt":"2022-09-30T12:11:17","guid":{"rendered":"http:\/\/wpdiarytheme.com\/app-di-chat-cattive-gratuite\/"},"modified":"2022-09-30T13:11:17","modified_gmt":"2022-09-30T12:11:17","slug":"app-di-chat-cattive-gratuite","status":"publish","type":"page","link":"https:\/\/wpdiarytheme.com\/it\/app-di-chat-cattive-gratuite\/","title":{"rendered":"App di chat cattive gratuite"},"content":{"rendered":"<p>Non si pu\u00f2 negare che le chat room possano essere un ottimo modo per connettersi con persone che condividono i tuoi interessi. Tuttavia, non si pu\u00f2 negare che le chat room possano essere un ottimo modo per entrare in contatto con persone che condividono il tuo lato cattivo.<\/p>\n<p>Se stai cercando un po &#8216;di eccitazione in pi\u00f9 nella tua vita, allora potresti prendere in considerazione l&#8217;idea di trascorrere un po &#8216;di tempo in una chat room cattiva. Qui, puoi lasciarti andare ed essere cattivo come vuoi essere. Sia che tu stia cercando un divertimento innocuo o qualcosa di un po &#8216;pi\u00f9 risque, sei sicuro di trovarlo in una chat room birichina.<\/p>\n<p>Naturalmente, come con qualsiasi altra cosa, dovrai usare il tuo miglior giudizio quando <a href=\"http:\/\/wpdiarytheme.com\/talk-with-milfs\/\">chatti con estranei online<\/a>. Non fornire informazioni personali o impegnarti in attivit\u00e0 che ti fanno sentire a disagio. Ma finch\u00e9 giochi sul sicuro, passare un po &#8216;di tempo in una chat room cattiva pu\u00f2 essere un ottimo modo per ravvivare la tua vita amorosa.<\/p>\n<h2>Siti di chat cattivi<\/h2>\n<p>La chat cattiva pu\u00f2 essere un ottimo modo per ravvivare la tua vita di appuntamenti. Pu\u00f2 aggiungere eccitazione e intrigo a una relazione altrimenti banale. La chat cattiva pu\u00f2 anche essere un ottimo modo per conoscere qualcuno di nuovo. Pu\u00f2 aiutarti a rompere il ghiaccio e conoscere qualcuno a un livello pi\u00f9 personale. La chat cattiva pu\u00f2 essere un ottimo modo per costruire tensione sessuale e anticipazione. Pu\u00f2 anche essere un ottimo modo per rilasciare alcune delle tue inibizioni ed esplorare il tuo lato selvaggio. Se stai cercando di aggiungere un po &#8216;di pepe alla tua vita di appuntamenti, la chat cattiva \u00e8 un ottimo punto di partenza.<\/p>\n<p>Se stai cercando l&#8217;amore, perch\u00e9 non provare qualcosa di un po &#8216;cattivo? La chat cattiva gratuita \u00e8 il modo perfetto per ravvivare la tua vita amorosa e far ripartire le farfalle. Che tu sia single o in una relazione, un po &#8216;di chat cattiva pu\u00f2 fare molto. Allora, cosa stai aspettando? Flirta e divertiti!<\/p>\n<h2>Chat room di sesso<\/h2>\n<p>Le chat room per adulti possono essere un ottimo modo per incontrare nuove persone, soprattutto se stai cercando un appuntamento. Possono essere molto divertenti e di solito puoi trovare qualcuno che condivide i tuoi interessi. Tuttavia, \u00e8 importante essere al sicuro quando si utilizzano le chat room e non fornire mai informazioni personali.<\/p>\n<h3>Outpersonal.com<\/h3>\n<p>Se stai cercando un&#8217;app per chat room cattiva, Outpersonal.com \u00e8 un&#8217;ottima opzione. L&#8217;app \u00e8 scaricabile e utilizzabile gratuitamente e offre un&#8217;ampia variet\u00e0 di funzionalit\u00e0 per aiutarti a trovare e connetterti con potenziali corrispondenze. Puoi cercare gli utenti per posizione, et\u00e0 e interessi e puoi inviare loro messaggi direttamente. L&#8217;app ha anche una funzione &#8220;Spark&#8221; che ti consente di inviare un messaggio flirt a un altro utente. Nel complesso, Outpersonal.com \u00e8 un&#8217;ottima opzione per coloro che cercano un&#8217;app di chat room cattiva.<\/p>\n<h3>CougarLife<\/h3>\n<p>CougarLife \u00e8 un&#8217;app di appuntamenti che ti consente di chattare con altri utenti che sono alla ricerca di un collegamento casuale. L&#8217;app \u00e8 scaricabile e utilizzabile gratuitamente e offre una variet\u00e0 di funzionalit\u00e0 che semplificano la ricerca di qualcuno con cui chattare. Puoi cercare gli utenti per posizione, et\u00e0 e interessi e puoi anche visualizzare profili e foto. Se sei interessato a incontrare qualcuno per un collegamento casuale, CougarLife \u00e8 un&#8217;ottima opzione.<\/p>\n<h3>Uberhorny<\/h3>\n<p>Se stai cercando una chat room birichina in cui divertirti, Uberhorny \u00e8 un&#8217;ottima opzione. Il sito ha una vasta selezione di chat room tra cui scegliere e puoi facilmente trovarne una adatta ai tuoi interessi. Le chat room sono ben moderate e c&#8217;\u00e8 un buon mix di utenti, quindi sei sicuro di trovare qualcuno con cui divertirti. L&#8217;unico aspetto negativo \u00e8 che il sito non \u00e8 gratuito, ma vale il prezzo per l&#8217;ottima selezione di chat room e il divertimento che sicuramente avrai.<\/p>\n","protected":false},"excerpt":{"rendered":"<p>Non si pu\u00f2 negare che le chat room possano essere un ottimo modo per connettersi con persone che condividono i&hellip;<\/p>\n","protected":false},"author":1,"featured_media":0,"parent":0,"menu_order":0,"comment_status":"closed","ping_status":"closed","template":"","meta":[],"yoast_head":"<!-- This site is optimized with the Yoast SEO plugin v17.7.1 - https:\/\/yoast.com\/wordpress\/plugins\/seo\/ -->\n<title>App di chat cattive gratuite - Dating Themes<\/title>\n<meta name=\"robots\" content=\"index, follow, max-snippet:-1, max-image-preview:large, max-video-preview:-1\" \/>\n<link rel=\"canonical\" href=\"https:\/\/wpdiarytheme.com\/it\/app-di-chat-cattive-gratuite\/\" \/>\n<meta property=\"og:locale\" content=\"it_IT\" \/>\n<meta property=\"og:type\" content=\"article\" \/>\n<meta property=\"og:title\" content=\"App di chat cattive gratuite - Dating Themes\" \/>\n<meta property=\"og:description\" content=\"Non si pu\u00f2 negare che le chat room possano essere un ottimo modo per connettersi con persone che condividono i&hellip;\" \/>\n<meta property=\"og:url\" content=\"https:\/\/wpdiarytheme.com\/it\/app-di-chat-cattive-gratuite\/\" \/>\n<meta property=\"og:site_name\" content=\"Dating Themes\" \/>\n<meta name=\"twitter:card\" content=\"summary_large_image\" \/>\n<meta name=\"twitter:label1\" content=\"Tempo di lettura stimato\" \/>\n\t<meta name=\"twitter:data1\" content=\"3 minuti\" \/>\n<script type=\"application\/ld+json\" class=\"yoast-schema-graph\">{\"@context\":\"https:\/\/schema.org\",\"@graph\":[{\"@type\":\"WebSite\",\"@id\":\"https:\/\/wpdiarytheme.com\/#website\",\"url\":\"https:\/\/wpdiarytheme.com\/\",\"name\":\"Dating Themes\",\"description\":\"Find Your Perfect App\",\"potentialAction\":[{\"@type\":\"SearchAction\",\"target\":{\"@type\":\"EntryPoint\",\"urlTemplate\":\"https:\/\/wpdiarytheme.com\/?s={search_term_string}\"},\"query-input\":\"required name=search_term_string\"}],\"inLanguage\":\"it-IT\"},{\"@type\":\"WebPage\",\"@id\":\"https:\/\/wpdiarytheme.com\/it\/app-di-chat-cattive-gratuite\/#webpage\",\"url\":\"https:\/\/wpdiarytheme.com\/it\/app-di-chat-cattive-gratuite\/\",\"name\":\"App di chat cattive gratuite - Dating Themes\",\"isPartOf\":{\"@id\":\"https:\/\/wpdiarytheme.com\/#website\"},\"datePublished\":\"2022-09-30T12:11:17+00:00\",\"dateModified\":\"2022-09-30T12:11:17+00:00\",\"breadcrumb\":{\"@id\":\"https:\/\/wpdiarytheme.com\/it\/app-di-chat-cattive-gratuite\/#breadcrumb\"},\"inLanguage\":\"it-IT\",\"potentialAction\":[{\"@type\":\"ReadAction\",\"target\":[\"https:\/\/wpdiarytheme.com\/it\/app-di-chat-cattive-gratuite\/\"]}]},{\"@type\":\"BreadcrumbList\",\"@id\":\"https:\/\/wpdiarytheme.com\/it\/app-di-chat-cattive-gratuite\/#breadcrumb\",\"itemListElement\":[{\"@type\":\"ListItem\",\"position\":1,\"name\":\"Home\",\"item\":\"http:\/\/wpdiarytheme.com\/it\/\"},{\"@type\":\"ListItem\",\"position\":2,\"name\":\"App di chat cattive gratuite\"}]}]}<\/script>\n<!-- \/ Yoast SEO plugin. -->","yoast_head_json":{"title":"App di chat cattive gratuite - Dating Themes","robots":{"index":"index","follow":"follow","max-snippet":"max-snippet:-1","max-image-preview":"max-image-preview:large","max-video-preview":"max-video-preview:-1"},"canonical":"https:\/\/wpdiarytheme.com\/it\/app-di-chat-cattive-gratuite\/","og_locale":"it_IT","og_type":"article","og_title":"App di chat cattive gratuite - Dating Themes","og_description":"Non si pu\u00f2 negare che le chat room possano essere un ottimo modo per connettersi con persone che condividono i&hellip;","og_url":"https:\/\/wpdiarytheme.com\/it\/app-di-chat-cattive-gratuite\/","og_site_name":"Dating Themes","twitter_card":"summary_large_image","twitter_misc":{"Tempo di lettura stimato":"3 minuti"},"schema":{"@context":"https:\/\/schema.org","@graph":[{"@type":"WebSite","@id":"https:\/\/wpdiarytheme.com\/#website","url":"https:\/\/wpdiarytheme.com\/","name":"Dating Themes","description":"Find Your Perfect App","potentialAction":[{"@type":"SearchAction","target":{"@type":"EntryPoint","urlTemplate":"https:\/\/wpdiarytheme.com\/?s={search_term_string}"},"query-input":"required name=search_term_string"}],"inLanguage":"it-IT"},{"@type":"WebPage","@id":"https:\/\/wpdiarytheme.com\/it\/app-di-chat-cattive-gratuite\/#webpage","url":"https:\/\/wpdiarytheme.com\/it\/app-di-chat-cattive-gratuite\/","name":"App di chat cattive gratuite - Dating Themes","isPartOf":{"@id":"https:\/\/wpdiarytheme.com\/#website"},"datePublished":"2022-09-30T12:11:17+00:00","dateModified":"2022-09-30T12:11:17+00:00","breadcrumb":{"@id":"https:\/\/wpdiarytheme.com\/it\/app-di-chat-cattive-gratuite\/#breadcrumb"},"inLanguage":"it-IT","potentialAction":[{"@type":"ReadAction","target":["https:\/\/wpdiarytheme.com\/it\/app-di-chat-cattive-gratuite\/"]}]},{"@type":"BreadcrumbList","@id":"https:\/\/wpdiarytheme.com\/it\/app-di-chat-cattive-gratuite\/#breadcrumb","itemListElement":[{"@type":"ListItem","position":1,"name":"Home","item":"http:\/\/wpdiarytheme.com\/it\/"},{"@type":"ListItem","position":2,"name":"App di chat cattive gratuite"}]}]}},"_links":{"self":[{"href":"https:\/\/wpdiarytheme.com\/it\/wp-json\/wp\/v2\/pages\/299"}],"collection":[{"href":"https:\/\/wpdiarytheme.com\/it\/wp-json\/wp\/v2\/pages"}],"about":[{"href":"https:\/\/wpdiarytheme.com\/it\/wp-json\/wp\/v2\/types\/page"}],"author":[{"embeddable":true,"href":"https:\/\/wpdiarytheme.com\/it\/wp-json\/wp\/v2\/users\/1"}],"replies":[{"embeddable":true,"href":"https:\/\/wpdiarytheme.com\/it\/wp-json\/wp\/v2\/comments?post=299"}],"version-history":[{"count":0,"href":"https:\/\/wpdiarytheme.com\/it\/wp-json\/wp\/v2\/pages\/299\/revisions"}],"wp:attachment":[{"href":"https:\/\/wpdiarytheme.com\/it\/wp-json\/wp\/v2\/media?parent=299"}],"curies":[{"name":"wp","href":"https:\/\/api.w.org\/{rel}","templated":true}]}}