{"id":275,"date":"2022-09-30T13:14:07","date_gmt":"2022-09-30T12:14:07","guid":{"rendered":"http:\/\/wpdiarytheme.com\/siti-di-collegamento-milf\/"},"modified":"2022-09-30T13:14:07","modified_gmt":"2022-09-30T12:14:07","slug":"siti-di-collegamento-milf","status":"publish","type":"page","link":"https:\/\/wpdiarytheme.com\/it\/siti-di-collegamento-milf\/","title":{"rendered":"Siti di collegamento MILF"},"content":{"rendered":"<p>Ci sono molti siti di collegamento milf l\u00e0 fuori, ma non tutti sono creati uguali. Vuoi assicurarti di trovare un sito che abbia molti membri, sia facile da usare e abbia una buona reputazione.<\/p>\n<p>Uno dei modi migliori per trovare un buon sito di collegamento milf <a href=\"http:\/\/wpdiarytheme.com\/adult-sexting-sites\/\">\u00e8 leggere le recensioni di loro<\/a>. Questo ti dar\u00e0 una buona idea di ci\u00f2 che le altre persone pensano del sito e se vale o meno il tuo tempo. Un&#8217;altra cosa da considerare \u00e8 il prezzo. Alcuni siti sono gratuiti, mentre altri addebiteranno un canone mensile. Se stai solo cercando di collegarti con una milf di tanto in tanto, allora un sito gratuito potrebbe essere una buona opzione per te. Ma se vuoi utilizzare il sito pi\u00f9 spesso, allora potresti prendere in considerazione il pagamento di una tariffa mensile.<\/p>\n<p>Quando guardi i siti di collegamento milf, assicurati di trovarne uno che abbia molti membri. Pi\u00f9 membri ha un sito, maggiori sono le possibilit\u00e0 di trovare qualcuno con cui collegarsi. Inoltre, assicurati che il sito sia facile da usare. Dovresti essere in grado di navigare facilmente e trovare le cose che stai cercando. Se un sito \u00e8 difficile da usare, potresti voler cercare altrove.<\/p>\n<p>Infine, assicurati che il sito abbia una buona reputazione. Puoi controllare le recensioni del sito online per vedere cosa ne pensano gli altri.<\/p>\n<h2>Incontra una milf<\/h2>\n<p>C&#8217;\u00e8 qualcosa nell&#8217;uscire con una MILF che sembra semplicemente fantastico. Sono esperti, fiduciosi e sanno esattamente cosa vogliono nella vita. Inoltre, di solito sono molto caldi.<\/p>\n<p>Ricordo di essere andato a un appuntamento con una MILF qualche anno fa ed \u00e8 stato incredibile. Era cos\u00ec sicura di s\u00e9 e sicura di s\u00e9, e sapeva esattamente cosa voleva. Inoltre, era davvero calda. Abbiamo finito per dormire insieme quella notte ed \u00e8 stata una delle migliori esperienze sessuali che abbia mai avuto. Se stai pensando di uscire con una MILF, allora fallo. Non te ne pentirai.<\/p>\n<h2>Incontri Milf<\/h2>\n<p>Ci sono molti vantaggi nel frequentare una MILF, tra cui esperienza, saggezza e maturit\u00e0. Le MILF sono anche in genere pi\u00f9 sicure e sicure di s\u00e9 rispetto alle donne pi\u00f9 giovani, il che pu\u00f2 essere una svolta importante. Se stai cercando l&#8217;amore e vuoi uscire con una MILF, ci sono alcune cose che dovresti tenere a mente. In primo luogo, sii rispettoso e rispettoso della sua et\u00e0 e della sua esperienza. In secondo luogo, prendi le cose lentamente e non precipitarti in nulla di fisico. E infine, assicurati di comunicare apertamente e onestamente l&#8217;uno con l&#8217;altro per assicurarti che entrambi siate sulla stessa pagina. Se riesci a fare queste cose, sei sulla buona strada per una relazione appagante ed eccitante con una MILF.<\/p>\n<h2>Sito di incontri Milfs<\/h2>\n<p>Ci sono molti siti di incontri l\u00e0 fuori che si rivolgono a un pubblico diverso. MilfsDatingSite \u00e8 uno di questi siti che mira a collegare le milf con uomini idonei. Il sito ha un&#8217;interfaccia piuttosto semplice e una base di utenti decente. Tuttavia, vale la pena notare che il sito \u00e8 ancora nelle sue fasi iniziali e quindi potrebbero esserci alcuni bug qua e l\u00e0. Nel complesso, MilfsDatingSite \u00e8 un&#8217;opzione decente per coloro che cercano di uscire con una milf.<\/p>\n<h3>Xmeets<\/h3>\n<p>Xmeets \u00e8 un&#8217;app di appuntamenti progettata specificamente per le persone che stanno cercando di collegarsi con le MILF. L&#8217;app \u00e8 facile da usare e ha molte funzionalit\u00e0 che la rendono uno dei migliori siti di collegamento MILF. L&#8217;app ha anche molte recensioni positive da parte degli utenti.<\/p>\n<h3>Alt.com<\/h3>\n<p>Se stai cercando un sito di collegamento milf affidabile e facile da usare, allora Alt.com \u00e8 un&#8217;ottima opzione. Il sito ha un&#8217;interfaccia user-friendly e un ampio database di membri, quindi sei sicuro di trovare qualcuno che soddisfi le tue esigenze. Anche le funzionalit\u00e0 di ricerca e messaggistica sono molto buone, rendendo facile trovare e connettersi con potenziali corrispondenze. Nel complesso, Alt.com \u00e8 un&#8217;ottima scelta per chiunque cerchi un sito di collegamento milf.<\/p>\n<h3>TinderMeets<\/h3>\n<p>Se stai cercando un&#8217;app di appuntamenti specificamente progettata per il collegamento con donne anziane, allora dovresti dare un&#8217;occhiata a TinderMeets. Questa app sta diventando sempre pi\u00f9 popolare tra gli utenti che sono alla ricerca di partner di appuntamenti maturi. L&#8217;interfaccia \u00e8 facile da usare e l&#8217;app offre molte funzioni utili, come filtri di ricerca e un sistema di messaggistica. Nel complesso, TinderMeets \u00e8 un&#8217;ottima opzione per chiunque sia interessato agli appuntamenti di collegamento con milf.<\/p>\n","protected":false},"excerpt":{"rendered":"<p>Ci sono molti siti di collegamento milf l\u00e0 fuori, ma non tutti sono creati uguali. Vuoi assicurarti di trovare un&hellip;<\/p>\n","protected":false},"author":1,"featured_media":0,"parent":0,"menu_order":0,"comment_status":"closed","ping_status":"closed","template":"","meta":[],"yoast_head":"<!-- This site is optimized with the Yoast SEO plugin v17.7.1 - https:\/\/yoast.com\/wordpress\/plugins\/seo\/ -->\n<title>Siti di collegamento MILF - Dating Themes<\/title>\n<meta name=\"robots\" content=\"index, follow, max-snippet:-1, max-image-preview:large, max-video-preview:-1\" \/>\n<link rel=\"canonical\" href=\"https:\/\/wpdiarytheme.com\/it\/siti-di-collegamento-milf\/\" \/>\n<meta property=\"og:locale\" content=\"it_IT\" \/>\n<meta property=\"og:type\" content=\"article\" \/>\n<meta property=\"og:title\" content=\"Siti di collegamento MILF - Dating Themes\" \/>\n<meta property=\"og:description\" content=\"Ci sono molti siti di collegamento milf l\u00e0 fuori, ma non tutti sono creati uguali. Vuoi assicurarti di trovare un&hellip;\" \/>\n<meta property=\"og:url\" content=\"https:\/\/wpdiarytheme.com\/it\/siti-di-collegamento-milf\/\" \/>\n<meta property=\"og:site_name\" content=\"Dating Themes\" \/>\n<meta name=\"twitter:card\" content=\"summary_large_image\" \/>\n<meta name=\"twitter:label1\" content=\"Tempo di lettura stimato\" \/>\n\t<meta name=\"twitter:data1\" content=\"4 minuti\" \/>\n<script type=\"application\/ld+json\" class=\"yoast-schema-graph\">{\"@context\":\"https:\/\/schema.org\",\"@graph\":[{\"@type\":\"WebSite\",\"@id\":\"https:\/\/wpdiarytheme.com\/#website\",\"url\":\"https:\/\/wpdiarytheme.com\/\",\"name\":\"Dating Themes\",\"description\":\"Find Your Perfect App\",\"potentialAction\":[{\"@type\":\"SearchAction\",\"target\":{\"@type\":\"EntryPoint\",\"urlTemplate\":\"https:\/\/wpdiarytheme.com\/?s={search_term_string}\"},\"query-input\":\"required name=search_term_string\"}],\"inLanguage\":\"it-IT\"},{\"@type\":\"WebPage\",\"@id\":\"https:\/\/wpdiarytheme.com\/it\/siti-di-collegamento-milf\/#webpage\",\"url\":\"https:\/\/wpdiarytheme.com\/it\/siti-di-collegamento-milf\/\",\"name\":\"Siti di collegamento MILF - Dating Themes\",\"isPartOf\":{\"@id\":\"https:\/\/wpdiarytheme.com\/#website\"},\"datePublished\":\"2022-09-30T12:14:07+00:00\",\"dateModified\":\"2022-09-30T12:14:07+00:00\",\"breadcrumb\":{\"@id\":\"https:\/\/wpdiarytheme.com\/it\/siti-di-collegamento-milf\/#breadcrumb\"},\"inLanguage\":\"it-IT\",\"potentialAction\":[{\"@type\":\"ReadAction\",\"target\":[\"https:\/\/wpdiarytheme.com\/it\/siti-di-collegamento-milf\/\"]}]},{\"@type\":\"BreadcrumbList\",\"@id\":\"https:\/\/wpdiarytheme.com\/it\/siti-di-collegamento-milf\/#breadcrumb\",\"itemListElement\":[{\"@type\":\"ListItem\",\"position\":1,\"name\":\"Home\",\"item\":\"http:\/\/wpdiarytheme.com\/it\/\"},{\"@type\":\"ListItem\",\"position\":2,\"name\":\"Siti di collegamento MILF\"}]}]}<\/script>\n<!-- \/ Yoast SEO plugin. -->","yoast_head_json":{"title":"Siti di collegamento MILF - Dating Themes","robots":{"index":"index","follow":"follow","max-snippet":"max-snippet:-1","max-image-preview":"max-image-preview:large","max-video-preview":"max-video-preview:-1"},"canonical":"https:\/\/wpdiarytheme.com\/it\/siti-di-collegamento-milf\/","og_locale":"it_IT","og_type":"article","og_title":"Siti di collegamento MILF - Dating Themes","og_description":"Ci sono molti siti di collegamento milf l\u00e0 fuori, ma non tutti sono creati uguali. Vuoi assicurarti di trovare un&hellip;","og_url":"https:\/\/wpdiarytheme.com\/it\/siti-di-collegamento-milf\/","og_site_name":"Dating Themes","twitter_card":"summary_large_image","twitter_misc":{"Tempo di lettura stimato":"4 minuti"},"schema":{"@context":"https:\/\/schema.org","@graph":[{"@type":"WebSite","@id":"https:\/\/wpdiarytheme.com\/#website","url":"https:\/\/wpdiarytheme.com\/","name":"Dating Themes","description":"Find Your Perfect App","potentialAction":[{"@type":"SearchAction","target":{"@type":"EntryPoint","urlTemplate":"https:\/\/wpdiarytheme.com\/?s={search_term_string}"},"query-input":"required name=search_term_string"}],"inLanguage":"it-IT"},{"@type":"WebPage","@id":"https:\/\/wpdiarytheme.com\/it\/siti-di-collegamento-milf\/#webpage","url":"https:\/\/wpdiarytheme.com\/it\/siti-di-collegamento-milf\/","name":"Siti di collegamento MILF - Dating Themes","isPartOf":{"@id":"https:\/\/wpdiarytheme.com\/#website"},"datePublished":"2022-09-30T12:14:07+00:00","dateModified":"2022-09-30T12:14:07+00:00","breadcrumb":{"@id":"https:\/\/wpdiarytheme.com\/it\/siti-di-collegamento-milf\/#breadcrumb"},"inLanguage":"it-IT","potentialAction":[{"@type":"ReadAction","target":["https:\/\/wpdiarytheme.com\/it\/siti-di-collegamento-milf\/"]}]},{"@type":"BreadcrumbList","@id":"https:\/\/wpdiarytheme.com\/it\/siti-di-collegamento-milf\/#breadcrumb","itemListElement":[{"@type":"ListItem","position":1,"name":"Home","item":"http:\/\/wpdiarytheme.com\/it\/"},{"@type":"ListItem","position":2,"name":"Siti di collegamento MILF"}]}]}},"_links":{"self":[{"href":"https:\/\/wpdiarytheme.com\/it\/wp-json\/wp\/v2\/pages\/275"}],"collection":[{"href":"https:\/\/wpdiarytheme.com\/it\/wp-json\/wp\/v2\/pages"}],"about":[{"href":"https:\/\/wpdiarytheme.com\/it\/wp-json\/wp\/v2\/types\/page"}],"author":[{"embeddable":true,"href":"https:\/\/wpdiarytheme.com\/it\/wp-json\/wp\/v2\/users\/1"}],"replies":[{"embeddable":true,"href":"https:\/\/wpdiarytheme.com\/it\/wp-json\/wp\/v2\/comments?post=275"}],"version-history":[{"count":0,"href":"https:\/\/wpdiarytheme.com\/it\/wp-json\/wp\/v2\/pages\/275\/revisions"}],"wp:attachment":[{"href":"https:\/\/wpdiarytheme.com\/it\/wp-json\/wp\/v2\/media?parent=275"}],"curies":[{"name":"wp","href":"https:\/\/api.w.org\/{rel}","templated":true}]}}