{"id":162,"date":"2022-09-12T12:14:34","date_gmt":"2022-09-12T11:14:34","guid":{"rendered":"http:\/\/wpdiarytheme.com\/il-tuo-diario-di-appuntamenti-collegamenti-e-altro\/"},"modified":"2022-09-12T12:14:34","modified_gmt":"2022-09-12T11:14:34","slug":"il-tuo-diario-di-appuntamenti-collegamenti-e-altro","status":"publish","type":"page","link":"https:\/\/wpdiarytheme.com\/it\/","title":{"rendered":"Il tuo diario di appuntamenti: collegamenti e altro"},"content":{"rendered":"<p>So cosa stai pensando: &#8220;Ci sono migliaia di app e siti web di appuntamenti l\u00e0 fuori&#8221;. E avresti ragione. Ma penso che possiamo essere d&#8217;accordo sul fatto che ce ne sono alcuni migliori in giro. Come qualcuno che ne usa uno ogni giorno, volevo assicurarmi che tu conoscessi i migliori siti di collegamento gratuiti l\u00e0 fuori.<\/p>\n<p>Questo elenco include tutti i principali che sono totalmente gratuiti. Alcuni di loro hanno anche piani a pagamento, ma quelli non sono necessari per aderire. Se vuoi trovare una relazione a lungo termine, per\u00f2, dai un&#8217;occhiata alla mia guida per trovare l&#8217;amore online.<\/p>\n<p>La cosa pi\u00f9 grande che noterai di questi siti \u00e8 quanto siano facili da usare. La maggior parte dei siti non richiede iscrizioni, solo nome utente e password. Non \u00e8 necessario compilare profili o rispondere a domande; basta digitare quello che ti piace nella barra di ricerca e iniziare a incontrare persone.<\/p>\n<p>Non troverai account falsi nella nostra lista. Tutti i siti elencati qui sono completamente legittimi e sicuri. Ci sono anche tonnellate di diversi tipi di persone su queste piattaforme. Sia che tu preferisca il sesso occasionale o le relazioni serie, sei destinato a trovare qualcosa che ti piace.<\/p>\n<h2>Inizia a usare i siti di incontri<\/h2>\n<p>Molte persone usano siti di incontri e app per connettersi con potenziali partite romantiche. Ma mentre questi siti offrono molte funzionalit\u00e0 per trovare l&#8217;amore, ce ne sono molti altri che si rivolgono specificamente all&#8217;incontro per una notte. Sia che tu stia cercando una fuga veloce o solo qualcuno con cui uscire, ecco 10 ottimi posti dove andare dove non dovrai nemmeno pagare nulla per provare.<\/p>\n<p><img loading=\"lazy\" class=\"aligncenter wp-image-66 size-large\" src=\"http:\/\/wpdiarytheme.com\/wp-content\/uploads\/2022\/09\/real-dates-online-1024x683.jpeg\" alt=\"\" width=\"525\" height=\"350\" srcset=\"https:\/\/wpdiarytheme.com\/wp-content\/uploads\/2022\/09\/real-dates-online-1024x683.jpeg 1024w, https:\/\/wpdiarytheme.com\/wp-content\/uploads\/2022\/09\/real-dates-online-300x200.jpeg 300w, https:\/\/wpdiarytheme.com\/wp-content\/uploads\/2022\/09\/real-dates-online-768x512.jpeg 768w, https:\/\/wpdiarytheme.com\/wp-content\/uploads\/2022\/09\/real-dates-online.jpeg 1125w\" sizes=\"(max-width: 525px) 100vw, 525px\" \/><\/p>\n<h3>PlentyOfFish<\/h3>\n<p>PlentyOfFish \u00e8 probabilmente il sito pi\u00f9 noto per incontri casuali. Mentre addebita una commissione per diventare un membro premium, offre tonnellate di funzionalit\u00e0, tra cui la possibilit\u00e0 di sfogliare i membri in base a posizione, et\u00e0, tipo di corporatura, sesso, etnia, religione, stato di relazione, livello di istruzione, altezza, peso, abitudini al fumo, abitudini di bere e molto altro. Non incontrerai mai nessuno che conosci, ma potresti finire per incontrare qualcuno che condivide i tuoi interessi.<\/p>\n<h3>AdultFriendFinder<\/h3>\n<p>Adult Friend Finder \u00e8 un altro posto molto popolare per cercare un incontro casuale. Sono in circolazione dal 1999 e affermano di avere milioni di profili attivi. Ci sono molte opzioni diverse per l&#8217;iscrizione, che vanno da una prova gratuita a un abbonamento mensile. Finch\u00e9 sei disposto a lavorare, puoi trovare esattamente quello che stai cercando.<\/p>\n<p>Adult Friend Finder \u00e8 un altro sito dedicato ad aiutare gli adulti a trovare amici con benefici. In effetti, \u00e8 il secondo pi\u00f9 grande sito di personali BBW dietro Ashley Madison.<\/p>\n<h3>Ashley Madison<\/h3>\n<p>Se stai cercando qualcosa di discreto, Ashley Madison vale sicuramente la pena dare un&#8217;occhiata. Questo sito ti d\u00e0 la possibilit\u00e0 di visualizzare i profili di altre persone, inviare messaggi e organizzare le date. Tutto questo avviene in modo completamente anonimo. Se decidi di iscriverti a un abbonamento premium, sarai in grado di vedere i nomi completi, gli indirizzi e-mail e persino i numeri di telefono degli altri membri.<\/p>\n<p>AshleyMadison.com \u00e8 una boccata d&#8217;aria fresca online per le persone che cercano di sperimentare un po &#8216;di spezie in pi\u00f9 nelle loro vite amorose. Con oltre 54 milioni di membri in tutto il mondo, il sito di incontri per adulti offre molti modi per incontrare single che la pensano allo stesso modo. Che tu stia cercando incontri casuali, una relazione seria o qualcos&#8217;altro, AshleyMadison.com ha tutto ci\u00f2 che stai cercando.<\/p>\n<h3>BeNaughty \u00b7<\/h3>\n<p>BeNaughty \u00e8 un&#8217;app di appuntamenti online gratuita in cui le persone si incontrano in base all&#8217;interesse reciproco. Non devi preoccuparti di trovare qualcuno di speciale perch\u00e9 ci sono migliaia di membri che ti aspettano per unirti.<\/p>\n<p>L&#8217;obiettivo di BeNaughty \u00e8 semplice: vogliamo rendere pi\u00f9 facile incontrare le persone. Abbiamo fatto il duro lavoro per te: il nostro team di esperti ha selezionato a mano profili di ragazzi e ragazze sexy proprio come te. Che tu stia cercando amicizia, sesso occasionale o qualcosa di serio, qui troverai esattamente quello che vuoi.<\/p>\n<p>Se sei pronto per iniziare a chattare con singleton locale, iscriviti ora e inizia a navigare.<\/p>\n<h3>IWantU<\/h3>\n<p>L&#8217;app IWantU \u00e8 un sito di collegamento che consente alle persone di incontrarsi per fare sesso lo stesso giorno. Lanciata nel 2017, l&#8217;app \u00e8 stata scaricata oltre 50 milioni di volte in tutto il mondo, con oltre 30 milioni di download solo negli Stati Uniti. Gli utenti si iscrivono gratuitamente, scelgono il sesso, la fascia di et\u00e0, la posizione e gli interessi e attendono le corrispondenze in base a tali criteri. Possono quindi mettersi in contatto direttamente via e-mail o telefonata e organizzare un incontro per il sesso entro 24 ore.<\/p>\n<p>L&#8217;app \u00e8 progettata per aiutare i professionisti impegnati a incontrare persone che la pensano allo stesso modo per una notte, avventure veloci o persino proposte di matrimonio. Non ci sono rifiuti o lunghe persuasioni perch\u00e9 tutti i membri vengono per la stessa cosa: il sesso.<\/p>\n<p>Ogni utente si distingue per l&#8217;emancipazione, il desiderio di ricevere e fornire piacere e la volont\u00e0 di provare qualcosa di diverso. Oltre a una sezione del profilo in cui gli utenti si descrivono, caricano anche immagini, video e luoghi in cui vogliono incontrarsi.<\/p>\n<h2>Cosa c&#8217;\u00e8 dopo?<\/h2>\n<p>Ok, quindi sappiamo cosa stai pensando. &#8220;Non voglio unirmi a qualche sito di collegamento.&#8221; Bene, va bene perch\u00e9 ci sono molti siti gratuiti l\u00e0 fuori che offrono grandi funzionalit\u00e0 come la messaggistica istantanea e la chat video.<\/p>\n<p>Se stai cercando di fare sesso occasionale stasera, continua a scorrere e agisci, abbastanza semplice, non \u00e8 vero?<\/p>\n<p>Dovresti unirti ad alcuni siti diversi e vedere quale funziona meglio per te.<\/p>\n","protected":false},"excerpt":{"rendered":"<p>So cosa stai pensando: &#8220;Ci sono migliaia di app e siti web di appuntamenti l\u00e0 fuori&#8221;. E avresti ragione. Ma&hellip;<\/p>\n","protected":false},"author":1,"featured_media":81,"parent":0,"menu_order":0,"comment_status":"closed","ping_status":"closed","template":"","meta":[],"yoast_head":"<!-- This site is optimized with the Yoast SEO plugin v17.7.1 - https:\/\/yoast.com\/wordpress\/plugins\/seo\/ -->\n<title>Il tuo diario di appuntamenti: collegamenti e altro - Dating Themes<\/title>\n<meta name=\"robots\" content=\"index, follow, max-snippet:-1, max-image-preview:large, max-video-preview:-1\" \/>\n<link rel=\"canonical\" href=\"https:\/\/wpdiarytheme.com\/it\/\" \/>\n<meta property=\"og:locale\" content=\"it_IT\" \/>\n<meta property=\"og:type\" content=\"article\" \/>\n<meta property=\"og:title\" content=\"Il tuo diario di appuntamenti: collegamenti e altro - Dating Themes\" \/>\n<meta property=\"og:description\" content=\"So cosa stai pensando: &#8220;Ci sono migliaia di app e siti web di appuntamenti l\u00e0 fuori&#8221;. E avresti ragione. Ma&hellip;\" \/>\n<meta property=\"og:url\" content=\"https:\/\/wpdiarytheme.com\/it\/\" \/>\n<meta property=\"og:site_name\" content=\"Dating Themes\" \/>\n<meta property=\"og:image\" content=\"https:\/\/wpdiarytheme.com\/wp-content\/uploads\/2022\/09\/local-sex-match.jpeg\" \/>\n\t<meta property=\"og:image:width\" content=\"1600\" \/>\n\t<meta property=\"og:image:height\" content=\"1067\" \/>\n<meta name=\"twitter:card\" content=\"summary_large_image\" \/>\n<meta name=\"twitter:label1\" content=\"Tempo di lettura stimato\" \/>\n\t<meta name=\"twitter:data1\" content=\"5 minuti\" \/>\n<script type=\"application\/ld+json\" class=\"yoast-schema-graph\">{\"@context\":\"https:\/\/schema.org\",\"@graph\":[{\"@type\":\"WebSite\",\"@id\":\"https:\/\/wpdiarytheme.com\/cs\/#website\",\"url\":\"https:\/\/wpdiarytheme.com\/cs\/\",\"name\":\"Dating Themes\",\"description\":\"Find Your Perfect App\",\"potentialAction\":[{\"@type\":\"SearchAction\",\"target\":{\"@type\":\"EntryPoint\",\"urlTemplate\":\"https:\/\/wpdiarytheme.com\/cs\/?s={search_term_string}\"},\"query-input\":\"required name=search_term_string\"}],\"inLanguage\":\"it-IT\"},{\"@type\":\"ImageObject\",\"@id\":\"https:\/\/wpdiarytheme.com\/it\/#primaryimage\",\"inLanguage\":\"it-IT\",\"url\":\"https:\/\/wpdiarytheme.com\/wp-content\/uploads\/2022\/09\/local-sex-match.jpeg\",\"contentUrl\":\"https:\/\/wpdiarytheme.com\/wp-content\/uploads\/2022\/09\/local-sex-match.jpeg\",\"width\":1600,\"height\":1067},{\"@type\":\"WebPage\",\"@id\":\"https:\/\/wpdiarytheme.com\/it\/#webpage\",\"url\":\"https:\/\/wpdiarytheme.com\/it\/\",\"name\":\"Il tuo diario di appuntamenti: collegamenti e altro - Dating Themes\",\"isPartOf\":{\"@id\":\"https:\/\/wpdiarytheme.com\/cs\/#website\"},\"primaryImageOfPage\":{\"@id\":\"https:\/\/wpdiarytheme.com\/it\/#primaryimage\"},\"datePublished\":\"2022-09-12T11:14:34+00:00\",\"dateModified\":\"2022-09-12T11:14:34+00:00\",\"breadcrumb\":{\"@id\":\"https:\/\/wpdiarytheme.com\/it\/#breadcrumb\"},\"inLanguage\":\"it-IT\",\"potentialAction\":[{\"@type\":\"ReadAction\",\"target\":[\"https:\/\/wpdiarytheme.com\/it\/\"]}]},{\"@type\":\"BreadcrumbList\",\"@id\":\"https:\/\/wpdiarytheme.com\/it\/#breadcrumb\",\"itemListElement\":[{\"@type\":\"ListItem\",\"position\":1,\"name\":\"Home\",\"item\":\"https:\/\/wpdiarytheme.com\/it\/\"},{\"@type\":\"ListItem\",\"position\":2,\"name\":\"Il tuo diario di appuntamenti: collegamenti e altro\"}]}]}<\/script>\n<!-- \/ Yoast SEO plugin. -->","yoast_head_json":{"title":"Il tuo diario di appuntamenti: collegamenti e altro - Dating Themes","robots":{"index":"index","follow":"follow","max-snippet":"max-snippet:-1","max-image-preview":"max-image-preview:large","max-video-preview":"max-video-preview:-1"},"canonical":"https:\/\/wpdiarytheme.com\/it\/","og_locale":"it_IT","og_type":"article","og_title":"Il tuo diario di appuntamenti: collegamenti e altro - Dating Themes","og_description":"So cosa stai pensando: &#8220;Ci sono migliaia di app e siti web di appuntamenti l\u00e0 fuori&#8221;. E avresti ragione. Ma&hellip;","og_url":"https:\/\/wpdiarytheme.com\/it\/","og_site_name":"Dating Themes","og_image":[{"width":1600,"height":1067,"url":"https:\/\/wpdiarytheme.com\/wp-content\/uploads\/2022\/09\/local-sex-match.jpeg","type":"image\/jpeg"}],"twitter_card":"summary_large_image","twitter_misc":{"Tempo di lettura stimato":"5 minuti"},"schema":{"@context":"https:\/\/schema.org","@graph":[{"@type":"WebSite","@id":"https:\/\/wpdiarytheme.com\/cs\/#website","url":"https:\/\/wpdiarytheme.com\/cs\/","name":"Dating Themes","description":"Find Your Perfect App","potentialAction":[{"@type":"SearchAction","target":{"@type":"EntryPoint","urlTemplate":"https:\/\/wpdiarytheme.com\/cs\/?s={search_term_string}"},"query-input":"required name=search_term_string"}],"inLanguage":"it-IT"},{"@type":"ImageObject","@id":"https:\/\/wpdiarytheme.com\/it\/#primaryimage","inLanguage":"it-IT","url":"https:\/\/wpdiarytheme.com\/wp-content\/uploads\/2022\/09\/local-sex-match.jpeg","contentUrl":"https:\/\/wpdiarytheme.com\/wp-content\/uploads\/2022\/09\/local-sex-match.jpeg","width":1600,"height":1067},{"@type":"WebPage","@id":"https:\/\/wpdiarytheme.com\/it\/#webpage","url":"https:\/\/wpdiarytheme.com\/it\/","name":"Il tuo diario di appuntamenti: collegamenti e altro - Dating Themes","isPartOf":{"@id":"https:\/\/wpdiarytheme.com\/cs\/#website"},"primaryImageOfPage":{"@id":"https:\/\/wpdiarytheme.com\/it\/#primaryimage"},"datePublished":"2022-09-12T11:14:34+00:00","dateModified":"2022-09-12T11:14:34+00:00","breadcrumb":{"@id":"https:\/\/wpdiarytheme.com\/it\/#breadcrumb"},"inLanguage":"it-IT","potentialAction":[{"@type":"ReadAction","target":["https:\/\/wpdiarytheme.com\/it\/"]}]},{"@type":"BreadcrumbList","@id":"https:\/\/wpdiarytheme.com\/it\/#breadcrumb","itemListElement":[{"@type":"ListItem","position":1,"name":"Home","item":"https:\/\/wpdiarytheme.com\/it\/"},{"@type":"ListItem","position":2,"name":"Il tuo diario di appuntamenti: collegamenti e altro"}]}]}},"_links":{"self":[{"href":"https:\/\/wpdiarytheme.com\/it\/wp-json\/wp\/v2\/pages\/162"}],"collection":[{"href":"https:\/\/wpdiarytheme.com\/it\/wp-json\/wp\/v2\/pages"}],"about":[{"href":"https:\/\/wpdiarytheme.com\/it\/wp-json\/wp\/v2\/types\/page"}],"author":[{"embeddable":true,"href":"https:\/\/wpdiarytheme.com\/it\/wp-json\/wp\/v2\/users\/1"}],"replies":[{"embeddable":true,"href":"https:\/\/wpdiarytheme.com\/it\/wp-json\/wp\/v2\/comments?post=162"}],"version-history":[{"count":0,"href":"https:\/\/wpdiarytheme.com\/it\/wp-json\/wp\/v2\/pages\/162\/revisions"}],"wp:featuredmedia":[{"embeddable":true,"href":"https:\/\/wpdiarytheme.com\/it\/wp-json\/wp\/v2\/media\/81"}],"wp:attachment":[{"href":"https:\/\/wpdiarytheme.com\/it\/wp-json\/wp\/v2\/media?parent=162"}],"curies":[{"name":"wp","href":"https:\/\/api.w.org\/{rel}","templated":true}]}}