{"id":311,"date":"2022-09-30T13:10:58","date_gmt":"2022-09-30T12:10:58","guid":{"rendered":"http:\/\/wpdiarytheme.com\/parlez-avec-milfs\/"},"modified":"2022-09-30T13:10:58","modified_gmt":"2022-09-30T12:10:58","slug":"parlez-avec-milfs","status":"publish","type":"page","link":"https:\/\/wpdiarytheme.com\/fr\/parlez-avec-milfs\/","title":{"rendered":"Parlez avec Milfs"},"content":{"rendered":"<p>Il y a quelque chose dans les MILF qui les rend irr\u00e9sistibles. Peut-\u00eatre que c\u2019est leurs mani\u00e8res exp\u00e9riment\u00e9es, ou peut-\u00eatre que c\u2019est juste le fait qu\u2019elles sont g\u00e9n\u00e9ralement beaucoup plus chaudes que les femmes plus jeunes. Quelle que soit la raison, les MILF sont certainement en demande, surtout quand il s\u2019agit de se connecter.<\/p>\n<p>Heureusement, il existe de nombreux <a href=\"http:\/\/wpdiarytheme.com\/women-looking-for-sex\/\">salons de discussion<\/a> MILF, o\u00f9 vous pouvez discuter avec une femme plus \u00e2g\u00e9e et potentiellement vous connecter avec elle. Assurez-vous simplement de faire attention \u00e0 vos mani\u00e8res et d\u2019\u00eatre respectueux \u2013 apr\u00e8s tout, ce sont toujours de vraies personnes \u00e0 qui vous parlez, pas seulement des objets de votre d\u00e9sir. Si vous faites cela, vous ne devriez avoir aucun probl\u00e8me \u00e0 vous trouver un MILF avec qui discuter&#8230; et peut-\u00eatre m\u00eame se connecter avec!<\/p>\n<p>Il existe de nombreuses salles de discussion MILF en ligne qui vous permettent de discuter avec des femmes plus \u00e2g\u00e9es sans avoir \u00e0 payer un centime. Ces salles de discussion sont un excellent moyen de se connecter avec des femmes plus \u00e2g\u00e9es qui pourraient \u00eatre int\u00e9ress\u00e9es \u00e0 sortir avec des hommes plus jeunes. Vous pouvez utiliser ces salles de discussion pour mieux conna\u00eetre une date potentielle et voir s\u2019il y a une chimie entre vous deux. De plus, vous pouvez \u00e9galement utiliser ces salles de discussion pour parler de tout ce qui pourrait vous int\u00e9resser. Donc, si vous recherchez un salon de discussion MILF gratuit pour vous connecter avec des femmes plus \u00e2g\u00e9es, consultez certaines des options ci-dessous.<\/p>\n<h2>Salons de discussion MILF<\/h2>\n<p>Il y a quelque chose de sp\u00e9cial \u00e0 discuter avec milfs. Ils respirent la confiance et l\u2019exp\u00e9rience, et ils savent ce qu\u2019ils veulent dans la vie. Ils sont \u00e9galement d\u2019excellents auditeurs, et ils offriront toujours des conseils judicieux. Que vous recherchiez l\u2019amour ou simplement une conversation amusante, discuter avec une milf est toujours un bon moment. Quand il s\u2019agit de rencontres, parler avec des MILF peut \u00eatre une exp\u00e9rience formidable. Ils ont g\u00e9n\u00e9ralement de l\u2019exp\u00e9rience dans les relations et savent ce qu\u2019ils font, ils peuvent donc \u00eatre une excellente ressource pour obtenir des conseils. Ils peuvent \u00e9galement \u00eatre tr\u00e8s amusants \u00e0 parler car ils sont g\u00e9n\u00e9ralement plus d\u00e9contract\u00e9s et faciles \u00e0 vivre que les femmes plus jeunes. Cependant, il est important de se rappeler que les MILF sont comme n\u2019importe quelle autre femme &#8211; ce sont des individus avec leurs propres d\u00e9sirs et besoins uniques, il est donc important d\u2019apprendre \u00e0 les conna\u00eetre \u00e0 un niveau personnel avant toute autre chose.<\/p>\n<h3>Gicler<\/h3>\n<p>L\u2019application de rencontres Squirt est l\u2019un des salons de discussion milf les plus populaires disponibles en ligne. L\u2019application a \u00e9t\u00e9 con\u00e7ue pour aider les milfs \u00e0 trouver leur correspondance parfaite. L\u2019application est gratuite \u00e0 t\u00e9l\u00e9charger et \u00e0 utiliser, et elle offre un large \u00e9ventail de fonctionnalit\u00e9s pour aider les utilisateurs \u00e0 trouver leur correspondance parfaite. L\u2019application est facile \u00e0 utiliser et offre une large gamme de filtres pour aider les utilisateurs \u00e0 trouver leur correspondance parfaite. L\u2019application est disponible en anglais et en espagnol, et elle offre un large \u00e9ventail d\u2019options pour aider les utilisateurs \u00e0 trouver leur correspondance parfaite.<\/p>\n<h3>Beaucoup de poissons<\/h3>\n<p>Si vous recherchez une application de rencontres sp\u00e9cialement con\u00e7ue pour les salons de discussion milf, alors Plenty of Fish est une excellente option. L\u2019application a une grande base d\u2019utilisateurs, vous serez donc en mesure de trouver une bonne s\u00e9lection de correspondances potentielles. L\u2019interface est conviviale et facile \u00e0 naviguer, ce qui en fait une excellente option pour ceux qui sont nouveaux dans les rencontres en ligne. L\u2019application offre \u00e9galement une vari\u00e9t\u00e9 de fonctionnalit\u00e9s, telles qu\u2019un syst\u00e8me de messagerie et une fonction de recherche, ce qui en fait une excellente option pour les salons de discussion milf.<\/p>\n<h3>Xmeets<\/h3>\n<p>Si vous recherchez un salon de discussion MILF, Xmeets est une excellente option. Le site dispose d\u2019un grand choix de MILF avec lesquels discuter, et le site est facile \u00e0 utiliser. Le site dispose \u00e9galement d\u2019une grande s\u00e9lection de fonctionnalit\u00e9s, y compris une fonction de recherche, une liste de favoris et une fonction de chat. Le site offre \u00e9galement une vari\u00e9t\u00e9 d\u2019options de paiement, de sorte que vous pouvez choisir celui qui convient le mieux \u00e0 vos besoins. Dans l\u2019ensemble, Xmeets est un excellent salon de discussion MILF et une excellente option pour tous ceux qui recherchent un salon de discussion pour discuter avec MILF.<\/p>\n","protected":false},"excerpt":{"rendered":"<p>Il y a quelque chose dans les MILF qui les rend irr\u00e9sistibles. Peut-\u00eatre que c\u2019est leurs mani\u00e8res exp\u00e9riment\u00e9es, ou peut-\u00eatre&hellip;<\/p>\n","protected":false},"author":1,"featured_media":0,"parent":0,"menu_order":0,"comment_status":"closed","ping_status":"closed","template":"","meta":[],"yoast_head":"<!-- This site is optimized with the Yoast SEO plugin v17.7.1 - https:\/\/yoast.com\/wordpress\/plugins\/seo\/ -->\n<title>Parlez avec Milfs - Dating Themes<\/title>\n<meta name=\"robots\" content=\"index, follow, max-snippet:-1, max-image-preview:large, max-video-preview:-1\" \/>\n<link rel=\"canonical\" href=\"https:\/\/wpdiarytheme.com\/fr\/parlez-avec-milfs\/\" \/>\n<meta property=\"og:locale\" content=\"fr_FR\" \/>\n<meta property=\"og:type\" content=\"article\" \/>\n<meta property=\"og:title\" content=\"Parlez avec Milfs - Dating Themes\" \/>\n<meta property=\"og:description\" content=\"Il y a quelque chose dans les MILF qui les rend irr\u00e9sistibles. Peut-\u00eatre que c\u2019est leurs mani\u00e8res exp\u00e9riment\u00e9es, ou peut-\u00eatre&hellip;\" \/>\n<meta property=\"og:url\" content=\"https:\/\/wpdiarytheme.com\/fr\/parlez-avec-milfs\/\" \/>\n<meta property=\"og:site_name\" content=\"Dating Themes\" \/>\n<meta name=\"twitter:card\" content=\"summary_large_image\" \/>\n<meta name=\"twitter:label1\" content=\"Dur\u00e9e de lecture estim\u00e9e\" \/>\n\t<meta name=\"twitter:data1\" content=\"4 minutes\" \/>\n<script type=\"application\/ld+json\" class=\"yoast-schema-graph\">{\"@context\":\"https:\/\/schema.org\",\"@graph\":[{\"@type\":\"WebSite\",\"@id\":\"https:\/\/wpdiarytheme.com\/#website\",\"url\":\"https:\/\/wpdiarytheme.com\/\",\"name\":\"Dating Themes\",\"description\":\"Find Your Perfect App\",\"potentialAction\":[{\"@type\":\"SearchAction\",\"target\":{\"@type\":\"EntryPoint\",\"urlTemplate\":\"https:\/\/wpdiarytheme.com\/?s={search_term_string}\"},\"query-input\":\"required name=search_term_string\"}],\"inLanguage\":\"fr-FR\"},{\"@type\":\"WebPage\",\"@id\":\"https:\/\/wpdiarytheme.com\/fr\/parlez-avec-milfs\/#webpage\",\"url\":\"https:\/\/wpdiarytheme.com\/fr\/parlez-avec-milfs\/\",\"name\":\"Parlez avec Milfs - Dating Themes\",\"isPartOf\":{\"@id\":\"https:\/\/wpdiarytheme.com\/#website\"},\"datePublished\":\"2022-09-30T12:10:58+00:00\",\"dateModified\":\"2022-09-30T12:10:58+00:00\",\"breadcrumb\":{\"@id\":\"https:\/\/wpdiarytheme.com\/fr\/parlez-avec-milfs\/#breadcrumb\"},\"inLanguage\":\"fr-FR\",\"potentialAction\":[{\"@type\":\"ReadAction\",\"target\":[\"https:\/\/wpdiarytheme.com\/fr\/parlez-avec-milfs\/\"]}]},{\"@type\":\"BreadcrumbList\",\"@id\":\"https:\/\/wpdiarytheme.com\/fr\/parlez-avec-milfs\/#breadcrumb\",\"itemListElement\":[{\"@type\":\"ListItem\",\"position\":1,\"name\":\"Home\",\"item\":\"http:\/\/wpdiarytheme.com\/fr\/\"},{\"@type\":\"ListItem\",\"position\":2,\"name\":\"Parlez avec Milfs\"}]}]}<\/script>\n<!-- \/ Yoast SEO plugin. -->","yoast_head_json":{"title":"Parlez avec Milfs - Dating Themes","robots":{"index":"index","follow":"follow","max-snippet":"max-snippet:-1","max-image-preview":"max-image-preview:large","max-video-preview":"max-video-preview:-1"},"canonical":"https:\/\/wpdiarytheme.com\/fr\/parlez-avec-milfs\/","og_locale":"fr_FR","og_type":"article","og_title":"Parlez avec Milfs - Dating Themes","og_description":"Il y a quelque chose dans les MILF qui les rend irr\u00e9sistibles. Peut-\u00eatre que c\u2019est leurs mani\u00e8res exp\u00e9riment\u00e9es, ou peut-\u00eatre&hellip;","og_url":"https:\/\/wpdiarytheme.com\/fr\/parlez-avec-milfs\/","og_site_name":"Dating Themes","twitter_card":"summary_large_image","twitter_misc":{"Dur\u00e9e de lecture estim\u00e9e":"4 minutes"},"schema":{"@context":"https:\/\/schema.org","@graph":[{"@type":"WebSite","@id":"https:\/\/wpdiarytheme.com\/#website","url":"https:\/\/wpdiarytheme.com\/","name":"Dating Themes","description":"Find Your Perfect App","potentialAction":[{"@type":"SearchAction","target":{"@type":"EntryPoint","urlTemplate":"https:\/\/wpdiarytheme.com\/?s={search_term_string}"},"query-input":"required name=search_term_string"}],"inLanguage":"fr-FR"},{"@type":"WebPage","@id":"https:\/\/wpdiarytheme.com\/fr\/parlez-avec-milfs\/#webpage","url":"https:\/\/wpdiarytheme.com\/fr\/parlez-avec-milfs\/","name":"Parlez avec Milfs - Dating Themes","isPartOf":{"@id":"https:\/\/wpdiarytheme.com\/#website"},"datePublished":"2022-09-30T12:10:58+00:00","dateModified":"2022-09-30T12:10:58+00:00","breadcrumb":{"@id":"https:\/\/wpdiarytheme.com\/fr\/parlez-avec-milfs\/#breadcrumb"},"inLanguage":"fr-FR","potentialAction":[{"@type":"ReadAction","target":["https:\/\/wpdiarytheme.com\/fr\/parlez-avec-milfs\/"]}]},{"@type":"BreadcrumbList","@id":"https:\/\/wpdiarytheme.com\/fr\/parlez-avec-milfs\/#breadcrumb","itemListElement":[{"@type":"ListItem","position":1,"name":"Home","item":"http:\/\/wpdiarytheme.com\/fr\/"},{"@type":"ListItem","position":2,"name":"Parlez avec Milfs"}]}]}},"_links":{"self":[{"href":"https:\/\/wpdiarytheme.com\/fr\/wp-json\/wp\/v2\/pages\/311"}],"collection":[{"href":"https:\/\/wpdiarytheme.com\/fr\/wp-json\/wp\/v2\/pages"}],"about":[{"href":"https:\/\/wpdiarytheme.com\/fr\/wp-json\/wp\/v2\/types\/page"}],"author":[{"embeddable":true,"href":"https:\/\/wpdiarytheme.com\/fr\/wp-json\/wp\/v2\/users\/1"}],"replies":[{"embeddable":true,"href":"https:\/\/wpdiarytheme.com\/fr\/wp-json\/wp\/v2\/comments?post=311"}],"version-history":[{"count":0,"href":"https:\/\/wpdiarytheme.com\/fr\/wp-json\/wp\/v2\/pages\/311\/revisions"}],"wp:attachment":[{"href":"https:\/\/wpdiarytheme.com\/fr\/wp-json\/wp\/v2\/media?parent=311"}],"curies":[{"name":"wp","href":"https:\/\/api.w.org\/{rel}","templated":true}]}}