{"id":306,"date":"2022-09-30T13:10:30","date_gmt":"2022-09-30T12:10:30","guid":{"rendered":"http:\/\/wpdiarytheme.com\/sites-de-baise-gratuits\/"},"modified":"2022-09-30T13:10:30","modified_gmt":"2022-09-30T12:10:30","slug":"sites-de-baise-gratuits","status":"publish","type":"page","link":"https:\/\/wpdiarytheme.com\/fr\/sites-de-baise-gratuits\/","title":{"rendered":"Sites de baise gratuits"},"content":{"rendered":"<p>Il est ind\u00e9niable que les sites de rencontre et de baise ont leur place quand il s\u2019agit de se connecter. Ils sont rapides, faciles et souvent gratuits, ce qui les rend id\u00e9aux pour tous ceux qui recherchent une <a href=\"http:\/\/wpdiarytheme.com\/free-naughty-chat-apps\/\">rencontre sans conditions<\/a>. Cependant, ils ne sont pas sans inconv\u00e9nients. Parce qu\u2019ils sont si faciles \u00e0 utiliser, ils sont souvent envahis de faux profils et d\u2019escrocs. De plus, de nombreux sites de rencontre et de baise ne sont pas mod\u00e9r\u00e9s, ce qui peut conduire \u00e0 des rencontres peu recommandables (et dangereuses). Si vous cherchez \u00e0 utiliser un site de rencontre et de baise, assurez-vous de faire vos recherches et d\u2019utiliser un site r\u00e9put\u00e9 et s\u00fbr.<\/p>\n<p>Il existe de nombreux sites de baise gratuits si vous savez o\u00f9 chercher. Une recherche rapide en ligne r\u00e9v\u00e9lera de nombreuses options diff\u00e9rentes, il suffit donc de trouver celle qui convient \u00e0 vos besoins. Si vous cherchez juste un moyen rapide et facile de vous faire poser, alors un site de baise gratuit pourrait \u00eatre la voie \u00e0 suivre. Cependant, si vous recherchez quelque chose d\u2019un peu plus s\u00e9rieux, vous voudrez peut-\u00eatre envisager de payer pour un abonnement \u00e0 un site de rencontre premium. Les sites Premium ont g\u00e9n\u00e9ralement de meilleures fonctionnalit\u00e9s de s\u00e9curit\u00e9 et de confidentialit\u00e9, ainsi qu\u2019une base d\u2019utilisateurs plus importante et plus active.<\/p>\n<h2>Trouver un Fuck Buddy<\/h2>\n<p>Il n\u2019y a pas de \u00ab&nbsp;baiser gratuitement&nbsp;\u00bb quand il s\u2019agit de rencontres. Si vous voulez sortir avec quelqu\u2019un, vous devrez faire des efforts &#8211; que ce soit pour aller \u00e0 quelques rendez-vous ou d\u00e9bourser de l\u2019argent pour un d\u00eener chic. Mais \u00e0 la fin de la journ\u00e9e, c\u2019est \u00e0 vous de d\u00e9cider combien de \u00ab&nbsp;putain&nbsp;\u00bb vous \u00eates pr\u00eat \u00e0 donner &#8211; ne vous attendez pas \u00e0 l\u2019obtenir gratuitement.<\/p>\n<h3>FriendFinder-X<\/h3>\n<p>Si vous voulez trouver une connexion, FriendFinder-X est une excellente application de rencontres \u00e0 utiliser. C\u2019est un site de rencontre et de baise qui est sp\u00e9cialement con\u00e7u pour vous aider \u00e0 trouver des partenaires sexuels. L\u2019application est facile \u00e0 utiliser et poss\u00e8de de nombreuses fonctionnalit\u00e9s qui en font un excellent choix pour trouver une connexion. La fonction de recherche est tr\u00e8s conviviale et vous pouvez l\u2019utiliser pour trouver des correspondances dans votre r\u00e9gion. L\u2019application dispose \u00e9galement d\u2019une fonction de messagerie qui vous permet de communiquer avec des correspondances potentielles. Dans l\u2019ensemble, FriendFinder-X est un excellent choix pour trouver une connexion.<\/p>\n<h3>XCheaters<\/h3>\n<p>L\u2019application de rencontres XCheaters est l\u2019un des sites de rencontre et de baise les plus populaires en ligne. L\u2019application a \u00e9t\u00e9 t\u00e9l\u00e9charg\u00e9e plus de 1 million de fois et a \u00e9t\u00e9 utilis\u00e9e par des millions d\u2019utilisateurs. L\u2019application est gratuite \u00e0 t\u00e9l\u00e9charger et \u00e0 utiliser, et elle est disponible pour les appareils iOS et Android. L\u2019application a une note de 4,5 \u00e9toiles sur l\u2019App Store et une note de 4 \u00e9toiles sur le Google Play Store.<\/p>\n<p>L\u2019application permet aux utilisateurs de trouver des c\u00e9libataires locaux qui sont int\u00e9ress\u00e9s \u00e0 se rencontrer pour une connexion. L\u2019application permet \u00e9galement aux utilisateurs de discuter avec d\u2019autres utilisateurs, et elle dispose m\u00eame d\u2019un syst\u00e8me de messagerie int\u00e9gr\u00e9. L\u2019application est tr\u00e8s conviviale et tr\u00e8s facile \u00e0 utiliser. Dans l\u2019ensemble, l\u2019application de rencontres XCheaters est une excellente option pour ceux qui recherchent un moyen rapide et facile de rencontrer des c\u00e9libataires locaux pour une connexion.<\/p>\n<h3>DateVous<\/h3>\n<p>Si vous \u00eates \u00e0 la recherche d\u2019un site de rencontre et de baise, alors DateYou est une excellente option. Le site a une grande base d\u2019utilisateurs et est facile \u00e0 utiliser. Les profils sont d\u00e9taill\u00e9s et il existe de nombreuses options de recherche. Cependant, le site est cher et il n\u2019y a pas d\u2019essais gratuits.<\/p>\n","protected":false},"excerpt":{"rendered":"<p>Il est ind\u00e9niable que les sites de rencontre et de baise ont leur place quand il s\u2019agit de se connecter.&hellip;<\/p>\n","protected":false},"author":1,"featured_media":0,"parent":0,"menu_order":0,"comment_status":"closed","ping_status":"closed","template":"","meta":[],"yoast_head":"<!-- This site is optimized with the Yoast SEO plugin v17.7.1 - https:\/\/yoast.com\/wordpress\/plugins\/seo\/ -->\n<title>Sites de baise gratuits - Dating Themes<\/title>\n<meta name=\"robots\" content=\"index, follow, max-snippet:-1, max-image-preview:large, max-video-preview:-1\" \/>\n<link rel=\"canonical\" href=\"https:\/\/wpdiarytheme.com\/fr\/sites-de-baise-gratuits\/\" \/>\n<meta property=\"og:locale\" content=\"fr_FR\" \/>\n<meta property=\"og:type\" content=\"article\" \/>\n<meta property=\"og:title\" content=\"Sites de baise gratuits - Dating Themes\" \/>\n<meta property=\"og:description\" content=\"Il est ind\u00e9niable que les sites de rencontre et de baise ont leur place quand il s\u2019agit de se connecter.&hellip;\" \/>\n<meta property=\"og:url\" content=\"https:\/\/wpdiarytheme.com\/fr\/sites-de-baise-gratuits\/\" \/>\n<meta property=\"og:site_name\" content=\"Dating Themes\" \/>\n<meta name=\"twitter:card\" content=\"summary_large_image\" \/>\n<meta name=\"twitter:label1\" content=\"Dur\u00e9e de lecture estim\u00e9e\" \/>\n\t<meta name=\"twitter:data1\" content=\"3 minutes\" \/>\n<script type=\"application\/ld+json\" class=\"yoast-schema-graph\">{\"@context\":\"https:\/\/schema.org\",\"@graph\":[{\"@type\":\"WebSite\",\"@id\":\"https:\/\/wpdiarytheme.com\/#website\",\"url\":\"https:\/\/wpdiarytheme.com\/\",\"name\":\"Dating Themes\",\"description\":\"Find Your Perfect App\",\"potentialAction\":[{\"@type\":\"SearchAction\",\"target\":{\"@type\":\"EntryPoint\",\"urlTemplate\":\"https:\/\/wpdiarytheme.com\/?s={search_term_string}\"},\"query-input\":\"required name=search_term_string\"}],\"inLanguage\":\"fr-FR\"},{\"@type\":\"WebPage\",\"@id\":\"https:\/\/wpdiarytheme.com\/fr\/sites-de-baise-gratuits\/#webpage\",\"url\":\"https:\/\/wpdiarytheme.com\/fr\/sites-de-baise-gratuits\/\",\"name\":\"Sites de baise gratuits - Dating Themes\",\"isPartOf\":{\"@id\":\"https:\/\/wpdiarytheme.com\/#website\"},\"datePublished\":\"2022-09-30T12:10:30+00:00\",\"dateModified\":\"2022-09-30T12:10:30+00:00\",\"breadcrumb\":{\"@id\":\"https:\/\/wpdiarytheme.com\/fr\/sites-de-baise-gratuits\/#breadcrumb\"},\"inLanguage\":\"fr-FR\",\"potentialAction\":[{\"@type\":\"ReadAction\",\"target\":[\"https:\/\/wpdiarytheme.com\/fr\/sites-de-baise-gratuits\/\"]}]},{\"@type\":\"BreadcrumbList\",\"@id\":\"https:\/\/wpdiarytheme.com\/fr\/sites-de-baise-gratuits\/#breadcrumb\",\"itemListElement\":[{\"@type\":\"ListItem\",\"position\":1,\"name\":\"Home\",\"item\":\"http:\/\/wpdiarytheme.com\/fr\/\"},{\"@type\":\"ListItem\",\"position\":2,\"name\":\"Sites de baise gratuits\"}]}]}<\/script>\n<!-- \/ Yoast SEO plugin. -->","yoast_head_json":{"title":"Sites de baise gratuits - Dating Themes","robots":{"index":"index","follow":"follow","max-snippet":"max-snippet:-1","max-image-preview":"max-image-preview:large","max-video-preview":"max-video-preview:-1"},"canonical":"https:\/\/wpdiarytheme.com\/fr\/sites-de-baise-gratuits\/","og_locale":"fr_FR","og_type":"article","og_title":"Sites de baise gratuits - Dating Themes","og_description":"Il est ind\u00e9niable que les sites de rencontre et de baise ont leur place quand il s\u2019agit de se connecter.&hellip;","og_url":"https:\/\/wpdiarytheme.com\/fr\/sites-de-baise-gratuits\/","og_site_name":"Dating Themes","twitter_card":"summary_large_image","twitter_misc":{"Dur\u00e9e de lecture estim\u00e9e":"3 minutes"},"schema":{"@context":"https:\/\/schema.org","@graph":[{"@type":"WebSite","@id":"https:\/\/wpdiarytheme.com\/#website","url":"https:\/\/wpdiarytheme.com\/","name":"Dating Themes","description":"Find Your Perfect App","potentialAction":[{"@type":"SearchAction","target":{"@type":"EntryPoint","urlTemplate":"https:\/\/wpdiarytheme.com\/?s={search_term_string}"},"query-input":"required name=search_term_string"}],"inLanguage":"fr-FR"},{"@type":"WebPage","@id":"https:\/\/wpdiarytheme.com\/fr\/sites-de-baise-gratuits\/#webpage","url":"https:\/\/wpdiarytheme.com\/fr\/sites-de-baise-gratuits\/","name":"Sites de baise gratuits - Dating Themes","isPartOf":{"@id":"https:\/\/wpdiarytheme.com\/#website"},"datePublished":"2022-09-30T12:10:30+00:00","dateModified":"2022-09-30T12:10:30+00:00","breadcrumb":{"@id":"https:\/\/wpdiarytheme.com\/fr\/sites-de-baise-gratuits\/#breadcrumb"},"inLanguage":"fr-FR","potentialAction":[{"@type":"ReadAction","target":["https:\/\/wpdiarytheme.com\/fr\/sites-de-baise-gratuits\/"]}]},{"@type":"BreadcrumbList","@id":"https:\/\/wpdiarytheme.com\/fr\/sites-de-baise-gratuits\/#breadcrumb","itemListElement":[{"@type":"ListItem","position":1,"name":"Home","item":"http:\/\/wpdiarytheme.com\/fr\/"},{"@type":"ListItem","position":2,"name":"Sites de baise gratuits"}]}]}},"_links":{"self":[{"href":"https:\/\/wpdiarytheme.com\/fr\/wp-json\/wp\/v2\/pages\/306"}],"collection":[{"href":"https:\/\/wpdiarytheme.com\/fr\/wp-json\/wp\/v2\/pages"}],"about":[{"href":"https:\/\/wpdiarytheme.com\/fr\/wp-json\/wp\/v2\/types\/page"}],"author":[{"embeddable":true,"href":"https:\/\/wpdiarytheme.com\/fr\/wp-json\/wp\/v2\/users\/1"}],"replies":[{"embeddable":true,"href":"https:\/\/wpdiarytheme.com\/fr\/wp-json\/wp\/v2\/comments?post=306"}],"version-history":[{"count":0,"href":"https:\/\/wpdiarytheme.com\/fr\/wp-json\/wp\/v2\/pages\/306\/revisions"}],"wp:attachment":[{"href":"https:\/\/wpdiarytheme.com\/fr\/wp-json\/wp\/v2\/media?parent=306"}],"curies":[{"name":"wp","href":"https:\/\/api.w.org\/{rel}","templated":true}]}}