{"id":302,"date":"2022-09-30T13:11:17","date_gmt":"2022-09-30T12:11:17","guid":{"rendered":"http:\/\/wpdiarytheme.com\/applications-de-chat-coquines-gratuites\/"},"modified":"2022-09-30T13:11:17","modified_gmt":"2022-09-30T12:11:17","slug":"applications-de-chat-coquines-gratuites","status":"publish","type":"page","link":"https:\/\/wpdiarytheme.com\/fr\/applications-de-chat-coquines-gratuites\/","title":{"rendered":"Applications de chat coquines gratuites"},"content":{"rendered":"<p>Il est ind\u00e9niable que les salles de discussion peuvent \u00eatre un excellent moyen de se connecter avec des personnes qui partagent vos int\u00e9r\u00eats. Cependant, il est \u00e9galement ind\u00e9niable que les salles de discussion peuvent \u00eatre un excellent moyen de se connecter avec des personnes qui partagent votre c\u00f4t\u00e9 coquin.<\/p>\n<p>Si vous recherchez un peu plus d\u2019excitation dans votre vie, vous voudrez peut-\u00eatre envisager de passer du temps dans un salon de discussion coquin. Ici, vous pouvez laisser tomber vos cheveux et \u00eatre aussi m\u00e9chant que vous le souhaitez. Que vous recherchiez un plaisir inoffensif ou quelque chose d\u2019un peu plus risqu\u00e9, vous \u00eates s\u00fbr de le trouver dans un salon de discussion coquin.<\/p>\n<p>Bien s\u00fbr, comme pour toute autre chose, vous devrez utiliser votre meilleur jugement lorsque <a href=\"http:\/\/wpdiarytheme.com\/talk-with-milfs\/\">vous discuterez avec des \u00e9trangers en ligne<\/a>. Ne donnez pas d\u2019informations personnelles et ne vous engagez pas dans des activit\u00e9s qui vous mettent mal \u00e0 l\u2019aise. Mais tant que vous jouez la s\u00e9curit\u00e9, passer du temps dans un salon de discussion coquin peut \u00eatre un excellent moyen de pimenter votre vie amoureuse.<\/p>\n<h2>Sites de chat coquins<\/h2>\n<p>Le chat coquin peut \u00eatre un excellent moyen de pimenter votre vie amoureuse. Cela peut ajouter de l\u2019excitation et de l\u2019intrigue \u00e0 une relation autrement banale. Le chat coquin peut \u00e9galement \u00eatre un excellent moyen d\u2019apprendre \u00e0 conna\u00eetre quelqu\u2019un de nouveau. Cela peut vous aider \u00e0 briser la glace et \u00e0 apprendre \u00e0 conna\u00eetre quelqu\u2019un \u00e0 un niveau plus personnel. Le chat coquin peut \u00eatre un excellent moyen de cr\u00e9er de la tension sexuelle et de l\u2019anticipation. Cela peut \u00e9galement \u00eatre un excellent moyen de lib\u00e9rer certaines de vos inhibitions et d\u2019explorer votre c\u00f4t\u00e9 sauvage. Si vous cherchez \u00e0 ajouter du piquant \u00e0 votre vie amoureuse, le chat coquin est un excellent point de d\u00e9part.<\/p>\n<p>Si vous cherchez l\u2019amour, pourquoi ne pas essayer quelque chose d\u2019un peu m\u00e9chant? Le chat coquin gratuit est le moyen id\u00e9al de pimenter votre vie amoureuse et de relancer les papillons. Que vous soyez c\u00e9libataire ou en couple, un peu de chat coquin peut aller tr\u00e8s loin. Alors, qu\u2019attendez-vous? Flirtez et amusez-vous!<\/p>\n<h2>Salons de discussion sexuels<\/h2>\n<p>Les salons de discussion pour adultes peuvent \u00eatre un excellent moyen de rencontrer de nouvelles personnes, surtout si vous recherchez un rendez-vous. Ils peuvent \u00eatre tr\u00e8s amusants, et vous pouvez g\u00e9n\u00e9ralement trouver quelqu\u2019un qui partage vos int\u00e9r\u00eats. Cependant, il est important d\u2019\u00eatre en s\u00e9curit\u00e9 lorsque vous utilisez des salons de discussion et de ne jamais donner d\u2019informations personnelles.<\/p>\n<h3>Outpersonal.com<\/h3>\n<p>Si vous recherchez une application de salle de discussion coquine, Outpersonal.com est une excellente option. L\u2019application est gratuite \u00e0 t\u00e9l\u00e9charger et \u00e0 utiliser, et elle offre une grande vari\u00e9t\u00e9 de fonctionnalit\u00e9s pour vous aider \u00e0 trouver et \u00e0 vous connecter avec des correspondances potentielles. Vous pouvez rechercher des utilisateurs par emplacement, \u00e2ge et centres d\u2019int\u00e9r\u00eat, et vous pouvez leur envoyer un message directement. L\u2019application dispose \u00e9galement d\u2019une fonction \u00ab&nbsp;Spark&nbsp;\u00bb qui vous permet d\u2019envoyer un message coquin \u00e0 un autre utilisateur. Dans l\u2019ensemble, Outpersonal.com est une excellente option pour ceux qui recherchent une application de salle de discussion coquine.<\/p>\n<h3>CougarLife<\/h3>\n<p>CougarLife est une application de rencontres qui vous permet de discuter avec d\u2019autres utilisateurs \u00e0 la recherche d\u2019une connexion occasionnelle. L\u2019application est gratuite \u00e0 t\u00e9l\u00e9charger et \u00e0 utiliser, et elle offre une vari\u00e9t\u00e9 de fonctionnalit\u00e9s qui facilitent la recherche de quelqu\u2019un avec qui discuter. Vous pouvez rechercher des utilisateurs par emplacement, \u00e2ge et centres d\u2019int\u00e9r\u00eat, et vous pouvez \u00e9galement afficher des profils et des photos. Si vous \u00eates int\u00e9ress\u00e9 \u00e0 rencontrer quelqu\u2019un pour une connexion occasionnelle, CougarLife est une excellente option.<\/p>\n<h3>Uberhorny<\/h3>\n<p>Si vous recherchez une salle de discussion coquine pour vous amuser, Uberhorny est une excellente option. Le site dispose d\u2019un grand choix de salles de discussion parmi lesquelles choisir, et vous pouvez facilement en trouver une qui correspond \u00e0 vos int\u00e9r\u00eats. Les salles de discussion sont bien mod\u00e9r\u00e9es et il y a un bon m\u00e9lange d\u2019utilisateurs, vous \u00eates donc s\u00fbr de trouver quelqu\u2019un avec qui vous amuser. Le seul inconv\u00e9nient est que le site n\u2019est pas gratuit, mais il vaut bien le prix pour la grande s\u00e9lection de salles de discussion et le plaisir que vous \u00eates s\u00fbr d\u2019avoir.<\/p>\n","protected":false},"excerpt":{"rendered":"<p>Il est ind\u00e9niable que les salles de discussion peuvent \u00eatre un excellent moyen de se connecter avec des personnes qui&hellip;<\/p>\n","protected":false},"author":1,"featured_media":0,"parent":0,"menu_order":0,"comment_status":"closed","ping_status":"closed","template":"","meta":[],"yoast_head":"<!-- This site is optimized with the Yoast SEO plugin v17.7.1 - https:\/\/yoast.com\/wordpress\/plugins\/seo\/ -->\n<title>Applications de chat coquines gratuites - Dating Themes<\/title>\n<meta name=\"robots\" content=\"index, follow, max-snippet:-1, max-image-preview:large, max-video-preview:-1\" \/>\n<link rel=\"canonical\" href=\"https:\/\/wpdiarytheme.com\/fr\/applications-de-chat-coquines-gratuites\/\" \/>\n<meta property=\"og:locale\" content=\"fr_FR\" \/>\n<meta property=\"og:type\" content=\"article\" \/>\n<meta property=\"og:title\" content=\"Applications de chat coquines gratuites - Dating Themes\" \/>\n<meta property=\"og:description\" content=\"Il est ind\u00e9niable que les salles de discussion peuvent \u00eatre un excellent moyen de se connecter avec des personnes qui&hellip;\" \/>\n<meta property=\"og:url\" content=\"https:\/\/wpdiarytheme.com\/fr\/applications-de-chat-coquines-gratuites\/\" \/>\n<meta property=\"og:site_name\" content=\"Dating Themes\" \/>\n<meta name=\"twitter:card\" content=\"summary_large_image\" \/>\n<meta name=\"twitter:label1\" content=\"Dur\u00e9e de lecture estim\u00e9e\" \/>\n\t<meta name=\"twitter:data1\" content=\"4 minutes\" \/>\n<script type=\"application\/ld+json\" class=\"yoast-schema-graph\">{\"@context\":\"https:\/\/schema.org\",\"@graph\":[{\"@type\":\"WebSite\",\"@id\":\"https:\/\/wpdiarytheme.com\/#website\",\"url\":\"https:\/\/wpdiarytheme.com\/\",\"name\":\"Dating Themes\",\"description\":\"Find Your Perfect App\",\"potentialAction\":[{\"@type\":\"SearchAction\",\"target\":{\"@type\":\"EntryPoint\",\"urlTemplate\":\"https:\/\/wpdiarytheme.com\/?s={search_term_string}\"},\"query-input\":\"required name=search_term_string\"}],\"inLanguage\":\"fr-FR\"},{\"@type\":\"WebPage\",\"@id\":\"https:\/\/wpdiarytheme.com\/fr\/applications-de-chat-coquines-gratuites\/#webpage\",\"url\":\"https:\/\/wpdiarytheme.com\/fr\/applications-de-chat-coquines-gratuites\/\",\"name\":\"Applications de chat coquines gratuites - Dating Themes\",\"isPartOf\":{\"@id\":\"https:\/\/wpdiarytheme.com\/#website\"},\"datePublished\":\"2022-09-30T12:11:17+00:00\",\"dateModified\":\"2022-09-30T12:11:17+00:00\",\"breadcrumb\":{\"@id\":\"https:\/\/wpdiarytheme.com\/fr\/applications-de-chat-coquines-gratuites\/#breadcrumb\"},\"inLanguage\":\"fr-FR\",\"potentialAction\":[{\"@type\":\"ReadAction\",\"target\":[\"https:\/\/wpdiarytheme.com\/fr\/applications-de-chat-coquines-gratuites\/\"]}]},{\"@type\":\"BreadcrumbList\",\"@id\":\"https:\/\/wpdiarytheme.com\/fr\/applications-de-chat-coquines-gratuites\/#breadcrumb\",\"itemListElement\":[{\"@type\":\"ListItem\",\"position\":1,\"name\":\"Home\",\"item\":\"http:\/\/wpdiarytheme.com\/fr\/\"},{\"@type\":\"ListItem\",\"position\":2,\"name\":\"Applications de chat coquines gratuites\"}]}]}<\/script>\n<!-- \/ Yoast SEO plugin. -->","yoast_head_json":{"title":"Applications de chat coquines gratuites - Dating Themes","robots":{"index":"index","follow":"follow","max-snippet":"max-snippet:-1","max-image-preview":"max-image-preview:large","max-video-preview":"max-video-preview:-1"},"canonical":"https:\/\/wpdiarytheme.com\/fr\/applications-de-chat-coquines-gratuites\/","og_locale":"fr_FR","og_type":"article","og_title":"Applications de chat coquines gratuites - Dating Themes","og_description":"Il est ind\u00e9niable que les salles de discussion peuvent \u00eatre un excellent moyen de se connecter avec des personnes qui&hellip;","og_url":"https:\/\/wpdiarytheme.com\/fr\/applications-de-chat-coquines-gratuites\/","og_site_name":"Dating Themes","twitter_card":"summary_large_image","twitter_misc":{"Dur\u00e9e de lecture estim\u00e9e":"4 minutes"},"schema":{"@context":"https:\/\/schema.org","@graph":[{"@type":"WebSite","@id":"https:\/\/wpdiarytheme.com\/#website","url":"https:\/\/wpdiarytheme.com\/","name":"Dating Themes","description":"Find Your Perfect App","potentialAction":[{"@type":"SearchAction","target":{"@type":"EntryPoint","urlTemplate":"https:\/\/wpdiarytheme.com\/?s={search_term_string}"},"query-input":"required name=search_term_string"}],"inLanguage":"fr-FR"},{"@type":"WebPage","@id":"https:\/\/wpdiarytheme.com\/fr\/applications-de-chat-coquines-gratuites\/#webpage","url":"https:\/\/wpdiarytheme.com\/fr\/applications-de-chat-coquines-gratuites\/","name":"Applications de chat coquines gratuites - Dating Themes","isPartOf":{"@id":"https:\/\/wpdiarytheme.com\/#website"},"datePublished":"2022-09-30T12:11:17+00:00","dateModified":"2022-09-30T12:11:17+00:00","breadcrumb":{"@id":"https:\/\/wpdiarytheme.com\/fr\/applications-de-chat-coquines-gratuites\/#breadcrumb"},"inLanguage":"fr-FR","potentialAction":[{"@type":"ReadAction","target":["https:\/\/wpdiarytheme.com\/fr\/applications-de-chat-coquines-gratuites\/"]}]},{"@type":"BreadcrumbList","@id":"https:\/\/wpdiarytheme.com\/fr\/applications-de-chat-coquines-gratuites\/#breadcrumb","itemListElement":[{"@type":"ListItem","position":1,"name":"Home","item":"http:\/\/wpdiarytheme.com\/fr\/"},{"@type":"ListItem","position":2,"name":"Applications de chat coquines gratuites"}]}]}},"_links":{"self":[{"href":"https:\/\/wpdiarytheme.com\/fr\/wp-json\/wp\/v2\/pages\/302"}],"collection":[{"href":"https:\/\/wpdiarytheme.com\/fr\/wp-json\/wp\/v2\/pages"}],"about":[{"href":"https:\/\/wpdiarytheme.com\/fr\/wp-json\/wp\/v2\/types\/page"}],"author":[{"embeddable":true,"href":"https:\/\/wpdiarytheme.com\/fr\/wp-json\/wp\/v2\/users\/1"}],"replies":[{"embeddable":true,"href":"https:\/\/wpdiarytheme.com\/fr\/wp-json\/wp\/v2\/comments?post=302"}],"version-history":[{"count":0,"href":"https:\/\/wpdiarytheme.com\/fr\/wp-json\/wp\/v2\/pages\/302\/revisions"}],"wp:attachment":[{"href":"https:\/\/wpdiarytheme.com\/fr\/wp-json\/wp\/v2\/media?parent=302"}],"curies":[{"name":"wp","href":"https:\/\/api.w.org\/{rel}","templated":true}]}}