{"id":274,"date":"2022-09-30T13:11:56","date_gmt":"2022-09-30T12:11:56","guid":{"rendered":"http:\/\/wpdiarytheme.com\/femmes-a-la-recherche-de-sexe\/"},"modified":"2022-09-30T13:11:56","modified_gmt":"2022-09-30T12:11:56","slug":"femmes-a-la-recherche-de-sexe","status":"publish","type":"page","link":"https:\/\/wpdiarytheme.com\/fr\/femmes-a-la-recherche-de-sexe\/","title":{"rendered":"Femmes \u00e0 la recherche de sexe"},"content":{"rendered":"<p>Il y a quelque chose chez une femme qui sait ce qu\u2019elle veut et qui n\u2019a pas peur de <a href=\"http:\/\/wpdiarytheme.com\/milf-hookup-sites\/\">s\u2019en prendre \u00e0 elle qui est incroyablement attirante<\/a>. Les femmes qui veulent baiser sont confiantes et sexy, et elles savent comment obtenir ce qu\u2019elles veulent. Ils n\u2019ont pas peur de prendre les choses en main et ils sont super au lit. Si vous cherchez une connexion qui est garantie d\u2019\u00eatre chaud et sauvage, connectez-vous avec une femme qui veut baiser.<\/p>\n<p>Il y a beaucoup de femmes \u00e0 la recherche de sexe, et si vous \u00eates pr\u00eat \u00e0 faire un peu d\u2019effort, vous pouvez les trouver. La cl\u00e9 est de vous rendre attrayant pour eux et de vous affirmer. Soyez confiant et prenez l\u2019initiative. Soyez pr\u00eat \u00e0 leur offrir quelque chose en retour, qu\u2019il s\u2019agisse d\u2019une compensation financi\u00e8re ou simplement de plaisir. Soyez respectueux et ne poussez pas trop fort, et vous devriez \u00eatre en mesure de trouver des femmes qui sont pr\u00eates \u00e0 avoir des relations sexuelles avec vous.<\/p>\n<h2>Recherche de sexe<\/h2>\n<p>Il y a beaucoup de femmes \u00e0 la recherche de sexe pr\u00e8s de chez moi, et la grande majorit\u00e9 d\u2019entre elles cherchent juste l\u2019amour. Cependant, si vous cherchez juste une connexion rapide, vous aurez probablement plus de chance ailleurs. Les femmes \u00e0 la recherche de sexe pr\u00e8s de chez moi recherchent g\u00e9n\u00e9ralement quelque chose d\u2019un peu plus substantiel, donc si vous cherchez juste une aventure d\u2019un soir, vous voudrez peut-\u00eatre essayer ailleurs.<\/p>\n<h2>Femmes locales excit\u00e9es<\/h2>\n<p>Il n\u2019y a pas besoin d\u2019\u00eatre timide \u00e0 l\u2019id\u00e9e de vouloir se connecter avec une femme excit\u00e9e. Vous pouvez en trouver beaucoup ici sur Xpress.com. Cr\u00e9ez simplement un profil et commencez \u00e0 parcourir toutes les femmes excit\u00e9es locales de votre r\u00e9gion. Vous pouvez envoyer des messages et flirter, et organiser une rencontre pour une session chaude et torride. Tout d\u00e9pend de vous. Alors, qu\u2019attendez-vous? Commencez d\u00e8s aujourd\u2019hui et connectez-vous avec une femme excit\u00e9e pr\u00e8s de chez vous!<\/p>\n<h3>LuckyCrush<\/h3>\n<p>LuckyCrush est une nouvelle application de rencontres qui permet aux femmes d\u2019\u00e9valuer et d\u2019examiner anonymement les hommes avec lesquels elles ont couch\u00e9. L\u2019application est anonyme et ne permet aux femmes que d\u2019\u00e9valuer et d\u2019\u00e9valuer les hommes qu\u2019elles ont bais\u00e9s, et non l\u2019inverse. L\u2019application en est encore \u00e0 ses d\u00e9buts, mais elle aide d\u00e9j\u00e0 les femmes \u00e0 \u00e9valuer et \u00e0 examiner anonymement les hommes qu\u2019elles ont bais\u00e9s.<\/p>\n<h3>WantMatures<\/h3>\n<p>Si vous \u00eates une femme qui veut juste baiser, alors l\u2019application de rencontres WantMatures vaut vraiment le d\u00e9tour. L\u2019application est con\u00e7ue sp\u00e9cifiquement pour les femmes qui veulent se connecter avec des hommes plus \u00e2g\u00e9s, et elle est vraiment facile \u00e0 utiliser. Il suffit de cr\u00e9er un profil, de parcourir les profils des correspondances potentielles et de commencer \u00e0 envoyer des messages. Les hommes sur l\u2019application sont tous \u00e0 la recherche d\u2019une chose, et ils n\u2019ont pas peur de dis-le. Donc, si vous \u00eates fatigu\u00e9 de traiter avec des gars qui veulent juste jouer \u00e0 des jeux, cette application est faite pour vous.<\/p>\n<h3>Fling.com<\/h3>\n<p>Si vous \u00eates une femme qui veut baiser, alors Fling.com est l\u2019application de rencontres pour vous. Avec plus de 2 millions de membres dans le monde, c\u2019est la plus grande application de rencontres de son genre et il est facile de comprendre pourquoi. Avec sa fonction de recherche simple, mais efficace, vous pouvez rapidement et facilement trouver quelqu\u2019un qui r\u00e9pond \u00e0 vos crit\u00e8res.<\/p>\n<p>Il n\u2019y a pas d\u2019algorithmes compliqu\u00e9s ou de longs questionnaires \u00e0 remplir, juste un simple profil et une photo. Une fois que vous avez trouv\u00e9 quelqu\u2019un que vous aimez, envoyez-lui simplement un message et laissez le plaisir commencer.<\/p>\n<p>Fling.com est gratuit \u00e0 utiliser et il n\u2019y a pas de co\u00fbts cach\u00e9s, vous pouvez donc vous concentrer sur la recherche de quelqu\u2019un \u00e0 baiser. Et avec sa grande base de membres, vous \u00eates s\u00fbr de trouver quelqu\u2019un qui est pr\u00eat pour cela.<\/p>\n","protected":false},"excerpt":{"rendered":"<p>Il y a quelque chose chez une femme qui sait ce qu\u2019elle veut et qui n\u2019a pas peur de s\u2019en&hellip;<\/p>\n","protected":false},"author":1,"featured_media":0,"parent":0,"menu_order":0,"comment_status":"closed","ping_status":"closed","template":"","meta":[],"yoast_head":"<!-- This site is optimized with the Yoast SEO plugin v17.7.1 - https:\/\/yoast.com\/wordpress\/plugins\/seo\/ -->\n<title>Femmes \u00e0 la recherche de sexe - Dating Themes<\/title>\n<meta name=\"robots\" content=\"index, follow, max-snippet:-1, max-image-preview:large, max-video-preview:-1\" \/>\n<link rel=\"canonical\" href=\"https:\/\/wpdiarytheme.com\/fr\/femmes-a-la-recherche-de-sexe\/\" \/>\n<meta property=\"og:locale\" content=\"fr_FR\" \/>\n<meta property=\"og:type\" content=\"article\" \/>\n<meta property=\"og:title\" content=\"Femmes \u00e0 la recherche de sexe - Dating Themes\" \/>\n<meta property=\"og:description\" content=\"Il y a quelque chose chez une femme qui sait ce qu\u2019elle veut et qui n\u2019a pas peur de s\u2019en&hellip;\" \/>\n<meta property=\"og:url\" content=\"https:\/\/wpdiarytheme.com\/fr\/femmes-a-la-recherche-de-sexe\/\" \/>\n<meta property=\"og:site_name\" content=\"Dating Themes\" \/>\n<meta name=\"twitter:card\" content=\"summary_large_image\" \/>\n<meta name=\"twitter:label1\" content=\"Dur\u00e9e de lecture estim\u00e9e\" \/>\n\t<meta name=\"twitter:data1\" content=\"3 minutes\" \/>\n<script type=\"application\/ld+json\" class=\"yoast-schema-graph\">{\"@context\":\"https:\/\/schema.org\",\"@graph\":[{\"@type\":\"WebSite\",\"@id\":\"https:\/\/wpdiarytheme.com\/#website\",\"url\":\"https:\/\/wpdiarytheme.com\/\",\"name\":\"Dating Themes\",\"description\":\"Find Your Perfect App\",\"potentialAction\":[{\"@type\":\"SearchAction\",\"target\":{\"@type\":\"EntryPoint\",\"urlTemplate\":\"https:\/\/wpdiarytheme.com\/?s={search_term_string}\"},\"query-input\":\"required name=search_term_string\"}],\"inLanguage\":\"fr-FR\"},{\"@type\":\"WebPage\",\"@id\":\"https:\/\/wpdiarytheme.com\/fr\/femmes-a-la-recherche-de-sexe\/#webpage\",\"url\":\"https:\/\/wpdiarytheme.com\/fr\/femmes-a-la-recherche-de-sexe\/\",\"name\":\"Femmes \\u00e0 la recherche de sexe - Dating Themes\",\"isPartOf\":{\"@id\":\"https:\/\/wpdiarytheme.com\/#website\"},\"datePublished\":\"2022-09-30T12:11:56+00:00\",\"dateModified\":\"2022-09-30T12:11:56+00:00\",\"breadcrumb\":{\"@id\":\"https:\/\/wpdiarytheme.com\/fr\/femmes-a-la-recherche-de-sexe\/#breadcrumb\"},\"inLanguage\":\"fr-FR\",\"potentialAction\":[{\"@type\":\"ReadAction\",\"target\":[\"https:\/\/wpdiarytheme.com\/fr\/femmes-a-la-recherche-de-sexe\/\"]}]},{\"@type\":\"BreadcrumbList\",\"@id\":\"https:\/\/wpdiarytheme.com\/fr\/femmes-a-la-recherche-de-sexe\/#breadcrumb\",\"itemListElement\":[{\"@type\":\"ListItem\",\"position\":1,\"name\":\"Home\",\"item\":\"http:\/\/wpdiarytheme.com\/fr\/\"},{\"@type\":\"ListItem\",\"position\":2,\"name\":\"Femmes \\u00e0 la recherche de sexe\"}]}]}<\/script>\n<!-- \/ Yoast SEO plugin. -->","yoast_head_json":{"title":"Femmes \u00e0 la recherche de sexe - Dating Themes","robots":{"index":"index","follow":"follow","max-snippet":"max-snippet:-1","max-image-preview":"max-image-preview:large","max-video-preview":"max-video-preview:-1"},"canonical":"https:\/\/wpdiarytheme.com\/fr\/femmes-a-la-recherche-de-sexe\/","og_locale":"fr_FR","og_type":"article","og_title":"Femmes \u00e0 la recherche de sexe - Dating Themes","og_description":"Il y a quelque chose chez une femme qui sait ce qu\u2019elle veut et qui n\u2019a pas peur de s\u2019en&hellip;","og_url":"https:\/\/wpdiarytheme.com\/fr\/femmes-a-la-recherche-de-sexe\/","og_site_name":"Dating Themes","twitter_card":"summary_large_image","twitter_misc":{"Dur\u00e9e de lecture estim\u00e9e":"3 minutes"},"schema":{"@context":"https:\/\/schema.org","@graph":[{"@type":"WebSite","@id":"https:\/\/wpdiarytheme.com\/#website","url":"https:\/\/wpdiarytheme.com\/","name":"Dating Themes","description":"Find Your Perfect App","potentialAction":[{"@type":"SearchAction","target":{"@type":"EntryPoint","urlTemplate":"https:\/\/wpdiarytheme.com\/?s={search_term_string}"},"query-input":"required name=search_term_string"}],"inLanguage":"fr-FR"},{"@type":"WebPage","@id":"https:\/\/wpdiarytheme.com\/fr\/femmes-a-la-recherche-de-sexe\/#webpage","url":"https:\/\/wpdiarytheme.com\/fr\/femmes-a-la-recherche-de-sexe\/","name":"Femmes \u00e0 la recherche de sexe - Dating Themes","isPartOf":{"@id":"https:\/\/wpdiarytheme.com\/#website"},"datePublished":"2022-09-30T12:11:56+00:00","dateModified":"2022-09-30T12:11:56+00:00","breadcrumb":{"@id":"https:\/\/wpdiarytheme.com\/fr\/femmes-a-la-recherche-de-sexe\/#breadcrumb"},"inLanguage":"fr-FR","potentialAction":[{"@type":"ReadAction","target":["https:\/\/wpdiarytheme.com\/fr\/femmes-a-la-recherche-de-sexe\/"]}]},{"@type":"BreadcrumbList","@id":"https:\/\/wpdiarytheme.com\/fr\/femmes-a-la-recherche-de-sexe\/#breadcrumb","itemListElement":[{"@type":"ListItem","position":1,"name":"Home","item":"http:\/\/wpdiarytheme.com\/fr\/"},{"@type":"ListItem","position":2,"name":"Femmes \u00e0 la recherche de sexe"}]}]}},"_links":{"self":[{"href":"https:\/\/wpdiarytheme.com\/fr\/wp-json\/wp\/v2\/pages\/274"}],"collection":[{"href":"https:\/\/wpdiarytheme.com\/fr\/wp-json\/wp\/v2\/pages"}],"about":[{"href":"https:\/\/wpdiarytheme.com\/fr\/wp-json\/wp\/v2\/types\/page"}],"author":[{"embeddable":true,"href":"https:\/\/wpdiarytheme.com\/fr\/wp-json\/wp\/v2\/users\/1"}],"replies":[{"embeddable":true,"href":"https:\/\/wpdiarytheme.com\/fr\/wp-json\/wp\/v2\/comments?post=274"}],"version-history":[{"count":0,"href":"https:\/\/wpdiarytheme.com\/fr\/wp-json\/wp\/v2\/pages\/274\/revisions"}],"wp:attachment":[{"href":"https:\/\/wpdiarytheme.com\/fr\/wp-json\/wp\/v2\/media?parent=274"}],"curies":[{"name":"wp","href":"https:\/\/api.w.org\/{rel}","templated":true}]}}