{"id":268,"date":"2022-09-30T13:14:07","date_gmt":"2022-09-30T12:14:07","guid":{"rendered":"http:\/\/wpdiarytheme.com\/sites-de-connexion-milf\/"},"modified":"2022-09-30T13:14:07","modified_gmt":"2022-09-30T12:14:07","slug":"sites-de-connexion-milf","status":"publish","type":"page","link":"https:\/\/wpdiarytheme.com\/fr\/sites-de-connexion-milf\/","title":{"rendered":"Sites de connexion MILF"},"content":{"rendered":"<p>Il existe de nombreux sites de connexion milf, mais tous ne sont pas cr\u00e9\u00e9s \u00e9gaux. Vous voulez vous assurer que vous trouvez un site qui a beaucoup de membres, est facile \u00e0 utiliser et a une bonne r\u00e9putation.<\/p>\n<p>L\u2019un des meilleurs moyens de trouver un bon <a href=\"http:\/\/wpdiarytheme.com\/adult-sexting-sites\/\">site de connexion milf est de lire les critiques d\u2019eux<\/a>. Cela vous donnera une bonne id\u00e9e de ce que les autres pensent du site et si cela en vaut la peine ou non. Une autre chose \u00e0 consid\u00e9rer est le prix. Certains sites sont gratuits, tandis que d\u2019autres factureront des frais mensuels. Si vous ne cherchez \u00e0 vous connecter avec une milf que de temps en temps, alors un site gratuit pourrait \u00eatre une bonne option pour vous. Mais si vous souhaitez utiliser le site plus souvent, vous voudrez peut-\u00eatre envisager de payer des frais mensuels.<\/p>\n<p>Lorsque vous regardez les sites de connexion milf, assurez-vous d\u2019en trouver un qui a beaucoup de membres. Plus un site compte de membres, plus vous avez de chances de trouver quelqu\u2019un avec qui vous connecter. Assurez-vous \u00e9galement que le site est facile \u00e0 utiliser. Vous devriez \u00eatre en mesure de naviguer facilement et de trouver les choses que vous recherchez. Si un site est difficile \u00e0 utiliser, vous voudrez peut-\u00eatre chercher ailleurs.<\/p>\n<p>Enfin, assurez-vous que le site a une bonne r\u00e9putation. Vous pouvez consulter les critiques du site en ligne pour voir ce que les autres en pensent.<\/p>\n<h2>Rencontrez A Milf<\/h2>\n<p>Il y a quelque chose dans le fait de sortir avec un MILF qui est tout simplement incroyable. Ils sont exp\u00e9riment\u00e9s, confiants et savent exactement ce qu\u2019ils veulent dans la vie. De plus, ils sont g\u00e9n\u00e9ralement tr\u00e8s chauds.<\/p>\n<p>Je me souviens d\u2019\u00eatre all\u00e9 \u00e0 un rendez-vous avec une MILF il y a quelques ann\u00e9es et c\u2019\u00e9tait incroyable. Elle \u00e9tait si confiante et s\u00fbre d\u2019elle, et elle savait exactement ce qu\u2019elle voulait. De plus, elle \u00e9tait vraiment chaude. Nous avons fini par dormir ensemble cette nuit-l\u00e0 et ce fut l\u2019une des meilleures exp\u00e9riences sexuelles que j\u2019ai jamais eues. Si vous envisagez de sortir avec un MILF, alors allez-y. Vous ne le regretterez pas.<\/p>\n<h2>Rencontres Milf<\/h2>\n<p>Il y a de nombreux avantages \u00e0 sortir avec un MILF, y compris l\u2019exp\u00e9rience, la sagesse et la maturit\u00e9. Les MILF sont \u00e9galement g\u00e9n\u00e9ralement plus confiants et plus s\u00fbrs d\u2019eux que les femmes plus jeunes, ce qui peut \u00eatre un tournant majeur. Si vous \u00eates \u00e0 la recherche de l\u2019amour et que vous voulez sortir avec un MILF, il y a quelques choses que vous devez garder \u00e0 l\u2019esprit. Tout d\u2019abord, soyez respectueux et pr\u00e9venant de son \u00e2ge et de son exp\u00e9rience. Deuxi\u00e8mement, prenez les choses lentement et ne vous pr\u00e9cipitez pas dans quelque chose de physique. Et enfin, assurez-vous de communiquer ouvertement et honn\u00eatement l\u2019un avec l\u2019autre pour vous assurer que vous \u00eates tous les deux sur la m\u00eame longueur d\u2019onde. Si vous pouvez faire ces choses, vous \u00eates sur la bonne voie pour une relation \u00e9panouissante et passionnante avec un MILF.<\/p>\n<h2>Site de rencontre Milfs<\/h2>\n<p>Il existe de nombreux sites de rencontres destin\u00e9s \u00e0 diff\u00e9rents publics. MilfsDatingSite est l\u2019un de ces sites qui vise \u00e0 connecter milfs avec des hommes \u00e9ligibles. Le site a une interface assez simple et une base d\u2019utilisateurs d\u00e9cente. Cependant, il convient de noter que le site en est encore \u00e0 ses d\u00e9buts et qu\u2019il pourrait donc y avoir des bugs ici et l\u00e0. Dans l\u2019ensemble, MilfsDatingSite est une option d\u00e9cente pour ceux qui cherchent \u00e0 dater une milf.<\/p>\n<h3>Xmeets<\/h3>\n<p>Xmeets est une application de rencontres sp\u00e9cialement con\u00e7ue pour les personnes qui cherchent \u00e0 se connecter avec des MILF. L\u2019application est facile \u00e0 utiliser et poss\u00e8de de nombreuses fonctionnalit\u00e9s qui en font l\u2019un des meilleurs sites de connexion MILF. L\u2019application a \u00e9galement beaucoup de critiques positives de la part des utilisateurs.<\/p>\n<h3>Alt.com<\/h3>\n<p>Si vous recherchez un site de connexion milf fiable et facile \u00e0 utiliser, Alt.com est une excellente option. Le site dispose d\u2019une interface conviviale et d\u2019une grande base de donn\u00e9es de membres, vous \u00eates donc s\u00fbr de trouver quelqu\u2019un qui r\u00e9pond \u00e0 vos besoins. Les fonctionnalit\u00e9s de recherche et de messagerie sont \u00e9galement tr\u00e8s bonnes, ce qui facilite la recherche et la connexion avec des correspondances potentielles. Dans l\u2019ensemble, Alt.com est un excellent choix pour tous ceux qui recherchent un site de connexion milf.<\/p>\n<h3>TinderMeets<\/h3>\n<p>Si vous recherchez une application de rencontres sp\u00e9cialement con\u00e7ue pour se connecter avec des femmes plus \u00e2g\u00e9es, vous devriez consulter TinderMeets. Cette application devient de plus en plus populaire aupr\u00e8s des utilisateurs qui recherchent des partenaires de rencontres matures. L\u2019interface est facile \u00e0 utiliser et l\u2019application fournit de nombreuses fonctionnalit\u00e9s utiles, telles que des filtres de recherche et un syst\u00e8me de messagerie. Dans l\u2019ensemble, TinderMeets est une excellente option pour tous ceux qui sont int\u00e9ress\u00e9s par les rencontres de connexion milf.<\/p>\n","protected":false},"excerpt":{"rendered":"<p>Il existe de nombreux sites de connexion milf, mais tous ne sont pas cr\u00e9\u00e9s \u00e9gaux. Vous voulez vous assurer que&hellip;<\/p>\n","protected":false},"author":1,"featured_media":0,"parent":0,"menu_order":0,"comment_status":"closed","ping_status":"closed","template":"","meta":[],"yoast_head":"<!-- This site is optimized with the Yoast SEO plugin v17.7.1 - https:\/\/yoast.com\/wordpress\/plugins\/seo\/ -->\n<title>Sites de connexion MILF - Dating Themes<\/title>\n<meta name=\"robots\" content=\"index, follow, max-snippet:-1, max-image-preview:large, max-video-preview:-1\" \/>\n<link rel=\"canonical\" href=\"https:\/\/wpdiarytheme.com\/fr\/sites-de-connexion-milf\/\" \/>\n<meta property=\"og:locale\" content=\"fr_FR\" \/>\n<meta property=\"og:type\" content=\"article\" \/>\n<meta property=\"og:title\" content=\"Sites de connexion MILF - Dating Themes\" \/>\n<meta property=\"og:description\" content=\"Il existe de nombreux sites de connexion milf, mais tous ne sont pas cr\u00e9\u00e9s \u00e9gaux. Vous voulez vous assurer que&hellip;\" \/>\n<meta property=\"og:url\" content=\"https:\/\/wpdiarytheme.com\/fr\/sites-de-connexion-milf\/\" \/>\n<meta property=\"og:site_name\" content=\"Dating Themes\" \/>\n<meta name=\"twitter:card\" content=\"summary_large_image\" \/>\n<meta name=\"twitter:label1\" content=\"Dur\u00e9e de lecture estim\u00e9e\" \/>\n\t<meta name=\"twitter:data1\" content=\"4 minutes\" \/>\n<script type=\"application\/ld+json\" class=\"yoast-schema-graph\">{\"@context\":\"https:\/\/schema.org\",\"@graph\":[{\"@type\":\"WebSite\",\"@id\":\"https:\/\/wpdiarytheme.com\/#website\",\"url\":\"https:\/\/wpdiarytheme.com\/\",\"name\":\"Dating Themes\",\"description\":\"Find Your Perfect App\",\"potentialAction\":[{\"@type\":\"SearchAction\",\"target\":{\"@type\":\"EntryPoint\",\"urlTemplate\":\"https:\/\/wpdiarytheme.com\/?s={search_term_string}\"},\"query-input\":\"required name=search_term_string\"}],\"inLanguage\":\"fr-FR\"},{\"@type\":\"WebPage\",\"@id\":\"https:\/\/wpdiarytheme.com\/fr\/sites-de-connexion-milf\/#webpage\",\"url\":\"https:\/\/wpdiarytheme.com\/fr\/sites-de-connexion-milf\/\",\"name\":\"Sites de connexion MILF - Dating Themes\",\"isPartOf\":{\"@id\":\"https:\/\/wpdiarytheme.com\/#website\"},\"datePublished\":\"2022-09-30T12:14:07+00:00\",\"dateModified\":\"2022-09-30T12:14:07+00:00\",\"breadcrumb\":{\"@id\":\"https:\/\/wpdiarytheme.com\/fr\/sites-de-connexion-milf\/#breadcrumb\"},\"inLanguage\":\"fr-FR\",\"potentialAction\":[{\"@type\":\"ReadAction\",\"target\":[\"https:\/\/wpdiarytheme.com\/fr\/sites-de-connexion-milf\/\"]}]},{\"@type\":\"BreadcrumbList\",\"@id\":\"https:\/\/wpdiarytheme.com\/fr\/sites-de-connexion-milf\/#breadcrumb\",\"itemListElement\":[{\"@type\":\"ListItem\",\"position\":1,\"name\":\"Home\",\"item\":\"http:\/\/wpdiarytheme.com\/fr\/\"},{\"@type\":\"ListItem\",\"position\":2,\"name\":\"Sites de connexion MILF\"}]}]}<\/script>\n<!-- \/ Yoast SEO plugin. -->","yoast_head_json":{"title":"Sites de connexion MILF - Dating Themes","robots":{"index":"index","follow":"follow","max-snippet":"max-snippet:-1","max-image-preview":"max-image-preview:large","max-video-preview":"max-video-preview:-1"},"canonical":"https:\/\/wpdiarytheme.com\/fr\/sites-de-connexion-milf\/","og_locale":"fr_FR","og_type":"article","og_title":"Sites de connexion MILF - Dating Themes","og_description":"Il existe de nombreux sites de connexion milf, mais tous ne sont pas cr\u00e9\u00e9s \u00e9gaux. Vous voulez vous assurer que&hellip;","og_url":"https:\/\/wpdiarytheme.com\/fr\/sites-de-connexion-milf\/","og_site_name":"Dating Themes","twitter_card":"summary_large_image","twitter_misc":{"Dur\u00e9e de lecture estim\u00e9e":"4 minutes"},"schema":{"@context":"https:\/\/schema.org","@graph":[{"@type":"WebSite","@id":"https:\/\/wpdiarytheme.com\/#website","url":"https:\/\/wpdiarytheme.com\/","name":"Dating Themes","description":"Find Your Perfect App","potentialAction":[{"@type":"SearchAction","target":{"@type":"EntryPoint","urlTemplate":"https:\/\/wpdiarytheme.com\/?s={search_term_string}"},"query-input":"required name=search_term_string"}],"inLanguage":"fr-FR"},{"@type":"WebPage","@id":"https:\/\/wpdiarytheme.com\/fr\/sites-de-connexion-milf\/#webpage","url":"https:\/\/wpdiarytheme.com\/fr\/sites-de-connexion-milf\/","name":"Sites de connexion MILF - Dating Themes","isPartOf":{"@id":"https:\/\/wpdiarytheme.com\/#website"},"datePublished":"2022-09-30T12:14:07+00:00","dateModified":"2022-09-30T12:14:07+00:00","breadcrumb":{"@id":"https:\/\/wpdiarytheme.com\/fr\/sites-de-connexion-milf\/#breadcrumb"},"inLanguage":"fr-FR","potentialAction":[{"@type":"ReadAction","target":["https:\/\/wpdiarytheme.com\/fr\/sites-de-connexion-milf\/"]}]},{"@type":"BreadcrumbList","@id":"https:\/\/wpdiarytheme.com\/fr\/sites-de-connexion-milf\/#breadcrumb","itemListElement":[{"@type":"ListItem","position":1,"name":"Home","item":"http:\/\/wpdiarytheme.com\/fr\/"},{"@type":"ListItem","position":2,"name":"Sites de connexion MILF"}]}]}},"_links":{"self":[{"href":"https:\/\/wpdiarytheme.com\/fr\/wp-json\/wp\/v2\/pages\/268"}],"collection":[{"href":"https:\/\/wpdiarytheme.com\/fr\/wp-json\/wp\/v2\/pages"}],"about":[{"href":"https:\/\/wpdiarytheme.com\/fr\/wp-json\/wp\/v2\/types\/page"}],"author":[{"embeddable":true,"href":"https:\/\/wpdiarytheme.com\/fr\/wp-json\/wp\/v2\/users\/1"}],"replies":[{"embeddable":true,"href":"https:\/\/wpdiarytheme.com\/fr\/wp-json\/wp\/v2\/comments?post=268"}],"version-history":[{"count":0,"href":"https:\/\/wpdiarytheme.com\/fr\/wp-json\/wp\/v2\/pages\/268\/revisions"}],"wp:attachment":[{"href":"https:\/\/wpdiarytheme.com\/fr\/wp-json\/wp\/v2\/media?parent=268"}],"curies":[{"name":"wp","href":"https:\/\/api.w.org\/{rel}","templated":true}]}}