{"id":256,"date":"2022-09-30T13:13:34","date_gmt":"2022-09-30T12:13:34","guid":{"rendered":"http:\/\/wpdiarytheme.com\/rencontres-de-grand-mere-locales\/"},"modified":"2022-09-30T13:13:34","modified_gmt":"2022-09-30T12:13:34","slug":"rencontres-de-grand-mere-locales","status":"publish","type":"page","link":"https:\/\/wpdiarytheme.com\/fr\/rencontres-de-grand-mere-locales\/","title":{"rendered":"Rencontres de grand-m\u00e8re locales"},"content":{"rendered":"<p>Il y a beaucoup de raisons de sortir avec une grand-m\u00e8re locale. D\u2019une part, ils connaissent g\u00e9n\u00e9ralement tous les meilleurs endroits de connexion en ville. Et deux, ils sont g\u00e9n\u00e9ralement en panne pour n\u2019importe quoi. Si vous <a href=\"http:\/\/wpdiarytheme.com\/free-fuck-sites\/\">cherchez quelqu\u2019un pour<\/a> vous emmener dans les meilleurs bars et clubs de la ville, une grand-m\u00e8re locale est votre meilleur choix. Ils connaissent tous les points chauds et peuvent g\u00e9n\u00e9ralement vous faire entrer sans aucun probl\u00e8me. De plus, ils sont g\u00e9n\u00e9ralement pr\u00eats \u00e0 tout quand il s\u2019agit de se connecter.<\/p>\n<p>Donc, si vous cherchez une soir\u00e9e amusante en ville avec quelqu\u2019un qui sait comment vous montrer un bon moment, une grand-m\u00e8re locale est votre meilleur choix.<\/p>\n<h2>Rencontrez Gilfs<\/h2>\n<p>Il y a beaucoup de fa\u00e7ons de rencontrer Gilfs ces jours-ci. Vous pouvez aller en ligne et rechercher des sites de rencontres qui s\u2019adressent \u00e0 Gilfs ou vous pouvez sortir et chercher Gilfs dans votre r\u00e9gion. Vous pouvez \u00e9galement trouver des Gilfs par le biais d\u2019amis communs ou lors de rassemblements sociaux. Une fois que vous avez trouv\u00e9 un Gilf que vous aimez, vous pouvez commencer \u00e0 discuter avec elle et \u00e0 mieux la conna\u00eetre. Si vous vous en sortez, vous pouvez aller \u00e0 un rendez-vous ou deux et voir o\u00f9 les choses vont \u00e0 partir de l\u00e0.<\/p>\n<h2>GILF Date<\/h2>\n<p>Il y a quelque chose de sp\u00e9cial \u00e0 passer du temps avec une silhouette de type grand-m\u00e8re. Ils ont tellement de sagesse et d\u2019exp\u00e9rience de vie \u00e0 partager, et ils sont g\u00e9n\u00e9ralement terre-\u00e0-terre et faciles \u00e0 parler. Les Gilfs sont aussi g\u00e9n\u00e9ralement assez sexy, et ils savent comment passer un bon moment. Si vous \u00eates \u00e0 la recherche de l\u2019amour, passer du temps avec un gilf est un excellent moyen de le trouver. Vous pouvez apprendre beaucoup d\u2019eux, et vous aurez probablement beaucoup de plaisir dans le processus. Qui sait, vous pourriez m\u00eame trouver l\u2019amour de votre vie.<\/p>\n<h2>Local GILF<\/h2>\n<p>Ils savent comment passer un bon moment, et ils sont toujours pr\u00eats pour passer un bon moment. Ils sont \u00e9galement super au lit. Si vous \u00eates \u00e0 la recherche d\u2019un gilf \u00e0 ce jour, vous voudrez certainement v\u00e9rifier votre gilf local.<\/p>\n<h3>OneBBW<\/h3>\n<p>Si vous \u00eates \u00e0 la recherche d\u2019une grand-m\u00e8re locale \u00e0 ce jour, l\u2019application OneBBW est une excellente option. L\u2019application est facile \u00e0 utiliser et propose un grand choix de mamies. Les mamies sur l\u2019application sont \u00e9galement tr\u00e8s sympathiques et faciles \u00e0 parler. Dans l\u2019ensemble, l\u2019application OneBBW est une excellente option pour les rencontres de grand-m\u00e8re locales.<\/p>\n<h3>DateMyAge<\/h3>\n<p>DateMyAge est l\u2019une des applications de rencontres de grand-m\u00e8re les plus populaires disponibles aujourd\u2019hui. L\u2019application facilite la recherche et la connexion avec les mamies locales qui recherchent l\u2019amour et la compagnie. L\u2019application est gratuite \u00e0 t\u00e9l\u00e9charger et \u00e0 utiliser, et elle offre un large \u00e9ventail de fonctionnalit\u00e9s pour vous aider \u00e0 trouver le match parfait pour vous. L\u2019application dispose \u00e9galement d\u2019une excellente interface utilisateur, ce qui la rend facile \u00e0 naviguer et \u00e0 utiliser. Dans l\u2019ensemble, DateMyAge est une excellente option pour ceux qui recherchent une application de rencontres de grand-m\u00e8re.<\/p>\n<h3>Fling.com<\/h3>\n<p>Si vous recherchez une application de rencontres qui facilite la connexion avec les mamies locales, vous devriez certainement consulter Fling.com. L\u2019application est gratuite \u00e0 t\u00e9l\u00e9charger et \u00e0 utiliser, et il est assez facile de comprendre comment l\u2019utiliser. Tout ce que vous avez \u00e0 faire est de cr\u00e9er un profil et de commencer \u00e0 parcourir les mamies de votre r\u00e9gion. Vous pouvez leur envoyer un message, discuter avec eux et m\u00eame les rencontrer en personne si vous \u00eates tous les deux int\u00e9ress\u00e9s.<\/p>\n<p>La meilleure partie de Fling.com est qu\u2019il est compl\u00e8tement discret. Vous n\u2019avez pas \u00e0 vous soucier que votre famille ou vos amis d\u00e9couvrent les rencontres de votre grand-m\u00e8re. Tout est totalement confidentiel. Donc, si vous cherchez un moyen de pimenter votre vie amoureuse, alors essayez-Fling.com.<\/p>\n","protected":false},"excerpt":{"rendered":"<p>Il y a beaucoup de raisons de sortir avec une grand-m\u00e8re locale. D\u2019une part, ils connaissent g\u00e9n\u00e9ralement tous les meilleurs&hellip;<\/p>\n","protected":false},"author":1,"featured_media":0,"parent":0,"menu_order":0,"comment_status":"closed","ping_status":"closed","template":"","meta":[],"yoast_head":"<!-- This site is optimized with the Yoast SEO plugin v17.7.1 - https:\/\/yoast.com\/wordpress\/plugins\/seo\/ -->\n<title>Rencontres de grand-m\u00e8re locales - Dating Themes<\/title>\n<meta name=\"robots\" content=\"index, follow, max-snippet:-1, max-image-preview:large, max-video-preview:-1\" \/>\n<link rel=\"canonical\" href=\"https:\/\/wpdiarytheme.com\/fr\/rencontres-de-grand-mere-locales\/\" \/>\n<meta property=\"og:locale\" content=\"fr_FR\" \/>\n<meta property=\"og:type\" content=\"article\" \/>\n<meta property=\"og:title\" content=\"Rencontres de grand-m\u00e8re locales - Dating Themes\" \/>\n<meta property=\"og:description\" content=\"Il y a beaucoup de raisons de sortir avec une grand-m\u00e8re locale. D\u2019une part, ils connaissent g\u00e9n\u00e9ralement tous les meilleurs&hellip;\" \/>\n<meta property=\"og:url\" content=\"https:\/\/wpdiarytheme.com\/fr\/rencontres-de-grand-mere-locales\/\" \/>\n<meta property=\"og:site_name\" content=\"Dating Themes\" \/>\n<meta name=\"twitter:card\" content=\"summary_large_image\" \/>\n<meta name=\"twitter:label1\" content=\"Dur\u00e9e de lecture estim\u00e9e\" \/>\n\t<meta name=\"twitter:data1\" content=\"3 minutes\" \/>\n<script type=\"application\/ld+json\" class=\"yoast-schema-graph\">{\"@context\":\"https:\/\/schema.org\",\"@graph\":[{\"@type\":\"WebSite\",\"@id\":\"https:\/\/wpdiarytheme.com\/#website\",\"url\":\"https:\/\/wpdiarytheme.com\/\",\"name\":\"Dating Themes\",\"description\":\"Find Your Perfect App\",\"potentialAction\":[{\"@type\":\"SearchAction\",\"target\":{\"@type\":\"EntryPoint\",\"urlTemplate\":\"https:\/\/wpdiarytheme.com\/?s={search_term_string}\"},\"query-input\":\"required name=search_term_string\"}],\"inLanguage\":\"fr-FR\"},{\"@type\":\"WebPage\",\"@id\":\"https:\/\/wpdiarytheme.com\/fr\/rencontres-de-grand-mere-locales\/#webpage\",\"url\":\"https:\/\/wpdiarytheme.com\/fr\/rencontres-de-grand-mere-locales\/\",\"name\":\"Rencontres de grand-m\\u00e8re locales - Dating Themes\",\"isPartOf\":{\"@id\":\"https:\/\/wpdiarytheme.com\/#website\"},\"datePublished\":\"2022-09-30T12:13:34+00:00\",\"dateModified\":\"2022-09-30T12:13:34+00:00\",\"breadcrumb\":{\"@id\":\"https:\/\/wpdiarytheme.com\/fr\/rencontres-de-grand-mere-locales\/#breadcrumb\"},\"inLanguage\":\"fr-FR\",\"potentialAction\":[{\"@type\":\"ReadAction\",\"target\":[\"https:\/\/wpdiarytheme.com\/fr\/rencontres-de-grand-mere-locales\/\"]}]},{\"@type\":\"BreadcrumbList\",\"@id\":\"https:\/\/wpdiarytheme.com\/fr\/rencontres-de-grand-mere-locales\/#breadcrumb\",\"itemListElement\":[{\"@type\":\"ListItem\",\"position\":1,\"name\":\"Home\",\"item\":\"http:\/\/wpdiarytheme.com\/fr\/\"},{\"@type\":\"ListItem\",\"position\":2,\"name\":\"Rencontres de grand-m\\u00e8re locales\"}]}]}<\/script>\n<!-- \/ Yoast SEO plugin. -->","yoast_head_json":{"title":"Rencontres de grand-m\u00e8re locales - Dating Themes","robots":{"index":"index","follow":"follow","max-snippet":"max-snippet:-1","max-image-preview":"max-image-preview:large","max-video-preview":"max-video-preview:-1"},"canonical":"https:\/\/wpdiarytheme.com\/fr\/rencontres-de-grand-mere-locales\/","og_locale":"fr_FR","og_type":"article","og_title":"Rencontres de grand-m\u00e8re locales - Dating Themes","og_description":"Il y a beaucoup de raisons de sortir avec une grand-m\u00e8re locale. D\u2019une part, ils connaissent g\u00e9n\u00e9ralement tous les meilleurs&hellip;","og_url":"https:\/\/wpdiarytheme.com\/fr\/rencontres-de-grand-mere-locales\/","og_site_name":"Dating Themes","twitter_card":"summary_large_image","twitter_misc":{"Dur\u00e9e de lecture estim\u00e9e":"3 minutes"},"schema":{"@context":"https:\/\/schema.org","@graph":[{"@type":"WebSite","@id":"https:\/\/wpdiarytheme.com\/#website","url":"https:\/\/wpdiarytheme.com\/","name":"Dating Themes","description":"Find Your Perfect App","potentialAction":[{"@type":"SearchAction","target":{"@type":"EntryPoint","urlTemplate":"https:\/\/wpdiarytheme.com\/?s={search_term_string}"},"query-input":"required name=search_term_string"}],"inLanguage":"fr-FR"},{"@type":"WebPage","@id":"https:\/\/wpdiarytheme.com\/fr\/rencontres-de-grand-mere-locales\/#webpage","url":"https:\/\/wpdiarytheme.com\/fr\/rencontres-de-grand-mere-locales\/","name":"Rencontres de grand-m\u00e8re locales - Dating Themes","isPartOf":{"@id":"https:\/\/wpdiarytheme.com\/#website"},"datePublished":"2022-09-30T12:13:34+00:00","dateModified":"2022-09-30T12:13:34+00:00","breadcrumb":{"@id":"https:\/\/wpdiarytheme.com\/fr\/rencontres-de-grand-mere-locales\/#breadcrumb"},"inLanguage":"fr-FR","potentialAction":[{"@type":"ReadAction","target":["https:\/\/wpdiarytheme.com\/fr\/rencontres-de-grand-mere-locales\/"]}]},{"@type":"BreadcrumbList","@id":"https:\/\/wpdiarytheme.com\/fr\/rencontres-de-grand-mere-locales\/#breadcrumb","itemListElement":[{"@type":"ListItem","position":1,"name":"Home","item":"http:\/\/wpdiarytheme.com\/fr\/"},{"@type":"ListItem","position":2,"name":"Rencontres de grand-m\u00e8re locales"}]}]}},"_links":{"self":[{"href":"https:\/\/wpdiarytheme.com\/fr\/wp-json\/wp\/v2\/pages\/256"}],"collection":[{"href":"https:\/\/wpdiarytheme.com\/fr\/wp-json\/wp\/v2\/pages"}],"about":[{"href":"https:\/\/wpdiarytheme.com\/fr\/wp-json\/wp\/v2\/types\/page"}],"author":[{"embeddable":true,"href":"https:\/\/wpdiarytheme.com\/fr\/wp-json\/wp\/v2\/users\/1"}],"replies":[{"embeddable":true,"href":"https:\/\/wpdiarytheme.com\/fr\/wp-json\/wp\/v2\/comments?post=256"}],"version-history":[{"count":0,"href":"https:\/\/wpdiarytheme.com\/fr\/wp-json\/wp\/v2\/pages\/256\/revisions"}],"wp:attachment":[{"href":"https:\/\/wpdiarytheme.com\/fr\/wp-json\/wp\/v2\/media?parent=256"}],"curies":[{"name":"wp","href":"https:\/\/api.w.org\/{rel}","templated":true}]}}