{"id":165,"date":"2022-09-12T12:14:34","date_gmt":"2022-09-12T11:14:34","guid":{"rendered":"http:\/\/wpdiarytheme.com\/votre-journal-de-rencontres-rencontres-et-plus\/"},"modified":"2022-09-27T13:22:42","modified_gmt":"2022-09-27T12:22:42","slug":"votre-journal-de-rencontres-rencontres-et-plus","status":"publish","type":"page","link":"https:\/\/wpdiarytheme.com\/fr\/","title":{"rendered":"Votre journal de rencontres: rencontres et plus"},"content":{"rendered":"<p>Je sais ce que vous pensez: \u00ab&nbsp;Il existe des milliers d\u2019applications et de sites Web de rencontres.&nbsp;\u00bb Et vous auriez raison. Mais je pense que nous pouvons convenir qu\u2019il y en a de meilleurs. En tant que personne qui en utilise un tous les jours, je voulais m\u2019assurer que vous connaissiez les meilleurs sites de connexion gratuits.<\/p>\n<p>Cette liste comprend tous les principaux qui sont totalement gratuits. Certains d\u2019entre eux ont m\u00eame des plans payants, mais ceux-ci ne sont pas n\u00e9cessaires pour y adh\u00e9rer. Si vous voulez trouver une relation \u00e0 long terme, cependant, consultez mon guide pour trouver l\u2019amour en ligne.<\/p>\n<p>La plus grande chose que vous remarquerez \u00e0 propos de ces sites est \u00e0 quel point ils sont faciles \u00e0 utiliser. La plupart des sites ne n\u00e9cessitent aucune inscription, juste un nom d\u2019utilisateur et un mot de passe. Vous n\u2019avez pas besoin de remplir des profils ou de r\u00e9pondre \u00e0 des questions; il vous suffit de taper ce que vous voulez dans la barre de recherche et de commencer \u00e0 rencontrer des gens.<\/p>\n<p>Vous ne trouverez aucun faux compte sur notre liste. Tous les sites \u00e9num\u00e9r\u00e9s ici sont compl\u00e8tement l\u00e9gitimes et s\u00fbrs. Il existe \u00e9galement des tonnes de diff\u00e9rents types de personnes sur ces plateformes. Que vous pr\u00e9f\u00e9riez le sexe occasionnel ou les relations s\u00e9rieuses, vous trouverez forc\u00e9ment quelque chose que vous aimez.<\/p>\n<h2>Premiers pas avec les sites de rencontres<\/h2>\n<p>Beaucoup de gens utilisent des sites de rencontres et des applications <a href=\"http:\/\/www.rencontresexuelle.net\">site de rencontre sexuelle<\/a> pour se connecter \u00e0 des correspondances romantiques potentielles. Mais alors que ces sites offrent de nombreuses fonctionnalit\u00e9s pour trouver l\u2019amour, il y en a beaucoup d\u2019autres qui s\u2019adressent sp\u00e9cifiquement aux rencontres d\u2019un soir. Que vous recherchiez une aventure rapide ou simplement quelqu\u2019un avec qui passer du temps, voici 10 excellents endroits o\u00f9 aller o\u00f9 vous n\u2019aurez m\u00eame rien \u00e0 payer pour essayer.<\/p>\n<p><img loading=\"lazy\" class=\"aligncenter wp-image-66 size-large\" src=\"http:\/\/wpdiarytheme.com\/wp-content\/uploads\/2022\/09\/real-dates-online-1024x683.jpeg\" alt=\"\" width=\"525\" height=\"350\" srcset=\"https:\/\/wpdiarytheme.com\/wp-content\/uploads\/2022\/09\/real-dates-online-1024x683.jpeg 1024w, https:\/\/wpdiarytheme.com\/wp-content\/uploads\/2022\/09\/real-dates-online-300x200.jpeg 300w, https:\/\/wpdiarytheme.com\/wp-content\/uploads\/2022\/09\/real-dates-online-768x512.jpeg 768w, https:\/\/wpdiarytheme.com\/wp-content\/uploads\/2022\/09\/real-dates-online.jpeg 1125w\" sizes=\"(max-width: 525px) 100vw, 525px\" \/><\/p>\n<h3>PlentyOfFish<\/h3>\n<p>PlentyOfFish est probablement le site le plus connu pour les rencontres occasionnelles. Bien qu\u2019il facture des frais pour devenir un membre premium, il offre des tonnes de fonctionnalit\u00e9s, y compris la possibilit\u00e9 de parcourir les membres en fonction de l\u2019emplacement, de l\u2019\u00e2ge, du type de corps, du sexe, de l\u2019origine ethnique, de la religion, du statut relationnel, du niveau d\u2019\u00e9ducation, de la taille, du poids, des habitudes tabagiques, des habitudes de consommation et bien plus encore. Vous ne rencontrerez jamais quelqu\u2019un que vous connaissez, mais vous pourriez finir par rencontrer quelqu\u2019un qui partage vos int\u00e9r\u00eats.<\/p>\n<h3>AdultFriendFinder<\/h3>\n<p>Adult Friend Finder est un autre endroit tr\u00e8s populaire pour rechercher une rencontre occasionnelle. Ils existent depuis 1999 et pr\u00e9tendent avoir des millions de profils actifs. Il existe de nombreuses options d\u2019adh\u00e9sion, allant d\u2019un essai gratuit \u00e0 un abonnement mensuel. Tant que vous \u00eates pr\u00eat \u00e0 travailler, vous pouvez trouver exactement ce que vous cherchez.<\/p>\n<p>Adult Friend Finder est un autre site d\u00e9di\u00e9 \u00e0 aider les adultes \u00e0 trouver des amis avec des avantages. En fait, c\u2019est le deuxi\u00e8me plus grand site personnel de BBW derri\u00e8re Ashley Madison.<\/p>\n<h3>Ashley Madison<\/h3>\n<p>Si vous cherchez quelque chose de discret, Ashley Madison vaut vraiment le d\u00e9tour. Ce site vous donne la possibilit\u00e9 d\u2019afficher les profils d\u2019autres personnes, d\u2019envoyer des messages et d\u2019organiser des dates. Tout cela se passe de mani\u00e8re totalement anonyme. Si vous d\u00e9cidez de vous inscrire \u00e0 un abonnement premium, vous pourrez voir les noms complets, les adresses e-mail et m\u00eame les num\u00e9ros de t\u00e9l\u00e9phone des autres membres.<\/p>\n<p>AshleyMadison.com est une bouff\u00e9e d\u2019air frais en ligne pour les personnes qui cherchent \u00e0 faire l\u2019exp\u00e9rience d\u2019un peu plus de piment dans leur vie amoureuse. Avec plus de 54 millions de membres dans le monde, le site de rencontre pour adultes offre de nombreuses fa\u00e7ons de rencontrer des c\u00e9libataires partageant les m\u00eames id\u00e9es. Que vous recherchiez des rencontres occasionnelles, une relation s\u00e9rieuse ou autre chose, AshleyMadison.com a tout ce que vous recherchez.<\/p>\n<h3>BeNaughty<\/h3>\n<p>BeNaughty est une application de rencontres en ligne gratuite o\u00f9 les gens se rencontrent en fonction de leur int\u00e9r\u00eat mutuel. Vous n\u2019avez pas \u00e0 vous soucier de trouver quelqu\u2019un de sp\u00e9cial, car des milliers de membres vous attendent.<\/p>\n<p>L\u2019objectif de BeNaughty est simple : nous voulons faciliter les rencontres. Nous avons fait le travail difficile pour vous &#8211; notre \u00e9quipe d\u2019experts a tri\u00e9 sur le volet des profils de gars et de filles chauds comme vous. Que vous recherchiez de l\u2019amiti\u00e9, du sexe occasionnel ou quelque chose de s\u00e9rieux, vous trouverez exactement ce que vous voulez ici.<\/p>\n<p>Si vous \u00eates pr\u00eat \u00e0 commencer \u00e0 discuter avec singleton local, inscrivez-vous maintenant et commencez \u00e0 naviguer.<\/p>\n<h3>IWantu<\/h3>\n<p>L\u2019application IWantU est un site de connexion qui permet aux gens de se rencontrer pour le sexe le m\u00eame jour. Lanc\u00e9e en 2017, l\u2019application a \u00e9t\u00e9 t\u00e9l\u00e9charg\u00e9e plus de 50 millions de fois dans le monde, avec plus de 30 millions de t\u00e9l\u00e9chargements rien qu\u2019aux \u00c9tats-Unis. Les utilisateurs s\u2019inscrivent gratuitement, choisissent leur sexe, leur tranche d\u2019\u00e2ge, leur emplacement et leurs int\u00e9r\u00eats, et attendent des correspondances en fonction de ces crit\u00e8res. Ils peuvent ensuite prendre contact directement par e-mail ou par t\u00e9l\u00e9phone, et s\u2019arranger pour se rencontrer pour des relations sexuelles dans les 24 heures.<\/p>\n<p>L\u2019application est con\u00e7ue pour aider les professionnels occup\u00e9s \u00e0 rencontrer des personnes partageant les m\u00eames id\u00e9es pour une nuit, des aventures rapides ou m\u00eame des demandes en mariage. Il n\u2019y a pas de refus ou de longues persuasions parce que tous les membres viennent pour la m\u00eame chose \u2013 le sexe.<\/p>\n<p>Chaque utilisateur se distingue par son \u00e9mancipation, son d\u00e9sir de recevoir et de procurer du plaisir, et sa volont\u00e9 d\u2019essayer quelque chose de diff\u00e9rent. En plus d\u2019une section de profil o\u00f9 les utilisateurs se d\u00e9crivent, ils t\u00e9l\u00e9chargent \u00e9galement des photos, des vid\u00e9os et des lieux o\u00f9 ils souhaitent se rencontrer.<\/p>\n<h2>Quelle est la prochaine \u00e9tape?<\/h2>\n<p>D\u2019accord, donc nous savons ce que vous pensez. \u00ab&nbsp;Je ne veux pas rejoindre un site de connexion.&nbsp;\u00bb Eh bien, ce n\u2019est pas grave parce qu\u2019il existe de nombreux sites gratuits qui offrent d\u2019excellentes fonctionnalit\u00e9s telles que la messagerie instantan\u00e9e et le chat vid\u00e9o.<\/p>\n<p>Si vous cherchez \u00e0 avoir des relations sexuelles occasionnelles ce soir, continuez \u00e0 faire d\u00e9filer et \u00e0 agir, assez simple, n\u2019est-ce pas?<\/p>\n<p>Vous devriez rejoindre quelques sites diff\u00e9rents et voir lequel vous convient le mieux.<\/p>\n","protected":false},"excerpt":{"rendered":"<p>Je sais ce que vous pensez: \u00ab&nbsp;Il existe des milliers d\u2019applications et de sites Web de rencontres.&nbsp;\u00bb Et vous auriez&hellip;<\/p>\n","protected":false},"author":1,"featured_media":79,"parent":0,"menu_order":0,"comment_status":"closed","ping_status":"closed","template":"","meta":[],"yoast_head":"<!-- This site is optimized with the Yoast SEO plugin v17.7.1 - https:\/\/yoast.com\/wordpress\/plugins\/seo\/ -->\n<title>Votre journal de rencontres: rencontres et plus - Dating Themes<\/title>\n<meta name=\"robots\" content=\"index, follow, max-snippet:-1, max-image-preview:large, max-video-preview:-1\" \/>\n<link rel=\"canonical\" href=\"https:\/\/wpdiarytheme.com\/fr\/\" \/>\n<meta property=\"og:locale\" content=\"fr_FR\" \/>\n<meta property=\"og:type\" content=\"article\" \/>\n<meta property=\"og:title\" content=\"Votre journal de rencontres: rencontres et plus - Dating Themes\" \/>\n<meta property=\"og:description\" content=\"Je sais ce que vous pensez: \u00ab&nbsp;Il existe des milliers d\u2019applications et de sites Web de rencontres.&nbsp;\u00bb Et vous auriez&hellip;\" \/>\n<meta property=\"og:url\" content=\"https:\/\/wpdiarytheme.com\/fr\/\" \/>\n<meta property=\"og:site_name\" content=\"Dating Themes\" \/>\n<meta property=\"article:modified_time\" content=\"2022-09-27T12:22:42+00:00\" \/>\n<meta property=\"og:image\" content=\"https:\/\/wpdiarytheme.com\/wp-content\/uploads\/2022\/09\/local-sex-match.jpeg\" \/>\n\t<meta property=\"og:image:width\" content=\"1600\" \/>\n\t<meta property=\"og:image:height\" content=\"1067\" \/>\n<meta name=\"twitter:card\" content=\"summary_large_image\" \/>\n<meta name=\"twitter:label1\" content=\"Dur\u00e9e de lecture estim\u00e9e\" \/>\n\t<meta name=\"twitter:data1\" content=\"6 minutes\" \/>\n<script type=\"application\/ld+json\" class=\"yoast-schema-graph\">{\"@context\":\"https:\/\/schema.org\",\"@graph\":[{\"@type\":\"WebSite\",\"@id\":\"http:\/\/wpdiarytheme.com\/#website\",\"url\":\"http:\/\/wpdiarytheme.com\/\",\"name\":\"Dating Themes\",\"description\":\"Find Your Perfect App\",\"potentialAction\":[{\"@type\":\"SearchAction\",\"target\":{\"@type\":\"EntryPoint\",\"urlTemplate\":\"http:\/\/wpdiarytheme.com\/?s={search_term_string}\"},\"query-input\":\"required name=search_term_string\"}],\"inLanguage\":\"fr-FR\"},{\"@type\":\"ImageObject\",\"@id\":\"https:\/\/wpdiarytheme.com\/fr\/#primaryimage\",\"inLanguage\":\"fr-FR\",\"url\":\"https:\/\/wpdiarytheme.com\/wp-content\/uploads\/2022\/09\/local-sex-match.jpeg\",\"contentUrl\":\"https:\/\/wpdiarytheme.com\/wp-content\/uploads\/2022\/09\/local-sex-match.jpeg\",\"width\":1600,\"height\":1067},{\"@type\":\"WebPage\",\"@id\":\"https:\/\/wpdiarytheme.com\/fr\/#webpage\",\"url\":\"https:\/\/wpdiarytheme.com\/fr\/\",\"name\":\"Votre journal de rencontres: rencontres et plus - Dating Themes\",\"isPartOf\":{\"@id\":\"http:\/\/wpdiarytheme.com\/#website\"},\"primaryImageOfPage\":{\"@id\":\"https:\/\/wpdiarytheme.com\/fr\/#primaryimage\"},\"datePublished\":\"2022-09-12T11:14:34+00:00\",\"dateModified\":\"2022-09-27T12:22:42+00:00\",\"breadcrumb\":{\"@id\":\"https:\/\/wpdiarytheme.com\/fr\/#breadcrumb\"},\"inLanguage\":\"fr-FR\",\"potentialAction\":[{\"@type\":\"ReadAction\",\"target\":[\"https:\/\/wpdiarytheme.com\/fr\/\"]}]},{\"@type\":\"BreadcrumbList\",\"@id\":\"https:\/\/wpdiarytheme.com\/fr\/#breadcrumb\",\"itemListElement\":[{\"@type\":\"ListItem\",\"position\":1,\"name\":\"Home\",\"item\":\"https:\/\/wpdiarytheme.com\/fr\/\"},{\"@type\":\"ListItem\",\"position\":2,\"name\":\"Votre journal de rencontres: rencontres et plus\"}]}]}<\/script>\n<!-- \/ Yoast SEO plugin. -->","yoast_head_json":{"title":"Votre journal de rencontres: rencontres et plus - Dating Themes","robots":{"index":"index","follow":"follow","max-snippet":"max-snippet:-1","max-image-preview":"max-image-preview:large","max-video-preview":"max-video-preview:-1"},"canonical":"https:\/\/wpdiarytheme.com\/fr\/","og_locale":"fr_FR","og_type":"article","og_title":"Votre journal de rencontres: rencontres et plus - Dating Themes","og_description":"Je sais ce que vous pensez: \u00ab&nbsp;Il existe des milliers d\u2019applications et de sites Web de rencontres.&nbsp;\u00bb Et vous auriez&hellip;","og_url":"https:\/\/wpdiarytheme.com\/fr\/","og_site_name":"Dating Themes","article_modified_time":"2022-09-27T12:22:42+00:00","og_image":[{"width":1600,"height":1067,"url":"https:\/\/wpdiarytheme.com\/wp-content\/uploads\/2022\/09\/local-sex-match.jpeg","type":"image\/jpeg"}],"twitter_card":"summary_large_image","twitter_misc":{"Dur\u00e9e de lecture estim\u00e9e":"6 minutes"},"schema":{"@context":"https:\/\/schema.org","@graph":[{"@type":"WebSite","@id":"http:\/\/wpdiarytheme.com\/#website","url":"http:\/\/wpdiarytheme.com\/","name":"Dating Themes","description":"Find Your Perfect App","potentialAction":[{"@type":"SearchAction","target":{"@type":"EntryPoint","urlTemplate":"http:\/\/wpdiarytheme.com\/?s={search_term_string}"},"query-input":"required name=search_term_string"}],"inLanguage":"fr-FR"},{"@type":"ImageObject","@id":"https:\/\/wpdiarytheme.com\/fr\/#primaryimage","inLanguage":"fr-FR","url":"https:\/\/wpdiarytheme.com\/wp-content\/uploads\/2022\/09\/local-sex-match.jpeg","contentUrl":"https:\/\/wpdiarytheme.com\/wp-content\/uploads\/2022\/09\/local-sex-match.jpeg","width":1600,"height":1067},{"@type":"WebPage","@id":"https:\/\/wpdiarytheme.com\/fr\/#webpage","url":"https:\/\/wpdiarytheme.com\/fr\/","name":"Votre journal de rencontres: rencontres et plus - Dating Themes","isPartOf":{"@id":"http:\/\/wpdiarytheme.com\/#website"},"primaryImageOfPage":{"@id":"https:\/\/wpdiarytheme.com\/fr\/#primaryimage"},"datePublished":"2022-09-12T11:14:34+00:00","dateModified":"2022-09-27T12:22:42+00:00","breadcrumb":{"@id":"https:\/\/wpdiarytheme.com\/fr\/#breadcrumb"},"inLanguage":"fr-FR","potentialAction":[{"@type":"ReadAction","target":["https:\/\/wpdiarytheme.com\/fr\/"]}]},{"@type":"BreadcrumbList","@id":"https:\/\/wpdiarytheme.com\/fr\/#breadcrumb","itemListElement":[{"@type":"ListItem","position":1,"name":"Home","item":"https:\/\/wpdiarytheme.com\/fr\/"},{"@type":"ListItem","position":2,"name":"Votre journal de rencontres: rencontres et plus"}]}]}},"_links":{"self":[{"href":"https:\/\/wpdiarytheme.com\/fr\/wp-json\/wp\/v2\/pages\/165"}],"collection":[{"href":"https:\/\/wpdiarytheme.com\/fr\/wp-json\/wp\/v2\/pages"}],"about":[{"href":"https:\/\/wpdiarytheme.com\/fr\/wp-json\/wp\/v2\/types\/page"}],"author":[{"embeddable":true,"href":"https:\/\/wpdiarytheme.com\/fr\/wp-json\/wp\/v2\/users\/1"}],"replies":[{"embeddable":true,"href":"https:\/\/wpdiarytheme.com\/fr\/wp-json\/wp\/v2\/comments?post=165"}],"version-history":[{"count":1,"href":"https:\/\/wpdiarytheme.com\/fr\/wp-json\/wp\/v2\/pages\/165\/revisions"}],"predecessor-version":[{"id":204,"href":"https:\/\/wpdiarytheme.com\/fr\/wp-json\/wp\/v2\/pages\/165\/revisions\/204"}],"wp:featuredmedia":[{"embeddable":true,"href":"https:\/\/wpdiarytheme.com\/fr\/wp-json\/wp\/v2\/media\/79"}],"wp:attachment":[{"href":"https:\/\/wpdiarytheme.com\/fr\/wp-json\/wp\/v2\/media?parent=165"}],"curies":[{"name":"wp","href":"https:\/\/api.w.org\/{rel}","templated":true}]}}