{"id":313,"date":"2022-09-30T13:10:58","date_gmt":"2022-09-30T12:10:58","guid":{"rendered":"http:\/\/wpdiarytheme.com\/habla-con-milfs\/"},"modified":"2022-09-30T13:10:58","modified_gmt":"2022-09-30T12:10:58","slug":"habla-con-milfs","status":"publish","type":"page","link":"https:\/\/wpdiarytheme.com\/es\/habla-con-milfs\/","title":{"rendered":"Habla con Milfs"},"content":{"rendered":"<p>Hay algo en los MILF que los hace irresistibles. Tal vez sean sus formas experimentadas, o tal vez sea solo el hecho de que generalmente son mucho m\u00e1s calientes que las mujeres m\u00e1s j\u00f3venes. Cualquiera que sea la raz\u00f3n, los MILF definitivamente est\u00e1n en demanda, especialmente cuando se trata de conectarse.<\/p>\n<p>Afortunadamente, hay <a href=\"http:\/\/wpdiarytheme.com\/women-looking-for-sex\/\">muchas salas de chat<\/a> MILF por ah\u00ed, donde puedes ir a chatear y potencialmente conectarte con una mujer mayor. Solo aseg\u00farate de preocuparte por tus modales y ser respetuoso; despu\u00e9s de todo, estas siguen siendo personas reales con las que est\u00e1s hablando, no solo objetos de tu deseo. Si haces eso, no deber\u00edas tener problemas para encontrar un MILF para chatear con &#8230; y tal vez incluso conectarse con!<\/p>\n<p>Hay muchas salas de chat MILF en l\u00ednea que le permiten chatear con mujeres mayores sin tener que pagar un centavo. Estas salas de chat son una excelente manera de conectarse con mujeres mayores que podr\u00edan estar interesadas en salir con hombres m\u00e1s j\u00f3venes. Puede usar estas salas de chat para conocer mejor una posible cita y ver si hay alguna qu\u00edmica entre ustedes dos. Adem\u00e1s, tambi\u00e9n puede usar estas salas de chat para hablar sobre cualquier otra cosa que pueda interesarle. Por lo tanto, si est\u00e1 buscando una sala de chat MILF gratuita para conectarse con mujeres mayores, consulte algunas de las opciones a continuaci\u00f3n.<\/p>\n<h2>Salas de chat milf<\/h2>\n<p>Hay algo especial en charlar con milfs. Exudan confianza y experiencia, y saben lo que quieren en la vida. Tambi\u00e9n son excelentes oyentes, y siempre ofrecer\u00e1n sabios consejos. Ya sea que est\u00e9s buscando amor o simplemente una conversaci\u00f3n divertida, chatear con un milf siempre es un buen momento. Cuando se trata de citas, hablar con MILF puede ser una gran experiencia. Por lo general, tienen experiencia en relaciones y saben lo que est\u00e1n haciendo, por lo que pueden ser un gran recurso para obtener consejos. Tambi\u00e9n puede ser muy divertido hablar con ellos, ya que generalmente son m\u00e1s relajados y tranquilos que las mujeres m\u00e1s j\u00f3venes. Sin embargo, es importante recordar que los MILF son como cualquier otra mujer: son individuos con sus propios deseos y necesidades \u00fanicas, por lo que es importante conocerlos a nivel personal antes que cualquier otra cosa.<\/p>\n<h3>Chorro<\/h3>\n<p>La aplicaci\u00f3n de citas Squirt es una de las salas de chat milf m\u00e1s populares disponibles en l\u00ednea. La aplicaci\u00f3n ha sido dise\u00f1ada para ayudar a los milfs a encontrar su pareja perfecta. La aplicaci\u00f3n se puede descargar y usar de forma gratuita, y ofrece una amplia gama de funciones para ayudar a los usuarios a encontrar su pareja perfecta. La aplicaci\u00f3n es f\u00e1cil de usar y ofrece una amplia gama de filtros para ayudar a los usuarios a encontrar su pareja perfecta. La aplicaci\u00f3n est\u00e1 disponible en ingl\u00e9s y espa\u00f1ol, y ofrece una amplia gama de opciones para ayudar a los usuarios a encontrar su pareja perfecta.<\/p>\n<h3>Un mont\u00f3n de pescado<\/h3>\n<p>Si est\u00e1 buscando una aplicaci\u00f3n de citas que est\u00e9 dise\u00f1ada espec\u00edficamente para salas de chat milf, entonces Plenty of Fish es una gran opci\u00f3n. La aplicaci\u00f3n tiene una gran base de usuarios, por lo que podr\u00e1 encontrar una buena selecci\u00f3n de posibles coincidencias. La interfaz es f\u00e1cil de usar y f\u00e1cil de navegar, por lo que es una gran opci\u00f3n para aquellos que son nuevos en las citas en l\u00ednea. La aplicaci\u00f3n tambi\u00e9n ofrece una variedad de caracter\u00edsticas, como un sistema de mensajer\u00eda y una funci\u00f3n de b\u00fasqueda, que la convierten en una excelente opci\u00f3n para las salas de chat milf.<\/p>\n<h3>Xmeets<\/h3>\n<p>Si est\u00e1 buscando una sala de chat MILF, entonces Xmeets es una gran opci\u00f3n. El sitio tiene una gran selecci\u00f3n de MILF para chatear, y el sitio es f\u00e1cil de usar. El sitio tambi\u00e9n tiene una gran selecci\u00f3n de caracter\u00edsticas, incluida una funci\u00f3n de b\u00fasqueda, una lista de favoritos y una funci\u00f3n de chat. El sitio tambi\u00e9n ofrece una variedad de opciones de pago, por lo que puede elegir la que mejor se adapte a sus necesidades. En general, Xmeets es una gran sala de chat MILF y una gran opci\u00f3n para cualquiera que busque una sala de chat para chatear con MILF.<\/p>\n","protected":false},"excerpt":{"rendered":"<p>Hay algo en los MILF que los hace irresistibles. Tal vez sean sus formas experimentadas, o tal vez sea solo&hellip;<\/p>\n","protected":false},"author":1,"featured_media":0,"parent":0,"menu_order":0,"comment_status":"closed","ping_status":"closed","template":"","meta":[],"yoast_head":"<!-- This site is optimized with the Yoast SEO plugin v17.7.1 - https:\/\/yoast.com\/wordpress\/plugins\/seo\/ -->\n<title>Habla con Milfs - Dating Themes<\/title>\n<meta name=\"robots\" content=\"index, follow, max-snippet:-1, max-image-preview:large, max-video-preview:-1\" \/>\n<link rel=\"canonical\" href=\"https:\/\/wpdiarytheme.com\/es\/habla-con-milfs\/\" \/>\n<meta property=\"og:locale\" content=\"es_ES\" \/>\n<meta property=\"og:type\" content=\"article\" \/>\n<meta property=\"og:title\" content=\"Habla con Milfs - Dating Themes\" \/>\n<meta property=\"og:description\" content=\"Hay algo en los MILF que los hace irresistibles. Tal vez sean sus formas experimentadas, o tal vez sea solo&hellip;\" \/>\n<meta property=\"og:url\" content=\"https:\/\/wpdiarytheme.com\/es\/habla-con-milfs\/\" \/>\n<meta property=\"og:site_name\" content=\"Dating Themes\" \/>\n<meta name=\"twitter:card\" content=\"summary_large_image\" \/>\n<meta name=\"twitter:label1\" content=\"Tiempo de lectura\" \/>\n\t<meta name=\"twitter:data1\" content=\"4 minutos\" \/>\n<script type=\"application\/ld+json\" class=\"yoast-schema-graph\">{\"@context\":\"https:\/\/schema.org\",\"@graph\":[{\"@type\":\"WebSite\",\"@id\":\"https:\/\/wpdiarytheme.com\/cs\/#website\",\"url\":\"https:\/\/wpdiarytheme.com\/cs\/\",\"name\":\"Dating Themes\",\"description\":\"Find Your Perfect App\",\"potentialAction\":[{\"@type\":\"SearchAction\",\"target\":{\"@type\":\"EntryPoint\",\"urlTemplate\":\"https:\/\/wpdiarytheme.com\/cs\/?s={search_term_string}\"},\"query-input\":\"required name=search_term_string\"}],\"inLanguage\":\"es\"},{\"@type\":\"WebPage\",\"@id\":\"https:\/\/wpdiarytheme.com\/es\/habla-con-milfs\/#webpage\",\"url\":\"https:\/\/wpdiarytheme.com\/es\/habla-con-milfs\/\",\"name\":\"Habla con Milfs - Dating Themes\",\"isPartOf\":{\"@id\":\"https:\/\/wpdiarytheme.com\/cs\/#website\"},\"datePublished\":\"2022-09-30T12:10:58+00:00\",\"dateModified\":\"2022-09-30T12:10:58+00:00\",\"breadcrumb\":{\"@id\":\"https:\/\/wpdiarytheme.com\/es\/habla-con-milfs\/#breadcrumb\"},\"inLanguage\":\"es\",\"potentialAction\":[{\"@type\":\"ReadAction\",\"target\":[\"https:\/\/wpdiarytheme.com\/es\/habla-con-milfs\/\"]}]},{\"@type\":\"BreadcrumbList\",\"@id\":\"https:\/\/wpdiarytheme.com\/es\/habla-con-milfs\/#breadcrumb\",\"itemListElement\":[{\"@type\":\"ListItem\",\"position\":1,\"name\":\"Home\",\"item\":\"https:\/\/wpdiarytheme.com\/es\/\"},{\"@type\":\"ListItem\",\"position\":2,\"name\":\"Habla con Milfs\"}]}]}<\/script>\n<!-- \/ Yoast SEO plugin. -->","yoast_head_json":{"title":"Habla con Milfs - Dating Themes","robots":{"index":"index","follow":"follow","max-snippet":"max-snippet:-1","max-image-preview":"max-image-preview:large","max-video-preview":"max-video-preview:-1"},"canonical":"https:\/\/wpdiarytheme.com\/es\/habla-con-milfs\/","og_locale":"es_ES","og_type":"article","og_title":"Habla con Milfs - Dating Themes","og_description":"Hay algo en los MILF que los hace irresistibles. Tal vez sean sus formas experimentadas, o tal vez sea solo&hellip;","og_url":"https:\/\/wpdiarytheme.com\/es\/habla-con-milfs\/","og_site_name":"Dating Themes","twitter_card":"summary_large_image","twitter_misc":{"Tiempo de lectura":"4 minutos"},"schema":{"@context":"https:\/\/schema.org","@graph":[{"@type":"WebSite","@id":"https:\/\/wpdiarytheme.com\/cs\/#website","url":"https:\/\/wpdiarytheme.com\/cs\/","name":"Dating Themes","description":"Find Your Perfect App","potentialAction":[{"@type":"SearchAction","target":{"@type":"EntryPoint","urlTemplate":"https:\/\/wpdiarytheme.com\/cs\/?s={search_term_string}"},"query-input":"required name=search_term_string"}],"inLanguage":"es"},{"@type":"WebPage","@id":"https:\/\/wpdiarytheme.com\/es\/habla-con-milfs\/#webpage","url":"https:\/\/wpdiarytheme.com\/es\/habla-con-milfs\/","name":"Habla con Milfs - Dating Themes","isPartOf":{"@id":"https:\/\/wpdiarytheme.com\/cs\/#website"},"datePublished":"2022-09-30T12:10:58+00:00","dateModified":"2022-09-30T12:10:58+00:00","breadcrumb":{"@id":"https:\/\/wpdiarytheme.com\/es\/habla-con-milfs\/#breadcrumb"},"inLanguage":"es","potentialAction":[{"@type":"ReadAction","target":["https:\/\/wpdiarytheme.com\/es\/habla-con-milfs\/"]}]},{"@type":"BreadcrumbList","@id":"https:\/\/wpdiarytheme.com\/es\/habla-con-milfs\/#breadcrumb","itemListElement":[{"@type":"ListItem","position":1,"name":"Home","item":"https:\/\/wpdiarytheme.com\/es\/"},{"@type":"ListItem","position":2,"name":"Habla con Milfs"}]}]}},"_links":{"self":[{"href":"https:\/\/wpdiarytheme.com\/es\/wp-json\/wp\/v2\/pages\/313"}],"collection":[{"href":"https:\/\/wpdiarytheme.com\/es\/wp-json\/wp\/v2\/pages"}],"about":[{"href":"https:\/\/wpdiarytheme.com\/es\/wp-json\/wp\/v2\/types\/page"}],"author":[{"embeddable":true,"href":"https:\/\/wpdiarytheme.com\/es\/wp-json\/wp\/v2\/users\/1"}],"replies":[{"embeddable":true,"href":"https:\/\/wpdiarytheme.com\/es\/wp-json\/wp\/v2\/comments?post=313"}],"version-history":[{"count":0,"href":"https:\/\/wpdiarytheme.com\/es\/wp-json\/wp\/v2\/pages\/313\/revisions"}],"wp:attachment":[{"href":"https:\/\/wpdiarytheme.com\/es\/wp-json\/wp\/v2\/media?parent=313"}],"curies":[{"name":"wp","href":"https:\/\/api.w.org\/{rel}","templated":true}]}}