{"id":310,"date":"2022-09-30T13:10:30","date_gmt":"2022-09-30T12:10:30","guid":{"rendered":"http:\/\/wpdiarytheme.com\/sitios-de-fuck-gratis\/"},"modified":"2022-09-30T13:10:30","modified_gmt":"2022-09-30T12:10:30","slug":"sitios-de-fuck-gratis","status":"publish","type":"page","link":"https:\/\/wpdiarytheme.com\/es\/sitios-de-fuck-gratis\/","title":{"rendered":"Sitios de fuck gratis"},"content":{"rendered":"<p>No se puede negar que los sitios de meet and fuck tienen su lugar cuando se trata de conectarse. Son r\u00e1pidos, f\u00e1ciles y, a menudo, gratuitos, lo que los hace ideales para cualquiera que busque un <a href=\"http:\/\/wpdiarytheme.com\/free-naughty-chat-apps\/\">encuentro sin ataduras<\/a>. Sin embargo, no est\u00e1n exentos de inconvenientes. Debido a que son tan f\u00e1ciles de usar, a menudo est\u00e1n invadidos por perfiles falsos y estafadores. Adem\u00e1s, muchos sitios de reuniones y follar no est\u00e1n moderados, lo que puede conducir a algunos encuentros desagradables (y peligrosos). Si est\u00e1 buscando usar un sitio de meet and fuck, aseg\u00farese de investigar y usar un sitio seguro y de buena reputaci\u00f3n.<\/p>\n<p>Hay muchos sitios de mierda gratis por ah\u00ed si sabes d\u00f3nde buscar. Una b\u00fasqueda r\u00e1pida en l\u00ednea revelar\u00e1 muchas opciones diferentes, por lo que es solo cuesti\u00f3n de encontrar una que se adapte a sus necesidades. Si solo est\u00e1 buscando una manera r\u00e1pida y f\u00e1cil de colocarse, entonces un sitio de mierda gratuito podr\u00eda ser el camino a seguir. Sin embargo, si est\u00e1 buscando algo un poco m\u00e1s serio, entonces es posible que desee considerar pagar por una membres\u00eda a un sitio de citas premium. Los sitios premium generalmente tienen mejores caracter\u00edsticas de seguridad y privacidad, as\u00ed como una base de usuarios m\u00e1s grande y activa.<\/p>\n<h2>Encuentra un fuck buddy<\/h2>\n<p>No hay tal cosa como \u00abfollar gratis\u00bb cuando se trata de citas. Si quieres salir con alguien, tendr\u00e1s que esforzarte un poco, ya sea que eso signifique ir a algunas citas o desembolsar algo de dinero en efectivo para una cena elegante. Pero al final del d\u00eda, depende de ti cu\u00e1nto \u00abjoder\u00bb est\u00e1s dispuesto a dar, pero no esperes obtenerlo gratis.<\/p>\n<h3>FriendFinder-X<\/h3>\n<p>Si desea encontrar una conexi\u00f3n, FriendFinder-X es una excelente aplicaci\u00f3n de citas para usar. Es un sitio de conocer y follar que est\u00e1 dise\u00f1ado espec\u00edficamente para ayudarte a encontrar parejas sexuales. La aplicaci\u00f3n es f\u00e1cil de usar y tiene muchas caracter\u00edsticas que la convierten en una excelente opci\u00f3n para encontrar una conexi\u00f3n. La funci\u00f3n de b\u00fasqueda es muy f\u00e1cil de usar y puede usarla para encontrar coincidencias en su \u00e1rea. La aplicaci\u00f3n tambi\u00e9n tiene una funci\u00f3n de mensajer\u00eda que le permite comunicarse con posibles coincidencias. En general, FriendFinder-X es una gran opci\u00f3n para encontrar una conexi\u00f3n.<\/p>\n<h3>XCheaters<\/h3>\n<p>La aplicaci\u00f3n de citas XCheaters es uno de los sitios de reuniones y follones m\u00e1s populares en l\u00ednea. La aplicaci\u00f3n ha sido descargada m\u00e1s de 1 mill\u00f3n de veces y ha sido utilizada por millones de usuarios. La aplicaci\u00f3n se puede descargar y usar de forma gratuita, y est\u00e1 disponible para dispositivos iOS y Android. La aplicaci\u00f3n tiene una calificaci\u00f3n de 4.5 estrellas en la App Store y una calificaci\u00f3n de 4 estrellas en Google Play Store.<\/p>\n<p>La aplicaci\u00f3n permite a los usuarios encontrar solteros locales que est\u00e9n interesados en reunirse para una conexi\u00f3n. La aplicaci\u00f3n tambi\u00e9n permite a los usuarios chatear con otros usuarios, e incluso tiene un sistema de mensajer\u00eda incorporado. La aplicaci\u00f3n es muy f\u00e1cil de usar y es muy f\u00e1cil de usar. En general, la aplicaci\u00f3n de citas XCheaters es una gran opci\u00f3n para aquellos que buscan una manera r\u00e1pida y f\u00e1cil de conocer solteros locales para una conexi\u00f3n.<\/p>\n<h3>DateYou<\/h3>\n<p>Si est\u00e1s buscando un sitio de meet and fuck, entonces DateYou es una gran opci\u00f3n. El sitio tiene una gran base de usuarios y es f\u00e1cil de usar. Los perfiles son detallados y hay muchas opciones de b\u00fasqueda. Sin embargo, el sitio es caro y no hay pruebas gratuitas.<\/p>\n","protected":false},"excerpt":{"rendered":"<p>No se puede negar que los sitios de meet and fuck tienen su lugar cuando se trata de conectarse. Son&hellip;<\/p>\n","protected":false},"author":1,"featured_media":0,"parent":0,"menu_order":0,"comment_status":"closed","ping_status":"closed","template":"","meta":[],"yoast_head":"<!-- This site is optimized with the Yoast SEO plugin v17.7.1 - https:\/\/yoast.com\/wordpress\/plugins\/seo\/ -->\n<title>Sitios de fuck gratis - Dating Themes<\/title>\n<meta name=\"robots\" content=\"index, follow, max-snippet:-1, max-image-preview:large, max-video-preview:-1\" \/>\n<link rel=\"canonical\" href=\"https:\/\/wpdiarytheme.com\/es\/sitios-de-fuck-gratis\/\" \/>\n<meta property=\"og:locale\" content=\"es_ES\" \/>\n<meta property=\"og:type\" content=\"article\" \/>\n<meta property=\"og:title\" content=\"Sitios de fuck gratis - Dating Themes\" \/>\n<meta property=\"og:description\" content=\"No se puede negar que los sitios de meet and fuck tienen su lugar cuando se trata de conectarse. Son&hellip;\" \/>\n<meta property=\"og:url\" content=\"https:\/\/wpdiarytheme.com\/es\/sitios-de-fuck-gratis\/\" \/>\n<meta property=\"og:site_name\" content=\"Dating Themes\" \/>\n<meta name=\"twitter:card\" content=\"summary_large_image\" \/>\n<meta name=\"twitter:label1\" content=\"Tiempo de lectura\" \/>\n\t<meta name=\"twitter:data1\" content=\"3 minutos\" \/>\n<script type=\"application\/ld+json\" class=\"yoast-schema-graph\">{\"@context\":\"https:\/\/schema.org\",\"@graph\":[{\"@type\":\"WebSite\",\"@id\":\"https:\/\/wpdiarytheme.com\/cs\/#website\",\"url\":\"https:\/\/wpdiarytheme.com\/cs\/\",\"name\":\"Dating Themes\",\"description\":\"Find Your Perfect App\",\"potentialAction\":[{\"@type\":\"SearchAction\",\"target\":{\"@type\":\"EntryPoint\",\"urlTemplate\":\"https:\/\/wpdiarytheme.com\/cs\/?s={search_term_string}\"},\"query-input\":\"required name=search_term_string\"}],\"inLanguage\":\"es\"},{\"@type\":\"WebPage\",\"@id\":\"https:\/\/wpdiarytheme.com\/es\/sitios-de-fuck-gratis\/#webpage\",\"url\":\"https:\/\/wpdiarytheme.com\/es\/sitios-de-fuck-gratis\/\",\"name\":\"Sitios de fuck gratis - Dating Themes\",\"isPartOf\":{\"@id\":\"https:\/\/wpdiarytheme.com\/cs\/#website\"},\"datePublished\":\"2022-09-30T12:10:30+00:00\",\"dateModified\":\"2022-09-30T12:10:30+00:00\",\"breadcrumb\":{\"@id\":\"https:\/\/wpdiarytheme.com\/es\/sitios-de-fuck-gratis\/#breadcrumb\"},\"inLanguage\":\"es\",\"potentialAction\":[{\"@type\":\"ReadAction\",\"target\":[\"https:\/\/wpdiarytheme.com\/es\/sitios-de-fuck-gratis\/\"]}]},{\"@type\":\"BreadcrumbList\",\"@id\":\"https:\/\/wpdiarytheme.com\/es\/sitios-de-fuck-gratis\/#breadcrumb\",\"itemListElement\":[{\"@type\":\"ListItem\",\"position\":1,\"name\":\"Home\",\"item\":\"https:\/\/wpdiarytheme.com\/es\/\"},{\"@type\":\"ListItem\",\"position\":2,\"name\":\"Sitios de fuck gratis\"}]}]}<\/script>\n<!-- \/ Yoast SEO plugin. -->","yoast_head_json":{"title":"Sitios de fuck gratis - Dating Themes","robots":{"index":"index","follow":"follow","max-snippet":"max-snippet:-1","max-image-preview":"max-image-preview:large","max-video-preview":"max-video-preview:-1"},"canonical":"https:\/\/wpdiarytheme.com\/es\/sitios-de-fuck-gratis\/","og_locale":"es_ES","og_type":"article","og_title":"Sitios de fuck gratis - Dating Themes","og_description":"No se puede negar que los sitios de meet and fuck tienen su lugar cuando se trata de conectarse. Son&hellip;","og_url":"https:\/\/wpdiarytheme.com\/es\/sitios-de-fuck-gratis\/","og_site_name":"Dating Themes","twitter_card":"summary_large_image","twitter_misc":{"Tiempo de lectura":"3 minutos"},"schema":{"@context":"https:\/\/schema.org","@graph":[{"@type":"WebSite","@id":"https:\/\/wpdiarytheme.com\/cs\/#website","url":"https:\/\/wpdiarytheme.com\/cs\/","name":"Dating Themes","description":"Find Your Perfect App","potentialAction":[{"@type":"SearchAction","target":{"@type":"EntryPoint","urlTemplate":"https:\/\/wpdiarytheme.com\/cs\/?s={search_term_string}"},"query-input":"required name=search_term_string"}],"inLanguage":"es"},{"@type":"WebPage","@id":"https:\/\/wpdiarytheme.com\/es\/sitios-de-fuck-gratis\/#webpage","url":"https:\/\/wpdiarytheme.com\/es\/sitios-de-fuck-gratis\/","name":"Sitios de fuck gratis - Dating Themes","isPartOf":{"@id":"https:\/\/wpdiarytheme.com\/cs\/#website"},"datePublished":"2022-09-30T12:10:30+00:00","dateModified":"2022-09-30T12:10:30+00:00","breadcrumb":{"@id":"https:\/\/wpdiarytheme.com\/es\/sitios-de-fuck-gratis\/#breadcrumb"},"inLanguage":"es","potentialAction":[{"@type":"ReadAction","target":["https:\/\/wpdiarytheme.com\/es\/sitios-de-fuck-gratis\/"]}]},{"@type":"BreadcrumbList","@id":"https:\/\/wpdiarytheme.com\/es\/sitios-de-fuck-gratis\/#breadcrumb","itemListElement":[{"@type":"ListItem","position":1,"name":"Home","item":"https:\/\/wpdiarytheme.com\/es\/"},{"@type":"ListItem","position":2,"name":"Sitios de fuck gratis"}]}]}},"_links":{"self":[{"href":"https:\/\/wpdiarytheme.com\/es\/wp-json\/wp\/v2\/pages\/310"}],"collection":[{"href":"https:\/\/wpdiarytheme.com\/es\/wp-json\/wp\/v2\/pages"}],"about":[{"href":"https:\/\/wpdiarytheme.com\/es\/wp-json\/wp\/v2\/types\/page"}],"author":[{"embeddable":true,"href":"https:\/\/wpdiarytheme.com\/es\/wp-json\/wp\/v2\/users\/1"}],"replies":[{"embeddable":true,"href":"https:\/\/wpdiarytheme.com\/es\/wp-json\/wp\/v2\/comments?post=310"}],"version-history":[{"count":0,"href":"https:\/\/wpdiarytheme.com\/es\/wp-json\/wp\/v2\/pages\/310\/revisions"}],"wp:attachment":[{"href":"https:\/\/wpdiarytheme.com\/es\/wp-json\/wp\/v2\/media?parent=310"}],"curies":[{"name":"wp","href":"https:\/\/api.w.org\/{rel}","templated":true}]}}