{"id":298,"date":"2022-09-30T13:11:17","date_gmt":"2022-09-30T12:11:17","guid":{"rendered":"http:\/\/wpdiarytheme.com\/aplicaciones-gratuitas-de-chat-travieso\/"},"modified":"2022-09-30T13:11:17","modified_gmt":"2022-09-30T12:11:17","slug":"aplicaciones-gratuitas-de-chat-travieso","status":"publish","type":"page","link":"https:\/\/wpdiarytheme.com\/es\/aplicaciones-gratuitas-de-chat-travieso\/","title":{"rendered":"Aplicaciones gratuitas de chat travieso"},"content":{"rendered":"<p>No se puede negar que las salas de chat pueden ser una excelente manera de conectarse con personas que comparten sus intereses. Sin embargo, tampoco se puede negar que las salas de chat pueden ser una excelente manera de conectarse con personas que comparten su lado travieso.<\/p>\n<p>Si est\u00e1 buscando un poco de emoci\u00f3n adicional en su vida, entonces es posible que desee considerar pasar alg\u00fan tiempo en una sala de chat traviesa. Aqu\u00ed, puedes soltar tu cabello y ser tan travieso como quieras ser. Ya sea que est\u00e9 buscando diversi\u00f3n inofensiva o algo un poco m\u00e1s subido de tono, seguramente lo encontrar\u00e1 en una sala de chat traviesa.<\/p>\n<p>Por supuesto, como con cualquier otra cosa, deber\u00e1 usar su mejor juicio al <a href=\"http:\/\/wpdiarytheme.com\/talk-with-milfs\/\">chatear con extra\u00f1os en l\u00ednea<\/a>. No proporcione informaci\u00f3n personal ni participe en ninguna actividad que lo haga sentir inc\u00f3modo. Pero mientras juegues a lo seguro, pasar un tiempo en una sala de chat traviesa puede ser una excelente manera de darle vida a tu vida amorosa.<\/p>\n<h2>Sitios de chat traviesos<\/h2>\n<p>El chat travieso puede ser una excelente manera de darle vida a tu vida amorosa. Puede agregar emoci\u00f3n e intriga a una relaci\u00f3n mundana. El chat travieso tambi\u00e9n puede ser una excelente manera de conocer a alguien nuevo. Puede ayudarte a romper el hielo y conocer a alguien a un nivel m\u00e1s personal. El chat travieso puede ser una excelente manera de generar tensi\u00f3n sexual y anticipaci\u00f3n. Tambi\u00e9n puede ser una excelente manera de liberar algunas de sus inhibiciones y explorar su lado salvaje. Si est\u00e1 buscando agregar algo de sabor a su vida de citas, el chat travieso es un gran lugar para comenzar.<\/p>\n<p>Si est\u00e1s buscando amor, \u00bfpor qu\u00e9 no probar algo un poco travieso? El chat travieso gratuito es la manera perfecta de darle vida a tu vida amorosa y hacer que las mariposas vuelvan a funcionar. Ya sea que est\u00e9s soltero o en una relaci\u00f3n, un poco de chat travieso puede ser de gran ayuda. Entonces, \u00bfa qu\u00e9 est\u00e1s esperando? \u00a1Ponte a coquetear y divi\u00e9rtete!<\/p>\n<h2>Salas de chat sexuales<\/h2>\n<p>Las salas de chat para adultos pueden ser una excelente manera de conocer gente nueva, especialmente si est\u00e1 buscando una cita. Pueden ser muy divertidos y, por lo general, puede encontrar a alguien que comparta sus intereses. Sin embargo, es importante estar seguro al usar salas de chat y nunca dar informaci\u00f3n personal.<\/p>\n<h3>Outpersonal.com<\/h3>\n<p>Si est\u00e1 buscando una aplicaci\u00f3n de sala de chat traviesa, Outpersonal.com es una excelente opci\u00f3n. La aplicaci\u00f3n se puede descargar y usar de forma gratuita, y ofrece una amplia variedad de funciones para ayudarlo a encontrar y conectarse con posibles coincidencias. Puede buscar usuarios por ubicaci\u00f3n, edad e intereses, y puede enviarles mensajes directamente. La aplicaci\u00f3n tambi\u00e9n tiene una funci\u00f3n \u00abSpark\u00bb que le permite enviar un mensaje coqueto a otro usuario. En general, Outpersonal.com es una gran opci\u00f3n para aquellos que buscan una aplicaci\u00f3n de sala de chat traviesa.<\/p>\n<h3>CougarLife<\/h3>\n<p>CougarLife es una aplicaci\u00f3n de citas que te permite chatear con otros usuarios que buscan una conexi\u00f3n casual. La aplicaci\u00f3n se puede descargar y usar de forma gratuita, y ofrece una variedad de caracter\u00edsticas que facilitan la b\u00fasqueda de alguien con quien chatear. Puede buscar usuarios por ubicaci\u00f3n, edad e intereses, y tambi\u00e9n puede ver perfiles y fotos. Si est\u00e1 interesado en conocer a alguien para una conexi\u00f3n casual, CougarLife es una excelente opci\u00f3n.<\/p>\n<h3>Uberhorny<\/h3>\n<p>Si est\u00e1 buscando una sala de chat traviesa para divertirse, Uberhorny es una excelente opci\u00f3n. El sitio tiene una gran selecci\u00f3n de salas de chat para elegir, y puede encontrar f\u00e1cilmente una que se adapte a sus intereses. Las salas de chat est\u00e1n bien moderadas y hay una buena mezcla de usuarios, por lo que seguramente encontrar\u00e1 a alguien con quien divertirse. El \u00fanico inconveniente es que el sitio no es gratuito, pero vale la pena el precio por la gran selecci\u00f3n de salas de chat y la diversi\u00f3n que seguramente tendr\u00e1.<\/p>\n","protected":false},"excerpt":{"rendered":"<p>No se puede negar que las salas de chat pueden ser una excelente manera de conectarse con personas que comparten&hellip;<\/p>\n","protected":false},"author":1,"featured_media":0,"parent":0,"menu_order":0,"comment_status":"closed","ping_status":"closed","template":"","meta":[],"yoast_head":"<!-- This site is optimized with the Yoast SEO plugin v17.7.1 - https:\/\/yoast.com\/wordpress\/plugins\/seo\/ -->\n<title>Aplicaciones gratuitas de chat travieso - Dating Themes<\/title>\n<meta name=\"robots\" content=\"index, follow, max-snippet:-1, max-image-preview:large, max-video-preview:-1\" \/>\n<link rel=\"canonical\" href=\"https:\/\/wpdiarytheme.com\/es\/aplicaciones-gratuitas-de-chat-travieso\/\" \/>\n<meta property=\"og:locale\" content=\"es_ES\" \/>\n<meta property=\"og:type\" content=\"article\" \/>\n<meta property=\"og:title\" content=\"Aplicaciones gratuitas de chat travieso - Dating Themes\" \/>\n<meta property=\"og:description\" content=\"No se puede negar que las salas de chat pueden ser una excelente manera de conectarse con personas que comparten&hellip;\" \/>\n<meta property=\"og:url\" content=\"https:\/\/wpdiarytheme.com\/es\/aplicaciones-gratuitas-de-chat-travieso\/\" \/>\n<meta property=\"og:site_name\" content=\"Dating Themes\" \/>\n<meta name=\"twitter:card\" content=\"summary_large_image\" \/>\n<meta name=\"twitter:label1\" content=\"Tiempo de lectura\" \/>\n\t<meta name=\"twitter:data1\" content=\"4 minutos\" \/>\n<script type=\"application\/ld+json\" class=\"yoast-schema-graph\">{\"@context\":\"https:\/\/schema.org\",\"@graph\":[{\"@type\":\"WebSite\",\"@id\":\"https:\/\/wpdiarytheme.com\/#website\",\"url\":\"https:\/\/wpdiarytheme.com\/\",\"name\":\"Dating Themes\",\"description\":\"Find Your Perfect App\",\"potentialAction\":[{\"@type\":\"SearchAction\",\"target\":{\"@type\":\"EntryPoint\",\"urlTemplate\":\"https:\/\/wpdiarytheme.com\/?s={search_term_string}\"},\"query-input\":\"required name=search_term_string\"}],\"inLanguage\":\"es\"},{\"@type\":\"WebPage\",\"@id\":\"https:\/\/wpdiarytheme.com\/es\/aplicaciones-gratuitas-de-chat-travieso\/#webpage\",\"url\":\"https:\/\/wpdiarytheme.com\/es\/aplicaciones-gratuitas-de-chat-travieso\/\",\"name\":\"Aplicaciones gratuitas de chat travieso - Dating Themes\",\"isPartOf\":{\"@id\":\"https:\/\/wpdiarytheme.com\/#website\"},\"datePublished\":\"2022-09-30T12:11:17+00:00\",\"dateModified\":\"2022-09-30T12:11:17+00:00\",\"breadcrumb\":{\"@id\":\"https:\/\/wpdiarytheme.com\/es\/aplicaciones-gratuitas-de-chat-travieso\/#breadcrumb\"},\"inLanguage\":\"es\",\"potentialAction\":[{\"@type\":\"ReadAction\",\"target\":[\"https:\/\/wpdiarytheme.com\/es\/aplicaciones-gratuitas-de-chat-travieso\/\"]}]},{\"@type\":\"BreadcrumbList\",\"@id\":\"https:\/\/wpdiarytheme.com\/es\/aplicaciones-gratuitas-de-chat-travieso\/#breadcrumb\",\"itemListElement\":[{\"@type\":\"ListItem\",\"position\":1,\"name\":\"Home\",\"item\":\"http:\/\/wpdiarytheme.com\/es\/\"},{\"@type\":\"ListItem\",\"position\":2,\"name\":\"Aplicaciones gratuitas de chat travieso\"}]}]}<\/script>\n<!-- \/ Yoast SEO plugin. -->","yoast_head_json":{"title":"Aplicaciones gratuitas de chat travieso - Dating Themes","robots":{"index":"index","follow":"follow","max-snippet":"max-snippet:-1","max-image-preview":"max-image-preview:large","max-video-preview":"max-video-preview:-1"},"canonical":"https:\/\/wpdiarytheme.com\/es\/aplicaciones-gratuitas-de-chat-travieso\/","og_locale":"es_ES","og_type":"article","og_title":"Aplicaciones gratuitas de chat travieso - Dating Themes","og_description":"No se puede negar que las salas de chat pueden ser una excelente manera de conectarse con personas que comparten&hellip;","og_url":"https:\/\/wpdiarytheme.com\/es\/aplicaciones-gratuitas-de-chat-travieso\/","og_site_name":"Dating Themes","twitter_card":"summary_large_image","twitter_misc":{"Tiempo de lectura":"4 minutos"},"schema":{"@context":"https:\/\/schema.org","@graph":[{"@type":"WebSite","@id":"https:\/\/wpdiarytheme.com\/#website","url":"https:\/\/wpdiarytheme.com\/","name":"Dating Themes","description":"Find Your Perfect App","potentialAction":[{"@type":"SearchAction","target":{"@type":"EntryPoint","urlTemplate":"https:\/\/wpdiarytheme.com\/?s={search_term_string}"},"query-input":"required name=search_term_string"}],"inLanguage":"es"},{"@type":"WebPage","@id":"https:\/\/wpdiarytheme.com\/es\/aplicaciones-gratuitas-de-chat-travieso\/#webpage","url":"https:\/\/wpdiarytheme.com\/es\/aplicaciones-gratuitas-de-chat-travieso\/","name":"Aplicaciones gratuitas de chat travieso - Dating Themes","isPartOf":{"@id":"https:\/\/wpdiarytheme.com\/#website"},"datePublished":"2022-09-30T12:11:17+00:00","dateModified":"2022-09-30T12:11:17+00:00","breadcrumb":{"@id":"https:\/\/wpdiarytheme.com\/es\/aplicaciones-gratuitas-de-chat-travieso\/#breadcrumb"},"inLanguage":"es","potentialAction":[{"@type":"ReadAction","target":["https:\/\/wpdiarytheme.com\/es\/aplicaciones-gratuitas-de-chat-travieso\/"]}]},{"@type":"BreadcrumbList","@id":"https:\/\/wpdiarytheme.com\/es\/aplicaciones-gratuitas-de-chat-travieso\/#breadcrumb","itemListElement":[{"@type":"ListItem","position":1,"name":"Home","item":"http:\/\/wpdiarytheme.com\/es\/"},{"@type":"ListItem","position":2,"name":"Aplicaciones gratuitas de chat travieso"}]}]}},"_links":{"self":[{"href":"https:\/\/wpdiarytheme.com\/es\/wp-json\/wp\/v2\/pages\/298"}],"collection":[{"href":"https:\/\/wpdiarytheme.com\/es\/wp-json\/wp\/v2\/pages"}],"about":[{"href":"https:\/\/wpdiarytheme.com\/es\/wp-json\/wp\/v2\/types\/page"}],"author":[{"embeddable":true,"href":"https:\/\/wpdiarytheme.com\/es\/wp-json\/wp\/v2\/users\/1"}],"replies":[{"embeddable":true,"href":"https:\/\/wpdiarytheme.com\/es\/wp-json\/wp\/v2\/comments?post=298"}],"version-history":[{"count":0,"href":"https:\/\/wpdiarytheme.com\/es\/wp-json\/wp\/v2\/pages\/298\/revisions"}],"wp:attachment":[{"href":"https:\/\/wpdiarytheme.com\/es\/wp-json\/wp\/v2\/media?parent=298"}],"curies":[{"name":"wp","href":"https:\/\/api.w.org\/{rel}","templated":true}]}}