{"id":267,"date":"2022-09-30T13:13:34","date_gmt":"2022-09-30T12:13:34","guid":{"rendered":"http:\/\/wpdiarytheme.com\/citas-de-abuelas-locales\/"},"modified":"2022-09-30T13:13:34","modified_gmt":"2022-09-30T12:13:34","slug":"citas-de-abuelas-locales","status":"publish","type":"page","link":"https:\/\/wpdiarytheme.com\/es\/citas-de-abuelas-locales\/","title":{"rendered":"Citas de abuelas locales"},"content":{"rendered":"<p>Hay muchas razones para salir con una abuela local. Por un lado, generalmente conocen todos los mejores lugares de conexi\u00f3n de la ciudad. Y dos, por lo general est\u00e1n deprimidos por cualquier cosa. Si <a href=\"http:\/\/wpdiarytheme.com\/free-fuck-sites\/\">est\u00e1s buscando a alguien<\/a> que te lleve a los mejores bares y clubes de la ciudad, una abuela local es tu mejor opci\u00f3n. Conocen todos los puntos calientes y, por lo general, pueden meterte sin ning\u00fan problema. Adem\u00e1s, generalmente est\u00e1n listos para cualquier cosa cuando se trata de conectarse.<\/p>\n<p>As\u00ed que si est\u00e1s buscando una noche divertida en la ciudad con alguien que sepa c\u00f3mo mostrarte un buen momento, una abuela local es tu mejor opci\u00f3n.<\/p>\n<h2>Conoce a Gilfs<\/h2>\n<p>Hay muchas maneras de conocer a Gilfs en estos d\u00edas. Puede conectarse en l\u00ednea y buscar sitios web de citas que atiendan a Gilfs o puede salir y buscar Gilfs en su \u00e1rea. Tambi\u00e9n puede encontrar Gilfs a trav\u00e9s de amigos en com\u00fan o en reuniones sociales. Una vez que encuentres a un Gilf que te guste, puedes comenzar a charlar con ella y conocerla mejor. Si lo logras, puedes ir a una o dos citas y ver a d\u00f3nde van las cosas a partir de ah\u00ed.<\/p>\n<h2>Fecha GILF<\/h2>\n<p>Hay algo especial en pasar tiempo con una figura tipo abuela. Tienen mucha sabidur\u00eda y experiencia de vida para compartir, y por lo general tienen los pies en la tierra y son f\u00e1ciles de hablar. Los Gilfs tambi\u00e9n suelen ser bastante sexys, y saben c\u00f3mo pasar un buen rato. Si est\u00e1s buscando amor, pasar tiempo con un gilf es una excelente manera de encontrarlo. Puedes aprender mucho de ellos, y probablemente te divertir\u00e1s mucho en el proceso. Qui\u00e9n sabe, incluso podr\u00edas encontrar al amor de tu vida.<\/p>\n<h2>Local GILF<\/h2>\n<p>Saben c\u00f3mo pasar un buen rato, y siempre est\u00e1n listos para pasar un buen rato. Tambi\u00e9n son geniales en la cama. Si est\u00e1 buscando un gilf hasta la fecha, definitivamente querr\u00e1 consultar su gilf local.<\/p>\n<h3>OneBBW<\/h3>\n<p>Si est\u00e1 buscando una abuela local hasta la fecha, la aplicaci\u00f3n OneBBW es una excelente opci\u00f3n. La aplicaci\u00f3n es f\u00e1cil de usar y tiene una gran selecci\u00f3n de abuelas para elegir. Las abuelas en la aplicaci\u00f3n tambi\u00e9n son muy amigables y f\u00e1ciles de hablar. En general, la aplicaci\u00f3n OneBBW es una excelente opci\u00f3n para las citas de abuelas locales.<\/p>\n<h3>DateMyAge<\/h3>\n<p>DateMyAge es una de las aplicaciones de citas de abuelas m\u00e1s populares disponibles en la actualidad. La aplicaci\u00f3n hace que sea f\u00e1cil encontrar y conectarse con abuelas locales que buscan amor y compa\u00f1\u00eda. La aplicaci\u00f3n se puede descargar y usar de forma gratuita, y ofrece una amplia gama de funciones para ayudarlo a encontrar la combinaci\u00f3n perfecta para usted. La aplicaci\u00f3n tambi\u00e9n tiene una gran interfaz de usuario, lo que facilita la navegaci\u00f3n y el uso. En general, DateMyAge es una gran opci\u00f3n para aquellos que buscan una aplicaci\u00f3n de citas para abuelas.<\/p>\n<h3>Fling.com<\/h3>\n<p>Si est\u00e1 buscando una aplicaci\u00f3n de citas que facilite la conexi\u00f3n con abuelas locales, entonces definitivamente debe consultar Fling.com. La aplicaci\u00f3n se puede descargar y usar de forma gratuita, y es bastante f\u00e1cil descubrir c\u00f3mo usarla. Todo lo que necesita hacer es crear un perfil y comenzar a navegar por las abuelas en su \u00e1rea. Puede enviarles un mensaje, chatear con ellos e incluso reunirse con ellos en persona si ambos est\u00e1n interesados.<\/p>\n<p>La mejor parte de Fling.com es que es completamente discreto. No tienes que preocuparte de que tu familia o amigos se enteren de tus conexiones con la abuela. Todo es completamente confidencial. Entonces, si est\u00e1s buscando una manera de darle vida a tu vida amorosa, definitivamente dale una oportunidad a Fling.com.<\/p>\n","protected":false},"excerpt":{"rendered":"<p>Hay muchas razones para salir con una abuela local. Por un lado, generalmente conocen todos los mejores lugares de conexi\u00f3n&hellip;<\/p>\n","protected":false},"author":1,"featured_media":0,"parent":0,"menu_order":0,"comment_status":"closed","ping_status":"closed","template":"","meta":[],"yoast_head":"<!-- This site is optimized with the Yoast SEO plugin v17.7.1 - https:\/\/yoast.com\/wordpress\/plugins\/seo\/ -->\n<title>Citas de abuelas locales - Dating Themes<\/title>\n<meta name=\"robots\" content=\"index, follow, max-snippet:-1, max-image-preview:large, max-video-preview:-1\" \/>\n<link rel=\"canonical\" href=\"https:\/\/wpdiarytheme.com\/es\/citas-de-abuelas-locales\/\" \/>\n<meta property=\"og:locale\" content=\"es_ES\" \/>\n<meta property=\"og:type\" content=\"article\" \/>\n<meta property=\"og:title\" content=\"Citas de abuelas locales - Dating Themes\" \/>\n<meta property=\"og:description\" content=\"Hay muchas razones para salir con una abuela local. Por un lado, generalmente conocen todos los mejores lugares de conexi\u00f3n&hellip;\" \/>\n<meta property=\"og:url\" content=\"https:\/\/wpdiarytheme.com\/es\/citas-de-abuelas-locales\/\" \/>\n<meta property=\"og:site_name\" content=\"Dating Themes\" \/>\n<meta name=\"twitter:card\" content=\"summary_large_image\" \/>\n<meta name=\"twitter:label1\" content=\"Tiempo de lectura\" \/>\n\t<meta name=\"twitter:data1\" content=\"3 minutos\" \/>\n<script type=\"application\/ld+json\" class=\"yoast-schema-graph\">{\"@context\":\"https:\/\/schema.org\",\"@graph\":[{\"@type\":\"WebSite\",\"@id\":\"https:\/\/wpdiarytheme.com\/#website\",\"url\":\"https:\/\/wpdiarytheme.com\/\",\"name\":\"Dating Themes\",\"description\":\"Find Your Perfect App\",\"potentialAction\":[{\"@type\":\"SearchAction\",\"target\":{\"@type\":\"EntryPoint\",\"urlTemplate\":\"https:\/\/wpdiarytheme.com\/?s={search_term_string}\"},\"query-input\":\"required name=search_term_string\"}],\"inLanguage\":\"es\"},{\"@type\":\"WebPage\",\"@id\":\"https:\/\/wpdiarytheme.com\/es\/citas-de-abuelas-locales\/#webpage\",\"url\":\"https:\/\/wpdiarytheme.com\/es\/citas-de-abuelas-locales\/\",\"name\":\"Citas de abuelas locales - Dating Themes\",\"isPartOf\":{\"@id\":\"https:\/\/wpdiarytheme.com\/#website\"},\"datePublished\":\"2022-09-30T12:13:34+00:00\",\"dateModified\":\"2022-09-30T12:13:34+00:00\",\"breadcrumb\":{\"@id\":\"https:\/\/wpdiarytheme.com\/es\/citas-de-abuelas-locales\/#breadcrumb\"},\"inLanguage\":\"es\",\"potentialAction\":[{\"@type\":\"ReadAction\",\"target\":[\"https:\/\/wpdiarytheme.com\/es\/citas-de-abuelas-locales\/\"]}]},{\"@type\":\"BreadcrumbList\",\"@id\":\"https:\/\/wpdiarytheme.com\/es\/citas-de-abuelas-locales\/#breadcrumb\",\"itemListElement\":[{\"@type\":\"ListItem\",\"position\":1,\"name\":\"Home\",\"item\":\"http:\/\/wpdiarytheme.com\/es\/\"},{\"@type\":\"ListItem\",\"position\":2,\"name\":\"Citas de abuelas locales\"}]}]}<\/script>\n<!-- \/ Yoast SEO plugin. -->","yoast_head_json":{"title":"Citas de abuelas locales - Dating Themes","robots":{"index":"index","follow":"follow","max-snippet":"max-snippet:-1","max-image-preview":"max-image-preview:large","max-video-preview":"max-video-preview:-1"},"canonical":"https:\/\/wpdiarytheme.com\/es\/citas-de-abuelas-locales\/","og_locale":"es_ES","og_type":"article","og_title":"Citas de abuelas locales - Dating Themes","og_description":"Hay muchas razones para salir con una abuela local. Por un lado, generalmente conocen todos los mejores lugares de conexi\u00f3n&hellip;","og_url":"https:\/\/wpdiarytheme.com\/es\/citas-de-abuelas-locales\/","og_site_name":"Dating Themes","twitter_card":"summary_large_image","twitter_misc":{"Tiempo de lectura":"3 minutos"},"schema":{"@context":"https:\/\/schema.org","@graph":[{"@type":"WebSite","@id":"https:\/\/wpdiarytheme.com\/#website","url":"https:\/\/wpdiarytheme.com\/","name":"Dating Themes","description":"Find Your Perfect App","potentialAction":[{"@type":"SearchAction","target":{"@type":"EntryPoint","urlTemplate":"https:\/\/wpdiarytheme.com\/?s={search_term_string}"},"query-input":"required name=search_term_string"}],"inLanguage":"es"},{"@type":"WebPage","@id":"https:\/\/wpdiarytheme.com\/es\/citas-de-abuelas-locales\/#webpage","url":"https:\/\/wpdiarytheme.com\/es\/citas-de-abuelas-locales\/","name":"Citas de abuelas locales - Dating Themes","isPartOf":{"@id":"https:\/\/wpdiarytheme.com\/#website"},"datePublished":"2022-09-30T12:13:34+00:00","dateModified":"2022-09-30T12:13:34+00:00","breadcrumb":{"@id":"https:\/\/wpdiarytheme.com\/es\/citas-de-abuelas-locales\/#breadcrumb"},"inLanguage":"es","potentialAction":[{"@type":"ReadAction","target":["https:\/\/wpdiarytheme.com\/es\/citas-de-abuelas-locales\/"]}]},{"@type":"BreadcrumbList","@id":"https:\/\/wpdiarytheme.com\/es\/citas-de-abuelas-locales\/#breadcrumb","itemListElement":[{"@type":"ListItem","position":1,"name":"Home","item":"http:\/\/wpdiarytheme.com\/es\/"},{"@type":"ListItem","position":2,"name":"Citas de abuelas locales"}]}]}},"_links":{"self":[{"href":"https:\/\/wpdiarytheme.com\/es\/wp-json\/wp\/v2\/pages\/267"}],"collection":[{"href":"https:\/\/wpdiarytheme.com\/es\/wp-json\/wp\/v2\/pages"}],"about":[{"href":"https:\/\/wpdiarytheme.com\/es\/wp-json\/wp\/v2\/types\/page"}],"author":[{"embeddable":true,"href":"https:\/\/wpdiarytheme.com\/es\/wp-json\/wp\/v2\/users\/1"}],"replies":[{"embeddable":true,"href":"https:\/\/wpdiarytheme.com\/es\/wp-json\/wp\/v2\/comments?post=267"}],"version-history":[{"count":0,"href":"https:\/\/wpdiarytheme.com\/es\/wp-json\/wp\/v2\/pages\/267\/revisions"}],"wp:attachment":[{"href":"https:\/\/wpdiarytheme.com\/es\/wp-json\/wp\/v2\/media?parent=267"}],"curies":[{"name":"wp","href":"https:\/\/api.w.org\/{rel}","templated":true}]}}