{"id":257,"date":"2022-09-30T13:11:56","date_gmt":"2022-09-30T12:11:56","guid":{"rendered":"http:\/\/wpdiarytheme.com\/mujeres-que-buscan-sexo\/"},"modified":"2022-09-30T13:11:56","modified_gmt":"2022-09-30T12:11:56","slug":"mujeres-que-buscan-sexo","status":"publish","type":"page","link":"https:\/\/wpdiarytheme.com\/es\/mujeres-que-buscan-sexo\/","title":{"rendered":"Mujeres que buscan sexo"},"content":{"rendered":"<p>Hay algo en una mujer que sabe lo que quiere y no tiene miedo <a href=\"http:\/\/wpdiarytheme.com\/milf-hookup-sites\/\">de ir tras \u00e9l que es incre\u00edblemente atractivo<\/a>. Las mujeres que quieren follar son seguras y sexys, y saben c\u00f3mo obtener lo que quieren. No tienen miedo de hacerse cargo y son geniales en la cama. Si est\u00e1s buscando una conexi\u00f3n que garantice que ser\u00e1 caliente y salvaje, con\u00e9ctate con una mujer que quiera follar.<\/p>\n<p>Hay muchas mujeres por ah\u00ed buscando sexo, y si est\u00e1s dispuesto a poner un poco de esfuerzo, puedes encontrarlas. La clave es hacerte atractivo para ellos y ser asertivo. Ten confianza y toma la iniciativa. Prep\u00e1rate para ofrecerles algo a cambio, ya sea una compensaci\u00f3n financiera o simplemente placer. Sea respetuoso y no presione demasiado, y deber\u00eda poder encontrar mujeres que est\u00e9n dispuestas a tener relaciones sexuales con usted.<\/p>\n<h2>Buscador de sexo<\/h2>\n<p>Hay muchas mujeres que buscan sexo cerca de m\u00ed, y la gran mayor\u00eda de ellas solo buscan amor. Sin embargo, si solo est\u00e1 buscando una conexi\u00f3n r\u00e1pida, es probable que tenga mejor suerte en otro lugar. Las mujeres que buscan sexo cerca de m\u00ed suelen buscar algo un poco m\u00e1s sustancial, por lo que si solo est\u00e1 buscando una aventura de una noche, es posible que desee probar en otro lugar.<\/p>\n<h2>Mujeres locales cachondas<\/h2>\n<p>No hay necesidad de ser t\u00edmido acerca de querer conectarse con una mujer cachonda. Puedes encontrar muchos de ellos aqu\u00ed en Xpress.com. Simplemente cree un perfil y comience a navegar por todas las mujeres cachondas locales en su \u00e1rea. Puede enviar mensajes y coqueteos, y hacer arreglos para reunirse para una sesi\u00f3n caliente y humeante. Todo depende de ti. Entonces, \u00bfa qu\u00e9 est\u00e1s esperando? \u00a1Comienza hoy y con\u00e9ctate con una mujer cachonda cerca de ti!<\/p>\n<h3>LuckyCrush<\/h3>\n<p>LuckyCrush es una nueva aplicaci\u00f3n de citas que permite a las mujeres calificar y revisar an\u00f3nimamente a los hombres con los que se han acostado. La aplicaci\u00f3n es an\u00f3nima y solo permite a las mujeres calificar y revisar a los hombres que han follado, no al rev\u00e9s. La aplicaci\u00f3n a\u00fan se encuentra en sus primeras etapas, pero ya est\u00e1 ayudando a las mujeres a calificar y revisar an\u00f3nimamente a los hombres que han follado.<\/p>\n<h3>WantMatures<\/h3>\n<p>Si eres una mujer que solo quiere follar, entonces definitivamente vale la pena echarle un vistazo a la aplicaci\u00f3n de citas WantMatures. La aplicaci\u00f3n est\u00e1 dise\u00f1ada espec\u00edficamente para mujeres que desean conectarse con hombres mayores, y es realmente f\u00e1cil de usar. Simplemente cree un perfil, navegue por los perfiles de posibles coincidencias y comience a enviar mensajes. Todos los hombres de la aplicaci\u00f3n est\u00e1n buscando una cosa, y no tienen miedo de decirla. Entonces, si est\u00e1s cansado de tratar con chicos que solo quieren jugar, esta es la aplicaci\u00f3n para ti.<\/p>\n<h3>Fling.com<\/h3>\n<p>Si eres una mujer que quiere follar, entonces Fling.com es la aplicaci\u00f3n de citas para ti. Con m\u00e1s de 2 millones de miembros en todo el mundo, es la aplicaci\u00f3n de citas m\u00e1s grande de su tipo y es f\u00e1cil ver por qu\u00e9. Con su funci\u00f3n de b\u00fasqueda simple, pero efectiva, puede encontrar r\u00e1pida y f\u00e1cilmente a alguien que cumpla con sus criterios.<\/p>\n<p>No hay algoritmos complicados o cuestionarios largos para completar, solo un perfil simple y una foto. Una vez que hayas encontrado a alguien que te guste, simplemente env\u00edale un mensaje y deja que comience la diversi\u00f3n.<\/p>\n<p>Fling.com es de uso gratuito y no hay costos ocultos, por lo que puede concentrarse en encontrar a alguien a quien follar. Y con su gran base de miembros, seguramente encontrar\u00e1 a alguien que est\u00e9 listo para ello.<\/p>\n","protected":false},"excerpt":{"rendered":"<p>Hay algo en una mujer que sabe lo que quiere y no tiene miedo de ir tras \u00e9l que es&hellip;<\/p>\n","protected":false},"author":1,"featured_media":0,"parent":0,"menu_order":0,"comment_status":"closed","ping_status":"closed","template":"","meta":[],"yoast_head":"<!-- This site is optimized with the Yoast SEO plugin v17.7.1 - https:\/\/yoast.com\/wordpress\/plugins\/seo\/ -->\n<title>Mujeres que buscan sexo - Dating Themes<\/title>\n<meta name=\"robots\" content=\"index, follow, max-snippet:-1, max-image-preview:large, max-video-preview:-1\" \/>\n<link rel=\"canonical\" href=\"https:\/\/wpdiarytheme.com\/es\/mujeres-que-buscan-sexo\/\" \/>\n<meta property=\"og:locale\" content=\"es_ES\" \/>\n<meta property=\"og:type\" content=\"article\" \/>\n<meta property=\"og:title\" content=\"Mujeres que buscan sexo - Dating Themes\" \/>\n<meta property=\"og:description\" content=\"Hay algo en una mujer que sabe lo que quiere y no tiene miedo de ir tras \u00e9l que es&hellip;\" \/>\n<meta property=\"og:url\" content=\"https:\/\/wpdiarytheme.com\/es\/mujeres-que-buscan-sexo\/\" \/>\n<meta property=\"og:site_name\" content=\"Dating Themes\" \/>\n<meta name=\"twitter:card\" content=\"summary_large_image\" \/>\n<meta name=\"twitter:label1\" content=\"Tiempo de lectura\" \/>\n\t<meta name=\"twitter:data1\" content=\"3 minutos\" \/>\n<script type=\"application\/ld+json\" class=\"yoast-schema-graph\">{\"@context\":\"https:\/\/schema.org\",\"@graph\":[{\"@type\":\"WebSite\",\"@id\":\"https:\/\/wpdiarytheme.com\/cs\/#website\",\"url\":\"https:\/\/wpdiarytheme.com\/cs\/\",\"name\":\"Dating Themes\",\"description\":\"Find Your Perfect App\",\"potentialAction\":[{\"@type\":\"SearchAction\",\"target\":{\"@type\":\"EntryPoint\",\"urlTemplate\":\"https:\/\/wpdiarytheme.com\/cs\/?s={search_term_string}\"},\"query-input\":\"required name=search_term_string\"}],\"inLanguage\":\"es\"},{\"@type\":\"WebPage\",\"@id\":\"https:\/\/wpdiarytheme.com\/es\/mujeres-que-buscan-sexo\/#webpage\",\"url\":\"https:\/\/wpdiarytheme.com\/es\/mujeres-que-buscan-sexo\/\",\"name\":\"Mujeres que buscan sexo - Dating Themes\",\"isPartOf\":{\"@id\":\"https:\/\/wpdiarytheme.com\/cs\/#website\"},\"datePublished\":\"2022-09-30T12:11:56+00:00\",\"dateModified\":\"2022-09-30T12:11:56+00:00\",\"breadcrumb\":{\"@id\":\"https:\/\/wpdiarytheme.com\/es\/mujeres-que-buscan-sexo\/#breadcrumb\"},\"inLanguage\":\"es\",\"potentialAction\":[{\"@type\":\"ReadAction\",\"target\":[\"https:\/\/wpdiarytheme.com\/es\/mujeres-que-buscan-sexo\/\"]}]},{\"@type\":\"BreadcrumbList\",\"@id\":\"https:\/\/wpdiarytheme.com\/es\/mujeres-que-buscan-sexo\/#breadcrumb\",\"itemListElement\":[{\"@type\":\"ListItem\",\"position\":1,\"name\":\"Home\",\"item\":\"https:\/\/wpdiarytheme.com\/es\/\"},{\"@type\":\"ListItem\",\"position\":2,\"name\":\"Mujeres que buscan sexo\"}]}]}<\/script>\n<!-- \/ Yoast SEO plugin. -->","yoast_head_json":{"title":"Mujeres que buscan sexo - Dating Themes","robots":{"index":"index","follow":"follow","max-snippet":"max-snippet:-1","max-image-preview":"max-image-preview:large","max-video-preview":"max-video-preview:-1"},"canonical":"https:\/\/wpdiarytheme.com\/es\/mujeres-que-buscan-sexo\/","og_locale":"es_ES","og_type":"article","og_title":"Mujeres que buscan sexo - Dating Themes","og_description":"Hay algo en una mujer que sabe lo que quiere y no tiene miedo de ir tras \u00e9l que es&hellip;","og_url":"https:\/\/wpdiarytheme.com\/es\/mujeres-que-buscan-sexo\/","og_site_name":"Dating Themes","twitter_card":"summary_large_image","twitter_misc":{"Tiempo de lectura":"3 minutos"},"schema":{"@context":"https:\/\/schema.org","@graph":[{"@type":"WebSite","@id":"https:\/\/wpdiarytheme.com\/cs\/#website","url":"https:\/\/wpdiarytheme.com\/cs\/","name":"Dating Themes","description":"Find Your Perfect App","potentialAction":[{"@type":"SearchAction","target":{"@type":"EntryPoint","urlTemplate":"https:\/\/wpdiarytheme.com\/cs\/?s={search_term_string}"},"query-input":"required name=search_term_string"}],"inLanguage":"es"},{"@type":"WebPage","@id":"https:\/\/wpdiarytheme.com\/es\/mujeres-que-buscan-sexo\/#webpage","url":"https:\/\/wpdiarytheme.com\/es\/mujeres-que-buscan-sexo\/","name":"Mujeres que buscan sexo - Dating Themes","isPartOf":{"@id":"https:\/\/wpdiarytheme.com\/cs\/#website"},"datePublished":"2022-09-30T12:11:56+00:00","dateModified":"2022-09-30T12:11:56+00:00","breadcrumb":{"@id":"https:\/\/wpdiarytheme.com\/es\/mujeres-que-buscan-sexo\/#breadcrumb"},"inLanguage":"es","potentialAction":[{"@type":"ReadAction","target":["https:\/\/wpdiarytheme.com\/es\/mujeres-que-buscan-sexo\/"]}]},{"@type":"BreadcrumbList","@id":"https:\/\/wpdiarytheme.com\/es\/mujeres-que-buscan-sexo\/#breadcrumb","itemListElement":[{"@type":"ListItem","position":1,"name":"Home","item":"https:\/\/wpdiarytheme.com\/es\/"},{"@type":"ListItem","position":2,"name":"Mujeres que buscan sexo"}]}]}},"_links":{"self":[{"href":"https:\/\/wpdiarytheme.com\/es\/wp-json\/wp\/v2\/pages\/257"}],"collection":[{"href":"https:\/\/wpdiarytheme.com\/es\/wp-json\/wp\/v2\/pages"}],"about":[{"href":"https:\/\/wpdiarytheme.com\/es\/wp-json\/wp\/v2\/types\/page"}],"author":[{"embeddable":true,"href":"https:\/\/wpdiarytheme.com\/es\/wp-json\/wp\/v2\/users\/1"}],"replies":[{"embeddable":true,"href":"https:\/\/wpdiarytheme.com\/es\/wp-json\/wp\/v2\/comments?post=257"}],"version-history":[{"count":0,"href":"https:\/\/wpdiarytheme.com\/es\/wp-json\/wp\/v2\/pages\/257\/revisions"}],"wp:attachment":[{"href":"https:\/\/wpdiarytheme.com\/es\/wp-json\/wp\/v2\/media?parent=257"}],"curies":[{"name":"wp","href":"https:\/\/api.w.org\/{rel}","templated":true}]}}