{"id":252,"date":"2022-09-30T13:14:07","date_gmt":"2022-09-30T12:14:07","guid":{"rendered":"http:\/\/wpdiarytheme.com\/sitios-de-conexion-milf\/"},"modified":"2022-09-30T13:14:07","modified_gmt":"2022-09-30T12:14:07","slug":"sitios-de-conexion-milf","status":"publish","type":"page","link":"https:\/\/wpdiarytheme.com\/es\/sitios-de-conexion-milf\/","title":{"rendered":"Sitios de conexi\u00f3n milf"},"content":{"rendered":"<p>Hay muchos sitios de conexi\u00f3n milf por ah\u00ed, pero no todos son creados iguales. Desea asegurarse de encontrar un sitio que tenga muchos miembros, que sea f\u00e1cil de usar y que tenga una buena reputaci\u00f3n.<\/p>\n<p>Una de las mejores maneras de encontrar un buen <a href=\"http:\/\/wpdiarytheme.com\/adult-sexting-sites\/\">sitio de conexi\u00f3n milf es leer rese\u00f1as de ellos<\/a>. Esto le dar\u00e1 una buena idea de lo que otras personas piensan sobre el sitio y si vale la pena o no su tiempo. Otra cosa a tener en cuenta es el precio. Algunos sitios son gratuitos, mientras que otros cobrar\u00e1n una tarifa mensual. Si solo est\u00e1 buscando conectarse con un milf de vez en cuando, entonces un sitio gratuito podr\u00eda ser una buena opci\u00f3n para usted. Pero si desea usar el sitio con m\u00e1s frecuencia, es posible que desee considerar pagar una tarifa mensual.<\/p>\n<p>Cuando est\u00e9 buscando sitios de conexi\u00f3n milf, aseg\u00farese de encontrar uno que tenga muchos miembros. Cuantos m\u00e1s miembros tenga un sitio, m\u00e1s posibilidades tendr\u00e1 de encontrar a alguien con quien conectarse. Adem\u00e1s, aseg\u00farese de que el sitio sea f\u00e1cil de usar. Deber\u00eda poder navegar f\u00e1cilmente y encontrar las cosas que est\u00e1 buscando. Si un sitio es dif\u00edcil de usar, es posible que desee buscar en otro lugar.<\/p>\n<p>Finalmente, aseg\u00farese de que el sitio tenga una buena reputaci\u00f3n. Puede consultar las revisiones del sitio en l\u00ednea para ver qu\u00e9 piensan otras personas al respecto.<\/p>\n<h2>Conoce a A Milf<\/h2>\n<p>Hay algo en salir con un MILF que se siente incre\u00edble. Tienen experiencia, confianza y saben exactamente lo que quieren en la vida. Adem\u00e1s, suelen estar muy calientes.<\/p>\n<p>Recuerdo haber tenido una cita con un MILF hace unos a\u00f1os y fue incre\u00edble. Ten\u00eda tanta confianza y seguridad de s\u00ed misma, y sab\u00eda exactamente lo que quer\u00eda. Adem\u00e1s, estaba muy caliente. Terminamos durmiendo juntos esa noche y fue una de las mejores experiencias sexuales que he tenido. Si est\u00e1s pensando en salir con un MILF, entonces hazlo. No te arrepentir\u00e1s.<\/p>\n<h2>Citas Milf<\/h2>\n<p>Hay muchos beneficios al salir con un MILF, incluida la experiencia, la sabidur\u00eda y la madurez. Los MILF tambi\u00e9n suelen ser m\u00e1s seguros y seguros de s\u00ed mismos que las mujeres m\u00e1s j\u00f3venes, lo que puede ser un cambio importante. Si est\u00e1s buscando amor y quieres salir con un MILF, hay algunas cosas que debes tener en cuenta. Primero, sea respetuoso y considerado con su edad y experiencia. En segundo lugar, t\u00f3mate las cosas con calma y no te apresures en nada f\u00edsico. Y finalmente, aseg\u00farese de comunicarse abierta y honestamente entre s\u00ed para asegurarse de que ambos est\u00e9n en la misma p\u00e1gina. Si puedes hacer estas cosas, est\u00e1s en camino a una relaci\u00f3n satisfactoria y emocionante con un MILF.<\/p>\n<h2>Sitio de citas Milfs<\/h2>\n<p>Hay muchos sitios de citas que atienden a diferentes audiencias. MilfsDatingSite es uno de esos sitios que tiene como objetivo conectar milfs con hombres elegibles. El sitio tiene una interfaz bastante sencilla y una base de usuarios decente. Sin embargo, vale la pena se\u00f1alar que el sitio a\u00fan se encuentra en sus primeras etapas y, por lo tanto, puede haber algunos errores aqu\u00ed y all\u00e1. En general, MilfsDatingSite es una opci\u00f3n decente para aquellos que buscan salir con un milf.<\/p>\n<h3>Xmeets<\/h3>\n<p>Xmeets es una aplicaci\u00f3n de citas que est\u00e1 dise\u00f1ada espec\u00edficamente para personas que buscan conectarse con MILF. La aplicaci\u00f3n es f\u00e1cil de usar y tiene muchas caracter\u00edsticas que la convierten en uno de los mejores sitios de conexi\u00f3n MILF. La aplicaci\u00f3n tambi\u00e9n tiene muchas cr\u00edticas positivas de los usuarios.<\/p>\n<h3>Alt.com<\/h3>\n<p>Si est\u00e1 buscando un sitio de conexi\u00f3n milf que sea confiable y f\u00e1cil de usar, entonces Alt.com es una excelente opci\u00f3n. El sitio tiene una interfaz f\u00e1cil de usar y una gran base de datos de miembros, por lo que seguramente encontrar\u00e1 a alguien que satisfaga sus necesidades. Las funciones de b\u00fasqueda y mensajer\u00eda tambi\u00e9n son muy buenas, lo que facilita la b\u00fasqueda y la conexi\u00f3n con posibles coincidencias. En general, Alt.com es una gran opci\u00f3n para cualquiera que busque un sitio de conexi\u00f3n milf.<\/p>\n<h3>TinderMeets<\/h3>\n<p>Si est\u00e1 buscando una aplicaci\u00f3n de citas que est\u00e9 dise\u00f1ada espec\u00edficamente para conectarse con mujeres mayores, entonces debe consultar TinderMeets. Esta aplicaci\u00f3n se est\u00e1 volviendo cada vez m\u00e1s popular entre los usuarios que buscan parejas de citas maduras. La interfaz es f\u00e1cil de usar y la aplicaci\u00f3n proporciona muchas caracter\u00edsticas \u00fatiles, como filtros de b\u00fasqueda y un sistema de mensajer\u00eda. En general, TinderMeets es una gran opci\u00f3n para cualquier persona que est\u00e9 interesada en las citas de conexi\u00f3n milf.<\/p>\n","protected":false},"excerpt":{"rendered":"<p>Hay muchos sitios de conexi\u00f3n milf por ah\u00ed, pero no todos son creados iguales. Desea asegurarse de encontrar un sitio&hellip;<\/p>\n","protected":false},"author":1,"featured_media":0,"parent":0,"menu_order":0,"comment_status":"closed","ping_status":"closed","template":"","meta":[],"yoast_head":"<!-- This site is optimized with the Yoast SEO plugin v17.7.1 - https:\/\/yoast.com\/wordpress\/plugins\/seo\/ -->\n<title>Sitios de conexi\u00f3n milf - Dating Themes<\/title>\n<meta name=\"robots\" content=\"index, follow, max-snippet:-1, max-image-preview:large, max-video-preview:-1\" \/>\n<link rel=\"canonical\" href=\"https:\/\/wpdiarytheme.com\/es\/sitios-de-conexion-milf\/\" \/>\n<meta property=\"og:locale\" content=\"es_ES\" \/>\n<meta property=\"og:type\" content=\"article\" \/>\n<meta property=\"og:title\" content=\"Sitios de conexi\u00f3n milf - Dating Themes\" \/>\n<meta property=\"og:description\" content=\"Hay muchos sitios de conexi\u00f3n milf por ah\u00ed, pero no todos son creados iguales. Desea asegurarse de encontrar un sitio&hellip;\" \/>\n<meta property=\"og:url\" content=\"https:\/\/wpdiarytheme.com\/es\/sitios-de-conexion-milf\/\" \/>\n<meta property=\"og:site_name\" content=\"Dating Themes\" \/>\n<meta name=\"twitter:card\" content=\"summary_large_image\" \/>\n<meta name=\"twitter:label1\" content=\"Tiempo de lectura\" \/>\n\t<meta name=\"twitter:data1\" content=\"4 minutos\" \/>\n<script type=\"application\/ld+json\" class=\"yoast-schema-graph\">{\"@context\":\"https:\/\/schema.org\",\"@graph\":[{\"@type\":\"WebSite\",\"@id\":\"https:\/\/wpdiarytheme.com\/#website\",\"url\":\"https:\/\/wpdiarytheme.com\/\",\"name\":\"Dating Themes\",\"description\":\"Find Your Perfect App\",\"potentialAction\":[{\"@type\":\"SearchAction\",\"target\":{\"@type\":\"EntryPoint\",\"urlTemplate\":\"https:\/\/wpdiarytheme.com\/?s={search_term_string}\"},\"query-input\":\"required name=search_term_string\"}],\"inLanguage\":\"es\"},{\"@type\":\"WebPage\",\"@id\":\"https:\/\/wpdiarytheme.com\/es\/sitios-de-conexion-milf\/#webpage\",\"url\":\"https:\/\/wpdiarytheme.com\/es\/sitios-de-conexion-milf\/\",\"name\":\"Sitios de conexi\\u00f3n milf - Dating Themes\",\"isPartOf\":{\"@id\":\"https:\/\/wpdiarytheme.com\/#website\"},\"datePublished\":\"2022-09-30T12:14:07+00:00\",\"dateModified\":\"2022-09-30T12:14:07+00:00\",\"breadcrumb\":{\"@id\":\"https:\/\/wpdiarytheme.com\/es\/sitios-de-conexion-milf\/#breadcrumb\"},\"inLanguage\":\"es\",\"potentialAction\":[{\"@type\":\"ReadAction\",\"target\":[\"https:\/\/wpdiarytheme.com\/es\/sitios-de-conexion-milf\/\"]}]},{\"@type\":\"BreadcrumbList\",\"@id\":\"https:\/\/wpdiarytheme.com\/es\/sitios-de-conexion-milf\/#breadcrumb\",\"itemListElement\":[{\"@type\":\"ListItem\",\"position\":1,\"name\":\"Home\",\"item\":\"http:\/\/wpdiarytheme.com\/es\/\"},{\"@type\":\"ListItem\",\"position\":2,\"name\":\"Sitios de conexi\\u00f3n milf\"}]}]}<\/script>\n<!-- \/ Yoast SEO plugin. -->","yoast_head_json":{"title":"Sitios de conexi\u00f3n milf - Dating Themes","robots":{"index":"index","follow":"follow","max-snippet":"max-snippet:-1","max-image-preview":"max-image-preview:large","max-video-preview":"max-video-preview:-1"},"canonical":"https:\/\/wpdiarytheme.com\/es\/sitios-de-conexion-milf\/","og_locale":"es_ES","og_type":"article","og_title":"Sitios de conexi\u00f3n milf - Dating Themes","og_description":"Hay muchos sitios de conexi\u00f3n milf por ah\u00ed, pero no todos son creados iguales. Desea asegurarse de encontrar un sitio&hellip;","og_url":"https:\/\/wpdiarytheme.com\/es\/sitios-de-conexion-milf\/","og_site_name":"Dating Themes","twitter_card":"summary_large_image","twitter_misc":{"Tiempo de lectura":"4 minutos"},"schema":{"@context":"https:\/\/schema.org","@graph":[{"@type":"WebSite","@id":"https:\/\/wpdiarytheme.com\/#website","url":"https:\/\/wpdiarytheme.com\/","name":"Dating Themes","description":"Find Your Perfect App","potentialAction":[{"@type":"SearchAction","target":{"@type":"EntryPoint","urlTemplate":"https:\/\/wpdiarytheme.com\/?s={search_term_string}"},"query-input":"required name=search_term_string"}],"inLanguage":"es"},{"@type":"WebPage","@id":"https:\/\/wpdiarytheme.com\/es\/sitios-de-conexion-milf\/#webpage","url":"https:\/\/wpdiarytheme.com\/es\/sitios-de-conexion-milf\/","name":"Sitios de conexi\u00f3n milf - Dating Themes","isPartOf":{"@id":"https:\/\/wpdiarytheme.com\/#website"},"datePublished":"2022-09-30T12:14:07+00:00","dateModified":"2022-09-30T12:14:07+00:00","breadcrumb":{"@id":"https:\/\/wpdiarytheme.com\/es\/sitios-de-conexion-milf\/#breadcrumb"},"inLanguage":"es","potentialAction":[{"@type":"ReadAction","target":["https:\/\/wpdiarytheme.com\/es\/sitios-de-conexion-milf\/"]}]},{"@type":"BreadcrumbList","@id":"https:\/\/wpdiarytheme.com\/es\/sitios-de-conexion-milf\/#breadcrumb","itemListElement":[{"@type":"ListItem","position":1,"name":"Home","item":"http:\/\/wpdiarytheme.com\/es\/"},{"@type":"ListItem","position":2,"name":"Sitios de conexi\u00f3n milf"}]}]}},"_links":{"self":[{"href":"https:\/\/wpdiarytheme.com\/es\/wp-json\/wp\/v2\/pages\/252"}],"collection":[{"href":"https:\/\/wpdiarytheme.com\/es\/wp-json\/wp\/v2\/pages"}],"about":[{"href":"https:\/\/wpdiarytheme.com\/es\/wp-json\/wp\/v2\/types\/page"}],"author":[{"embeddable":true,"href":"https:\/\/wpdiarytheme.com\/es\/wp-json\/wp\/v2\/users\/1"}],"replies":[{"embeddable":true,"href":"https:\/\/wpdiarytheme.com\/es\/wp-json\/wp\/v2\/comments?post=252"}],"version-history":[{"count":0,"href":"https:\/\/wpdiarytheme.com\/es\/wp-json\/wp\/v2\/pages\/252\/revisions"}],"wp:attachment":[{"href":"https:\/\/wpdiarytheme.com\/es\/wp-json\/wp\/v2\/media?parent=252"}],"curies":[{"name":"wp","href":"https:\/\/api.w.org\/{rel}","templated":true}]}}