{"id":167,"date":"2022-09-12T12:14:34","date_gmt":"2022-09-12T11:14:34","guid":{"rendered":"http:\/\/wpdiarytheme.com\/tu-diario-de-citas-conexiones-y-mas\/"},"modified":"2022-09-27T13:23:48","modified_gmt":"2022-09-27T12:23:48","slug":"tu-diario-de-citas-conexiones-y-mas","status":"publish","type":"page","link":"https:\/\/wpdiarytheme.com\/es\/","title":{"rendered":"Tu diario de citas: conexiones y m\u00e1s"},"content":{"rendered":"<p>S\u00e9 lo que est\u00e1s pensando: \u00abHay miles de aplicaciones y sitios web de citas por ah\u00ed\u00bb. Y tendr\u00eda raz\u00f3n. Pero creo que podemos estar de acuerdo en que hay algunos de los mejores. Como alguien que usa uno todos los d\u00edas, quer\u00eda asegurarme de que supieras sobre los mejores sitios de conexi\u00f3n gratuita que existen.<\/p>\n<p>Esta lista incluye todos los principales que son totalmente gratuitos. Algunos de ellos incluso tienen planes pagados <a href=\"http:\/\/www.paginas-de-sexo.com\/\">sexo gratis paginas<\/a>, pero esos no son necesarios para unirse. Sin embargo, si quieres encontrar una relaci\u00f3n a largo plazo, echa un vistazo a mi gu\u00eda para encontrar el amor en l\u00ednea.<\/p>\n<p>Lo m\u00e1s importante que notar\u00e1 sobre estos sitios es lo f\u00e1ciles que son de usar. La mayor\u00eda de los sitios no requieren registros, solo nombre de usuario y contrase\u00f1a. No tiene que completar perfiles o responder preguntas; simplemente escribe lo que quieras en la barra de b\u00fasqueda y comienza a conocer gente.<\/p>\n<p>No encontrar\u00e1s ninguna cuenta falsa en nuestra lista. Todos los sitios enumerados aqu\u00ed son completamente <a href=\"http:\/\/www.encontros-para-sexo.com\">Encontros-para-Sexo.com<\/a> leg\u00edtimos y seguros. Tambi\u00e9n hay toneladas de diferentes tipos de personas en estas plataformas. Ya sea que prefieras el sexo casual o las relaciones serias, seguramente encontrar\u00e1s algo que disfrutes.<\/p>\n<h2>Comience con los sitios de citas<\/h2>\n<p>Mucha gente usa sitios y aplicaciones de citas para conectarse con posibles parejas rom\u00e1nticas. Pero si bien esos sitios ofrecen muchas caracter\u00edsticas para encontrar el amor, hay muchos otros que se adaptan espec\u00edficamente a reunirse para aventuras de una noche. Ya sea que est\u00e9 buscando una aventura r\u00e1pida o simplemente alguien con quien pasar el rato, aqu\u00ed hay 10 excelentes lugares para ir donde ni siquiera tendr\u00e1 que pagar nada para intentarlo.<\/p>\n<p><img loading=\"lazy\" class=\"aligncenter wp-image-66 size-large\" src=\"http:\/\/wpdiarytheme.com\/wp-content\/uploads\/2022\/09\/real-dates-online-1024x683.jpeg\" alt=\"\" width=\"525\" height=\"350\" srcset=\"https:\/\/wpdiarytheme.com\/wp-content\/uploads\/2022\/09\/real-dates-online-1024x683.jpeg 1024w, https:\/\/wpdiarytheme.com\/wp-content\/uploads\/2022\/09\/real-dates-online-300x200.jpeg 300w, https:\/\/wpdiarytheme.com\/wp-content\/uploads\/2022\/09\/real-dates-online-768x512.jpeg 768w, https:\/\/wpdiarytheme.com\/wp-content\/uploads\/2022\/09\/real-dates-online.jpeg 1125w\" sizes=\"(max-width: 525px) 100vw, 525px\" \/><\/p>\n<h3>PlentyOfFish<\/h3>\n<p>PlentyOfFish es probablemente el sitio m\u00e1s conocido para encuentros casuales. Si bien cobra una tarifa para convertirse en un miembro premium, ofrece toneladas de caracter\u00edsticas, que incluyen poder navegar por los miembros seg\u00fan la ubicaci\u00f3n, la edad, el tipo de cuerpo, el g\u00e9nero, el origen \u00e9tnico, la religi\u00f3n, el estado civil, el nivel de educaci\u00f3n, la altura, el peso, los h\u00e1bitos de fumar, los h\u00e1bitos de bebida y mucho m\u00e1s. Nunca te encontrar\u00e1s con nadie que conozcas, pero es posible que termines conociendo a alguien que comparta tus intereses.<\/p>\n<h3>AdultFriendFinder<\/h3>\n<p>Adult Friend Finder es otro lugar muy popular para buscar un encuentro casual. Han existido desde 1999 y afirman tener millones de perfiles activos <a href=\"http:\/\/www.paginas-para-follar.com\/\">Paginas-Para-Follar.com<\/a>. Hay muchas opciones diferentes para la membres\u00eda, que van desde una prueba gratuita hasta una suscripci\u00f3n mensual. Mientras est\u00e9s dispuesto a trabajar, puedes encontrar exactamente lo que est\u00e1s buscando.<\/p>\n<p>Adult Friend Finder es otro sitio dedicado a ayudar a los adultos a encontrar amigos con beneficios. De hecho, es el segundo sitio personal m\u00e1s grande de BBW detr\u00e1s de Ashley Madison.<\/p>\n<h3>Ashley Madison<\/h3>\n<p>Si est\u00e1s buscando algo discreto, definitivamente vale la pena echarle un vistazo a Ashley Madison. Este sitio le brinda la posibilidad de ver los perfiles de otras personas, enviar mensajes y organizar fechas. Todo esto sucede de forma completamente an\u00f3nima. Si decide registrarse para obtener una membres\u00eda premium, podr\u00e1 ver los nombres completos, las direcciones de correo electr\u00f3nico e incluso los n\u00fameros de tel\u00e9fono de otros miembros.<\/p>\n<p>AshleyMadison.com es un soplo de aire fresco en l\u00ednea para las personas que buscan experimentar un poco m\u00e1s de especias en sus vidas amorosas. Con m\u00e1s de 54 millones de miembros en todo el mundo, el sitio de citas para adultos ofrece muchas formas de conocer solteros de ideas afines. Ya sea que est\u00e9 buscando encuentros casuales, una relaci\u00f3n seria o algo completamente diferente, AshleyMadison.com tiene todo lo que est\u00e1 buscando.<\/p>\n<h3>Travieso<\/h3>\n<p>BeNaughty es una aplicaci\u00f3n gratuita de citas en l\u00ednea donde <a href=\"https:\/\/www.citas-gratis.com\">paginas sexo gratis<\/a> se conocen en funci\u00f3n del inter\u00e9s mutuo. No necesita preocuparse por encontrar a alguien especial porque hay miles de miembros esperando que se una.<\/p>\n<p>El objetivo de BeNaughty es simple: queremos que conocer gente sea m\u00e1s f\u00e1cil. Hemos hecho el trabajo duro por usted: nuestro equipo de expertos ha seleccionado cuidadosamente perfiles de chicos y chicas calientes como usted. Ya sea que est\u00e9s buscando amistad, sexo casual o algo serio, aqu\u00ed encontrar\u00e1s exactamente lo que quieres.<\/p>\n<p>Si est\u00e1 listo para comenzar a chatear con singleton local, reg\u00edstrese ahora y comience a navegar.<\/p>\n<h3>IWantU<\/h3>\n<p>La aplicaci\u00f3n IWantU es un sitio de conexi\u00f3n que permite a las personas reunirse para tener relaciones sexuales el mismo d\u00eda. Lanzada en 2017, la aplicaci\u00f3n se ha descargado m\u00e1s de 50 millones de veces en todo el mundo, con m\u00e1s de 30 millones de descargas solo en los Estados Unidos. Los usuarios se registran de forma gratuita, eligen su g\u00e9nero, rango de edad, ubicaci\u00f3n e intereses, y esperan coincidencias seg\u00fan esos criterios. Luego pueden ponerse en contacto directamente por correo electr\u00f3nico o llamada telef\u00f3nica, y hacer arreglos para reunirse para tener relaciones sexuales dentro de las 24 horas.<\/p>\n<p>La aplicaci\u00f3n est\u00e1 dise\u00f1ada para ayudar a los profesionales ocupados a conocer a personas de ideas afines para aventuras de una noche, aventuras r\u00e1pidas o incluso propuestas de matrimonio. No hay rechazos ni largas persuasiones porque todos los miembros vienen por lo mismo: sexo.<\/p>\n<p>Cada usuario se distingue por la emancipaci\u00f3n, el deseo de recibir y proporcionar placer, y la voluntad de probar algo diferente. Adem\u00e1s de una secci\u00f3n de perfil donde los usuarios se describen a s\u00ed mismos, tambi\u00e9n suben fotos, videos y lugares donde quieren reunirse.<\/p>\n<h2>\u00bfQu\u00e9 sigue?<\/h2>\n<p>Bien, as\u00ed que sabemos lo que est\u00e1s pensando. \u00abNo quiero unirme a alg\u00fan sitio de conexi\u00f3n\u00bb. Bueno, est\u00e1 bien porque hay muchos sitios gratuitos que ofrecen excelentes funciones como mensajer\u00eda instant\u00e1nea y chat de video.<\/p>\n<p>Si est\u00e1s buscando tener sexo casual esta noche, entonces sigue desplaz\u00e1ndote y toma medidas, lo suficientemente simple, \u00bfno es as\u00ed?<\/p>\n<p>Debe unirse a algunos sitios diferentes y ver cu\u00e1l funciona mejor para usted.<\/p>\n","protected":false},"excerpt":{"rendered":"<p>S\u00e9 lo que est\u00e1s pensando: \u00abHay miles de aplicaciones y sitios web de citas por ah\u00ed\u00bb. Y tendr\u00eda raz\u00f3n. Pero&hellip;<\/p>\n","protected":false},"author":1,"featured_media":86,"parent":0,"menu_order":0,"comment_status":"closed","ping_status":"closed","template":"","meta":[],"yoast_head":"<!-- This site is optimized with the Yoast SEO plugin v17.7.1 - https:\/\/yoast.com\/wordpress\/plugins\/seo\/ -->\n<title>Tu diario de citas: conexiones y m\u00e1s - Dating Themes<\/title>\n<meta name=\"robots\" content=\"index, follow, max-snippet:-1, max-image-preview:large, max-video-preview:-1\" \/>\n<link rel=\"canonical\" href=\"https:\/\/wpdiarytheme.com\/es\/\" \/>\n<meta property=\"og:locale\" content=\"es_ES\" \/>\n<meta property=\"og:type\" content=\"article\" \/>\n<meta property=\"og:title\" content=\"Tu diario de citas: conexiones y m\u00e1s - Dating Themes\" \/>\n<meta property=\"og:description\" content=\"S\u00e9 lo que est\u00e1s pensando: \u00abHay miles de aplicaciones y sitios web de citas por ah\u00ed\u00bb. Y tendr\u00eda raz\u00f3n. Pero&hellip;\" \/>\n<meta property=\"og:url\" content=\"https:\/\/wpdiarytheme.com\/es\/\" \/>\n<meta property=\"og:site_name\" content=\"Dating Themes\" \/>\n<meta property=\"article:modified_time\" content=\"2022-09-27T12:23:48+00:00\" \/>\n<meta property=\"og:image\" content=\"http:\/\/wpdiarytheme.com\/wp-content\/uploads\/2022\/09\/local-sex-match.jpeg\" \/>\n\t<meta property=\"og:image:width\" content=\"1600\" \/>\n\t<meta property=\"og:image:height\" content=\"1067\" \/>\n<meta name=\"twitter:card\" content=\"summary_large_image\" \/>\n<meta name=\"twitter:label1\" content=\"Tiempo de lectura\" \/>\n\t<meta name=\"twitter:data1\" content=\"5 minutos\" \/>\n<script type=\"application\/ld+json\" class=\"yoast-schema-graph\">{\"@context\":\"https:\/\/schema.org\",\"@graph\":[{\"@type\":\"WebSite\",\"@id\":\"https:\/\/wpdiarytheme.com\/#website\",\"url\":\"https:\/\/wpdiarytheme.com\/\",\"name\":\"Dating Themes\",\"description\":\"Find Your Perfect App\",\"potentialAction\":[{\"@type\":\"SearchAction\",\"target\":{\"@type\":\"EntryPoint\",\"urlTemplate\":\"https:\/\/wpdiarytheme.com\/?s={search_term_string}\"},\"query-input\":\"required name=search_term_string\"}],\"inLanguage\":\"es\"},{\"@type\":\"ImageObject\",\"@id\":\"https:\/\/wpdiarytheme.com\/es\/#primaryimage\",\"inLanguage\":\"es\",\"url\":\"https:\/\/wpdiarytheme.com\/wp-content\/uploads\/2022\/09\/local-sex-match.jpeg\",\"contentUrl\":\"https:\/\/wpdiarytheme.com\/wp-content\/uploads\/2022\/09\/local-sex-match.jpeg\",\"width\":1600,\"height\":1067},{\"@type\":\"WebPage\",\"@id\":\"https:\/\/wpdiarytheme.com\/es\/#webpage\",\"url\":\"https:\/\/wpdiarytheme.com\/es\/\",\"name\":\"Tu diario de citas: conexiones y m\\u00e1s - Dating Themes\",\"isPartOf\":{\"@id\":\"https:\/\/wpdiarytheme.com\/#website\"},\"primaryImageOfPage\":{\"@id\":\"https:\/\/wpdiarytheme.com\/es\/#primaryimage\"},\"datePublished\":\"2022-09-12T11:14:34+00:00\",\"dateModified\":\"2022-09-27T12:23:48+00:00\",\"breadcrumb\":{\"@id\":\"https:\/\/wpdiarytheme.com\/es\/#breadcrumb\"},\"inLanguage\":\"es\",\"potentialAction\":[{\"@type\":\"ReadAction\",\"target\":[\"https:\/\/wpdiarytheme.com\/es\/\"]}]},{\"@type\":\"BreadcrumbList\",\"@id\":\"https:\/\/wpdiarytheme.com\/es\/#breadcrumb\",\"itemListElement\":[{\"@type\":\"ListItem\",\"position\":1,\"name\":\"Home\",\"item\":\"http:\/\/wpdiarytheme.com\/es\/\"},{\"@type\":\"ListItem\",\"position\":2,\"name\":\"Tu diario de citas: conexiones y m\\u00e1s\"}]}]}<\/script>\n<!-- \/ Yoast SEO plugin. -->","yoast_head_json":{"title":"Tu diario de citas: conexiones y m\u00e1s - Dating Themes","robots":{"index":"index","follow":"follow","max-snippet":"max-snippet:-1","max-image-preview":"max-image-preview:large","max-video-preview":"max-video-preview:-1"},"canonical":"https:\/\/wpdiarytheme.com\/es\/","og_locale":"es_ES","og_type":"article","og_title":"Tu diario de citas: conexiones y m\u00e1s - Dating Themes","og_description":"S\u00e9 lo que est\u00e1s pensando: \u00abHay miles de aplicaciones y sitios web de citas por ah\u00ed\u00bb. Y tendr\u00eda raz\u00f3n. Pero&hellip;","og_url":"https:\/\/wpdiarytheme.com\/es\/","og_site_name":"Dating Themes","article_modified_time":"2022-09-27T12:23:48+00:00","og_image":[{"width":1600,"height":1067,"url":"http:\/\/wpdiarytheme.com\/wp-content\/uploads\/2022\/09\/local-sex-match.jpeg","type":"image\/jpeg"}],"twitter_card":"summary_large_image","twitter_misc":{"Tiempo de lectura":"5 minutos"},"schema":{"@context":"https:\/\/schema.org","@graph":[{"@type":"WebSite","@id":"https:\/\/wpdiarytheme.com\/#website","url":"https:\/\/wpdiarytheme.com\/","name":"Dating Themes","description":"Find Your Perfect App","potentialAction":[{"@type":"SearchAction","target":{"@type":"EntryPoint","urlTemplate":"https:\/\/wpdiarytheme.com\/?s={search_term_string}"},"query-input":"required name=search_term_string"}],"inLanguage":"es"},{"@type":"ImageObject","@id":"https:\/\/wpdiarytheme.com\/es\/#primaryimage","inLanguage":"es","url":"https:\/\/wpdiarytheme.com\/wp-content\/uploads\/2022\/09\/local-sex-match.jpeg","contentUrl":"https:\/\/wpdiarytheme.com\/wp-content\/uploads\/2022\/09\/local-sex-match.jpeg","width":1600,"height":1067},{"@type":"WebPage","@id":"https:\/\/wpdiarytheme.com\/es\/#webpage","url":"https:\/\/wpdiarytheme.com\/es\/","name":"Tu diario de citas: conexiones y m\u00e1s - Dating Themes","isPartOf":{"@id":"https:\/\/wpdiarytheme.com\/#website"},"primaryImageOfPage":{"@id":"https:\/\/wpdiarytheme.com\/es\/#primaryimage"},"datePublished":"2022-09-12T11:14:34+00:00","dateModified":"2022-09-27T12:23:48+00:00","breadcrumb":{"@id":"https:\/\/wpdiarytheme.com\/es\/#breadcrumb"},"inLanguage":"es","potentialAction":[{"@type":"ReadAction","target":["https:\/\/wpdiarytheme.com\/es\/"]}]},{"@type":"BreadcrumbList","@id":"https:\/\/wpdiarytheme.com\/es\/#breadcrumb","itemListElement":[{"@type":"ListItem","position":1,"name":"Home","item":"http:\/\/wpdiarytheme.com\/es\/"},{"@type":"ListItem","position":2,"name":"Tu diario de citas: conexiones y m\u00e1s"}]}]}},"_links":{"self":[{"href":"https:\/\/wpdiarytheme.com\/es\/wp-json\/wp\/v2\/pages\/167"}],"collection":[{"href":"https:\/\/wpdiarytheme.com\/es\/wp-json\/wp\/v2\/pages"}],"about":[{"href":"https:\/\/wpdiarytheme.com\/es\/wp-json\/wp\/v2\/types\/page"}],"author":[{"embeddable":true,"href":"https:\/\/wpdiarytheme.com\/es\/wp-json\/wp\/v2\/users\/1"}],"replies":[{"embeddable":true,"href":"https:\/\/wpdiarytheme.com\/es\/wp-json\/wp\/v2\/comments?post=167"}],"version-history":[{"count":1,"href":"https:\/\/wpdiarytheme.com\/es\/wp-json\/wp\/v2\/pages\/167\/revisions"}],"predecessor-version":[{"id":205,"href":"https:\/\/wpdiarytheme.com\/es\/wp-json\/wp\/v2\/pages\/167\/revisions\/205"}],"wp:featuredmedia":[{"embeddable":true,"href":"https:\/\/wpdiarytheme.com\/es\/wp-json\/wp\/v2\/media\/86"}],"wp:attachment":[{"href":"https:\/\/wpdiarytheme.com\/es\/wp-json\/wp\/v2\/media?parent=167"}],"curies":[{"name":"wp","href":"https:\/\/api.w.org\/{rel}","templated":true}]}}