{"id":292,"date":"2022-09-30T13:10:30","date_gmt":"2022-09-30T12:10:30","guid":{"rendered":"http:\/\/wpdiarytheme.com\/kostenlose-fuck-sites\/"},"modified":"2022-09-30T13:10:30","modified_gmt":"2022-09-30T12:10:30","slug":"kostenlose-fuck-sites","status":"publish","type":"page","link":"https:\/\/wpdiarytheme.com\/de\/kostenlose-fuck-sites\/","title":{"rendered":"Kostenlose Fuck Sites"},"content":{"rendered":"<p>Es ist nicht zu leugnen, dass Meet-and-Fuck-Sites ihren Platz haben, wenn es darum geht, sich anzuschlie\u00dfen. Sie sind schnell, einfach und oft kostenlos, was sie ideal f\u00fcr alle macht, die eine <a href=\"http:\/\/wpdiarytheme.com\/free-naughty-chat-apps\/\">unverbindliche Begegnung<\/a> suchen. Sie sind jedoch nicht ohne Nachteile. Weil sie so einfach zu bedienen sind, werden sie oft von gef\u00e4lschten Profilen und Betr\u00fcgern \u00fcberrannt. Dar\u00fcber hinaus sind viele Meet-and-Fuck-Seiten unmoderiert, was zu einigen unappetitlichen (und gef\u00e4hrlichen) Begegnungen f\u00fchren kann. Wenn Sie eine Meet-and-Fuck-Site verwenden m\u00f6chten, recherchieren Sie und verwenden Sie eine seri\u00f6se, sichere Website.<\/p>\n<p>Es gibt viele kostenlose Fickseiten da drau\u00dfen, wenn Sie wissen, wo Sie suchen m\u00fcssen. Eine schnelle Online-Suche zeigt viele verschiedene Optionen auf, so dass es nur darum geht, eine zu finden, die Ihren Bed\u00fcrfnissen entspricht. Wenn Sie nur nach einer schnellen und einfachen M\u00f6glichkeit suchen, sich zu legen, dann k\u00f6nnte eine kostenlose Fickseite der richtige Weg sein. Wenn Sie jedoch nach etwas Ernsterem suchen, sollten Sie in Betracht ziehen, f\u00fcr eine Mitgliedschaft bei einer Premium-Dating-Site zu bezahlen. Premium-Websites verf\u00fcgen in der Regel \u00fcber bessere Sicherheits- und Datenschutzfunktionen sowie eine gr\u00f6\u00dfere und aktivere Benutzerbasis.<\/p>\n<h2>Finde einen Fuck Buddy<\/h2>\n<p>So etwas wie &#8222;Fick umsonst&#8220; gibt es nicht, wenn es um Dating geht. Wenn Sie mit jemandem ausgehen m\u00f6chten, m\u00fcssen Sie sich etwas M\u00fche geben &#8211; ob das bedeutet, ein paar Dates zu haben oder etwas Geld f\u00fcr ein schickes Abendessen auszugeben. Aber am Ende des Tages liegt es an dir, wie viel &#8222;Schei\u00dfe&#8220; du bereit bist zu geben &#8211; erwarte nur nicht, dass du es kostenlos bekommst.<\/p>\n<h3>FriendFinder-X<\/h3>\n<p>Wenn Sie eine Verbindung finden m\u00f6chten, ist FriendFinder-X eine gro\u00dfartige Dating-App. Es ist eine Meet-and-Fuck-Site, die speziell entwickelt wurde, um Ihnen zu helfen, Sexualpartner zu finden. Die App ist einfach zu bedienen und verf\u00fcgt \u00fcber viele Funktionen, die sie zu einer guten Wahl machen, um einen Anschluss zu finden. Die Suchfunktion ist sehr benutzerfreundlich und Sie k\u00f6nnen sie verwenden, um \u00dcbereinstimmungen in Ihrer N\u00e4he zu finden. Die App verf\u00fcgt auch \u00fcber eine Messaging-Funktion, mit der Sie mit potenziellen \u00dcbereinstimmungen kommunizieren k\u00f6nnen. Insgesamt ist FriendFinder-X eine gute Wahl, um einen Anschluss zu finden.<\/p>\n<h3>XCheater<\/h3>\n<p>Die XCheaters Dating-App ist eine der beliebtesten Meet-and-Fuck-Sites online. Die App wurde \u00fcber 1 Million Mal heruntergeladen und von Millionen von Nutzern genutzt. Die App kann kostenlos heruntergeladen und verwendet werden und ist sowohl f\u00fcr iOS- als auch f\u00fcr Android-Ger\u00e4te verf\u00fcgbar. Die App hat eine 4,5-Sterne-Bewertung im App Store und eine 4-Sterne-Bewertung im Google Play Store.<\/p>\n<p>Die App erm\u00f6glicht es Benutzern, lokale Singles zu finden, die daran interessiert sind, sich f\u00fcr einen Anschluss zu treffen. Die App erm\u00f6glicht es Benutzern auch, mit anderen Benutzern zu chatten, und sie verf\u00fcgt sogar \u00fcber ein integriertes Messaging-System. Die App ist sehr benutzerfreundlich und sehr einfach zu bedienen. Insgesamt ist die XCheaters-Dating-App eine gro\u00dfartige Option f\u00fcr diejenigen, die nach einer schnellen und einfachen M\u00f6glichkeit suchen, lokale Singles f\u00fcr einen Anschluss zu treffen.<\/p>\n<h3>DateYou<\/h3>\n<p>Wenn Sie nach einer Meet-and-Fuck-Site suchen, dann ist DateYou eine gro\u00dfartige Option. Die Website hat eine gro\u00dfe Benutzerbasis und ist einfach zu bedienen. Die Profile sind detailliert und es gibt viele Suchoptionen. Die Website ist jedoch teuer und es gibt keine kostenlosen Testversionen.<\/p>\n","protected":false},"excerpt":{"rendered":"<p>Es ist nicht zu leugnen, dass Meet-and-Fuck-Sites ihren Platz haben, wenn es darum geht, sich anzuschlie\u00dfen. Sie sind schnell, einfach&hellip;<\/p>\n","protected":false},"author":1,"featured_media":0,"parent":0,"menu_order":0,"comment_status":"closed","ping_status":"closed","template":"","meta":[],"yoast_head":"<!-- This site is optimized with the Yoast SEO plugin v17.7.1 - https:\/\/yoast.com\/wordpress\/plugins\/seo\/ -->\n<title>Kostenlose Fuck Sites - Dating Themes<\/title>\n<meta name=\"robots\" content=\"index, follow, max-snippet:-1, max-image-preview:large, max-video-preview:-1\" \/>\n<link rel=\"canonical\" href=\"https:\/\/wpdiarytheme.com\/de\/kostenlose-fuck-sites\/\" \/>\n<meta property=\"og:locale\" content=\"de_DE\" \/>\n<meta property=\"og:type\" content=\"article\" \/>\n<meta property=\"og:title\" content=\"Kostenlose Fuck Sites - Dating Themes\" \/>\n<meta property=\"og:description\" content=\"Es ist nicht zu leugnen, dass Meet-and-Fuck-Sites ihren Platz haben, wenn es darum geht, sich anzuschlie\u00dfen. Sie sind schnell, einfach&hellip;\" \/>\n<meta property=\"og:url\" content=\"https:\/\/wpdiarytheme.com\/de\/kostenlose-fuck-sites\/\" \/>\n<meta property=\"og:site_name\" content=\"Dating Themes\" \/>\n<meta name=\"twitter:card\" content=\"summary_large_image\" \/>\n<meta name=\"twitter:label1\" content=\"Gesch\u00e4tzte Lesezeit\" \/>\n\t<meta name=\"twitter:data1\" content=\"3\u00a0Minuten\" \/>\n<script type=\"application\/ld+json\" class=\"yoast-schema-graph\">{\"@context\":\"https:\/\/schema.org\",\"@graph\":[{\"@type\":\"WebSite\",\"@id\":\"https:\/\/wpdiarytheme.com\/cs\/#website\",\"url\":\"https:\/\/wpdiarytheme.com\/cs\/\",\"name\":\"Dating Themes\",\"description\":\"Find Your Perfect App\",\"potentialAction\":[{\"@type\":\"SearchAction\",\"target\":{\"@type\":\"EntryPoint\",\"urlTemplate\":\"https:\/\/wpdiarytheme.com\/cs\/?s={search_term_string}\"},\"query-input\":\"required name=search_term_string\"}],\"inLanguage\":\"de\"},{\"@type\":\"WebPage\",\"@id\":\"https:\/\/wpdiarytheme.com\/de\/kostenlose-fuck-sites\/#webpage\",\"url\":\"https:\/\/wpdiarytheme.com\/de\/kostenlose-fuck-sites\/\",\"name\":\"Kostenlose Fuck Sites - Dating Themes\",\"isPartOf\":{\"@id\":\"https:\/\/wpdiarytheme.com\/cs\/#website\"},\"datePublished\":\"2022-09-30T12:10:30+00:00\",\"dateModified\":\"2022-09-30T12:10:30+00:00\",\"breadcrumb\":{\"@id\":\"https:\/\/wpdiarytheme.com\/de\/kostenlose-fuck-sites\/#breadcrumb\"},\"inLanguage\":\"de\",\"potentialAction\":[{\"@type\":\"ReadAction\",\"target\":[\"https:\/\/wpdiarytheme.com\/de\/kostenlose-fuck-sites\/\"]}]},{\"@type\":\"BreadcrumbList\",\"@id\":\"https:\/\/wpdiarytheme.com\/de\/kostenlose-fuck-sites\/#breadcrumb\",\"itemListElement\":[{\"@type\":\"ListItem\",\"position\":1,\"name\":\"Home\",\"item\":\"http:\/\/wpdiarytheme.com\/de\/\"},{\"@type\":\"ListItem\",\"position\":2,\"name\":\"Kostenlose Fuck Sites\"}]}]}<\/script>\n<!-- \/ Yoast SEO plugin. -->","yoast_head_json":{"title":"Kostenlose Fuck Sites - Dating Themes","robots":{"index":"index","follow":"follow","max-snippet":"max-snippet:-1","max-image-preview":"max-image-preview:large","max-video-preview":"max-video-preview:-1"},"canonical":"https:\/\/wpdiarytheme.com\/de\/kostenlose-fuck-sites\/","og_locale":"de_DE","og_type":"article","og_title":"Kostenlose Fuck Sites - Dating Themes","og_description":"Es ist nicht zu leugnen, dass Meet-and-Fuck-Sites ihren Platz haben, wenn es darum geht, sich anzuschlie\u00dfen. Sie sind schnell, einfach&hellip;","og_url":"https:\/\/wpdiarytheme.com\/de\/kostenlose-fuck-sites\/","og_site_name":"Dating Themes","twitter_card":"summary_large_image","twitter_misc":{"Gesch\u00e4tzte Lesezeit":"3\u00a0Minuten"},"schema":{"@context":"https:\/\/schema.org","@graph":[{"@type":"WebSite","@id":"https:\/\/wpdiarytheme.com\/cs\/#website","url":"https:\/\/wpdiarytheme.com\/cs\/","name":"Dating Themes","description":"Find Your Perfect App","potentialAction":[{"@type":"SearchAction","target":{"@type":"EntryPoint","urlTemplate":"https:\/\/wpdiarytheme.com\/cs\/?s={search_term_string}"},"query-input":"required name=search_term_string"}],"inLanguage":"de"},{"@type":"WebPage","@id":"https:\/\/wpdiarytheme.com\/de\/kostenlose-fuck-sites\/#webpage","url":"https:\/\/wpdiarytheme.com\/de\/kostenlose-fuck-sites\/","name":"Kostenlose Fuck Sites - Dating Themes","isPartOf":{"@id":"https:\/\/wpdiarytheme.com\/cs\/#website"},"datePublished":"2022-09-30T12:10:30+00:00","dateModified":"2022-09-30T12:10:30+00:00","breadcrumb":{"@id":"https:\/\/wpdiarytheme.com\/de\/kostenlose-fuck-sites\/#breadcrumb"},"inLanguage":"de","potentialAction":[{"@type":"ReadAction","target":["https:\/\/wpdiarytheme.com\/de\/kostenlose-fuck-sites\/"]}]},{"@type":"BreadcrumbList","@id":"https:\/\/wpdiarytheme.com\/de\/kostenlose-fuck-sites\/#breadcrumb","itemListElement":[{"@type":"ListItem","position":1,"name":"Home","item":"http:\/\/wpdiarytheme.com\/de\/"},{"@type":"ListItem","position":2,"name":"Kostenlose Fuck Sites"}]}]}},"_links":{"self":[{"href":"https:\/\/wpdiarytheme.com\/de\/wp-json\/wp\/v2\/pages\/292"}],"collection":[{"href":"https:\/\/wpdiarytheme.com\/de\/wp-json\/wp\/v2\/pages"}],"about":[{"href":"https:\/\/wpdiarytheme.com\/de\/wp-json\/wp\/v2\/types\/page"}],"author":[{"embeddable":true,"href":"https:\/\/wpdiarytheme.com\/de\/wp-json\/wp\/v2\/users\/1"}],"replies":[{"embeddable":true,"href":"https:\/\/wpdiarytheme.com\/de\/wp-json\/wp\/v2\/comments?post=292"}],"version-history":[{"count":0,"href":"https:\/\/wpdiarytheme.com\/de\/wp-json\/wp\/v2\/pages\/292\/revisions"}],"wp:attachment":[{"href":"https:\/\/wpdiarytheme.com\/de\/wp-json\/wp\/v2\/media?parent=292"}],"curies":[{"name":"wp","href":"https:\/\/api.w.org\/{rel}","templated":true}]}}