{"id":262,"date":"2022-09-30T13:11:56","date_gmt":"2022-09-30T12:11:56","guid":{"rendered":"http:\/\/wpdiarytheme.com\/frauen-auf-der-suche-nach-sex\/"},"modified":"2022-09-30T13:11:56","modified_gmt":"2022-09-30T12:11:56","slug":"frauen-auf-der-suche-nach-sex","status":"publish","type":"page","link":"https:\/\/wpdiarytheme.com\/de\/frauen-auf-der-suche-nach-sex\/","title":{"rendered":"Frauen auf der Suche nach Sex"},"content":{"rendered":"<p>Es gibt etwas an einer Frau, die wei\u00df, was sie will und keine Angst hat, <a href=\"http:\/\/wpdiarytheme.com\/milf-hookup-sites\/\">danach zu gehen, das unglaublich attraktiv ist<\/a>. Frauen, die ficken wollen, sind selbstbewusst und sexy, und sie wissen, wie sie bekommen, was sie wollen. Sie haben keine Angst, die Verantwortung zu \u00fcbernehmen, und sie sind gro\u00dfartig im Bett. Wenn Sie nach einem Anschluss suchen, der garantiert hei\u00df und wild ist, treffen Sie sich mit einer Frau, die ficken will.<\/p>\n<p>Es gibt viele Frauen da drau\u00dfen, die nach Sex suchen, und wenn Sie bereit sind, sich ein wenig anzustrengen, k\u00f6nnen Sie sie finden. Der Schl\u00fcssel ist, sich f\u00fcr sie attraktiv zu machen und durchsetzungsf\u00e4hig zu sein. Seien Sie zuversichtlich und ergreifen Sie die Initiative. Seien Sie bereit, ihnen etwas im Gegenzug anzubieten, sei es eine finanzielle Entsch\u00e4digung oder einfach nur Vergn\u00fcgen. Sei respektvoll und dr\u00e4nge nicht zu sehr, und du solltest in der Lage sein, Frauen zu finden, die bereit sind, Sex mit dir zu haben.<\/p>\n<h2>Sex-Finder<\/h2>\n<p>Es gibt viele Frauen, die nach Sex in meiner N\u00e4he suchen, und die \u00fcberwiegende Mehrheit von ihnen sucht nur nach Liebe. Wenn Sie jedoch nur nach einer schnellen Verbindung suchen, werden Sie wahrscheinlich anderswo mehr Gl\u00fcck haben. Die Frauen, die nach Sex in meiner N\u00e4he suchen, suchen normalerweise nach etwas Substanziellerem, also wenn Sie nur nach einem One-Night-Stand suchen, m\u00f6chten Sie es vielleicht woanders versuchen.<\/p>\n<h2>Geile einheimische Frauen<\/h2>\n<p>Es gibt keinen Grund, sch\u00fcchtern zu sein, sich mit einer geilen Frau zu treffen. Viele davon finden Sie hier auf Xpress.com. Erstellen Sie einfach ein Profil und st\u00f6bern Sie durch alle lokalen geilen Frauen in Ihrer N\u00e4he. Sie k\u00f6nnen Nachrichten und Flirts senden und sich zu einer hei\u00dfen, dampfenden Sitzung treffen. Es liegt ganz bei Ihnen. Worauf warten Sie also noch? Fangen Sie noch heute an und treffen Sie sich mit einer geilen Frau in Ihrer N\u00e4he!<\/p>\n<h3>LuckyCrush<\/h3>\n<p>LuckyCrush ist eine neue Dating-App, mit der Frauen die M\u00e4nner, mit denen sie geschlafen haben, anonym bewerten und bewerten k\u00f6nnen. Die App ist anonym und erlaubt es Frauen nur, die M\u00e4nner, die sie gefickt haben, zu bewerten und zu bewerten, nicht umgekehrt. Die App befindet sich noch in einem fr\u00fchen Stadium, aber sie hilft Frauen bereits, die M\u00e4nner, die sie gefickt haben, anonym zu bewerten und zu \u00fcberpr\u00fcfen.<\/p>\n<h3>WantMatures<\/h3>\n<p>Wenn Sie eine Frau sind, die nur ficken will, dann ist die WantMatures Dating-App definitiv einen Besuch wert. Die App wurde speziell f\u00fcr Frauen entwickelt, die sich mit \u00e4lteren M\u00e4nnern verbinden m\u00f6chten, und ist wirklich einfach zu bedienen. Erstellen Sie einfach ein Profil, durchsuchen Sie die Profile potenzieller \u00dcbereinstimmungen und starten Sie die Nachrichten. Die M\u00e4nner in der App suchen alle nach einer Sache, und sie haben keine Angst, es zu sagen. Also, wenn Sie es satt haben, mit Jungs zu arbeiten, die nur Spiele spielen wollen, ist dies die App f\u00fcr Sie.<\/p>\n<h3>Fling.com<\/h3>\n<p>Wenn Sie eine Frau sind, die ficken will, dann ist Fling.com die Dating-App f\u00fcr Sie. Mit \u00fcber 2 Millionen Mitgliedern weltweit ist es die gr\u00f6\u00dfte Dating-App ihrer Art und es ist leicht zu verstehen, warum. Mit seiner einfachen, aber effektiven Suchfunktion k\u00f6nnen Sie schnell und einfach jemanden finden, der Ihren Kriterien entspricht.<\/p>\n<p>Es gibt keine komplizierten Algorithmen oder langwierigen Frageb\u00f6gen zum Ausf\u00fcllen, nur ein einfaches Profil und ein Foto. Sobald Sie jemanden gefunden haben, den Sie m\u00f6gen, senden Sie ihm einfach eine Nachricht und lassen Sie den Spa\u00df beginnen.<\/p>\n<p>Fling.com ist kostenlos zu benutzen und es gibt keine versteckten Kosten, so dass Sie sich einfach darauf konzentrieren k\u00f6nnen, jemanden zu finden, den Sie ficken k\u00f6nnen. Und mit seiner gro\u00dfen Mitgliederbasis finden Sie sicher jemanden, der daf\u00fcr bereit ist.<\/p>\n","protected":false},"excerpt":{"rendered":"<p>Es gibt etwas an einer Frau, die wei\u00df, was sie will und keine Angst hat, danach zu gehen, das unglaublich&hellip;<\/p>\n","protected":false},"author":1,"featured_media":0,"parent":0,"menu_order":0,"comment_status":"closed","ping_status":"closed","template":"","meta":[],"yoast_head":"<!-- This site is optimized with the Yoast SEO plugin v17.7.1 - https:\/\/yoast.com\/wordpress\/plugins\/seo\/ -->\n<title>Frauen auf der Suche nach Sex - Dating Themes<\/title>\n<meta name=\"robots\" content=\"index, follow, max-snippet:-1, max-image-preview:large, max-video-preview:-1\" \/>\n<link rel=\"canonical\" href=\"https:\/\/wpdiarytheme.com\/de\/frauen-auf-der-suche-nach-sex\/\" \/>\n<meta property=\"og:locale\" content=\"de_DE\" \/>\n<meta property=\"og:type\" content=\"article\" \/>\n<meta property=\"og:title\" content=\"Frauen auf der Suche nach Sex - Dating Themes\" \/>\n<meta property=\"og:description\" content=\"Es gibt etwas an einer Frau, die wei\u00df, was sie will und keine Angst hat, danach zu gehen, das unglaublich&hellip;\" \/>\n<meta property=\"og:url\" content=\"https:\/\/wpdiarytheme.com\/de\/frauen-auf-der-suche-nach-sex\/\" \/>\n<meta property=\"og:site_name\" content=\"Dating Themes\" \/>\n<meta name=\"twitter:card\" content=\"summary_large_image\" \/>\n<meta name=\"twitter:label1\" content=\"Gesch\u00e4tzte Lesezeit\" \/>\n\t<meta name=\"twitter:data1\" content=\"3\u00a0Minuten\" \/>\n<script type=\"application\/ld+json\" class=\"yoast-schema-graph\">{\"@context\":\"https:\/\/schema.org\",\"@graph\":[{\"@type\":\"WebSite\",\"@id\":\"https:\/\/wpdiarytheme.com\/#website\",\"url\":\"https:\/\/wpdiarytheme.com\/\",\"name\":\"Dating Themes\",\"description\":\"Find Your Perfect App\",\"potentialAction\":[{\"@type\":\"SearchAction\",\"target\":{\"@type\":\"EntryPoint\",\"urlTemplate\":\"https:\/\/wpdiarytheme.com\/?s={search_term_string}\"},\"query-input\":\"required name=search_term_string\"}],\"inLanguage\":\"de\"},{\"@type\":\"WebPage\",\"@id\":\"https:\/\/wpdiarytheme.com\/de\/frauen-auf-der-suche-nach-sex\/#webpage\",\"url\":\"https:\/\/wpdiarytheme.com\/de\/frauen-auf-der-suche-nach-sex\/\",\"name\":\"Frauen auf der Suche nach Sex - Dating Themes\",\"isPartOf\":{\"@id\":\"https:\/\/wpdiarytheme.com\/#website\"},\"datePublished\":\"2022-09-30T12:11:56+00:00\",\"dateModified\":\"2022-09-30T12:11:56+00:00\",\"breadcrumb\":{\"@id\":\"https:\/\/wpdiarytheme.com\/de\/frauen-auf-der-suche-nach-sex\/#breadcrumb\"},\"inLanguage\":\"de\",\"potentialAction\":[{\"@type\":\"ReadAction\",\"target\":[\"https:\/\/wpdiarytheme.com\/de\/frauen-auf-der-suche-nach-sex\/\"]}]},{\"@type\":\"BreadcrumbList\",\"@id\":\"https:\/\/wpdiarytheme.com\/de\/frauen-auf-der-suche-nach-sex\/#breadcrumb\",\"itemListElement\":[{\"@type\":\"ListItem\",\"position\":1,\"name\":\"Home\",\"item\":\"https:\/\/wpdiarytheme.com\/de\/\"},{\"@type\":\"ListItem\",\"position\":2,\"name\":\"Frauen auf der Suche nach Sex\"}]}]}<\/script>\n<!-- \/ Yoast SEO plugin. -->","yoast_head_json":{"title":"Frauen auf der Suche nach Sex - Dating Themes","robots":{"index":"index","follow":"follow","max-snippet":"max-snippet:-1","max-image-preview":"max-image-preview:large","max-video-preview":"max-video-preview:-1"},"canonical":"https:\/\/wpdiarytheme.com\/de\/frauen-auf-der-suche-nach-sex\/","og_locale":"de_DE","og_type":"article","og_title":"Frauen auf der Suche nach Sex - Dating Themes","og_description":"Es gibt etwas an einer Frau, die wei\u00df, was sie will und keine Angst hat, danach zu gehen, das unglaublich&hellip;","og_url":"https:\/\/wpdiarytheme.com\/de\/frauen-auf-der-suche-nach-sex\/","og_site_name":"Dating Themes","twitter_card":"summary_large_image","twitter_misc":{"Gesch\u00e4tzte Lesezeit":"3\u00a0Minuten"},"schema":{"@context":"https:\/\/schema.org","@graph":[{"@type":"WebSite","@id":"https:\/\/wpdiarytheme.com\/#website","url":"https:\/\/wpdiarytheme.com\/","name":"Dating Themes","description":"Find Your Perfect App","potentialAction":[{"@type":"SearchAction","target":{"@type":"EntryPoint","urlTemplate":"https:\/\/wpdiarytheme.com\/?s={search_term_string}"},"query-input":"required name=search_term_string"}],"inLanguage":"de"},{"@type":"WebPage","@id":"https:\/\/wpdiarytheme.com\/de\/frauen-auf-der-suche-nach-sex\/#webpage","url":"https:\/\/wpdiarytheme.com\/de\/frauen-auf-der-suche-nach-sex\/","name":"Frauen auf der Suche nach Sex - Dating Themes","isPartOf":{"@id":"https:\/\/wpdiarytheme.com\/#website"},"datePublished":"2022-09-30T12:11:56+00:00","dateModified":"2022-09-30T12:11:56+00:00","breadcrumb":{"@id":"https:\/\/wpdiarytheme.com\/de\/frauen-auf-der-suche-nach-sex\/#breadcrumb"},"inLanguage":"de","potentialAction":[{"@type":"ReadAction","target":["https:\/\/wpdiarytheme.com\/de\/frauen-auf-der-suche-nach-sex\/"]}]},{"@type":"BreadcrumbList","@id":"https:\/\/wpdiarytheme.com\/de\/frauen-auf-der-suche-nach-sex\/#breadcrumb","itemListElement":[{"@type":"ListItem","position":1,"name":"Home","item":"https:\/\/wpdiarytheme.com\/de\/"},{"@type":"ListItem","position":2,"name":"Frauen auf der Suche nach Sex"}]}]}},"_links":{"self":[{"href":"https:\/\/wpdiarytheme.com\/de\/wp-json\/wp\/v2\/pages\/262"}],"collection":[{"href":"https:\/\/wpdiarytheme.com\/de\/wp-json\/wp\/v2\/pages"}],"about":[{"href":"https:\/\/wpdiarytheme.com\/de\/wp-json\/wp\/v2\/types\/page"}],"author":[{"embeddable":true,"href":"https:\/\/wpdiarytheme.com\/de\/wp-json\/wp\/v2\/users\/1"}],"replies":[{"embeddable":true,"href":"https:\/\/wpdiarytheme.com\/de\/wp-json\/wp\/v2\/comments?post=262"}],"version-history":[{"count":0,"href":"https:\/\/wpdiarytheme.com\/de\/wp-json\/wp\/v2\/pages\/262\/revisions"}],"wp:attachment":[{"href":"https:\/\/wpdiarytheme.com\/de\/wp-json\/wp\/v2\/media?parent=262"}],"curies":[{"name":"wp","href":"https:\/\/api.w.org\/{rel}","templated":true}]}}