{"id":175,"date":"2022-09-12T12:14:34","date_gmt":"2022-09-12T11:14:34","guid":{"rendered":"http:\/\/wpdiarytheme.com\/dein-dating-tagebuch-hookups-mehr\/"},"modified":"2022-09-27T13:15:10","modified_gmt":"2022-09-27T12:15:10","slug":"dein-dating-tagebuch-hookups-mehr","status":"publish","type":"page","link":"https:\/\/wpdiarytheme.com\/de\/","title":{"rendered":"Dein Dating-Tagebuch: Hookups &amp; mehr"},"content":{"rendered":"<p>Ich wei\u00df, was Sie denken: &#8222;Es gibt Tausende von Dating-Apps und Websites da drau\u00dfen.&#8220; Und Sie h\u00e4tten Recht. Aber ich denke, wir k\u00f6nnen uns darauf einigen, dass es einige der besten gibt. Als jemand, der jeden Tag einen benutzt, wollte ich sicherstellen, dass Sie \u00fcber die besten kostenlosen Hookup-Sites Bescheid wissen.<\/p>\n<p>Diese Liste enth\u00e4lt alle wichtigen, die v\u00f6llig kostenlos sind. Einige von ihnen haben sogar bezahlte Pl\u00e4ne und <a href=\"http:\/\/www.sexseiten-at.com\">Sexseiten-AT.com<\/a>, aber diese sind nicht notwendig, um beizutreten. Wenn Sie jedoch eine langfristige Beziehung finden m\u00f6chten, lesen Sie meinen Leitfaden, um Liebe online zu finden.<\/p>\n<p>Das Gr\u00f6\u00dfte, was Sie an diesen Websites bemerken werden, ist, wie einfach sie zu bedienen sind. Die meisten Websites erfordern keine Anmeldungen, nur Benutzername und Passwort. Sie m\u00fcssen keine Profile ausf\u00fcllen oder Fragen beantworten. Sie geben einfach ein, was Sie m\u00f6chten, in die Suchleiste und fangen an, Leute zu treffen.<\/p>\n<p>Sie werden keine gef\u00e4lschten Konten auf unserer Liste finden. Alle hier aufgef\u00fchrten Websites sind v\u00f6llig legitim und sicher. Es gibt auch Tonnen von verschiedenen Arten von Menschen auf diesen Plattformen. Egal, ob Sie Gelegenheitssex oder ernsthafte Beziehungen bevorzugen, Sie werden bestimmt etwas finden, das Ihnen Spa\u00df macht.<\/p>\n<h2>Erste Schritte mit Dating-Sites<\/h2>\n<p>Viele Menschen nutzen Dating-Sites und Apps, um sich mit potenziellen romantischen \u00dcbereinstimmungen zu verbinden. Aber w\u00e4hrend diese Seiten viele Funktionen bieten, um Liebe zu finden, gibt es viele andere, die speziell darauf ausgerichtet sind, sich f\u00fcr One-Night-Stands zu treffen. Egal, ob Sie nach einem schnellen Seitensprung oder einfach nur nach jemandem suchen, mit dem Sie abh\u00e4ngen k\u00f6nnen, hier sind 10 gro\u00dfartige Orte, an denen Sie nichts bezahlen m\u00fcssen, um es auszuprobieren.<\/p>\n<p><img loading=\"lazy\" class=\"aligncenter wp-image-66 size-large\" src=\"http:\/\/wpdiarytheme.com\/wp-content\/uploads\/2022\/09\/real-dates-online-1024x683.jpeg\" alt=\"\" width=\"525\" height=\"350\" srcset=\"https:\/\/wpdiarytheme.com\/wp-content\/uploads\/2022\/09\/real-dates-online-1024x683.jpeg 1024w, https:\/\/wpdiarytheme.com\/wp-content\/uploads\/2022\/09\/real-dates-online-300x200.jpeg 300w, https:\/\/wpdiarytheme.com\/wp-content\/uploads\/2022\/09\/real-dates-online-768x512.jpeg 768w, https:\/\/wpdiarytheme.com\/wp-content\/uploads\/2022\/09\/real-dates-online.jpeg 1125w\" sizes=\"(max-width: 525px) 100vw, 525px\" \/><\/p>\n<h3>VieleVieleFische<\/h3>\n<p>PlentyOfFish ist wahrscheinlich der bekannteste Ort f\u00fcr zuf\u00e4llige Begegnungen. W\u00e4hrend es eine Geb\u00fchr erhebt, um ein Premium-Mitglied zu werden, bietet es Tonnen von Funktionen, einschlie\u00dflich der M\u00f6glichkeit, Mitglieder nach Standort, Alter, K\u00f6rpertyp, Geschlecht, ethnischer Zugeh\u00f6rigkeit, Religion, Beziehungsstatus, Bildungsniveau, Gr\u00f6\u00dfe, Gewicht, Rauchgewohnheiten, Trinkgewohnheiten und vielem mehr zu durchsuchen. Du wirst nie auf jemanden treffen, den du kennst, aber du k\u00f6nntest am Ende jemanden treffen, der deine Interessen teilt.<\/p>\n<h3>AdultFriendFinder<\/h3>\n<p>Adult Friend Finder ist ein weiterer sehr beliebter Ort, um nach einer zuf\u00e4lligen Begegnung zu suchen. Sie gibt es seit 1999 und behaupten, Millionen von aktiven Profilen zu haben. Es gibt viele verschiedene Optionen f\u00fcr die Mitgliedschaft, die von einer kostenlosen Testversion bis zu einem monatlichen Abonnement reichen. Solange Sie bereit sind, etwas Arbeit zu investieren, k\u00f6nnen Sie genau das finden, wonach Sie suchen.<\/p>\n<p>Adult Friend Finder ist eine weitere Website, die Erwachsenen hilft, Freunde mit Vorteilen zu finden. Tats\u00e4chlich ist es die zweitgr\u00f6\u00dfte BBW-Kontaktanzeigenseite hinter Ashley Madison.<\/p>\n<h3>Ashley Madison<\/h3>\n<p>Wenn Sie nach etwas Diskretem suchen, ist Ashley Madison auf jeden Fall einen Besuch wert. Diese Website bietet Ihnen die M\u00f6glichkeit, die Profile anderer Personen anzuzeigen, Nachrichten zu senden und Termine zu vereinbaren. All dies geschieht v\u00f6llig anonym. Wenn Sie sich f\u00fcr eine Premium-Mitgliedschaft anmelden, k\u00f6nnen Sie die vollst\u00e4ndigen Namen, E-Mail-Adressen und sogar Telefonnummern anderer Mitglieder sehen.<\/p>\n<p>AshleyMadison.com ist ein Hauch frischer Online-Luft f\u00fcr Menschen, die ein wenig mehr W\u00fcrze in ihrem Liebesleben erleben m\u00f6chten. Mit \u00fcber 54 Millionen Mitgliedern weltweit bietet die Dating-Website f\u00fcr Erwachsene viele M\u00f6glichkeiten, gleichgesinnte Singles zu treffen. Egal, ob Sie nach zuf\u00e4lligen Begegnungen, einer ernsthaften Beziehung oder etwas ganz anderem suchen, AshleyMadison.com hat alles, wonach Sie suchen.<\/p>\n<h3>BeNaughty<\/h3>\n<p>BeNaughty ist eine kostenlose Online-Dating-App, in der sich Menschen auf der Grundlage gegenseitiger Interessen treffen. Sie m\u00fcssen sich keine Sorgen machen, jemanden Besonderen zu finden, denn es gibt Tausende von Mitgliedern, die darauf warten, dass Sie beitreten.<\/p>\n<p>Das Ziel von BeNaughty ist einfach: Wir wollen es einfacher machen, Menschen zu treffen. Wir haben die harte Arbeit f\u00fcr Sie erledigt &#8211; unser Expertenteam hat handverlesene Profile von hei\u00dfen Jungs und M\u00e4dchen wie Ihnen. Egal, ob Sie nach Freundschaft, Gelegenheitssex oder etwas Ernstem suchen, hier finden Sie genau das, was Sie wollen.<\/p>\n<p>Wenn Sie bereit sind, mit dem lokalen Singleton zu chatten, melden Sie sich jetzt an und beginnen Sie zu surfen.<\/p>\n<h3>IWantU<\/h3>\n<p>Die IWantU-App ist eine Hookup-Site, auf der sich Menschen am selben Tag zum Sex treffen k\u00f6nnen. Die 2017 eingef\u00fchrte App wurde weltweit \u00fcber 50 Millionen Mal heruntergeladen, mit \u00fcber 30 Millionen Downloads allein in den USA. Benutzer melden sich kostenlos an, w\u00e4hlen ihr Geschlecht, ihre Altersgruppe, ihren Standort und ihre Interessen und warten auf \u00dcbereinstimmungen basierend auf diesen Kriterien. Sie k\u00f6nnen dann direkt per E-Mail oder Telefonanruf Kontakt aufnehmen und sich innerhalb von 24 Stunden zum Sex treffen.<\/p>\n<p>Die App wurde entwickelt, um vielbesch\u00e4ftigten Fachleuten zu helfen, Gleichgesinnte f\u00fcr One-Night-Stands, schnelle Seitenspr\u00fcnge oder sogar Heiratsantr\u00e4ge zu treffen. Es gibt keine Ablehnungen oder langen \u00dcberzeugungen, weil alle Mitglieder f\u00fcr die gleiche Sache kommen &#8211; Sex.<\/p>\n<p>Jeder Nutzer zeichnet sich durch Emanzipation, den Wunsch aus, Freude zu empfangen und zu bereiten, und die Bereitschaft, etwas anderes auszuprobieren. Neben einem Profilbereich, in dem sich die Nutzer selbst beschreiben, laden sie auch Bilder, Videos und Orte hoch, an denen sie sich treffen m\u00f6chten.<\/p>\n<h2>Was kommt als n\u00e4chstes?<\/h2>\n<p>Okay, wir wissen also, was Sie denken. &#8222;Ich m\u00f6chte nicht einer Hookup-Site beitreten.&#8220; Nun, es ist in Ordnung, weil es viele kostenlose Websites gibt, die gro\u00dfartige Funktionen wie Instant Messaging und Video-Chat bieten.<\/p>\n<p>Wenn Sie heute Abend Gelegenheitssex haben m\u00f6chten, dann scrollen Sie weiter und ergreifen Sie Ma\u00dfnahmen, einfach genug, nicht wahr?<\/p>\n<p>Sie sollten sich einigen verschiedenen Websites anschlie\u00dfen und sehen, welche f\u00fcr Sie am besten geeignet ist.<\/p>\n","protected":false},"excerpt":{"rendered":"<p>Ich wei\u00df, was Sie denken: &#8222;Es gibt Tausende von Dating-Apps und Websites da drau\u00dfen.&#8220; Und Sie h\u00e4tten Recht. Aber ich&hellip;<\/p>\n","protected":false},"author":1,"featured_media":80,"parent":0,"menu_order":0,"comment_status":"closed","ping_status":"closed","template":"","meta":[],"yoast_head":"<!-- This site is optimized with the Yoast SEO plugin v17.7.1 - https:\/\/yoast.com\/wordpress\/plugins\/seo\/ -->\n<title>Dein Dating-Tagebuch: Hookups &amp; mehr - Dating Themes<\/title>\n<meta name=\"robots\" content=\"index, follow, max-snippet:-1, max-image-preview:large, max-video-preview:-1\" \/>\n<link rel=\"canonical\" href=\"https:\/\/wpdiarytheme.com\/de\/\" \/>\n<meta property=\"og:locale\" content=\"de_DE\" \/>\n<meta property=\"og:type\" content=\"article\" \/>\n<meta property=\"og:title\" content=\"Dein Dating-Tagebuch: Hookups &amp; mehr - Dating Themes\" \/>\n<meta property=\"og:description\" content=\"Ich wei\u00df, was Sie denken: &#8222;Es gibt Tausende von Dating-Apps und Websites da drau\u00dfen.&#8220; Und Sie h\u00e4tten Recht. Aber ich&hellip;\" \/>\n<meta property=\"og:url\" content=\"https:\/\/wpdiarytheme.com\/de\/\" \/>\n<meta property=\"og:site_name\" content=\"Dating Themes\" \/>\n<meta property=\"article:modified_time\" content=\"2022-09-27T12:15:10+00:00\" \/>\n<meta property=\"og:image\" content=\"https:\/\/wpdiarytheme.com\/wp-content\/uploads\/2022\/09\/local-sex-match.jpeg\" \/>\n\t<meta property=\"og:image:width\" content=\"1600\" \/>\n\t<meta property=\"og:image:height\" content=\"1067\" \/>\n<meta name=\"twitter:card\" content=\"summary_large_image\" \/>\n<meta name=\"twitter:label1\" content=\"Gesch\u00e4tzte Lesezeit\" \/>\n\t<meta name=\"twitter:data1\" content=\"5\u00a0Minuten\" \/>\n<script type=\"application\/ld+json\" class=\"yoast-schema-graph\">{\"@context\":\"https:\/\/schema.org\",\"@graph\":[{\"@type\":\"WebSite\",\"@id\":\"https:\/\/wpdiarytheme.com\/#website\",\"url\":\"https:\/\/wpdiarytheme.com\/\",\"name\":\"Dating Themes\",\"description\":\"Find Your Perfect App\",\"potentialAction\":[{\"@type\":\"SearchAction\",\"target\":{\"@type\":\"EntryPoint\",\"urlTemplate\":\"https:\/\/wpdiarytheme.com\/?s={search_term_string}\"},\"query-input\":\"required name=search_term_string\"}],\"inLanguage\":\"de\"},{\"@type\":\"ImageObject\",\"@id\":\"https:\/\/wpdiarytheme.com\/de\/#primaryimage\",\"inLanguage\":\"de\",\"url\":\"https:\/\/wpdiarytheme.com\/wp-content\/uploads\/2022\/09\/local-sex-match.jpeg\",\"contentUrl\":\"https:\/\/wpdiarytheme.com\/wp-content\/uploads\/2022\/09\/local-sex-match.jpeg\",\"width\":1600,\"height\":1067},{\"@type\":\"WebPage\",\"@id\":\"https:\/\/wpdiarytheme.com\/de\/#webpage\",\"url\":\"https:\/\/wpdiarytheme.com\/de\/\",\"name\":\"Dein Dating-Tagebuch: Hookups &amp; mehr - Dating Themes\",\"isPartOf\":{\"@id\":\"https:\/\/wpdiarytheme.com\/#website\"},\"primaryImageOfPage\":{\"@id\":\"https:\/\/wpdiarytheme.com\/de\/#primaryimage\"},\"datePublished\":\"2022-09-12T11:14:34+00:00\",\"dateModified\":\"2022-09-27T12:15:10+00:00\",\"breadcrumb\":{\"@id\":\"https:\/\/wpdiarytheme.com\/de\/#breadcrumb\"},\"inLanguage\":\"de\",\"potentialAction\":[{\"@type\":\"ReadAction\",\"target\":[\"https:\/\/wpdiarytheme.com\/de\/\"]}]},{\"@type\":\"BreadcrumbList\",\"@id\":\"https:\/\/wpdiarytheme.com\/de\/#breadcrumb\",\"itemListElement\":[{\"@type\":\"ListItem\",\"position\":1,\"name\":\"Home\",\"item\":\"https:\/\/wpdiarytheme.com\/de\/\"},{\"@type\":\"ListItem\",\"position\":2,\"name\":\"Dein Dating-Tagebuch: Hookups &amp; mehr\"}]}]}<\/script>\n<!-- \/ Yoast SEO plugin. -->","yoast_head_json":{"title":"Dein Dating-Tagebuch: Hookups &amp; mehr - Dating Themes","robots":{"index":"index","follow":"follow","max-snippet":"max-snippet:-1","max-image-preview":"max-image-preview:large","max-video-preview":"max-video-preview:-1"},"canonical":"https:\/\/wpdiarytheme.com\/de\/","og_locale":"de_DE","og_type":"article","og_title":"Dein Dating-Tagebuch: Hookups &amp; mehr - Dating Themes","og_description":"Ich wei\u00df, was Sie denken: &#8222;Es gibt Tausende von Dating-Apps und Websites da drau\u00dfen.&#8220; Und Sie h\u00e4tten Recht. Aber ich&hellip;","og_url":"https:\/\/wpdiarytheme.com\/de\/","og_site_name":"Dating Themes","article_modified_time":"2022-09-27T12:15:10+00:00","og_image":[{"width":1600,"height":1067,"url":"https:\/\/wpdiarytheme.com\/wp-content\/uploads\/2022\/09\/local-sex-match.jpeg","type":"image\/jpeg"}],"twitter_card":"summary_large_image","twitter_misc":{"Gesch\u00e4tzte Lesezeit":"5\u00a0Minuten"},"schema":{"@context":"https:\/\/schema.org","@graph":[{"@type":"WebSite","@id":"https:\/\/wpdiarytheme.com\/#website","url":"https:\/\/wpdiarytheme.com\/","name":"Dating Themes","description":"Find Your Perfect App","potentialAction":[{"@type":"SearchAction","target":{"@type":"EntryPoint","urlTemplate":"https:\/\/wpdiarytheme.com\/?s={search_term_string}"},"query-input":"required name=search_term_string"}],"inLanguage":"de"},{"@type":"ImageObject","@id":"https:\/\/wpdiarytheme.com\/de\/#primaryimage","inLanguage":"de","url":"https:\/\/wpdiarytheme.com\/wp-content\/uploads\/2022\/09\/local-sex-match.jpeg","contentUrl":"https:\/\/wpdiarytheme.com\/wp-content\/uploads\/2022\/09\/local-sex-match.jpeg","width":1600,"height":1067},{"@type":"WebPage","@id":"https:\/\/wpdiarytheme.com\/de\/#webpage","url":"https:\/\/wpdiarytheme.com\/de\/","name":"Dein Dating-Tagebuch: Hookups &amp; mehr - Dating Themes","isPartOf":{"@id":"https:\/\/wpdiarytheme.com\/#website"},"primaryImageOfPage":{"@id":"https:\/\/wpdiarytheme.com\/de\/#primaryimage"},"datePublished":"2022-09-12T11:14:34+00:00","dateModified":"2022-09-27T12:15:10+00:00","breadcrumb":{"@id":"https:\/\/wpdiarytheme.com\/de\/#breadcrumb"},"inLanguage":"de","potentialAction":[{"@type":"ReadAction","target":["https:\/\/wpdiarytheme.com\/de\/"]}]},{"@type":"BreadcrumbList","@id":"https:\/\/wpdiarytheme.com\/de\/#breadcrumb","itemListElement":[{"@type":"ListItem","position":1,"name":"Home","item":"https:\/\/wpdiarytheme.com\/de\/"},{"@type":"ListItem","position":2,"name":"Dein Dating-Tagebuch: Hookups &amp; mehr"}]}]}},"_links":{"self":[{"href":"https:\/\/wpdiarytheme.com\/de\/wp-json\/wp\/v2\/pages\/175"}],"collection":[{"href":"https:\/\/wpdiarytheme.com\/de\/wp-json\/wp\/v2\/pages"}],"about":[{"href":"https:\/\/wpdiarytheme.com\/de\/wp-json\/wp\/v2\/types\/page"}],"author":[{"embeddable":true,"href":"https:\/\/wpdiarytheme.com\/de\/wp-json\/wp\/v2\/users\/1"}],"replies":[{"embeddable":true,"href":"https:\/\/wpdiarytheme.com\/de\/wp-json\/wp\/v2\/comments?post=175"}],"version-history":[{"count":1,"href":"https:\/\/wpdiarytheme.com\/de\/wp-json\/wp\/v2\/pages\/175\/revisions"}],"predecessor-version":[{"id":200,"href":"https:\/\/wpdiarytheme.com\/de\/wp-json\/wp\/v2\/pages\/175\/revisions\/200"}],"wp:featuredmedia":[{"embeddable":true,"href":"https:\/\/wpdiarytheme.com\/de\/wp-json\/wp\/v2\/media\/80"}],"wp:attachment":[{"href":"https:\/\/wpdiarytheme.com\/de\/wp-json\/wp\/v2\/media?parent=175"}],"curies":[{"name":"wp","href":"https:\/\/api.w.org\/{rel}","templated":true}]}}