{"id":312,"date":"2022-09-30T13:10:58","date_gmt":"2022-09-30T12:10:58","guid":{"rendered":"http:\/\/wpdiarytheme.com\/tal-med-milfs\/"},"modified":"2022-09-30T13:10:58","modified_gmt":"2022-09-30T12:10:58","slug":"tal-med-milfs","status":"publish","type":"page","link":"https:\/\/wpdiarytheme.com\/da\/tal-med-milfs\/","title":{"rendered":"Tal med Milfs"},"content":{"rendered":"<p>Der er noget ved MILF&#8217;er, der bare g\u00f8r dem uimodst\u00e5elige. M\u00e5ske er det deres erfarne m\u00e5der, eller m\u00e5ske er det bare det faktum, at de normalt er s\u00e5 meget varmere end yngre kvinder. Uanset \u00e5rsagen er MILF&#8217;er bestemt efterspurgte, is\u00e6r n\u00e5r det kommer til tilslutning.<\/p>\n<p>Heldigvis er der masser af MILF <a href=\"http:\/\/wpdiarytheme.com\/women-looking-for-sex\/\">chatrooms<\/a> derude, hvor du kan g\u00e5 til at chatte med og potentielt tilslutte dig en \u00e6ldre kvinde. Bare s\u00f8rg for at huske dine manerer og v\u00e6re respektfuld &#8211; n\u00e5r alt kommer til alt er det stadig rigtige mennesker, du taler med, ikke kun genstande af dit \u00f8nske. Hvis du g\u00f8r det, b\u00f8r du ikke have noget problem med at finde dig selv en MILF at chatte med&#8230; og m\u00e5ske endda tilslutte sig!<\/p>\n<p>Der er masser af MILF chatrum online, der giver dig mulighed for at chatte med \u00e6ldre kvinder uden at skulle betale en krone. Disse chatrum er en fantastisk m\u00e5de at komme i kontakt med \u00e6ldre kvinder, der m\u00e5ske er interesseret i at date yngre m\u00e6nd. Du kan bruge disse chatrum til at l\u00e6re en potentiel date bedre at kende og se, om der er kemi mellem jer to. Plus, du kan ogs\u00e5 bruge disse chatrum til at tale om alt andet, som du m\u00e5ske er interesseret i. S\u00e5 hvis du leder efter et gratis MILF-chatrum til at oprette forbindelse til \u00e6ldre kvinder, s\u00e5 tjek nogle af mulighederne nedenfor.<\/p>\n<h2>MILF Chatrooms<\/h2>\n<p>Der er noget s\u00e6rligt ved at chatte med milfs. De udstr\u00e5ler selvtillid og erfaring, og de ved, hvad de vil i livet. De er ogs\u00e5 gode lyttere, og de vil altid tilbyde salvier\u00e5dgivning. Uanset om du leder efter k\u00e6rlighed eller bare en sjov samtale, er det altid en god tid at chatte med en milf. N\u00e5r det kommer til dating, kan det v\u00e6re en stor oplevelse at tale med MILF&#8217;er. De er typisk erfarne i forhold og ved, hvad de laver, s\u00e5 de kan v\u00e6re en god ressource til r\u00e5dgivning. De kan ogs\u00e5 v\u00e6re meget sjove at tale med, da de typisk er mere afslappede og afslappede end yngre kvinder. Det er dog vigtigt at huske, at MILF&#8217;er er ligesom enhver anden kvinde &#8211; de er individer med deres egne unikke \u00f8nsker og behov, s\u00e5 det er vigtigt at l\u00e6re dem at kende p\u00e5 et personligt plan f\u00f8r noget andet.<\/p>\n<h3>Spr\u00f8jte<\/h3>\n<p>Squirt dating app er en af de mest popul\u00e6re milf chatrooms tilg\u00e6ngelige online. Appen er designet til at hj\u00e6lpe milfs med at finde deres perfekte match. Appen er gratis at downloade og bruge, og den tilbyder en bred vifte af funktioner, der hj\u00e6lper brugerne med at finde deres perfekte match. Appen er nem at bruge, og den tilbyder en bred vifte af filtre, der hj\u00e6lper brugerne med at finde deres perfekte match. Appen er tilg\u00e6ngelig p\u00e5 engelsk og spansk, og den tilbyder en bred vifte af muligheder for at hj\u00e6lpe brugerne med at finde deres perfekte match.<\/p>\n<h3>Masser af fisk<\/h3>\n<p>Hvis du leder efter en datingapp, der er specielt designet til milf chatrooms, s\u00e5 er Plenty of Fish en god mulighed. Appen har en stor brugerbase, s\u00e5 du kan finde et godt udvalg af potentielle matches. Interfacet er brugervenligt og let at navigere, hvilket g\u00f8r det til en god mulighed for dem, der er nye inden for online dating. Appen tilbyder ogs\u00e5 en r\u00e6kke funktioner, s\u00e5som et meddelelsessystem og en s\u00f8gefunktion, der g\u00f8r det til en god mulighed for milf chatrooms.<\/p>\n<h3>Xmeets<\/h3>\n<p>Hvis du leder efter et MILF-chatrum, er Xmeets en god mulighed. Webstedet har et stort udvalg af MILF&#8217;er at chatte med, og webstedet er let at bruge. Webstedet har ogs\u00e5 et stort udvalg af funktioner, herunder en s\u00f8gefunktion, en favoritliste og en chatfunktion. Webstedet tilbyder ogs\u00e5 en r\u00e6kke betalingsmuligheder, s\u00e5 du kan v\u00e6lge den, der bedst passer til dine behov. Samlet set er Xmeets et fantastisk MILF-chatrum og en god mulighed for alle, der leder efter et chatrum til at chatte med MILF&#8217;er.<\/p>\n","protected":false},"excerpt":{"rendered":"<p>Der er noget ved MILF&#8217;er, der bare g\u00f8r dem uimodst\u00e5elige. M\u00e5ske er det deres erfarne m\u00e5der, eller m\u00e5ske er det&hellip;<\/p>\n","protected":false},"author":1,"featured_media":0,"parent":0,"menu_order":0,"comment_status":"closed","ping_status":"closed","template":"","meta":[],"yoast_head":"<!-- This site is optimized with the Yoast SEO plugin v17.7.1 - https:\/\/yoast.com\/wordpress\/plugins\/seo\/ -->\n<title>Tal med Milfs - Dating Themes<\/title>\n<meta name=\"robots\" content=\"index, follow, max-snippet:-1, max-image-preview:large, max-video-preview:-1\" \/>\n<link rel=\"canonical\" href=\"https:\/\/wpdiarytheme.com\/da\/tal-med-milfs\/\" \/>\n<meta property=\"og:locale\" content=\"da_DK\" \/>\n<meta property=\"og:type\" content=\"article\" \/>\n<meta property=\"og:title\" content=\"Tal med Milfs - Dating Themes\" \/>\n<meta property=\"og:description\" content=\"Der er noget ved MILF&#8217;er, der bare g\u00f8r dem uimodst\u00e5elige. M\u00e5ske er det deres erfarne m\u00e5der, eller m\u00e5ske er det&hellip;\" \/>\n<meta property=\"og:url\" content=\"https:\/\/wpdiarytheme.com\/da\/tal-med-milfs\/\" \/>\n<meta property=\"og:site_name\" content=\"Dating Themes\" \/>\n<meta name=\"twitter:card\" content=\"summary_large_image\" \/>\n<meta name=\"twitter:label1\" content=\"Estimeret l\u00e6setid\" \/>\n\t<meta name=\"twitter:data1\" content=\"3 minutter\" \/>\n<script type=\"application\/ld+json\" class=\"yoast-schema-graph\">{\"@context\":\"https:\/\/schema.org\",\"@graph\":[{\"@type\":\"WebSite\",\"@id\":\"https:\/\/wpdiarytheme.com\/#website\",\"url\":\"https:\/\/wpdiarytheme.com\/\",\"name\":\"Dating Themes\",\"description\":\"Find Your Perfect App\",\"potentialAction\":[{\"@type\":\"SearchAction\",\"target\":{\"@type\":\"EntryPoint\",\"urlTemplate\":\"https:\/\/wpdiarytheme.com\/?s={search_term_string}\"},\"query-input\":\"required name=search_term_string\"}],\"inLanguage\":\"da-DK\"},{\"@type\":\"WebPage\",\"@id\":\"https:\/\/wpdiarytheme.com\/da\/tal-med-milfs\/#webpage\",\"url\":\"https:\/\/wpdiarytheme.com\/da\/tal-med-milfs\/\",\"name\":\"Tal med Milfs - Dating Themes\",\"isPartOf\":{\"@id\":\"https:\/\/wpdiarytheme.com\/#website\"},\"datePublished\":\"2022-09-30T12:10:58+00:00\",\"dateModified\":\"2022-09-30T12:10:58+00:00\",\"breadcrumb\":{\"@id\":\"https:\/\/wpdiarytheme.com\/da\/tal-med-milfs\/#breadcrumb\"},\"inLanguage\":\"da-DK\",\"potentialAction\":[{\"@type\":\"ReadAction\",\"target\":[\"https:\/\/wpdiarytheme.com\/da\/tal-med-milfs\/\"]}]},{\"@type\":\"BreadcrumbList\",\"@id\":\"https:\/\/wpdiarytheme.com\/da\/tal-med-milfs\/#breadcrumb\",\"itemListElement\":[{\"@type\":\"ListItem\",\"position\":1,\"name\":\"Home\",\"item\":\"https:\/\/wpdiarytheme.com\/da\/\"},{\"@type\":\"ListItem\",\"position\":2,\"name\":\"Tal med Milfs\"}]}]}<\/script>\n<!-- \/ Yoast SEO plugin. -->","yoast_head_json":{"title":"Tal med Milfs - Dating Themes","robots":{"index":"index","follow":"follow","max-snippet":"max-snippet:-1","max-image-preview":"max-image-preview:large","max-video-preview":"max-video-preview:-1"},"canonical":"https:\/\/wpdiarytheme.com\/da\/tal-med-milfs\/","og_locale":"da_DK","og_type":"article","og_title":"Tal med Milfs - Dating Themes","og_description":"Der er noget ved MILF&#8217;er, der bare g\u00f8r dem uimodst\u00e5elige. M\u00e5ske er det deres erfarne m\u00e5der, eller m\u00e5ske er det&hellip;","og_url":"https:\/\/wpdiarytheme.com\/da\/tal-med-milfs\/","og_site_name":"Dating Themes","twitter_card":"summary_large_image","twitter_misc":{"Estimeret l\u00e6setid":"3 minutter"},"schema":{"@context":"https:\/\/schema.org","@graph":[{"@type":"WebSite","@id":"https:\/\/wpdiarytheme.com\/#website","url":"https:\/\/wpdiarytheme.com\/","name":"Dating Themes","description":"Find Your Perfect App","potentialAction":[{"@type":"SearchAction","target":{"@type":"EntryPoint","urlTemplate":"https:\/\/wpdiarytheme.com\/?s={search_term_string}"},"query-input":"required name=search_term_string"}],"inLanguage":"da-DK"},{"@type":"WebPage","@id":"https:\/\/wpdiarytheme.com\/da\/tal-med-milfs\/#webpage","url":"https:\/\/wpdiarytheme.com\/da\/tal-med-milfs\/","name":"Tal med Milfs - Dating Themes","isPartOf":{"@id":"https:\/\/wpdiarytheme.com\/#website"},"datePublished":"2022-09-30T12:10:58+00:00","dateModified":"2022-09-30T12:10:58+00:00","breadcrumb":{"@id":"https:\/\/wpdiarytheme.com\/da\/tal-med-milfs\/#breadcrumb"},"inLanguage":"da-DK","potentialAction":[{"@type":"ReadAction","target":["https:\/\/wpdiarytheme.com\/da\/tal-med-milfs\/"]}]},{"@type":"BreadcrumbList","@id":"https:\/\/wpdiarytheme.com\/da\/tal-med-milfs\/#breadcrumb","itemListElement":[{"@type":"ListItem","position":1,"name":"Home","item":"https:\/\/wpdiarytheme.com\/da\/"},{"@type":"ListItem","position":2,"name":"Tal med Milfs"}]}]}},"_links":{"self":[{"href":"https:\/\/wpdiarytheme.com\/da\/wp-json\/wp\/v2\/pages\/312"}],"collection":[{"href":"https:\/\/wpdiarytheme.com\/da\/wp-json\/wp\/v2\/pages"}],"about":[{"href":"https:\/\/wpdiarytheme.com\/da\/wp-json\/wp\/v2\/types\/page"}],"author":[{"embeddable":true,"href":"https:\/\/wpdiarytheme.com\/da\/wp-json\/wp\/v2\/users\/1"}],"replies":[{"embeddable":true,"href":"https:\/\/wpdiarytheme.com\/da\/wp-json\/wp\/v2\/comments?post=312"}],"version-history":[{"count":0,"href":"https:\/\/wpdiarytheme.com\/da\/wp-json\/wp\/v2\/pages\/312\/revisions"}],"wp:attachment":[{"href":"https:\/\/wpdiarytheme.com\/da\/wp-json\/wp\/v2\/media?parent=312"}],"curies":[{"name":"wp","href":"https:\/\/api.w.org\/{rel}","templated":true}]}}