{"id":300,"date":"2022-09-30T13:10:30","date_gmt":"2022-09-30T12:10:30","guid":{"rendered":"http:\/\/wpdiarytheme.com\/gratis-fuck-sites\/"},"modified":"2022-09-30T13:10:30","modified_gmt":"2022-09-30T12:10:30","slug":"gratis-fuck-sites","status":"publish","type":"page","link":"https:\/\/wpdiarytheme.com\/da\/gratis-fuck-sites\/","title":{"rendered":"Gratis Fuck Sites"},"content":{"rendered":"<p>Der kan ikke ben\u00e6gtes, at meet and fuck-websteder har deres plads, n\u00e5r det kommer til tilslutning. De er hurtige, nemme og ofte gratis, hvilket g\u00f8r dem ideelle til alle, der leder efter et <a href=\"http:\/\/wpdiarytheme.com\/free-naughty-chat-apps\/\">uforpligtende m\u00f8de<\/a>. De er dog ikke uden deres ulemper. Fordi de er s\u00e5 nemme at bruge, bliver de ofte overrendt med falske profiler og svindlere. Derudover er mange meet and fuck-websteder umodererede, hvilket kan f\u00f8re til nogle usmagelige (og farlige) m\u00f8der. Hvis du \u00f8nsker at bruge et m\u00f8de og kneppe websted, skal du s\u00f8rge for at unders\u00f8ge og bruge et velrenommeret, sikkert websted.<\/p>\n<p>Der er masser af gratis fuck sites derude, hvis du ved, hvor du skal kigge. En hurtig s\u00f8gning online vil afsl\u00f8re mange forskellige muligheder, s\u00e5 det er bare om at finde en, der passer til dine behov. Hvis du bare leder efter en hurtig og nem m\u00e5de at blive lagt p\u00e5, kan et gratis fuck-websted v\u00e6re vejen at g\u00e5. Men hvis du leder efter noget lidt mere seri\u00f8st, kan du overveje at betale for et medlemskab til et premium dating site. Premium-websteder har normalt bedre sikkerheds- og privatlivsfunktioner samt en st\u00f8rre og mere aktiv brugerbase.<\/p>\n<h2>Find en fuck buddy<\/h2>\n<p>Der er ikke s\u00e5dan noget som &#8220;fuck gratis&#8221;, n\u00e5r det kommer til dating. Hvis du vil date nogen, bliver du n\u00f8dt til at g\u00f8re en indsats &#8211; uanset om det betyder at g\u00e5 p\u00e5 et par datoer eller afskalle nogle kontanter til en fancy middag. Men i sidste ende er det op til dig, hvor meget &#8220;fuck&#8221; du er villig til at give &#8211; bare forvent ikke at f\u00e5 det gratis.<\/p>\n<h3>FriendFinder-X<\/h3>\n<p>Hvis du vil finde en tilslutning, er FriendFinder-X en fantastisk dating-app at bruge. Det er et m\u00f8de og fuck site, der er specielt designet til at hj\u00e6lpe dig med at finde seksuelle partnere. Appen er nem at bruge og har mange funktioner, der g\u00f8r den til et godt valg til at finde en tilslutning. S\u00f8gefunktionen er meget brugervenlig, og du kan bruge den til at finde matches i dit omr\u00e5de. Appen har ogs\u00e5 en beskedfunktion, der giver dig mulighed for at kommunikere med potentielle kampe. Samlet set er FriendFinder-X et godt valg til at finde en tilslutning.<\/p>\n<h3>XCheaters<\/h3>\n<p>XCheaters dating app er en af de mest popul\u00e6re m\u00f8de og fuck sites online. Appen er blevet downloadet over 1 million gange og er blevet brugt af millioner af brugere. Appen er gratis at downloade og bruge, og den er tilg\u00e6ngelig til b\u00e5de iOS- og Android-enheder. Appen har en 4.5-stjerneklassificering i App Store og en 4-stjerneklassificering i Google Play Butik.<\/p>\n<p>Appen giver brugerne mulighed for at finde lokale singler, der er interesserede i at m\u00f8des til en tilslutning. Appen giver ogs\u00e5 brugerne mulighed for at chatte med andre brugere, og den har endda et indbygget beskedsystem. Appen er meget brugervenlig og er meget nem at bruge. Samlet set er XCheaters dating app en god mulighed for dem, der leder efter en hurtig og nem m\u00e5de at m\u00f8de lokale singler til en tilslutning.<\/p>\n<h3>DateYou<\/h3>\n<p>Hvis du leder efter et m\u00f8de- og fuck-websted, s\u00e5 er DateYou en god mulighed. Webstedet har en stor brugerbase og er nem at bruge. Profilerne er detaljerede, og der er masser af s\u00f8gemuligheder. Webstedet er dog dyrt, og der er ingen gratis fors\u00f8g.<\/p>\n","protected":false},"excerpt":{"rendered":"<p>Der kan ikke ben\u00e6gtes, at meet and fuck-websteder har deres plads, n\u00e5r det kommer til tilslutning. De er hurtige, nemme&hellip;<\/p>\n","protected":false},"author":1,"featured_media":0,"parent":0,"menu_order":0,"comment_status":"closed","ping_status":"closed","template":"","meta":[],"yoast_head":"<!-- This site is optimized with the Yoast SEO plugin v17.7.1 - https:\/\/yoast.com\/wordpress\/plugins\/seo\/ -->\n<title>Gratis Fuck Sites - Dating Themes<\/title>\n<meta name=\"robots\" content=\"index, follow, max-snippet:-1, max-image-preview:large, max-video-preview:-1\" \/>\n<link rel=\"canonical\" href=\"https:\/\/wpdiarytheme.com\/da\/gratis-fuck-sites\/\" \/>\n<meta property=\"og:locale\" content=\"da_DK\" \/>\n<meta property=\"og:type\" content=\"article\" \/>\n<meta property=\"og:title\" content=\"Gratis Fuck Sites - Dating Themes\" \/>\n<meta property=\"og:description\" content=\"Der kan ikke ben\u00e6gtes, at meet and fuck-websteder har deres plads, n\u00e5r det kommer til tilslutning. De er hurtige, nemme&hellip;\" \/>\n<meta property=\"og:url\" content=\"https:\/\/wpdiarytheme.com\/da\/gratis-fuck-sites\/\" \/>\n<meta property=\"og:site_name\" content=\"Dating Themes\" \/>\n<meta name=\"twitter:card\" content=\"summary_large_image\" \/>\n<meta name=\"twitter:label1\" content=\"Estimeret l\u00e6setid\" \/>\n\t<meta name=\"twitter:data1\" content=\"3 minutter\" \/>\n<script type=\"application\/ld+json\" class=\"yoast-schema-graph\">{\"@context\":\"https:\/\/schema.org\",\"@graph\":[{\"@type\":\"WebSite\",\"@id\":\"https:\/\/wpdiarytheme.com\/#website\",\"url\":\"https:\/\/wpdiarytheme.com\/\",\"name\":\"Dating Themes\",\"description\":\"Find Your Perfect App\",\"potentialAction\":[{\"@type\":\"SearchAction\",\"target\":{\"@type\":\"EntryPoint\",\"urlTemplate\":\"https:\/\/wpdiarytheme.com\/?s={search_term_string}\"},\"query-input\":\"required name=search_term_string\"}],\"inLanguage\":\"da-DK\"},{\"@type\":\"WebPage\",\"@id\":\"https:\/\/wpdiarytheme.com\/da\/gratis-fuck-sites\/#webpage\",\"url\":\"https:\/\/wpdiarytheme.com\/da\/gratis-fuck-sites\/\",\"name\":\"Gratis Fuck Sites - Dating Themes\",\"isPartOf\":{\"@id\":\"https:\/\/wpdiarytheme.com\/#website\"},\"datePublished\":\"2022-09-30T12:10:30+00:00\",\"dateModified\":\"2022-09-30T12:10:30+00:00\",\"breadcrumb\":{\"@id\":\"https:\/\/wpdiarytheme.com\/da\/gratis-fuck-sites\/#breadcrumb\"},\"inLanguage\":\"da-DK\",\"potentialAction\":[{\"@type\":\"ReadAction\",\"target\":[\"https:\/\/wpdiarytheme.com\/da\/gratis-fuck-sites\/\"]}]},{\"@type\":\"BreadcrumbList\",\"@id\":\"https:\/\/wpdiarytheme.com\/da\/gratis-fuck-sites\/#breadcrumb\",\"itemListElement\":[{\"@type\":\"ListItem\",\"position\":1,\"name\":\"Home\",\"item\":\"http:\/\/wpdiarytheme.com\/da\/\"},{\"@type\":\"ListItem\",\"position\":2,\"name\":\"Gratis Fuck Sites\"}]}]}<\/script>\n<!-- \/ Yoast SEO plugin. -->","yoast_head_json":{"title":"Gratis Fuck Sites - Dating Themes","robots":{"index":"index","follow":"follow","max-snippet":"max-snippet:-1","max-image-preview":"max-image-preview:large","max-video-preview":"max-video-preview:-1"},"canonical":"https:\/\/wpdiarytheme.com\/da\/gratis-fuck-sites\/","og_locale":"da_DK","og_type":"article","og_title":"Gratis Fuck Sites - Dating Themes","og_description":"Der kan ikke ben\u00e6gtes, at meet and fuck-websteder har deres plads, n\u00e5r det kommer til tilslutning. De er hurtige, nemme&hellip;","og_url":"https:\/\/wpdiarytheme.com\/da\/gratis-fuck-sites\/","og_site_name":"Dating Themes","twitter_card":"summary_large_image","twitter_misc":{"Estimeret l\u00e6setid":"3 minutter"},"schema":{"@context":"https:\/\/schema.org","@graph":[{"@type":"WebSite","@id":"https:\/\/wpdiarytheme.com\/#website","url":"https:\/\/wpdiarytheme.com\/","name":"Dating Themes","description":"Find Your Perfect App","potentialAction":[{"@type":"SearchAction","target":{"@type":"EntryPoint","urlTemplate":"https:\/\/wpdiarytheme.com\/?s={search_term_string}"},"query-input":"required name=search_term_string"}],"inLanguage":"da-DK"},{"@type":"WebPage","@id":"https:\/\/wpdiarytheme.com\/da\/gratis-fuck-sites\/#webpage","url":"https:\/\/wpdiarytheme.com\/da\/gratis-fuck-sites\/","name":"Gratis Fuck Sites - Dating Themes","isPartOf":{"@id":"https:\/\/wpdiarytheme.com\/#website"},"datePublished":"2022-09-30T12:10:30+00:00","dateModified":"2022-09-30T12:10:30+00:00","breadcrumb":{"@id":"https:\/\/wpdiarytheme.com\/da\/gratis-fuck-sites\/#breadcrumb"},"inLanguage":"da-DK","potentialAction":[{"@type":"ReadAction","target":["https:\/\/wpdiarytheme.com\/da\/gratis-fuck-sites\/"]}]},{"@type":"BreadcrumbList","@id":"https:\/\/wpdiarytheme.com\/da\/gratis-fuck-sites\/#breadcrumb","itemListElement":[{"@type":"ListItem","position":1,"name":"Home","item":"http:\/\/wpdiarytheme.com\/da\/"},{"@type":"ListItem","position":2,"name":"Gratis Fuck Sites"}]}]}},"_links":{"self":[{"href":"https:\/\/wpdiarytheme.com\/da\/wp-json\/wp\/v2\/pages\/300"}],"collection":[{"href":"https:\/\/wpdiarytheme.com\/da\/wp-json\/wp\/v2\/pages"}],"about":[{"href":"https:\/\/wpdiarytheme.com\/da\/wp-json\/wp\/v2\/types\/page"}],"author":[{"embeddable":true,"href":"https:\/\/wpdiarytheme.com\/da\/wp-json\/wp\/v2\/users\/1"}],"replies":[{"embeddable":true,"href":"https:\/\/wpdiarytheme.com\/da\/wp-json\/wp\/v2\/comments?post=300"}],"version-history":[{"count":0,"href":"https:\/\/wpdiarytheme.com\/da\/wp-json\/wp\/v2\/pages\/300\/revisions"}],"wp:attachment":[{"href":"https:\/\/wpdiarytheme.com\/da\/wp-json\/wp\/v2\/media?parent=300"}],"curies":[{"name":"wp","href":"https:\/\/api.w.org\/{rel}","templated":true}]}}