{"id":282,"date":"2022-09-30T13:11:17","date_gmt":"2022-09-30T12:11:17","guid":{"rendered":"http:\/\/wpdiarytheme.com\/gratis-fraekke-chat-apps\/"},"modified":"2022-09-30T13:11:17","modified_gmt":"2022-09-30T12:11:17","slug":"gratis-fraekke-chat-apps","status":"publish","type":"page","link":"https:\/\/wpdiarytheme.com\/da\/gratis-fraekke-chat-apps\/","title":{"rendered":"Gratis fr\u00e6kke chat-apps"},"content":{"rendered":"<p>Der kan ikke ben\u00e6gtes, at chatrum kan v\u00e6re en fantastisk m\u00e5de at oprette forbindelse til folk, der deler dine interesser. Der er dog heller ingen tvivl om, at chatrum kan v\u00e6re en fantastisk m\u00e5de at tilslutte sig folk, der deler din fr\u00e6kke side.<\/p>\n<p>Hvis du leder efter lidt ekstra sp\u00e6nding i dit liv, kan du overveje at bruge lidt tid i et fr\u00e6kt chatrum. Her kan du lade dit h\u00e5r falde og v\u00e6re s\u00e5 fr\u00e6k, som du vil v\u00e6re. Uanset om du leder efter noget harml\u00f8st sjov eller noget lidt mere risque, er du sikker p\u00e5 at finde det i et fr\u00e6kt chatrum.<\/p>\n<p>Selvf\u00f8lgelig, som med alt andet, skal du bruge din bedste d\u00f8mmekraft, n\u00e5r du <a href=\"http:\/\/wpdiarytheme.com\/talk-with-milfs\/\">chatter med fremmede online<\/a>. Giv ikke personlige oplysninger eller deltag i aktiviteter, der f\u00e5r dig til at f\u00f8le dig utilpas. Men s\u00e5 l\u00e6nge du spiller det sikkert, kan det at bruge lidt tid i et fr\u00e6kt chatrum v\u00e6re en fantastisk m\u00e5de at krydre dit k\u00e6rlighedsliv p\u00e5.<\/p>\n<h2>Fr\u00e6kke chatsider<\/h2>\n<p>Fr\u00e6k chat kan v\u00e6re en fantastisk m\u00e5de at krydre dit datingliv p\u00e5. Det kan tilf\u00f8je sp\u00e6nding og intriger til et ellers dagligdags forhold. Fr\u00e6k chat kan ogs\u00e5 v\u00e6re en god m\u00e5de at l\u00e6re en ny at kende. Det kan hj\u00e6lpe dig med at bryde isen og l\u00e6re nogen at kende p\u00e5 et mere personligt plan. Fr\u00e6k chat kan v\u00e6re en fantastisk m\u00e5de at opbygge seksuel sp\u00e6nding og forventning p\u00e5. Det kan ogs\u00e5 v\u00e6re en god m\u00e5de at slippe nogle af dine h\u00e6mninger og udforske din vilde side. Hvis du \u00f8nsker at tilf\u00f8je noget krydderi til dit datingliv, er fr\u00e6k chat et godt sted at starte.<\/p>\n<p>Hvis du leder efter k\u00e6rlighed, hvorfor ikke pr\u00f8ve noget lidt fr\u00e6kt? Gratis fr\u00e6k chat er den perfekte m\u00e5de at krydre dit k\u00e6rlighedsliv og f\u00e5 sommerfuglene i gang igen. Uanset om du er single eller i et forhold, kan en lille smule fr\u00e6k chat g\u00e5 langt. S\u00e5 hvad venter du p\u00e5? Flirt og have det sjovt!<\/p>\n<h2>Sex Chatrooms<\/h2>\n<p>Chatrum for voksne kan v\u00e6re en fantastisk m\u00e5de at m\u00f8de nye mennesker p\u00e5, is\u00e6r hvis du leder efter en date. De kan v\u00e6re meget sjove, og du kan normalt finde nogen, der deler dine interesser. Det er dog vigtigt at v\u00e6re sikker, n\u00e5r du bruger chatrooms, og aldrig at give personlige oplysninger.<\/p>\n<h3>Outpersonal.com<\/h3>\n<p>Hvis du leder efter en fr\u00e6k chatrumsapp, er Outpersonal.com en god mulighed. Appen er gratis at downloade og bruge, og den tilbyder en bred vifte af funktioner, der hj\u00e6lper dig med at finde og oprette forbindelse til potentielle kampe. Du kan s\u00f8ge efter brugere efter placering, alder og interesser, og du kan sende dem direkte beskeder. Appen har ogs\u00e5 en &#8220;Spark&#8221; -funktion, der giver dig mulighed for at sende en flirtende besked til en anden bruger. Samlet set er Outpersonal.com en god mulighed for dem, der leder efter en fr\u00e6k chatrumsapp.<\/p>\n<h3>CougarLife<\/h3>\n<p>CougarLife er en dating app, der giver dig mulighed for at chatte med andre brugere, der leder efter en afslappet tilslutning. Appen er gratis at downloade og bruge, og den tilbyder en r\u00e6kke funktioner, der g\u00f8r det nemt at finde nogen at chatte med. Du kan s\u00f8ge efter brugere efter placering, alder og interesser, og du kan ogs\u00e5 se profiler og billeder. Hvis du er interesseret i at m\u00f8de nogen til en afslappet tilslutning, er CougarLife en god mulighed.<\/p>\n<h3>Uberhorny<\/h3>\n<p>Hvis du leder efter et fr\u00e6kt chatrum at have det sjovt i, er Uberhorny en god mulighed. Webstedet har et stort udvalg af chatrum at v\u00e6lge imellem, og du kan nemt finde et, der passer til dine interesser. Chatrummene er godt modereret, og der er en god blanding af brugere, s\u00e5 du er sikker p\u00e5 at finde nogen at have det sjovt med. Den eneste ulempe er, at webstedet ikke er gratis, men det er v\u00e6rd at prisen for det store udvalg af chatrum og det sjove, du helt sikkert har.<\/p>\n","protected":false},"excerpt":{"rendered":"<p>Der kan ikke ben\u00e6gtes, at chatrum kan v\u00e6re en fantastisk m\u00e5de at oprette forbindelse til folk, der deler dine interesser.&hellip;<\/p>\n","protected":false},"author":1,"featured_media":0,"parent":0,"menu_order":0,"comment_status":"closed","ping_status":"closed","template":"","meta":[],"yoast_head":"<!-- This site is optimized with the Yoast SEO plugin v17.7.1 - https:\/\/yoast.com\/wordpress\/plugins\/seo\/ -->\n<title>Gratis fr\u00e6kke chat-apps - Dating Themes<\/title>\n<meta name=\"robots\" content=\"index, follow, max-snippet:-1, max-image-preview:large, max-video-preview:-1\" \/>\n<link rel=\"canonical\" href=\"https:\/\/wpdiarytheme.com\/da\/gratis-fraekke-chat-apps\/\" \/>\n<meta property=\"og:locale\" content=\"da_DK\" \/>\n<meta property=\"og:type\" content=\"article\" \/>\n<meta property=\"og:title\" content=\"Gratis fr\u00e6kke chat-apps - Dating Themes\" \/>\n<meta property=\"og:description\" content=\"Der kan ikke ben\u00e6gtes, at chatrum kan v\u00e6re en fantastisk m\u00e5de at oprette forbindelse til folk, der deler dine interesser.&hellip;\" \/>\n<meta property=\"og:url\" content=\"https:\/\/wpdiarytheme.com\/da\/gratis-fraekke-chat-apps\/\" \/>\n<meta property=\"og:site_name\" content=\"Dating Themes\" \/>\n<meta name=\"twitter:card\" content=\"summary_large_image\" \/>\n<meta name=\"twitter:label1\" content=\"Estimeret l\u00e6setid\" \/>\n\t<meta name=\"twitter:data1\" content=\"4 minutter\" \/>\n<script type=\"application\/ld+json\" class=\"yoast-schema-graph\">{\"@context\":\"https:\/\/schema.org\",\"@graph\":[{\"@type\":\"WebSite\",\"@id\":\"https:\/\/wpdiarytheme.com\/#website\",\"url\":\"https:\/\/wpdiarytheme.com\/\",\"name\":\"Dating Themes\",\"description\":\"Find Your Perfect App\",\"potentialAction\":[{\"@type\":\"SearchAction\",\"target\":{\"@type\":\"EntryPoint\",\"urlTemplate\":\"https:\/\/wpdiarytheme.com\/?s={search_term_string}\"},\"query-input\":\"required name=search_term_string\"}],\"inLanguage\":\"da-DK\"},{\"@type\":\"WebPage\",\"@id\":\"https:\/\/wpdiarytheme.com\/da\/gratis-fraekke-chat-apps\/#webpage\",\"url\":\"https:\/\/wpdiarytheme.com\/da\/gratis-fraekke-chat-apps\/\",\"name\":\"Gratis fr\\u00e6kke chat-apps - Dating Themes\",\"isPartOf\":{\"@id\":\"https:\/\/wpdiarytheme.com\/#website\"},\"datePublished\":\"2022-09-30T12:11:17+00:00\",\"dateModified\":\"2022-09-30T12:11:17+00:00\",\"breadcrumb\":{\"@id\":\"https:\/\/wpdiarytheme.com\/da\/gratis-fraekke-chat-apps\/#breadcrumb\"},\"inLanguage\":\"da-DK\",\"potentialAction\":[{\"@type\":\"ReadAction\",\"target\":[\"https:\/\/wpdiarytheme.com\/da\/gratis-fraekke-chat-apps\/\"]}]},{\"@type\":\"BreadcrumbList\",\"@id\":\"https:\/\/wpdiarytheme.com\/da\/gratis-fraekke-chat-apps\/#breadcrumb\",\"itemListElement\":[{\"@type\":\"ListItem\",\"position\":1,\"name\":\"Home\",\"item\":\"http:\/\/wpdiarytheme.com\/da\/\"},{\"@type\":\"ListItem\",\"position\":2,\"name\":\"Gratis fr\\u00e6kke chat-apps\"}]}]}<\/script>\n<!-- \/ Yoast SEO plugin. -->","yoast_head_json":{"title":"Gratis fr\u00e6kke chat-apps - Dating Themes","robots":{"index":"index","follow":"follow","max-snippet":"max-snippet:-1","max-image-preview":"max-image-preview:large","max-video-preview":"max-video-preview:-1"},"canonical":"https:\/\/wpdiarytheme.com\/da\/gratis-fraekke-chat-apps\/","og_locale":"da_DK","og_type":"article","og_title":"Gratis fr\u00e6kke chat-apps - Dating Themes","og_description":"Der kan ikke ben\u00e6gtes, at chatrum kan v\u00e6re en fantastisk m\u00e5de at oprette forbindelse til folk, der deler dine interesser.&hellip;","og_url":"https:\/\/wpdiarytheme.com\/da\/gratis-fraekke-chat-apps\/","og_site_name":"Dating Themes","twitter_card":"summary_large_image","twitter_misc":{"Estimeret l\u00e6setid":"4 minutter"},"schema":{"@context":"https:\/\/schema.org","@graph":[{"@type":"WebSite","@id":"https:\/\/wpdiarytheme.com\/#website","url":"https:\/\/wpdiarytheme.com\/","name":"Dating Themes","description":"Find Your Perfect App","potentialAction":[{"@type":"SearchAction","target":{"@type":"EntryPoint","urlTemplate":"https:\/\/wpdiarytheme.com\/?s={search_term_string}"},"query-input":"required name=search_term_string"}],"inLanguage":"da-DK"},{"@type":"WebPage","@id":"https:\/\/wpdiarytheme.com\/da\/gratis-fraekke-chat-apps\/#webpage","url":"https:\/\/wpdiarytheme.com\/da\/gratis-fraekke-chat-apps\/","name":"Gratis fr\u00e6kke chat-apps - Dating Themes","isPartOf":{"@id":"https:\/\/wpdiarytheme.com\/#website"},"datePublished":"2022-09-30T12:11:17+00:00","dateModified":"2022-09-30T12:11:17+00:00","breadcrumb":{"@id":"https:\/\/wpdiarytheme.com\/da\/gratis-fraekke-chat-apps\/#breadcrumb"},"inLanguage":"da-DK","potentialAction":[{"@type":"ReadAction","target":["https:\/\/wpdiarytheme.com\/da\/gratis-fraekke-chat-apps\/"]}]},{"@type":"BreadcrumbList","@id":"https:\/\/wpdiarytheme.com\/da\/gratis-fraekke-chat-apps\/#breadcrumb","itemListElement":[{"@type":"ListItem","position":1,"name":"Home","item":"http:\/\/wpdiarytheme.com\/da\/"},{"@type":"ListItem","position":2,"name":"Gratis fr\u00e6kke chat-apps"}]}]}},"_links":{"self":[{"href":"https:\/\/wpdiarytheme.com\/da\/wp-json\/wp\/v2\/pages\/282"}],"collection":[{"href":"https:\/\/wpdiarytheme.com\/da\/wp-json\/wp\/v2\/pages"}],"about":[{"href":"https:\/\/wpdiarytheme.com\/da\/wp-json\/wp\/v2\/types\/page"}],"author":[{"embeddable":true,"href":"https:\/\/wpdiarytheme.com\/da\/wp-json\/wp\/v2\/users\/1"}],"replies":[{"embeddable":true,"href":"https:\/\/wpdiarytheme.com\/da\/wp-json\/wp\/v2\/comments?post=282"}],"version-history":[{"count":0,"href":"https:\/\/wpdiarytheme.com\/da\/wp-json\/wp\/v2\/pages\/282\/revisions"}],"wp:attachment":[{"href":"https:\/\/wpdiarytheme.com\/da\/wp-json\/wp\/v2\/media?parent=282"}],"curies":[{"name":"wp","href":"https:\/\/api.w.org\/{rel}","templated":true}]}}