{"id":279,"date":"2022-09-30T13:14:07","date_gmt":"2022-09-30T12:14:07","guid":{"rendered":"http:\/\/wpdiarytheme.com\/milf-tilslutningssteder\/"},"modified":"2022-09-30T13:14:07","modified_gmt":"2022-09-30T12:14:07","slug":"milf-tilslutningssteder","status":"publish","type":"page","link":"https:\/\/wpdiarytheme.com\/da\/milf-tilslutningssteder\/","title":{"rendered":"MILF-tilslutningssteder"},"content":{"rendered":"<p>Der er mange milf-tilslutningssteder derude, men ikke alle er skabt ens. Du vil sikre dig, at du finder et websted, der har mange medlemmer, er let at bruge og har et godt omd\u00f8mme.<\/p>\n<p>En af de bedste m\u00e5der at finde et godt <a href=\"http:\/\/wpdiarytheme.com\/adult-sexting-sites\/\">milf-tilslutningssted p\u00e5 er at l\u00e6se anmeldelser af dem<\/a>. Dette vil give dig en god id\u00e9 om, hvad andre mennesker synes om webstedet, og om det er v\u00e6rd at bruge tid p\u00e5. En anden ting at overveje er prisen. Nogle websteder er gratis, mens andre opkr\u00e6ver et m\u00e5nedligt gebyr. Hvis du kun \u00f8nsker at tilslutte dig en milf en gang imellem, kan et gratis websted v\u00e6re en god mulighed for dig. Men hvis du vil bruge webstedet oftere, kan du overveje at betale et m\u00e5nedligt gebyr.<\/p>\n<p>N\u00e5r du ser p\u00e5 milf-tilslutningssider, skal du s\u00f8rge for at finde en, der har mange medlemmer. Jo flere medlemmer et websted har, jo bedre chance har du for at finde nogen at tilslutte dig. S\u00f8rg ogs\u00e5 for, at webstedet er let at bruge. Du skal v\u00e6re i stand til nemt at navigere rundt og finde de ting, du leder efter. Hvis et websted er sv\u00e6rt at bruge, kan du se andre steder.<\/p>\n<p>Endelig skal du s\u00f8rge for, at webstedet har et godt omd\u00f8mme. Du kan tjekke anmeldelser af webstedet online for at se, hvad andre mennesker synes om det.<\/p>\n<h2>M\u00f8d en milf<\/h2>\n<p>Der er noget ved at date en MILF, der bare f\u00f8les fantastisk. De er erfarne, selvsikre og ved pr\u00e6cis, hvad de vil have i livet. Plus, de er normalt rigtig varme.<\/p>\n<p>Jeg kan huske, at jeg gik p\u00e5 en date med en MILF for et par \u00e5r siden, og det var utroligt. Hun var s\u00e5 selvsikker og sikker p\u00e5 sig selv, og hun vidste pr\u00e6cis, hvad hun ville. Plus, hun var virkelig varm. Vi endte med at sove sammen den nat, og det var en af de bedste seksuelle oplevelser, jeg nogensinde har haft. Hvis du overvejer at date en MILF, s\u00e5 bare g\u00e5 efter det. Du vil ikke fortryde det.<\/p>\n<h2>Milf Dating<\/h2>\n<p>Der er mange fordele ved at date en MILF, herunder erfaring, visdom og modenhed. MILF&#8217;er er ogs\u00e5 typisk mere selvsikre og selvsikre end yngre kvinder, hvilket kan v\u00e6re en stor turn-on. Hvis du leder efter k\u00e6rlighed og vil date en MILF, er der et par ting, du skal huske p\u00e5. For det f\u00f8rste skal du v\u00e6re respektfuld og hensynsfuld over for hendes alder og erfaring. For det andet skal du tage tingene langsomt og ikke skynde dig ind i noget fysisk. Og endelig skal du s\u00f8rge for at kommunikere \u00e5bent og \u00e6rligt med hinanden for at sikre, at I begge er p\u00e5 samme side. Hvis du kan g\u00f8re disse ting, er du godt p\u00e5 vej til et tilfredsstillende og sp\u00e6ndende forhold til en MILF.<\/p>\n<h2>Milfs Dating Site<\/h2>\n<p>Der er masser af datingsider derude, der henvender sig til forskellige m\u00e5lgrupper. MilfsDatingSite er et s\u00e5dant websted, der har til form\u00e5l at forbinde milfs med kvalificerede m\u00e6nd. Webstedet har en ret ligetil gr\u00e6nseflade og en anst\u00e6ndig brugerbase. Det er dog v\u00e6rd at bem\u00e6rke, at webstedet stadig er i sine tidlige stadier, og s\u00e5 kan der v\u00e6re nogle fejl her og der. Samlet set er MilfsDatingSite en anst\u00e6ndig mulighed for dem, der \u00f8nsker at datere en milf.<\/p>\n<h3>Xmeets<\/h3>\n<p>Xmeets er en datingapp, der er specielt designet til folk, der \u00f8nsker at tilslutte sig MILF&#8217;er. Appen er nem at bruge, og den har mange funktioner, der g\u00f8r den til et af de bedste MILF-tilslutningssteder. Appen har ogs\u00e5 mange positive anmeldelser fra brugerne.<\/p>\n<h3>Alt.com<\/h3>\n<p>Hvis du leder efter et milf-tilslutningssted, der er p\u00e5lideligt og let at bruge, er Alt.com en god mulighed. Webstedet har en brugervenlig gr\u00e6nseflade og en stor database med medlemmer, s\u00e5 du er sikker p\u00e5 at finde nogen, der opfylder dine behov. S\u00f8ge- og meddelelsesfunktionerne er ogs\u00e5 meget gode, hvilket g\u00f8r det nemt at finde og oprette forbindelse til potentielle kampe. Samlet set er Alt.com et godt valg for alle, der leder efter et milf-tilslutningssted.<\/p>\n<h3>TinderMeets<\/h3>\n<p>Hvis du leder efter en datingapp, der er specielt designet til at tilslutte sig \u00e6ldre kvinder, s\u00e5 b\u00f8r du tjekke TinderMeets. Denne app bliver stadig mere popul\u00e6r blandt brugere, der leder efter modne datingpartnere. Interfacet er let at bruge, og appen giver en masse nyttige funktioner, s\u00e5som s\u00f8gefiltre og et meddelelsessystem. Samlet set er TinderMeets en god mulighed for alle, der er interesseret i milf hookup dating.<\/p>\n","protected":false},"excerpt":{"rendered":"<p>Der er mange milf-tilslutningssteder derude, men ikke alle er skabt ens. Du vil sikre dig, at du finder et websted,&hellip;<\/p>\n","protected":false},"author":1,"featured_media":0,"parent":0,"menu_order":0,"comment_status":"closed","ping_status":"closed","template":"","meta":[],"yoast_head":"<!-- This site is optimized with the Yoast SEO plugin v17.7.1 - https:\/\/yoast.com\/wordpress\/plugins\/seo\/ -->\n<title>MILF-tilslutningssteder - Dating Themes<\/title>\n<meta name=\"robots\" content=\"index, follow, max-snippet:-1, max-image-preview:large, max-video-preview:-1\" \/>\n<link rel=\"canonical\" href=\"https:\/\/wpdiarytheme.com\/da\/milf-tilslutningssteder\/\" \/>\n<meta property=\"og:locale\" content=\"da_DK\" \/>\n<meta property=\"og:type\" content=\"article\" \/>\n<meta property=\"og:title\" content=\"MILF-tilslutningssteder - Dating Themes\" \/>\n<meta property=\"og:description\" content=\"Der er mange milf-tilslutningssteder derude, men ikke alle er skabt ens. Du vil sikre dig, at du finder et websted,&hellip;\" \/>\n<meta property=\"og:url\" content=\"https:\/\/wpdiarytheme.com\/da\/milf-tilslutningssteder\/\" \/>\n<meta property=\"og:site_name\" content=\"Dating Themes\" \/>\n<meta name=\"twitter:card\" content=\"summary_large_image\" \/>\n<meta name=\"twitter:label1\" content=\"Estimeret l\u00e6setid\" \/>\n\t<meta name=\"twitter:data1\" content=\"4 minutter\" \/>\n<script type=\"application\/ld+json\" class=\"yoast-schema-graph\">{\"@context\":\"https:\/\/schema.org\",\"@graph\":[{\"@type\":\"WebSite\",\"@id\":\"https:\/\/wpdiarytheme.com\/#website\",\"url\":\"https:\/\/wpdiarytheme.com\/\",\"name\":\"Dating Themes\",\"description\":\"Find Your Perfect App\",\"potentialAction\":[{\"@type\":\"SearchAction\",\"target\":{\"@type\":\"EntryPoint\",\"urlTemplate\":\"https:\/\/wpdiarytheme.com\/?s={search_term_string}\"},\"query-input\":\"required name=search_term_string\"}],\"inLanguage\":\"da-DK\"},{\"@type\":\"WebPage\",\"@id\":\"https:\/\/wpdiarytheme.com\/da\/milf-tilslutningssteder\/#webpage\",\"url\":\"https:\/\/wpdiarytheme.com\/da\/milf-tilslutningssteder\/\",\"name\":\"MILF-tilslutningssteder - Dating Themes\",\"isPartOf\":{\"@id\":\"https:\/\/wpdiarytheme.com\/#website\"},\"datePublished\":\"2022-09-30T12:14:07+00:00\",\"dateModified\":\"2022-09-30T12:14:07+00:00\",\"breadcrumb\":{\"@id\":\"https:\/\/wpdiarytheme.com\/da\/milf-tilslutningssteder\/#breadcrumb\"},\"inLanguage\":\"da-DK\",\"potentialAction\":[{\"@type\":\"ReadAction\",\"target\":[\"https:\/\/wpdiarytheme.com\/da\/milf-tilslutningssteder\/\"]}]},{\"@type\":\"BreadcrumbList\",\"@id\":\"https:\/\/wpdiarytheme.com\/da\/milf-tilslutningssteder\/#breadcrumb\",\"itemListElement\":[{\"@type\":\"ListItem\",\"position\":1,\"name\":\"Home\",\"item\":\"http:\/\/wpdiarytheme.com\/da\/\"},{\"@type\":\"ListItem\",\"position\":2,\"name\":\"MILF-tilslutningssteder\"}]}]}<\/script>\n<!-- \/ Yoast SEO plugin. -->","yoast_head_json":{"title":"MILF-tilslutningssteder - Dating Themes","robots":{"index":"index","follow":"follow","max-snippet":"max-snippet:-1","max-image-preview":"max-image-preview:large","max-video-preview":"max-video-preview:-1"},"canonical":"https:\/\/wpdiarytheme.com\/da\/milf-tilslutningssteder\/","og_locale":"da_DK","og_type":"article","og_title":"MILF-tilslutningssteder - Dating Themes","og_description":"Der er mange milf-tilslutningssteder derude, men ikke alle er skabt ens. Du vil sikre dig, at du finder et websted,&hellip;","og_url":"https:\/\/wpdiarytheme.com\/da\/milf-tilslutningssteder\/","og_site_name":"Dating Themes","twitter_card":"summary_large_image","twitter_misc":{"Estimeret l\u00e6setid":"4 minutter"},"schema":{"@context":"https:\/\/schema.org","@graph":[{"@type":"WebSite","@id":"https:\/\/wpdiarytheme.com\/#website","url":"https:\/\/wpdiarytheme.com\/","name":"Dating Themes","description":"Find Your Perfect App","potentialAction":[{"@type":"SearchAction","target":{"@type":"EntryPoint","urlTemplate":"https:\/\/wpdiarytheme.com\/?s={search_term_string}"},"query-input":"required name=search_term_string"}],"inLanguage":"da-DK"},{"@type":"WebPage","@id":"https:\/\/wpdiarytheme.com\/da\/milf-tilslutningssteder\/#webpage","url":"https:\/\/wpdiarytheme.com\/da\/milf-tilslutningssteder\/","name":"MILF-tilslutningssteder - Dating Themes","isPartOf":{"@id":"https:\/\/wpdiarytheme.com\/#website"},"datePublished":"2022-09-30T12:14:07+00:00","dateModified":"2022-09-30T12:14:07+00:00","breadcrumb":{"@id":"https:\/\/wpdiarytheme.com\/da\/milf-tilslutningssteder\/#breadcrumb"},"inLanguage":"da-DK","potentialAction":[{"@type":"ReadAction","target":["https:\/\/wpdiarytheme.com\/da\/milf-tilslutningssteder\/"]}]},{"@type":"BreadcrumbList","@id":"https:\/\/wpdiarytheme.com\/da\/milf-tilslutningssteder\/#breadcrumb","itemListElement":[{"@type":"ListItem","position":1,"name":"Home","item":"http:\/\/wpdiarytheme.com\/da\/"},{"@type":"ListItem","position":2,"name":"MILF-tilslutningssteder"}]}]}},"_links":{"self":[{"href":"https:\/\/wpdiarytheme.com\/da\/wp-json\/wp\/v2\/pages\/279"}],"collection":[{"href":"https:\/\/wpdiarytheme.com\/da\/wp-json\/wp\/v2\/pages"}],"about":[{"href":"https:\/\/wpdiarytheme.com\/da\/wp-json\/wp\/v2\/types\/page"}],"author":[{"embeddable":true,"href":"https:\/\/wpdiarytheme.com\/da\/wp-json\/wp\/v2\/users\/1"}],"replies":[{"embeddable":true,"href":"https:\/\/wpdiarytheme.com\/da\/wp-json\/wp\/v2\/comments?post=279"}],"version-history":[{"count":0,"href":"https:\/\/wpdiarytheme.com\/da\/wp-json\/wp\/v2\/pages\/279\/revisions"}],"wp:attachment":[{"href":"https:\/\/wpdiarytheme.com\/da\/wp-json\/wp\/v2\/media?parent=279"}],"curies":[{"name":"wp","href":"https:\/\/api.w.org\/{rel}","templated":true}]}}