{"id":277,"date":"2022-09-30T13:13:34","date_gmt":"2022-09-30T12:13:34","guid":{"rendered":"http:\/\/wpdiarytheme.com\/lokal-bedstemor-dating\/"},"modified":"2022-09-30T13:13:34","modified_gmt":"2022-09-30T12:13:34","slug":"lokal-bedstemor-dating","status":"publish","type":"page","link":"https:\/\/wpdiarytheme.com\/da\/lokal-bedstemor-dating\/","title":{"rendered":"Lokal bedstemor dating"},"content":{"rendered":"<p>Der er mange grunde til at date en lokal bedstemor. For det f\u00f8rste kender de normalt alle de bedste tilslutningssteder i byen. Og to, de er normalt nede for noget. Hvis du <a href=\"http:\/\/wpdiarytheme.com\/free-fuck-sites\/\">leder efter nogen<\/a> til at tage dig til de bedste barer og klubber i byen, er en lokal bedstemor dit bedste bud. De kender alle hot spots og kan normalt f\u00e5 dig ind uden problemer. Plus, de er normalt klar til noget, n\u00e5r det kommer til tilslutning.<\/p>\n<p>S\u00e5 hvis du leder efter en sjov aften i byen med nogen, der ved, hvordan man viser dig en god tid, er en lokal bedstemor dit bedste bud.<\/p>\n<h2>M\u00f8d Gilfs<\/h2>\n<p>Der er mange m\u00e5der at m\u00f8de Gilfs p\u00e5 i disse dage. Du kan g\u00e5 online og s\u00f8ge efter datingwebsteder, der im\u00f8dekommer Gilfs, eller du kan g\u00e5 ud og kigge efter Gilfs i dit omr\u00e5de. Du kan ogs\u00e5 finde Gilfs gennem f\u00e6lles venner eller p\u00e5 sociale sammenkomster. N\u00e5r du har fundet en Gilf, du kan lide, kan du begynde at chatte med hende og l\u00e6re hende bedre at kende. Hvis du rammer det, kan du g\u00e5 p\u00e5 en date eller to og se, hvor tingene g\u00e5r derfra.<\/p>\n<h2>GILF Dato<\/h2>\n<p>Der er noget s\u00e6rligt ved at tilbringe tid med en bedstemor-type figur. De har s\u00e5 meget visdom og livserfaring at dele, og de er normalt nede p\u00e5 jorden og lette at tale med. Gilfs er ogs\u00e5 normalt ret sexede, og de ved, hvordan man har det godt. Hvis du leder efter k\u00e6rlighed, er det en fantastisk m\u00e5de at finde den p\u00e5 at tilbringe tid med en gilf. Du kan l\u00e6re meget af dem, og du vil sandsynligvis have det sjovt i processen. Hvem ved, m\u00e5ske finder du endda dit livs k\u00e6rlighed.<\/p>\n<h2>Lokal GILF<\/h2>\n<p>De ved, hvordan man har det godt, og de er altid klar til en god tid. De er ogs\u00e5 gode i sengen. Hvis du leder efter en gilf til dato, vil du helt sikkert gerne tjekke din lokale gilf.<\/p>\n<h3>OneBBW<\/h3>\n<p>Hvis du leder efter en lokal bedstemor til dato, er OneBBW-appen en god mulighed. Appen er nem at bruge og har et stort udvalg af bedstem\u00f8dre at v\u00e6lge imellem. Bedstem\u00f8drene p\u00e5 appen er ogs\u00e5 meget venlige og nemme at tale med. Samlet set er OneBBW-appen en god mulighed for lokal bedstemor dating.<\/p>\n<h3>DateMyAge<\/h3>\n<p>DateMyAge er en af de mest popul\u00e6re bedstemor dating apps til r\u00e5dighed i dag. Appen g\u00f8r det nemt at finde og oprette forbindelse til lokale bedstem\u00f8dre, der leder efter k\u00e6rlighed og kammeratskab. Appen er gratis at downloade og bruge, og den tilbyder en bred vifte af funktioner, der hj\u00e6lper dig med at finde det perfekte match til dig. Appen har ogs\u00e5 en fantastisk brugergr\u00e6nseflade, hvilket g\u00f8r det nemt at navigere og bruge. Samlet set er DateMyAge en god mulighed for dem, der leder efter en bedstemor dating app.<\/p>\n<h3>Fling.com<\/h3>\n<p>Hvis du leder efter en datingapp, der g\u00f8r det nemt at tilslutte sig lokale bedstem\u00f8dre, s\u00e5 b\u00f8r du helt sikkert tjekke Fling.com. Appen er gratis at downloade og bruge, og det er ret nemt at finde ud af, hvordan man bruger. Alt du skal g\u00f8re er at oprette en profil og begynde at gennemse bedstem\u00f8drene i dit omr\u00e5de. Du kan sende dem beskeder, chatte med dem og endda m\u00f8des med dem personligt, hvis I begge er interesserede.<\/p>\n<p>Det bedste ved Fling.com er, at det er helt diskret. Du beh\u00f8ver ikke bekymre dig om, at din familie eller venner finder ud af om dine bedstemor-tilslutninger. Alt er helt fortroligt. S\u00e5 hvis du leder efter en m\u00e5de at krydre dit k\u00e6rlighedsliv p\u00e5, s\u00e5 pr\u00f8v Fling.com bestemt.<\/p>\n","protected":false},"excerpt":{"rendered":"<p>Der er mange grunde til at date en lokal bedstemor. For det f\u00f8rste kender de normalt alle de bedste tilslutningssteder&hellip;<\/p>\n","protected":false},"author":1,"featured_media":0,"parent":0,"menu_order":0,"comment_status":"closed","ping_status":"closed","template":"","meta":[],"yoast_head":"<!-- This site is optimized with the Yoast SEO plugin v17.7.1 - https:\/\/yoast.com\/wordpress\/plugins\/seo\/ -->\n<title>Lokal bedstemor dating - Dating Themes<\/title>\n<meta name=\"robots\" content=\"index, follow, max-snippet:-1, max-image-preview:large, max-video-preview:-1\" \/>\n<link rel=\"canonical\" href=\"https:\/\/wpdiarytheme.com\/da\/lokal-bedstemor-dating\/\" \/>\n<meta property=\"og:locale\" content=\"da_DK\" \/>\n<meta property=\"og:type\" content=\"article\" \/>\n<meta property=\"og:title\" content=\"Lokal bedstemor dating - Dating Themes\" \/>\n<meta property=\"og:description\" content=\"Der er mange grunde til at date en lokal bedstemor. For det f\u00f8rste kender de normalt alle de bedste tilslutningssteder&hellip;\" \/>\n<meta property=\"og:url\" content=\"https:\/\/wpdiarytheme.com\/da\/lokal-bedstemor-dating\/\" \/>\n<meta property=\"og:site_name\" content=\"Dating Themes\" \/>\n<meta name=\"twitter:card\" content=\"summary_large_image\" \/>\n<meta name=\"twitter:label1\" content=\"Estimeret l\u00e6setid\" \/>\n\t<meta name=\"twitter:data1\" content=\"3 minutter\" \/>\n<script type=\"application\/ld+json\" class=\"yoast-schema-graph\">{\"@context\":\"https:\/\/schema.org\",\"@graph\":[{\"@type\":\"WebSite\",\"@id\":\"https:\/\/wpdiarytheme.com\/#website\",\"url\":\"https:\/\/wpdiarytheme.com\/\",\"name\":\"Dating Themes\",\"description\":\"Find Your Perfect App\",\"potentialAction\":[{\"@type\":\"SearchAction\",\"target\":{\"@type\":\"EntryPoint\",\"urlTemplate\":\"https:\/\/wpdiarytheme.com\/?s={search_term_string}\"},\"query-input\":\"required name=search_term_string\"}],\"inLanguage\":\"da-DK\"},{\"@type\":\"WebPage\",\"@id\":\"https:\/\/wpdiarytheme.com\/da\/lokal-bedstemor-dating\/#webpage\",\"url\":\"https:\/\/wpdiarytheme.com\/da\/lokal-bedstemor-dating\/\",\"name\":\"Lokal bedstemor dating - Dating Themes\",\"isPartOf\":{\"@id\":\"https:\/\/wpdiarytheme.com\/#website\"},\"datePublished\":\"2022-09-30T12:13:34+00:00\",\"dateModified\":\"2022-09-30T12:13:34+00:00\",\"breadcrumb\":{\"@id\":\"https:\/\/wpdiarytheme.com\/da\/lokal-bedstemor-dating\/#breadcrumb\"},\"inLanguage\":\"da-DK\",\"potentialAction\":[{\"@type\":\"ReadAction\",\"target\":[\"https:\/\/wpdiarytheme.com\/da\/lokal-bedstemor-dating\/\"]}]},{\"@type\":\"BreadcrumbList\",\"@id\":\"https:\/\/wpdiarytheme.com\/da\/lokal-bedstemor-dating\/#breadcrumb\",\"itemListElement\":[{\"@type\":\"ListItem\",\"position\":1,\"name\":\"Home\",\"item\":\"http:\/\/wpdiarytheme.com\/da\/\"},{\"@type\":\"ListItem\",\"position\":2,\"name\":\"Lokal bedstemor dating\"}]}]}<\/script>\n<!-- \/ Yoast SEO plugin. -->","yoast_head_json":{"title":"Lokal bedstemor dating - Dating Themes","robots":{"index":"index","follow":"follow","max-snippet":"max-snippet:-1","max-image-preview":"max-image-preview:large","max-video-preview":"max-video-preview:-1"},"canonical":"https:\/\/wpdiarytheme.com\/da\/lokal-bedstemor-dating\/","og_locale":"da_DK","og_type":"article","og_title":"Lokal bedstemor dating - Dating Themes","og_description":"Der er mange grunde til at date en lokal bedstemor. For det f\u00f8rste kender de normalt alle de bedste tilslutningssteder&hellip;","og_url":"https:\/\/wpdiarytheme.com\/da\/lokal-bedstemor-dating\/","og_site_name":"Dating Themes","twitter_card":"summary_large_image","twitter_misc":{"Estimeret l\u00e6setid":"3 minutter"},"schema":{"@context":"https:\/\/schema.org","@graph":[{"@type":"WebSite","@id":"https:\/\/wpdiarytheme.com\/#website","url":"https:\/\/wpdiarytheme.com\/","name":"Dating Themes","description":"Find Your Perfect App","potentialAction":[{"@type":"SearchAction","target":{"@type":"EntryPoint","urlTemplate":"https:\/\/wpdiarytheme.com\/?s={search_term_string}"},"query-input":"required name=search_term_string"}],"inLanguage":"da-DK"},{"@type":"WebPage","@id":"https:\/\/wpdiarytheme.com\/da\/lokal-bedstemor-dating\/#webpage","url":"https:\/\/wpdiarytheme.com\/da\/lokal-bedstemor-dating\/","name":"Lokal bedstemor dating - Dating Themes","isPartOf":{"@id":"https:\/\/wpdiarytheme.com\/#website"},"datePublished":"2022-09-30T12:13:34+00:00","dateModified":"2022-09-30T12:13:34+00:00","breadcrumb":{"@id":"https:\/\/wpdiarytheme.com\/da\/lokal-bedstemor-dating\/#breadcrumb"},"inLanguage":"da-DK","potentialAction":[{"@type":"ReadAction","target":["https:\/\/wpdiarytheme.com\/da\/lokal-bedstemor-dating\/"]}]},{"@type":"BreadcrumbList","@id":"https:\/\/wpdiarytheme.com\/da\/lokal-bedstemor-dating\/#breadcrumb","itemListElement":[{"@type":"ListItem","position":1,"name":"Home","item":"http:\/\/wpdiarytheme.com\/da\/"},{"@type":"ListItem","position":2,"name":"Lokal bedstemor dating"}]}]}},"_links":{"self":[{"href":"https:\/\/wpdiarytheme.com\/da\/wp-json\/wp\/v2\/pages\/277"}],"collection":[{"href":"https:\/\/wpdiarytheme.com\/da\/wp-json\/wp\/v2\/pages"}],"about":[{"href":"https:\/\/wpdiarytheme.com\/da\/wp-json\/wp\/v2\/types\/page"}],"author":[{"embeddable":true,"href":"https:\/\/wpdiarytheme.com\/da\/wp-json\/wp\/v2\/users\/1"}],"replies":[{"embeddable":true,"href":"https:\/\/wpdiarytheme.com\/da\/wp-json\/wp\/v2\/comments?post=277"}],"version-history":[{"count":0,"href":"https:\/\/wpdiarytheme.com\/da\/wp-json\/wp\/v2\/pages\/277\/revisions"}],"wp:attachment":[{"href":"https:\/\/wpdiarytheme.com\/da\/wp-json\/wp\/v2\/media?parent=277"}],"curies":[{"name":"wp","href":"https:\/\/api.w.org\/{rel}","templated":true}]}}