{"id":245,"date":"2022-09-30T13:11:56","date_gmt":"2022-09-30T12:11:56","guid":{"rendered":"http:\/\/wpdiarytheme.com\/kvinder-paa-udkig-efter-sex\/"},"modified":"2022-09-30T13:11:56","modified_gmt":"2022-09-30T12:11:56","slug":"kvinder-paa-udkig-efter-sex","status":"publish","type":"page","link":"https:\/\/wpdiarytheme.com\/da\/kvinder-paa-udkig-efter-sex\/","title":{"rendered":"Kvinder P\u00e5 Udkig Efter Sex"},"content":{"rendered":"<p>Der er noget ved en kvinde, der ved, hvad hun vil og ikke er bange for at <a href=\"http:\/\/wpdiarytheme.com\/milf-hookup-sites\/\">g\u00e5 efter det, der er utroligt attraktivt<\/a>. Kvinder, der vil kneppe, er selvsikre og sexede, og de ved, hvordan de f\u00e5r det, de vil have. De er ikke bange for at tage ansvar, og de er gode i sengen. Hvis du leder efter en tilslutning, der garanteret vil v\u00e6re varm og vild, skal du tilslutte dig en kvinde, der vil kneppe.<\/p>\n<p>Der er masser af kvinder derude, der leder efter sex, og hvis du er villig til at g\u00f8re en lille indsats, kan du finde dem. N\u00f8glen er at g\u00f8re dig attraktiv for dem og v\u00e6re selvsikker. V\u00e6r selvsikker og tag initiativet. V\u00e6r forberedt p\u00e5 at tilbyde dem noget til geng\u00e6ld, hvad enten det er \u00f8konomisk kompensation eller bare forn\u00f8jelse. V\u00e6r respektfuld og skub ikke for h\u00e5rdt, og du skal v\u00e6re i stand til at finde kvinder, der er villige til at have sex med dig.<\/p>\n<h2>Sex Finder<\/h2>\n<p>Der er masser af kvinder, der leder efter sex i n\u00e6rheden af mig, og langt de fleste af dem leder bare efter k\u00e6rlighed. Men hvis du bare leder efter en hurtig tilslutning, vil du sandsynligvis have bedre held andre steder. De kvinder, der leder efter sex i n\u00e6rheden af mig, leder typisk efter noget lidt mere omfattende, s\u00e5 hvis du bare leder efter et one night stand, vil du m\u00e5ske pr\u00f8ve andre steder.<\/p>\n<h2>Liderlige lokale kvinder<\/h2>\n<p>Der er ingen grund til at v\u00e6re genert over at ville tilslutte sig en liderlig kvinde. Du kan finde masser af dem lige her p\u00e5 Xpress.com. Bare opret en profil og begynd at gennemse alle de lokale liderlige kvinder i dit omr\u00e5de. Du kan sende beskeder og flirter og arrangere at m\u00f8des til en varm, dampende session. Det er helt op til dig. S\u00e5 hvad venter du p\u00e5? Kom i gang i dag og tilslut dig en liderlig kvinde i n\u00e6rheden af dig!<\/p>\n<h3>LuckyCrush<\/h3>\n<p>LuckyCrush er en ny datingapp, der giver kvinder mulighed for anonymt at vurdere og gennemg\u00e5 de m\u00e6nd, de har sovet med. Appen er anonym og giver kun kvinder mulighed for at bed\u00f8mme og anmelde de m\u00e6nd, de har kneppet, ikke omvendt. Appen er stadig i sine tidlige stadier, men den hj\u00e6lper allerede kvinder med anonymt at bed\u00f8mme og gennemg\u00e5 de m\u00e6nd, de har kneppet.<\/p>\n<h3>WantMatures<\/h3>\n<p>Hvis du er en kvinde, der bare vil kneppe, s\u00e5 er WantMatures dating app bestemt v\u00e6rd at tjekke ud. Appen er designet specielt til kvinder, der \u00f8nsker at tilslutte sig \u00e6ldre m\u00e6nd, og den er virkelig nem at bruge. Bare opret en profil, gennemse profilerne for potentielle kampe, og begynd at sende beskeder. M\u00e6ndene p\u00e5 appen leder alle efter \u00e9n ting, og de er ikke bange for at sige det. S\u00e5 hvis du er tr\u00e6t af at besk\u00e6ftige dig med fyre, der bare vil spille spil, er dette appen til dig.<\/p>\n<h3>Fling.com<\/h3>\n<p>Hvis du er en kvinde, der vil kneppe, s\u00e5 er Fling.com datingappen for dig. Med over 2 millioner medlemmer over hele verden er det den st\u00f8rste datingapp af sin art, og det er let at se hvorfor. Med sin enkle, men effektive s\u00f8gefunktion kan du hurtigt og nemt finde nogen, der opfylder dine kriterier.<\/p>\n<p>Der er ingen komplicerede algoritmer eller lange sp\u00f8rgeskemaer at udfylde, bare en simpel profil og et foto. N\u00e5r du har fundet nogen, du kan lide, skal du bare sende dem en besked og lade det sjove begynde.<\/p>\n<p>Fling.com er gratis at bruge, og der er ingen skjulte omkostninger, s\u00e5 du kan bare fokusere p\u00e5 at finde nogen at kneppe. Og med sin store medlemsbase er du sikker p\u00e5 at finde nogen, der er klar til det.<\/p>\n","protected":false},"excerpt":{"rendered":"<p>Der er noget ved en kvinde, der ved, hvad hun vil og ikke er bange for at g\u00e5 efter det,&hellip;<\/p>\n","protected":false},"author":1,"featured_media":0,"parent":0,"menu_order":0,"comment_status":"closed","ping_status":"closed","template":"","meta":[],"yoast_head":"<!-- This site is optimized with the Yoast SEO plugin v17.7.1 - https:\/\/yoast.com\/wordpress\/plugins\/seo\/ -->\n<title>Kvinder P\u00e5 Udkig Efter Sex - Dating Themes<\/title>\n<meta name=\"robots\" content=\"index, follow, max-snippet:-1, max-image-preview:large, max-video-preview:-1\" \/>\n<link rel=\"canonical\" href=\"https:\/\/wpdiarytheme.com\/da\/kvinder-paa-udkig-efter-sex\/\" \/>\n<meta property=\"og:locale\" content=\"da_DK\" \/>\n<meta property=\"og:type\" content=\"article\" \/>\n<meta property=\"og:title\" content=\"Kvinder P\u00e5 Udkig Efter Sex - Dating Themes\" \/>\n<meta property=\"og:description\" content=\"Der er noget ved en kvinde, der ved, hvad hun vil og ikke er bange for at g\u00e5 efter det,&hellip;\" \/>\n<meta property=\"og:url\" content=\"https:\/\/wpdiarytheme.com\/da\/kvinder-paa-udkig-efter-sex\/\" \/>\n<meta property=\"og:site_name\" content=\"Dating Themes\" \/>\n<meta name=\"twitter:card\" content=\"summary_large_image\" \/>\n<meta name=\"twitter:label1\" content=\"Estimeret l\u00e6setid\" \/>\n\t<meta name=\"twitter:data1\" content=\"3 minutter\" \/>\n<script type=\"application\/ld+json\" class=\"yoast-schema-graph\">{\"@context\":\"https:\/\/schema.org\",\"@graph\":[{\"@type\":\"WebSite\",\"@id\":\"https:\/\/wpdiarytheme.com\/#website\",\"url\":\"https:\/\/wpdiarytheme.com\/\",\"name\":\"Dating Themes\",\"description\":\"Find Your Perfect App\",\"potentialAction\":[{\"@type\":\"SearchAction\",\"target\":{\"@type\":\"EntryPoint\",\"urlTemplate\":\"https:\/\/wpdiarytheme.com\/?s={search_term_string}\"},\"query-input\":\"required name=search_term_string\"}],\"inLanguage\":\"da-DK\"},{\"@type\":\"WebPage\",\"@id\":\"https:\/\/wpdiarytheme.com\/da\/kvinder-paa-udkig-efter-sex\/#webpage\",\"url\":\"https:\/\/wpdiarytheme.com\/da\/kvinder-paa-udkig-efter-sex\/\",\"name\":\"Kvinder P\\u00e5 Udkig Efter Sex - Dating Themes\",\"isPartOf\":{\"@id\":\"https:\/\/wpdiarytheme.com\/#website\"},\"datePublished\":\"2022-09-30T12:11:56+00:00\",\"dateModified\":\"2022-09-30T12:11:56+00:00\",\"breadcrumb\":{\"@id\":\"https:\/\/wpdiarytheme.com\/da\/kvinder-paa-udkig-efter-sex\/#breadcrumb\"},\"inLanguage\":\"da-DK\",\"potentialAction\":[{\"@type\":\"ReadAction\",\"target\":[\"https:\/\/wpdiarytheme.com\/da\/kvinder-paa-udkig-efter-sex\/\"]}]},{\"@type\":\"BreadcrumbList\",\"@id\":\"https:\/\/wpdiarytheme.com\/da\/kvinder-paa-udkig-efter-sex\/#breadcrumb\",\"itemListElement\":[{\"@type\":\"ListItem\",\"position\":1,\"name\":\"Home\",\"item\":\"http:\/\/wpdiarytheme.com\/da\/\"},{\"@type\":\"ListItem\",\"position\":2,\"name\":\"Kvinder P\\u00e5 Udkig Efter Sex\"}]}]}<\/script>\n<!-- \/ Yoast SEO plugin. -->","yoast_head_json":{"title":"Kvinder P\u00e5 Udkig Efter Sex - Dating Themes","robots":{"index":"index","follow":"follow","max-snippet":"max-snippet:-1","max-image-preview":"max-image-preview:large","max-video-preview":"max-video-preview:-1"},"canonical":"https:\/\/wpdiarytheme.com\/da\/kvinder-paa-udkig-efter-sex\/","og_locale":"da_DK","og_type":"article","og_title":"Kvinder P\u00e5 Udkig Efter Sex - Dating Themes","og_description":"Der er noget ved en kvinde, der ved, hvad hun vil og ikke er bange for at g\u00e5 efter det,&hellip;","og_url":"https:\/\/wpdiarytheme.com\/da\/kvinder-paa-udkig-efter-sex\/","og_site_name":"Dating Themes","twitter_card":"summary_large_image","twitter_misc":{"Estimeret l\u00e6setid":"3 minutter"},"schema":{"@context":"https:\/\/schema.org","@graph":[{"@type":"WebSite","@id":"https:\/\/wpdiarytheme.com\/#website","url":"https:\/\/wpdiarytheme.com\/","name":"Dating Themes","description":"Find Your Perfect App","potentialAction":[{"@type":"SearchAction","target":{"@type":"EntryPoint","urlTemplate":"https:\/\/wpdiarytheme.com\/?s={search_term_string}"},"query-input":"required name=search_term_string"}],"inLanguage":"da-DK"},{"@type":"WebPage","@id":"https:\/\/wpdiarytheme.com\/da\/kvinder-paa-udkig-efter-sex\/#webpage","url":"https:\/\/wpdiarytheme.com\/da\/kvinder-paa-udkig-efter-sex\/","name":"Kvinder P\u00e5 Udkig Efter Sex - Dating Themes","isPartOf":{"@id":"https:\/\/wpdiarytheme.com\/#website"},"datePublished":"2022-09-30T12:11:56+00:00","dateModified":"2022-09-30T12:11:56+00:00","breadcrumb":{"@id":"https:\/\/wpdiarytheme.com\/da\/kvinder-paa-udkig-efter-sex\/#breadcrumb"},"inLanguage":"da-DK","potentialAction":[{"@type":"ReadAction","target":["https:\/\/wpdiarytheme.com\/da\/kvinder-paa-udkig-efter-sex\/"]}]},{"@type":"BreadcrumbList","@id":"https:\/\/wpdiarytheme.com\/da\/kvinder-paa-udkig-efter-sex\/#breadcrumb","itemListElement":[{"@type":"ListItem","position":1,"name":"Home","item":"http:\/\/wpdiarytheme.com\/da\/"},{"@type":"ListItem","position":2,"name":"Kvinder P\u00e5 Udkig Efter Sex"}]}]}},"_links":{"self":[{"href":"https:\/\/wpdiarytheme.com\/da\/wp-json\/wp\/v2\/pages\/245"}],"collection":[{"href":"https:\/\/wpdiarytheme.com\/da\/wp-json\/wp\/v2\/pages"}],"about":[{"href":"https:\/\/wpdiarytheme.com\/da\/wp-json\/wp\/v2\/types\/page"}],"author":[{"embeddable":true,"href":"https:\/\/wpdiarytheme.com\/da\/wp-json\/wp\/v2\/users\/1"}],"replies":[{"embeddable":true,"href":"https:\/\/wpdiarytheme.com\/da\/wp-json\/wp\/v2\/comments?post=245"}],"version-history":[{"count":0,"href":"https:\/\/wpdiarytheme.com\/da\/wp-json\/wp\/v2\/pages\/245\/revisions"}],"wp:attachment":[{"href":"https:\/\/wpdiarytheme.com\/da\/wp-json\/wp\/v2\/media?parent=245"}],"curies":[{"name":"wp","href":"https:\/\/api.w.org\/{rel}","templated":true}]}}