{"id":172,"date":"2022-09-12T12:14:34","date_gmt":"2022-09-12T11:14:34","guid":{"rendered":"http:\/\/wpdiarytheme.com\/din-datingdagbog-tilslutninger-og-mere\/"},"modified":"2022-09-27T13:15:52","modified_gmt":"2022-09-27T12:15:52","slug":"din-datingdagbog-tilslutninger-og-mere","status":"publish","type":"page","link":"https:\/\/wpdiarytheme.com\/da\/","title":{"rendered":"Din datingdagbog: Tilslutninger og mere"},"content":{"rendered":"<p>Jeg ved, hvad du t\u00e6nker: &#8220;Der er tusindvis af datingapps og websteder derude.&#8221; Og du ville have ret. Men jeg tror, vi kan blive enige om, at der er nogle af de bedste rundt omkring. Som en, der bruger en hver dag, ville jeg sikre mig, at du vidste om de bedste gratis tilslutningssider derude.<\/p>\n<p>Denne liste indeholder alle de store, der er helt gratis. Nogle af dem har endda betalte planer, men de er ikke n\u00f8dvendige for at deltage. Hvis du vil finde et langvarigt forhold, skal du dog tjekke min guide til at finde k\u00e6rlighed online.<\/p>\n<p>Den st\u00f8rste ting, du vil bem\u00e6rke om disse websteder, er <a href=\"http:\/\/www.deittisovellus.net\">uskovaisten deittisovellus<\/a>, hvor nemme de er at bruge. De fleste af webstederne kr\u00e6ver ingen tilmeldinger, kun brugernavn og adgangskode. Du beh\u00f8ver ikke at udfylde profiler eller besvare sp\u00f8rgsm\u00e5l; du skriver bare hvad du vil i s\u00f8gefeltet og begynder at m\u00f8de mennesker.<\/p>\n<p>Du finder ingen falske konti p\u00e5 vores liste. Alle de websteder, der er anf\u00f8rt her, er helt legitime og sikre. Der er ogs\u00e5 masser af forskellige typer mennesker p\u00e5 disse platforme. Uanset om du foretr\u00e6kker afslappet sex eller seri\u00f8se forhold, er du n\u00f8dt til at finde noget, du nyder.<\/p>\n<h2>Kom i gang med datingsider<\/h2>\n<p>Mange mennesker bruger datingsider og apps til at oprette forbindelse til potentielle romantiske kampe. Men mens disse websteder tilbyder masser af funktioner til at finde k\u00e6rlighed, er der mange andre, der henvender sig specifikt til at m\u00f8des til one night stands. Uanset om du leder efter en hurtig fling eller bare nogen at h\u00e6nge ud med, er her 10 gode steder at g\u00e5, hvor du ikke engang beh\u00f8ver at betale noget for at pr\u00f8ve.<\/p>\n<p><img loading=\"lazy\" class=\"aligncenter wp-image-66 size-large\" src=\"http:\/\/wpdiarytheme.com\/wp-content\/uploads\/2022\/09\/real-dates-online-1024x683.jpeg\" alt=\"\" width=\"525\" height=\"350\" srcset=\"https:\/\/wpdiarytheme.com\/wp-content\/uploads\/2022\/09\/real-dates-online-1024x683.jpeg 1024w, https:\/\/wpdiarytheme.com\/wp-content\/uploads\/2022\/09\/real-dates-online-300x200.jpeg 300w, https:\/\/wpdiarytheme.com\/wp-content\/uploads\/2022\/09\/real-dates-online-768x512.jpeg 768w, https:\/\/wpdiarytheme.com\/wp-content\/uploads\/2022\/09\/real-dates-online.jpeg 1125w\" sizes=\"(max-width: 525px) 100vw, 525px\" \/><\/p>\n<h3>Masser Af Fisk<\/h3>\n<p>PlentyOfFish er nok det mest kendte sted for afslappede m\u00f8der. Selvom det opkr\u00e6ver et gebyr for at blive et premiummedlem, tilbyder det masser af funktioner, herunder at kunne gennemse medlemmer baseret p\u00e5 placering, alder, kropstype, k\u00f8n, etnicitet, religion, forholdsstatus, uddannelsesniveau, h\u00f8jde, v\u00e6gt, rygevaner, drikkevaner og meget mere. Du vil aldrig st\u00f8de p\u00e5 nogen, du kender, men du kan ende med at m\u00f8de nogen, der deler dine interesser.<\/p>\n<h3>AdultFriendFinder<\/h3>\n<p>Adult Friend Finder er et andet meget popul\u00e6rt sted at lede efter et afslappet m\u00f8de. De har eksisteret siden 1999 og h\u00e6vder at have <a href=\"http:\/\/www.treffisivusto.com\">treffi sivu<\/a> millioner af aktive profiler. Der er mange forskellige muligheder for medlemskab, lige fra en gratis pr\u00f8veperiode til et m\u00e5nedligt abonnement. S\u00e5 l\u00e6nge du er villig til at l\u00e6gge noget arbejde, kan du finde pr\u00e6cis det, du leder efter.<\/p>\n<p>Adult Friend Finder er et andet websted dedikeret til at hj\u00e6lpe voksne med at finde venner med fordele. Faktisk er det det n\u00e6stst\u00f8rste BBW-kontaktannoncer bag Ashley Madison.<\/p>\n<h3>100 kr., Kj\u00e6r &amp; Sommerfeld<\/h3>\n<p>Hvis du leder efter noget diskret, er Ashley Madison bestemt v\u00e6rd at tjekke ud. Dette websted giver dig mulighed for at se andres profiler, sende beskeder og arrangere datoer. Alt dette sker helt anonymt. Hvis du beslutter dig for at tilmelde dig et premium-medlemskab, kan du se andre medlemmers fulde navne, e-mail-adresser og endda telefonnumre.<\/p>\n<p>AshleyMadison.com er et frisk pust online for folk, der \u00f8nsker at opleve lidt ekstra krydderi i deres k\u00e6rlighedsliv. Med over 54 millioner medlemmer over hele verden tilbyder datingsiden for voksne masser af m\u00e5der at m\u00f8de ligesindede singler p\u00e5. Uanset om du leder efter afslappede m\u00f8der, et seri\u00f8st forhold eller noget helt andet, har AshleyMadison.com alt, hvad du leder efter.<\/p>\n<h3>Fr\u00e6k<\/h3>\n<p>BeNaughty er en gratis online dating app, hvor folk m\u00f8der hinanden baseret p\u00e5 gensidig interesse. Du beh\u00f8ver ikke bekymre dig om at finde nogen speciel, fordi der er tusindvis af medlemmer, der venter p\u00e5, at du tilmelder dig.<\/p>\n<p>M\u00e5let med BeNaughty er enkelt: Vi vil g\u00f8re det lettere at m\u00f8de mennesker. Vi har gjort det h\u00e5rde arbejde for dig &#8211; vores team af eksperter har h\u00e5ndplukket profiler af hotte fyre og piger ligesom dig. Uanset om du leder efter venskab, afslappet sex eller noget seri\u00f8st, finder du pr\u00e6cis, hvad du vil have her.<\/p>\n<p>Hvis du er klar til at begynde at chatte med lokal singleton, skal du tilmelde dig nu og begynde at surfe.<\/p>\n<h3>IWantU<\/h3>\n<p>IWantU-appen er et tilslutningssted, der giver folk mulighed for at m\u00f8des til sex samme dag. Appen blev lanceret i 2017 og er blevet downloadet over 50 millioner gange p\u00e5 verdensplan med over 30 millioner downloads alene i USA. Brugere tilmelder sig gratis, v\u00e6lger deres k\u00f8n, aldersgruppe, placering og interesser og venter p\u00e5 kampe baseret p\u00e5 disse kriterier. De kan derefter kontakte direkte via e-mail eller telefonopkald og arrangere at m\u00f8des til sex inden for 24 timer.<\/p>\n<p>Appen er designet til at hj\u00e6lpe travle fagfolk med at m\u00f8de ligesindede personer til one night stands, hurtige flings eller endda \u00e6gteskabsforslag. Der er ingen afslag eller lange overtalelser, fordi alle medlemmer kommer for det samme &#8211; sex.<\/p>\n<p>Hver bruger er kendetegnet ved frig\u00f8relse, et \u00f8nske om at modtage og give gl\u00e6de og en vilje til at pr\u00f8ve noget andet. Ud over en profilsektion, hvor brugerne beskriver sig selv, uploader de ogs\u00e5 billeder, videoer og steder, hvor de vil m\u00f8des.<\/p>\n<h2>Hvad er n\u00e6ste?<\/h2>\n<p>Okay, s\u00e5 vi ved, hvad du t\u00e6nker. &#8220;Jeg vil ikke deltage i et eller andet tilslutningssted.&#8221; N\u00e5, det er okay, fordi der er masser af gratis websteder derude, der tilbyder fantastiske funktioner som instant messaging og videochat.<\/p>\n<p>Hvis du \u00f8nsker at have afslappet sex i aften, s\u00e5 forts\u00e6t med at rulle og handle, simpelt nok, er det ikke?<\/p>\n<p>Du b\u00f8r tilmelde dig et par forskellige websteder og se, hvilken der fungerer bedst for dig.<\/p>\n","protected":false},"excerpt":{"rendered":"<p>Jeg ved, hvad du t\u00e6nker: &#8220;Der er tusindvis af datingapps og websteder derude.&#8221; Og du ville have ret. Men jeg&hellip;<\/p>\n","protected":false},"author":1,"featured_media":77,"parent":0,"menu_order":0,"comment_status":"closed","ping_status":"closed","template":"","meta":[],"yoast_head":"<!-- This site is optimized with the Yoast SEO plugin v17.7.1 - https:\/\/yoast.com\/wordpress\/plugins\/seo\/ -->\n<title>Din datingdagbog: Tilslutninger og mere - Dating Themes<\/title>\n<meta name=\"robots\" content=\"index, follow, max-snippet:-1, max-image-preview:large, max-video-preview:-1\" \/>\n<link rel=\"canonical\" href=\"https:\/\/wpdiarytheme.com\/da\/\" \/>\n<meta property=\"og:locale\" content=\"da_DK\" \/>\n<meta property=\"og:type\" content=\"article\" \/>\n<meta property=\"og:title\" content=\"Din datingdagbog: Tilslutninger og mere - Dating Themes\" \/>\n<meta property=\"og:description\" content=\"Jeg ved, hvad du t\u00e6nker: &#8220;Der er tusindvis af datingapps og websteder derude.&#8221; Og du ville have ret. Men jeg&hellip;\" \/>\n<meta property=\"og:url\" content=\"https:\/\/wpdiarytheme.com\/da\/\" \/>\n<meta property=\"og:site_name\" content=\"Dating Themes\" \/>\n<meta property=\"article:modified_time\" content=\"2022-09-27T12:15:52+00:00\" \/>\n<meta property=\"og:image\" content=\"http:\/\/wpdiarytheme.com\/wp-content\/uploads\/2022\/09\/local-sex-match.jpeg\" \/>\n\t<meta property=\"og:image:width\" content=\"1600\" \/>\n\t<meta property=\"og:image:height\" content=\"1067\" \/>\n<meta name=\"twitter:card\" content=\"summary_large_image\" \/>\n<meta name=\"twitter:label1\" content=\"Estimeret l\u00e6setid\" \/>\n\t<meta name=\"twitter:data1\" content=\"5 minutter\" \/>\n<script type=\"application\/ld+json\" class=\"yoast-schema-graph\">{\"@context\":\"https:\/\/schema.org\",\"@graph\":[{\"@type\":\"WebSite\",\"@id\":\"https:\/\/wpdiarytheme.com\/#website\",\"url\":\"https:\/\/wpdiarytheme.com\/\",\"name\":\"Dating Themes\",\"description\":\"Find Your Perfect App\",\"potentialAction\":[{\"@type\":\"SearchAction\",\"target\":{\"@type\":\"EntryPoint\",\"urlTemplate\":\"https:\/\/wpdiarytheme.com\/?s={search_term_string}\"},\"query-input\":\"required name=search_term_string\"}],\"inLanguage\":\"da-DK\"},{\"@type\":\"ImageObject\",\"@id\":\"https:\/\/wpdiarytheme.com\/da\/#primaryimage\",\"inLanguage\":\"da-DK\",\"url\":\"https:\/\/wpdiarytheme.com\/wp-content\/uploads\/2022\/09\/local-sex-match.jpeg\",\"contentUrl\":\"https:\/\/wpdiarytheme.com\/wp-content\/uploads\/2022\/09\/local-sex-match.jpeg\",\"width\":1600,\"height\":1067},{\"@type\":\"WebPage\",\"@id\":\"https:\/\/wpdiarytheme.com\/da\/#webpage\",\"url\":\"https:\/\/wpdiarytheme.com\/da\/\",\"name\":\"Din datingdagbog: Tilslutninger og mere - Dating Themes\",\"isPartOf\":{\"@id\":\"https:\/\/wpdiarytheme.com\/#website\"},\"primaryImageOfPage\":{\"@id\":\"https:\/\/wpdiarytheme.com\/da\/#primaryimage\"},\"datePublished\":\"2022-09-12T11:14:34+00:00\",\"dateModified\":\"2022-09-27T12:15:52+00:00\",\"breadcrumb\":{\"@id\":\"https:\/\/wpdiarytheme.com\/da\/#breadcrumb\"},\"inLanguage\":\"da-DK\",\"potentialAction\":[{\"@type\":\"ReadAction\",\"target\":[\"https:\/\/wpdiarytheme.com\/da\/\"]}]},{\"@type\":\"BreadcrumbList\",\"@id\":\"https:\/\/wpdiarytheme.com\/da\/#breadcrumb\",\"itemListElement\":[{\"@type\":\"ListItem\",\"position\":1,\"name\":\"Home\",\"item\":\"http:\/\/wpdiarytheme.com\/da\/\"},{\"@type\":\"ListItem\",\"position\":2,\"name\":\"Din datingdagbog: Tilslutninger og mere\"}]}]}<\/script>\n<!-- \/ Yoast SEO plugin. -->","yoast_head_json":{"title":"Din datingdagbog: Tilslutninger og mere - Dating Themes","robots":{"index":"index","follow":"follow","max-snippet":"max-snippet:-1","max-image-preview":"max-image-preview:large","max-video-preview":"max-video-preview:-1"},"canonical":"https:\/\/wpdiarytheme.com\/da\/","og_locale":"da_DK","og_type":"article","og_title":"Din datingdagbog: Tilslutninger og mere - Dating Themes","og_description":"Jeg ved, hvad du t\u00e6nker: &#8220;Der er tusindvis af datingapps og websteder derude.&#8221; Og du ville have ret. Men jeg&hellip;","og_url":"https:\/\/wpdiarytheme.com\/da\/","og_site_name":"Dating Themes","article_modified_time":"2022-09-27T12:15:52+00:00","og_image":[{"width":1600,"height":1067,"url":"http:\/\/wpdiarytheme.com\/wp-content\/uploads\/2022\/09\/local-sex-match.jpeg","type":"image\/jpeg"}],"twitter_card":"summary_large_image","twitter_misc":{"Estimeret l\u00e6setid":"5 minutter"},"schema":{"@context":"https:\/\/schema.org","@graph":[{"@type":"WebSite","@id":"https:\/\/wpdiarytheme.com\/#website","url":"https:\/\/wpdiarytheme.com\/","name":"Dating Themes","description":"Find Your Perfect App","potentialAction":[{"@type":"SearchAction","target":{"@type":"EntryPoint","urlTemplate":"https:\/\/wpdiarytheme.com\/?s={search_term_string}"},"query-input":"required name=search_term_string"}],"inLanguage":"da-DK"},{"@type":"ImageObject","@id":"https:\/\/wpdiarytheme.com\/da\/#primaryimage","inLanguage":"da-DK","url":"https:\/\/wpdiarytheme.com\/wp-content\/uploads\/2022\/09\/local-sex-match.jpeg","contentUrl":"https:\/\/wpdiarytheme.com\/wp-content\/uploads\/2022\/09\/local-sex-match.jpeg","width":1600,"height":1067},{"@type":"WebPage","@id":"https:\/\/wpdiarytheme.com\/da\/#webpage","url":"https:\/\/wpdiarytheme.com\/da\/","name":"Din datingdagbog: Tilslutninger og mere - Dating Themes","isPartOf":{"@id":"https:\/\/wpdiarytheme.com\/#website"},"primaryImageOfPage":{"@id":"https:\/\/wpdiarytheme.com\/da\/#primaryimage"},"datePublished":"2022-09-12T11:14:34+00:00","dateModified":"2022-09-27T12:15:52+00:00","breadcrumb":{"@id":"https:\/\/wpdiarytheme.com\/da\/#breadcrumb"},"inLanguage":"da-DK","potentialAction":[{"@type":"ReadAction","target":["https:\/\/wpdiarytheme.com\/da\/"]}]},{"@type":"BreadcrumbList","@id":"https:\/\/wpdiarytheme.com\/da\/#breadcrumb","itemListElement":[{"@type":"ListItem","position":1,"name":"Home","item":"http:\/\/wpdiarytheme.com\/da\/"},{"@type":"ListItem","position":2,"name":"Din datingdagbog: Tilslutninger og mere"}]}]}},"_links":{"self":[{"href":"https:\/\/wpdiarytheme.com\/da\/wp-json\/wp\/v2\/pages\/172"}],"collection":[{"href":"https:\/\/wpdiarytheme.com\/da\/wp-json\/wp\/v2\/pages"}],"about":[{"href":"https:\/\/wpdiarytheme.com\/da\/wp-json\/wp\/v2\/types\/page"}],"author":[{"embeddable":true,"href":"https:\/\/wpdiarytheme.com\/da\/wp-json\/wp\/v2\/users\/1"}],"replies":[{"embeddable":true,"href":"https:\/\/wpdiarytheme.com\/da\/wp-json\/wp\/v2\/comments?post=172"}],"version-history":[{"count":1,"href":"https:\/\/wpdiarytheme.com\/da\/wp-json\/wp\/v2\/pages\/172\/revisions"}],"predecessor-version":[{"id":201,"href":"https:\/\/wpdiarytheme.com\/da\/wp-json\/wp\/v2\/pages\/172\/revisions\/201"}],"wp:featuredmedia":[{"embeddable":true,"href":"https:\/\/wpdiarytheme.com\/da\/wp-json\/wp\/v2\/media\/77"}],"wp:attachment":[{"href":"https:\/\/wpdiarytheme.com\/da\/wp-json\/wp\/v2\/media?parent=172"}],"curies":[{"name":"wp","href":"https:\/\/api.w.org\/{rel}","templated":true}]}}