{"id":309,"date":"2022-09-30T13:10:58","date_gmt":"2022-09-30T12:10:58","guid":{"rendered":"http:\/\/wpdiarytheme.com\/promluvte-si-s-milfsem\/"},"modified":"2022-09-30T13:10:58","modified_gmt":"2022-09-30T12:10:58","slug":"promluvte-si-s-milfsem","status":"publish","type":"page","link":"https:\/\/wpdiarytheme.com\/cs\/promluvte-si-s-milfsem\/","title":{"rendered":"Promluvte si s Milfsem"},"content":{"rendered":"<p>Na MILF je n\u011bco, co je \u010din\u00ed neodolateln\u00fdmi. Mo\u017en\u00e1 je to jejich zku\u0161en\u00fdmi zp\u016fsoby, nebo mo\u017en\u00e1 je to jen skute\u010dnost, \u017ee jsou obvykle mnohem teplej\u0161\u00ed ne\u017e mlad\u0161\u00ed \u017eeny. A\u0165 u\u017e je d\u016fvod jak\u00fdkoli, MILF jsou rozhodn\u011b v popt\u00e1vce, zejm\u00e9na pokud jde o p\u0159ipojen\u00ed.<\/p>\n<p>Na\u0161t\u011bst\u00ed existuje spousta <a href=\"http:\/\/wpdiarytheme.com\/women-looking-for-sex\/\">chatovac\u00edch m\u00edstnost\u00ed<\/a> MILF, kde m\u016f\u017eete j\u00edt chatovat a potenci\u00e1ln\u011b se spojit se star\u0161\u00ed \u017eenou. Jen se ujist\u011bte, \u017ee db\u00e1te na sv\u00e9 chov\u00e1n\u00ed a bu\u010fte uctiv\u00ed &#8211; koneckonc\u016f, jsou to st\u00e1le skute\u010dn\u00ed lid\u00e9, se kter\u00fdmi mluv\u00edte, nejen objekty va\u0161\u00ed touhy. Pokud tak u\u010din\u00edte, nem\u011bli byste m\u00edt probl\u00e9m naj\u00edt si MILF, se kter\u00fdm si m\u016f\u017eete pov\u00eddat&#8230; a mo\u017en\u00e1 se dokonce p\u0159ipojit!<\/p>\n<p>Existuje spousta chatovac\u00edch m\u00edstnost\u00ed MILF online, kter\u00e9 v\u00e1m umo\u017en\u00ed chatovat se star\u0161\u00edmi \u017eenami, ani\u017e byste museli platit desetn\u00edk. Tyto chatovac\u00ed m\u00edstnosti jsou skv\u011bl\u00fdm zp\u016fsobem, jak se spojit se star\u0161\u00edmi \u017eenami, kter\u00e9 by mohly m\u00edt z\u00e1jem o rand\u011bn\u00ed s mlad\u0161\u00edmi mu\u017ei. Tyto chatovac\u00ed m\u00edstnosti m\u016f\u017eete pou\u017e\u00edt k lep\u0161\u00edmu pozn\u00e1n\u00ed potenci\u00e1ln\u00edho data a zjistit, zda mezi v\u00e1mi dv\u011bma existuje n\u011bjak\u00e1 chemie. Nav\u00edc m\u016f\u017eete tyto chatovac\u00ed m\u00edstnosti pou\u017e\u00edt tak\u00e9 k tomu, abyste mluvili o \u010demkoli jin\u00e9m, co by v\u00e1s mohlo zaj\u00edmat. Pokud tedy hled\u00e1te bezplatnou chatovac\u00ed m\u00edstnost MILF pro spojen\u00ed se star\u0161\u00edmi \u017eenami, pod\u00edvejte se na n\u011bkter\u00e9 z n\u00ed\u017ee uveden\u00fdch mo\u017enost\u00ed.<\/p>\n<h2>MilF Chatovac\u00ed m\u00edstnosti<\/h2>\n<p>Na chatov\u00e1n\u00ed s milfs je n\u011bco zvl\u00e1\u0161tn\u00edho. Vyza\u0159uj\u00ed d\u016fv\u011bru a zku\u0161enosti a v\u011bd\u00ed, co v \u017eivot\u011b cht\u011bj\u00ed. Jsou tak\u00e9 skv\u011bl\u00fdmi poslucha\u010di a v\u017edy nab\u00eddnou moudr\u00e9 rady. A\u0165 u\u017e hled\u00e1te l\u00e1sku nebo jen z\u00e1bavnou konverzaci, chatov\u00e1n\u00ed s milf je v\u017edy dobr\u00fd \u010das. Pokud jde o datov\u00e1n\u00ed, mluvit s MILF m\u016f\u017ee b\u00fdt skv\u011bl\u00fd z\u00e1\u017eitek. Obvykle maj\u00ed zku\u0161enosti se vztahy a v\u011bd\u00ed, co d\u011blaj\u00ed, tak\u017ee mohou b\u00fdt skv\u011bl\u00fdm zdrojem rad. M\u016f\u017ee b\u00fdt tak\u00e9 spousta legrace mluvit, proto\u017ee jsou obvykle uvoln\u011bn\u011bj\u0161\u00ed a snadn\u011bj\u0161\u00ed ne\u017e mlad\u0161\u00ed \u017eeny. Je v\u0161ak d\u016fle\u017eit\u00e9 si uv\u011bdomit, \u017ee MILF jsou stejn\u011b jako ka\u017ed\u00e1 jin\u00e1 \u017eena &#8211; jsou to jednotlivci s vlastn\u00edmi jedine\u010dn\u00fdmi p\u0159\u00e1n\u00edmi a pot\u0159ebami, tak\u017ee je d\u016fle\u017eit\u00e9 je poznat na osobn\u00ed \u00farovni p\u0159ed \u010d\u00edmkoli jin\u00fdm.<\/p>\n<h3>St\u0159\u00edkat<\/h3>\n<p>Squirt seznamovac\u00ed aplikace je jednou z nejpopul\u00e1rn\u011bj\u0161\u00edch milf chatovac\u00edch m\u00edstnost\u00ed dostupn\u00fdch online. Aplikace byla navr\u017eena tak, aby pomohla milfs naj\u00edt jejich dokonal\u00fd z\u00e1pas. Aplikace je zdarma ke sta\u017een\u00ed a pou\u017eit\u00ed a nab\u00edz\u00ed \u0161irokou \u0161k\u00e1lu funkc\u00ed, kter\u00e9 pom\u00e1haj\u00ed u\u017eivatel\u016fm naj\u00edt jejich dokonal\u00fd prot\u011bj\u0161ek. Aplikace se snadno pou\u017e\u00edv\u00e1 a nab\u00edz\u00ed \u0161irokou \u0161k\u00e1lu filtr\u016f, kter\u00e9 pom\u00e1haj\u00ed u\u017eivatel\u016fm naj\u00edt jejich dokonalou shodu. Aplikace je k dispozici v angli\u010dtin\u011b a \u0161pan\u011bl\u0161tin\u011b a nab\u00edz\u00ed \u0161irokou \u0161k\u00e1lu mo\u017enost\u00ed, kter\u00e9 u\u017eivatel\u016fm pomohou naj\u00edt perfektn\u00ed shodu.<\/p>\n<h3>Spousta ryb<\/h3>\n<p>Pokud hled\u00e1te seznamovac\u00ed aplikaci, kter\u00e1 je speci\u00e1ln\u011b navr\u017eena pro chatovac\u00ed m\u00edstnosti milf, pak plenty of Fish je skv\u011bl\u00e1 volba. Aplikace m\u00e1 velkou u\u017eivatelskou z\u00e1kladnu, tak\u017ee budete moci naj\u00edt dobr\u00fd v\u00fdb\u011br potenci\u00e1ln\u00edch shod. Rozhran\u00ed je u\u017eivatelsky p\u0159\u00edv\u011btiv\u00e9 a snadno se orientuje, co\u017e z n\u011bj \u010din\u00ed skv\u011blou volbu pro ty, kte\u0159\u00ed jsou v online seznamov\u00e1n\u00ed nov\u00ed. Aplikace tak\u00e9 nab\u00edz\u00ed \u0159adu funkc\u00ed, jako je syst\u00e9m zas\u00edl\u00e1n\u00ed zpr\u00e1v a vyhled\u00e1vac\u00ed funkce, d\u00edky nim\u017e je skv\u011blou volbou pro chatovac\u00ed m\u00edstnosti milf.<\/p>\n<h3>Xmeets<\/h3>\n<p>Pokud hled\u00e1te chatovac\u00ed m\u00edstnost MILF, pak je Xmeets skv\u011blou volbou. Str\u00e1nka m\u00e1 velk\u00fd v\u00fdb\u011br MILF, se kter\u00fdmi m\u016f\u017eete chatovat, a str\u00e1nka se snadno pou\u017e\u00edv\u00e1. Str\u00e1nka m\u00e1 tak\u00e9 velk\u00fd v\u00fdb\u011br funkc\u00ed, v\u010detn\u011b funkce vyhled\u00e1v\u00e1n\u00ed, seznamu obl\u00edben\u00fdch polo\u017eek a funkce chatu. Str\u00e1nka tak\u00e9 nab\u00edz\u00ed \u0159adu platebn\u00edch mo\u017enost\u00ed, tak\u017ee si m\u016f\u017eete vybrat ten, kter\u00fd nejl\u00e9pe vyhovuje va\u0161im pot\u0159eb\u00e1m. Celkov\u011b je Xmeets skv\u011bl\u00e1 chatovac\u00ed m\u00edstnost MILF a skv\u011bl\u00e1 volba pro ka\u017ed\u00e9ho, kdo hled\u00e1 chatovac\u00ed m\u00edstnost pro chatov\u00e1n\u00ed s MILF.<\/p>\n","protected":false},"excerpt":{"rendered":"<p>Na MILF je n\u011bco, co je \u010din\u00ed neodolateln\u00fdmi. Mo\u017en\u00e1 je to jejich zku\u0161en\u00fdmi zp\u016fsoby, nebo mo\u017en\u00e1 je to jen skute\u010dnost,&hellip;<\/p>\n","protected":false},"author":1,"featured_media":0,"parent":0,"menu_order":0,"comment_status":"closed","ping_status":"closed","template":"","meta":[],"yoast_head":"<!-- This site is optimized with the Yoast SEO plugin v17.7.1 - https:\/\/yoast.com\/wordpress\/plugins\/seo\/ -->\n<title>Promluvte si s Milfsem - Dating Themes<\/title>\n<meta name=\"robots\" content=\"index, follow, max-snippet:-1, max-image-preview:large, max-video-preview:-1\" \/>\n<link rel=\"canonical\" href=\"https:\/\/wpdiarytheme.com\/cs\/promluvte-si-s-milfsem\/\" \/>\n<meta property=\"og:locale\" content=\"cs_CZ\" \/>\n<meta property=\"og:type\" content=\"article\" \/>\n<meta property=\"og:title\" content=\"Promluvte si s Milfsem - Dating Themes\" \/>\n<meta property=\"og:description\" content=\"Na MILF je n\u011bco, co je \u010din\u00ed neodolateln\u00fdmi. Mo\u017en\u00e1 je to jejich zku\u0161en\u00fdmi zp\u016fsoby, nebo mo\u017en\u00e1 je to jen skute\u010dnost,&hellip;\" \/>\n<meta property=\"og:url\" content=\"https:\/\/wpdiarytheme.com\/cs\/promluvte-si-s-milfsem\/\" \/>\n<meta property=\"og:site_name\" content=\"Dating Themes\" \/>\n<meta name=\"twitter:card\" content=\"summary_large_image\" \/>\n<meta name=\"twitter:label1\" content=\"Odhadovan\u00e1 doba \u010dten\u00ed\" \/>\n\t<meta name=\"twitter:data1\" content=\"4 minuty\" \/>\n<script type=\"application\/ld+json\" class=\"yoast-schema-graph\">{\"@context\":\"https:\/\/schema.org\",\"@graph\":[{\"@type\":\"WebSite\",\"@id\":\"https:\/\/wpdiarytheme.com\/#website\",\"url\":\"https:\/\/wpdiarytheme.com\/\",\"name\":\"Dating Themes\",\"description\":\"Find Your Perfect App\",\"potentialAction\":[{\"@type\":\"SearchAction\",\"target\":{\"@type\":\"EntryPoint\",\"urlTemplate\":\"https:\/\/wpdiarytheme.com\/?s={search_term_string}\"},\"query-input\":\"required name=search_term_string\"}],\"inLanguage\":\"cs\"},{\"@type\":\"WebPage\",\"@id\":\"https:\/\/wpdiarytheme.com\/cs\/promluvte-si-s-milfsem\/#webpage\",\"url\":\"https:\/\/wpdiarytheme.com\/cs\/promluvte-si-s-milfsem\/\",\"name\":\"Promluvte si s Milfsem - Dating Themes\",\"isPartOf\":{\"@id\":\"https:\/\/wpdiarytheme.com\/#website\"},\"datePublished\":\"2022-09-30T12:10:58+00:00\",\"dateModified\":\"2022-09-30T12:10:58+00:00\",\"breadcrumb\":{\"@id\":\"https:\/\/wpdiarytheme.com\/cs\/promluvte-si-s-milfsem\/#breadcrumb\"},\"inLanguage\":\"cs\",\"potentialAction\":[{\"@type\":\"ReadAction\",\"target\":[\"https:\/\/wpdiarytheme.com\/cs\/promluvte-si-s-milfsem\/\"]}]},{\"@type\":\"BreadcrumbList\",\"@id\":\"https:\/\/wpdiarytheme.com\/cs\/promluvte-si-s-milfsem\/#breadcrumb\",\"itemListElement\":[{\"@type\":\"ListItem\",\"position\":1,\"name\":\"Home\",\"item\":\"https:\/\/wpdiarytheme.com\/cs\/\"},{\"@type\":\"ListItem\",\"position\":2,\"name\":\"Promluvte si s Milfsem\"}]}]}<\/script>\n<!-- \/ Yoast SEO plugin. -->","yoast_head_json":{"title":"Promluvte si s Milfsem - Dating Themes","robots":{"index":"index","follow":"follow","max-snippet":"max-snippet:-1","max-image-preview":"max-image-preview:large","max-video-preview":"max-video-preview:-1"},"canonical":"https:\/\/wpdiarytheme.com\/cs\/promluvte-si-s-milfsem\/","og_locale":"cs_CZ","og_type":"article","og_title":"Promluvte si s Milfsem - Dating Themes","og_description":"Na MILF je n\u011bco, co je \u010din\u00ed neodolateln\u00fdmi. Mo\u017en\u00e1 je to jejich zku\u0161en\u00fdmi zp\u016fsoby, nebo mo\u017en\u00e1 je to jen skute\u010dnost,&hellip;","og_url":"https:\/\/wpdiarytheme.com\/cs\/promluvte-si-s-milfsem\/","og_site_name":"Dating Themes","twitter_card":"summary_large_image","twitter_misc":{"Odhadovan\u00e1 doba \u010dten\u00ed":"4 minuty"},"schema":{"@context":"https:\/\/schema.org","@graph":[{"@type":"WebSite","@id":"https:\/\/wpdiarytheme.com\/#website","url":"https:\/\/wpdiarytheme.com\/","name":"Dating Themes","description":"Find Your Perfect App","potentialAction":[{"@type":"SearchAction","target":{"@type":"EntryPoint","urlTemplate":"https:\/\/wpdiarytheme.com\/?s={search_term_string}"},"query-input":"required name=search_term_string"}],"inLanguage":"cs"},{"@type":"WebPage","@id":"https:\/\/wpdiarytheme.com\/cs\/promluvte-si-s-milfsem\/#webpage","url":"https:\/\/wpdiarytheme.com\/cs\/promluvte-si-s-milfsem\/","name":"Promluvte si s Milfsem - Dating Themes","isPartOf":{"@id":"https:\/\/wpdiarytheme.com\/#website"},"datePublished":"2022-09-30T12:10:58+00:00","dateModified":"2022-09-30T12:10:58+00:00","breadcrumb":{"@id":"https:\/\/wpdiarytheme.com\/cs\/promluvte-si-s-milfsem\/#breadcrumb"},"inLanguage":"cs","potentialAction":[{"@type":"ReadAction","target":["https:\/\/wpdiarytheme.com\/cs\/promluvte-si-s-milfsem\/"]}]},{"@type":"BreadcrumbList","@id":"https:\/\/wpdiarytheme.com\/cs\/promluvte-si-s-milfsem\/#breadcrumb","itemListElement":[{"@type":"ListItem","position":1,"name":"Home","item":"https:\/\/wpdiarytheme.com\/cs\/"},{"@type":"ListItem","position":2,"name":"Promluvte si s Milfsem"}]}]}},"_links":{"self":[{"href":"https:\/\/wpdiarytheme.com\/cs\/wp-json\/wp\/v2\/pages\/309"}],"collection":[{"href":"https:\/\/wpdiarytheme.com\/cs\/wp-json\/wp\/v2\/pages"}],"about":[{"href":"https:\/\/wpdiarytheme.com\/cs\/wp-json\/wp\/v2\/types\/page"}],"author":[{"embeddable":true,"href":"https:\/\/wpdiarytheme.com\/cs\/wp-json\/wp\/v2\/users\/1"}],"replies":[{"embeddable":true,"href":"https:\/\/wpdiarytheme.com\/cs\/wp-json\/wp\/v2\/comments?post=309"}],"version-history":[{"count":0,"href":"https:\/\/wpdiarytheme.com\/cs\/wp-json\/wp\/v2\/pages\/309\/revisions"}],"wp:attachment":[{"href":"https:\/\/wpdiarytheme.com\/cs\/wp-json\/wp\/v2\/media?parent=309"}],"curies":[{"name":"wp","href":"https:\/\/api.w.org\/{rel}","templated":true}]}}