{"id":297,"date":"2022-09-30T13:10:30","date_gmt":"2022-09-30T12:10:30","guid":{"rendered":"http:\/\/wpdiarytheme.com\/zdarma-fuck-stranky\/"},"modified":"2022-09-30T13:10:30","modified_gmt":"2022-09-30T12:10:30","slug":"zdarma-fuck-stranky","status":"publish","type":"page","link":"https:\/\/wpdiarytheme.com\/cs\/zdarma-fuck-stranky\/","title":{"rendered":"Zdarma Fuck str\u00e1nky"},"content":{"rendered":"<p>Nelze pop\u0159\u00edt, \u017ee str\u00e1nky setk\u00e1n\u00ed a kurva maj\u00ed sv\u00e9 m\u00edsto, pokud jde o p\u0159ipojen\u00ed. Jsou rychl\u00e9, snadn\u00e9 a \u010dasto zdarma, co\u017e je ide\u00e1ln\u00ed pro ka\u017ed\u00e9ho, kdo hled\u00e1 <a href=\"http:\/\/wpdiarytheme.com\/free-naughty-chat-apps\/\">setk\u00e1n\u00ed bez z\u00e1vazk\u016f<\/a>. Nejsou v\u0161ak bez sv\u00fdch nev\u00fdhod. Vzhledem k tomu, \u017ee se tak snadno pou\u017e\u00edvaj\u00ed, jsou \u010dasto zaplaveny fale\u0161n\u00fdmi profily a podvodn\u00edky. Nav\u00edc mnoho m\u00edst setk\u00e1n\u00ed a \u0161uk\u00e1n\u00ed je nemoderovan\u00fdch, co\u017e m\u016f\u017ee v\u00e9st k n\u011bkter\u00fdm nechutn\u00fdm (a nebezpe\u010dn\u00fdm) setk\u00e1n\u00edm. Pokud chcete pou\u017e\u00edt m\u00edsto pro setk\u00e1n\u00ed a kurva, nezapome\u0148te prov\u00e9st sv\u016fj v\u00fdzkum a pou\u017e\u00edt seri\u00f3zn\u00ed a bezpe\u010dn\u00e9 str\u00e1nky.<\/p>\n<p>Existuje spousta bezplatn\u00fdch fuck str\u00e1nek, pokud v\u00edte, kde hledat. Rychl\u00e9 vyhled\u00e1v\u00e1n\u00ed online odhal\u00ed mnoho r\u016fzn\u00fdch mo\u017enost\u00ed, tak\u017ee je to jen ot\u00e1zka nalezen\u00ed toho, kter\u00fd vyhovuje va\u0161im pot\u0159eb\u00e1m. Pokud hled\u00e1te jen rychl\u00fd a snadn\u00fd zp\u016fsob, jak se dostat, pak by mohl b\u00fdt bezplatn\u00fd kurva web zp\u016fsob, jak j\u00edt. Pokud v\u0161ak hled\u00e1te n\u011bco trochu v\u00e1\u017en\u011bj\u0161\u00edho, mo\u017en\u00e1 budete cht\u00edt zv\u00e1\u017eit zaplacen\u00ed \u010dlenstv\u00ed na pr\u00e9miov\u00e9 seznamce. Pr\u00e9miov\u00e9 str\u00e1nky maj\u00ed obvykle lep\u0161\u00ed funkce zabezpe\u010den\u00ed a ochrany osobn\u00edch \u00fadaj\u016f, stejn\u011b jako v\u011bt\u0161\u00ed a aktivn\u011bj\u0161\u00ed u\u017eivatelskou z\u00e1kladnu.<\/p>\n<h2>Najdi si kurva kamar\u00e1da<\/h2>\n<p>Neexistuje \u017e\u00e1dn\u00e1 takov\u00e1 v\u011bc jako &#8222;kurva zdarma&#8220;, pokud jde o datov\u00e1n\u00ed. Pokud chcete s n\u011bk\u00fdm randit, budete muset vynalo\u017eit ur\u010dit\u00e9 \u00fasil\u00ed &#8211; a\u0165 u\u017e to znamen\u00e1 j\u00edt na p\u00e1r rande nebo vyd\u011blat n\u011bjak\u00e9 pen\u00edze na luxusn\u00ed ve\u010de\u0159i. Ale na konci dne je na v\u00e1s, kolik &#8222;kurva&#8220; jste ochotni d\u00e1t &#8211; jen neo\u010dek\u00e1vejte, \u017ee to dostanete zdarma.<\/p>\n<h3>FriendFinder-X<\/h3>\n<p>Pokud chcete naj\u00edt p\u0159ipojen\u00ed, FriendFinder-X je skv\u011bl\u00e1 seznamovac\u00ed aplikace. Je to m\u00edsto pro setk\u00e1n\u00ed a kurva, kter\u00e9 je speci\u00e1ln\u011b navr\u017eeno tak, aby v\u00e1m pomohlo naj\u00edt sexu\u00e1ln\u00ed partnery. Aplikace se snadno pou\u017e\u00edv\u00e1 a m\u00e1 mnoho funkc\u00ed, d\u00edky nim\u017e je skv\u011blou volbou pro nalezen\u00ed p\u0159ipojen\u00ed. Funkce vyhled\u00e1v\u00e1n\u00ed je velmi u\u017eivatelsky p\u0159\u00edv\u011btiv\u00e1 a m\u016f\u017eete ji pou\u017e\u00edt k nalezen\u00ed shod ve va\u0161\u00ed oblasti. Aplikace m\u00e1 tak\u00e9 funkci zas\u00edl\u00e1n\u00ed zpr\u00e1v, kter\u00e1 v\u00e1m umo\u017en\u00ed komunikovat s potenci\u00e1ln\u00edmi shodami. Celkov\u011b je FriendFinder-X skv\u011blou volbou pro nalezen\u00ed p\u0159ipojen\u00ed.<\/p>\n<h3>XCheaters<\/h3>\n<p>Seznamovac\u00ed aplikace XCheaters je jednou z nejpopul\u00e1rn\u011bj\u0161\u00edch str\u00e1nek pro setk\u00e1n\u00ed a kurva online. Aplikace byla sta\u017eena v\u00edce ne\u017e 1 milionkr\u00e1t a byla pou\u017e\u00edv\u00e1na miliony u\u017eivatel\u016f. Aplikace je zdarma ke sta\u017een\u00ed a pou\u017eit\u00ed a je k dispozici pro za\u0159\u00edzen\u00ed iOS i Android. Aplikace m\u00e1 hodnocen\u00ed 4,5 hv\u011bzdi\u010dky v App Store a 4 hv\u011bzdi\u010dky v Obchod\u011b Google Play.<\/p>\n<p>Aplikace umo\u017e\u0148uje u\u017eivatel\u016fm naj\u00edt m\u00edstn\u00ed singles, kte\u0159\u00ed maj\u00ed z\u00e1jem o setk\u00e1n\u00ed pro p\u0159ipojen\u00ed. Aplikace tak\u00e9 umo\u017e\u0148uje u\u017eivatel\u016fm chatovat s ostatn\u00edmi u\u017eivateli a m\u00e1 dokonce vestav\u011bn\u00fd syst\u00e9m zas\u00edl\u00e1n\u00ed zpr\u00e1v. Aplikace je velmi u\u017eivatelsky p\u0159\u00edv\u011btiv\u00e1 a velmi snadno se pou\u017e\u00edv\u00e1. Celkov\u011b je seznamovac\u00ed aplikace XCheaters skv\u011blou volbou pro ty, kte\u0159\u00ed hledaj\u00ed rychl\u00fd a snadn\u00fd zp\u016fsob, jak se setkat s m\u00edstn\u00edmi nezadan\u00fdmi pro p\u0159ipojen\u00ed.<\/p>\n<h3>DateYou<\/h3>\n<p>Pokud hled\u00e1te m\u00edsto pro setk\u00e1n\u00ed a kurva, pak DateYou je skv\u011bl\u00e1 volba. Str\u00e1nka m\u00e1 velkou u\u017eivatelskou z\u00e1kladnu a je snadno pou\u017eiteln\u00e1. Profily jsou podrobn\u00e9 a existuje spousta mo\u017enost\u00ed vyhled\u00e1v\u00e1n\u00ed. M\u00edsto je v\u0161ak drah\u00e9 a neexistuj\u00ed \u017e\u00e1dn\u00e9 bezplatn\u00e9 zku\u0161ebn\u00ed verze.<\/p>\n","protected":false},"excerpt":{"rendered":"<p>Nelze pop\u0159\u00edt, \u017ee str\u00e1nky setk\u00e1n\u00ed a kurva maj\u00ed sv\u00e9 m\u00edsto, pokud jde o p\u0159ipojen\u00ed. Jsou rychl\u00e9, snadn\u00e9 a \u010dasto zdarma,&hellip;<\/p>\n","protected":false},"author":1,"featured_media":0,"parent":0,"menu_order":0,"comment_status":"closed","ping_status":"closed","template":"","meta":[],"yoast_head":"<!-- This site is optimized with the Yoast SEO plugin v17.7.1 - https:\/\/yoast.com\/wordpress\/plugins\/seo\/ -->\n<title>Zdarma Fuck str\u00e1nky - Dating Themes<\/title>\n<meta name=\"robots\" content=\"index, follow, max-snippet:-1, max-image-preview:large, max-video-preview:-1\" \/>\n<link rel=\"canonical\" href=\"https:\/\/wpdiarytheme.com\/cs\/zdarma-fuck-stranky\/\" \/>\n<meta property=\"og:locale\" content=\"cs_CZ\" \/>\n<meta property=\"og:type\" content=\"article\" \/>\n<meta property=\"og:title\" content=\"Zdarma Fuck str\u00e1nky - Dating Themes\" \/>\n<meta property=\"og:description\" content=\"Nelze pop\u0159\u00edt, \u017ee str\u00e1nky setk\u00e1n\u00ed a kurva maj\u00ed sv\u00e9 m\u00edsto, pokud jde o p\u0159ipojen\u00ed. Jsou rychl\u00e9, snadn\u00e9 a \u010dasto zdarma,&hellip;\" \/>\n<meta property=\"og:url\" content=\"https:\/\/wpdiarytheme.com\/cs\/zdarma-fuck-stranky\/\" \/>\n<meta property=\"og:site_name\" content=\"Dating Themes\" \/>\n<meta name=\"twitter:card\" content=\"summary_large_image\" \/>\n<meta name=\"twitter:label1\" content=\"Odhadovan\u00e1 doba \u010dten\u00ed\" \/>\n\t<meta name=\"twitter:data1\" content=\"3 minuty\" \/>\n<script type=\"application\/ld+json\" class=\"yoast-schema-graph\">{\"@context\":\"https:\/\/schema.org\",\"@graph\":[{\"@type\":\"WebSite\",\"@id\":\"https:\/\/wpdiarytheme.com\/#website\",\"url\":\"https:\/\/wpdiarytheme.com\/\",\"name\":\"Dating Themes\",\"description\":\"Find Your Perfect App\",\"potentialAction\":[{\"@type\":\"SearchAction\",\"target\":{\"@type\":\"EntryPoint\",\"urlTemplate\":\"https:\/\/wpdiarytheme.com\/?s={search_term_string}\"},\"query-input\":\"required name=search_term_string\"}],\"inLanguage\":\"cs\"},{\"@type\":\"WebPage\",\"@id\":\"https:\/\/wpdiarytheme.com\/cs\/zdarma-fuck-stranky\/#webpage\",\"url\":\"https:\/\/wpdiarytheme.com\/cs\/zdarma-fuck-stranky\/\",\"name\":\"Zdarma Fuck str\\u00e1nky - Dating Themes\",\"isPartOf\":{\"@id\":\"https:\/\/wpdiarytheme.com\/#website\"},\"datePublished\":\"2022-09-30T12:10:30+00:00\",\"dateModified\":\"2022-09-30T12:10:30+00:00\",\"breadcrumb\":{\"@id\":\"https:\/\/wpdiarytheme.com\/cs\/zdarma-fuck-stranky\/#breadcrumb\"},\"inLanguage\":\"cs\",\"potentialAction\":[{\"@type\":\"ReadAction\",\"target\":[\"https:\/\/wpdiarytheme.com\/cs\/zdarma-fuck-stranky\/\"]}]},{\"@type\":\"BreadcrumbList\",\"@id\":\"https:\/\/wpdiarytheme.com\/cs\/zdarma-fuck-stranky\/#breadcrumb\",\"itemListElement\":[{\"@type\":\"ListItem\",\"position\":1,\"name\":\"Home\",\"item\":\"https:\/\/wpdiarytheme.com\/cs\/\"},{\"@type\":\"ListItem\",\"position\":2,\"name\":\"Zdarma Fuck str\\u00e1nky\"}]}]}<\/script>\n<!-- \/ Yoast SEO plugin. -->","yoast_head_json":{"title":"Zdarma Fuck str\u00e1nky - Dating Themes","robots":{"index":"index","follow":"follow","max-snippet":"max-snippet:-1","max-image-preview":"max-image-preview:large","max-video-preview":"max-video-preview:-1"},"canonical":"https:\/\/wpdiarytheme.com\/cs\/zdarma-fuck-stranky\/","og_locale":"cs_CZ","og_type":"article","og_title":"Zdarma Fuck str\u00e1nky - Dating Themes","og_description":"Nelze pop\u0159\u00edt, \u017ee str\u00e1nky setk\u00e1n\u00ed a kurva maj\u00ed sv\u00e9 m\u00edsto, pokud jde o p\u0159ipojen\u00ed. Jsou rychl\u00e9, snadn\u00e9 a \u010dasto zdarma,&hellip;","og_url":"https:\/\/wpdiarytheme.com\/cs\/zdarma-fuck-stranky\/","og_site_name":"Dating Themes","twitter_card":"summary_large_image","twitter_misc":{"Odhadovan\u00e1 doba \u010dten\u00ed":"3 minuty"},"schema":{"@context":"https:\/\/schema.org","@graph":[{"@type":"WebSite","@id":"https:\/\/wpdiarytheme.com\/#website","url":"https:\/\/wpdiarytheme.com\/","name":"Dating Themes","description":"Find Your Perfect App","potentialAction":[{"@type":"SearchAction","target":{"@type":"EntryPoint","urlTemplate":"https:\/\/wpdiarytheme.com\/?s={search_term_string}"},"query-input":"required name=search_term_string"}],"inLanguage":"cs"},{"@type":"WebPage","@id":"https:\/\/wpdiarytheme.com\/cs\/zdarma-fuck-stranky\/#webpage","url":"https:\/\/wpdiarytheme.com\/cs\/zdarma-fuck-stranky\/","name":"Zdarma Fuck str\u00e1nky - Dating Themes","isPartOf":{"@id":"https:\/\/wpdiarytheme.com\/#website"},"datePublished":"2022-09-30T12:10:30+00:00","dateModified":"2022-09-30T12:10:30+00:00","breadcrumb":{"@id":"https:\/\/wpdiarytheme.com\/cs\/zdarma-fuck-stranky\/#breadcrumb"},"inLanguage":"cs","potentialAction":[{"@type":"ReadAction","target":["https:\/\/wpdiarytheme.com\/cs\/zdarma-fuck-stranky\/"]}]},{"@type":"BreadcrumbList","@id":"https:\/\/wpdiarytheme.com\/cs\/zdarma-fuck-stranky\/#breadcrumb","itemListElement":[{"@type":"ListItem","position":1,"name":"Home","item":"https:\/\/wpdiarytheme.com\/cs\/"},{"@type":"ListItem","position":2,"name":"Zdarma Fuck str\u00e1nky"}]}]}},"_links":{"self":[{"href":"https:\/\/wpdiarytheme.com\/cs\/wp-json\/wp\/v2\/pages\/297"}],"collection":[{"href":"https:\/\/wpdiarytheme.com\/cs\/wp-json\/wp\/v2\/pages"}],"about":[{"href":"https:\/\/wpdiarytheme.com\/cs\/wp-json\/wp\/v2\/types\/page"}],"author":[{"embeddable":true,"href":"https:\/\/wpdiarytheme.com\/cs\/wp-json\/wp\/v2\/users\/1"}],"replies":[{"embeddable":true,"href":"https:\/\/wpdiarytheme.com\/cs\/wp-json\/wp\/v2\/comments?post=297"}],"version-history":[{"count":0,"href":"https:\/\/wpdiarytheme.com\/cs\/wp-json\/wp\/v2\/pages\/297\/revisions"}],"wp:attachment":[{"href":"https:\/\/wpdiarytheme.com\/cs\/wp-json\/wp\/v2\/media?parent=297"}],"curies":[{"name":"wp","href":"https:\/\/api.w.org\/{rel}","templated":true}]}}