{"id":287,"date":"2022-09-30T13:11:56","date_gmt":"2022-09-30T12:11:56","guid":{"rendered":"http:\/\/wpdiarytheme.com\/zeny-hledajici-sex\/"},"modified":"2022-09-30T13:11:56","modified_gmt":"2022-09-30T12:11:56","slug":"zeny-hledajici-sex","status":"publish","type":"page","link":"https:\/\/wpdiarytheme.com\/cs\/zeny-hledajici-sex\/","title":{"rendered":"\u017deny hledaj\u00edc\u00ed sex"},"content":{"rendered":"<p>Na \u017een\u011b, kter\u00e1 v\u00ed, co chce, a neboj\u00ed se <a href=\"http:\/\/wpdiarytheme.com\/milf-hookup-sites\/\">za t\u00edm j\u00edt, je n\u011bco neuv\u011b\u0159iteln\u011b p\u0159ita\u017eliv\u00e9ho<\/a>. \u017deny, kter\u00e9 cht\u011bj\u00ed \u0161ukat, jsou sebev\u011bdom\u00e9 a sexy a v\u011bd\u00ed, jak z\u00edskat to, co cht\u011bj\u00ed. Neboj\u00ed se p\u0159evz\u00edt zodpov\u011bdnost a v posteli jsou skv\u011bl\u00ed. Pokud hled\u00e1te p\u0159ipojen\u00ed, kter\u00e9 je zaru\u010den\u011b hork\u00e9 a divok\u00e9, spojte se se \u017eenou, kter\u00e1 chce \u0161ukat.<\/p>\n<p>Existuje spousta \u017een, kter\u00e9 hledaj\u00ed sex, a pokud jste ochotni vynalo\u017eit trochu \u00fasil\u00ed, m\u016f\u017eete je naj\u00edt. Kl\u00ed\u010dem je u\u010dinit se pro n\u011b atraktivn\u00edm a b\u00fdt asertivn\u00ed. Bu\u010fte sebejist\u00ed a p\u0159evezm\u011bte iniciativu. Bu\u010fte p\u0159ipraveni nab\u00eddnout jim n\u011bco na opl\u00e1tku, a\u0165 u\u017e je to finan\u010dn\u00ed kompenzace nebo prost\u011b pot\u011b\u0161en\u00ed. Bu\u010fte uctiv\u00ed a netla\u010dte p\u0159\u00edli\u0161 tvrd\u011b a m\u011bli byste b\u00fdt schopni naj\u00edt \u017eeny, kter\u00e9 jsou ochotny s v\u00e1mi m\u00edt sex.<\/p>\n<h2>Vyhled\u00e1va\u010d pohlav\u00ed<\/h2>\n<p>Existuje spousta \u017een, kter\u00e9 hledaj\u00ed sex v m\u00e9m okol\u00ed, a drtiv\u00e1 v\u011bt\u0161ina z nich jen hled\u00e1 l\u00e1sku. Pokud v\u0161ak hled\u00e1te rychl\u00e9 p\u0159ipojen\u00ed, pravd\u011bpodobn\u011b budete m\u00edt v\u011bt\u0161\u00ed \u0161t\u011bst\u00ed jinde. \u017deny, kter\u00e9 hledaj\u00ed sex v m\u00e9m okol\u00ed, obvykle hledaj\u00ed n\u011bco trochu podstatn\u011bj\u0161\u00edho, tak\u017ee pokud hled\u00e1te jen jednu noc, mo\u017en\u00e1 budete cht\u00edt zkusit jinde.<\/p>\n<h2>Nadr\u017een\u00e9 m\u00edstn\u00ed \u017eeny<\/h2>\n<p>Nen\u00ed t\u0159eba se styd\u011bt za to, \u017ee se chcete spojit s nadr\u017eenou \u017eenou. Spoustu z nich najdete p\u0159\u00edmo zde na Xpress.com. Sta\u010d\u00ed si vytvo\u0159it profil a za\u010d\u00edt proch\u00e1zet v\u0161echny m\u00edstn\u00ed nadr\u017een\u00e9 \u017eeny ve va\u0161em okol\u00ed. M\u016f\u017eete pos\u00edlat zpr\u00e1vy a flirtovat a domluvit si sch\u016fzku na hork\u00e9, parn\u00e9 relaci. Je to jen na v\u00e1s. Tak na co je\u0161t\u011b \u010dek\u00e1te? Za\u010dn\u011bte je\u0161t\u011b dnes a spojte se s nadr\u017eenou \u017eenou ve va\u0161em okol\u00ed!<\/p>\n<h3>LuckyCrush<\/h3>\n<p>LuckyCrush je nov\u00e1 seznamovac\u00ed aplikace, kter\u00e1 umo\u017e\u0148uje \u017een\u00e1m anonymn\u011b hodnotit a hodnotit mu\u017ee, se kter\u00fdmi spaly. Aplikace je anonymn\u00ed a umo\u017e\u0148uje \u017een\u00e1m hodnotit a hodnotit pouze mu\u017ee, kter\u00e9 \u0161ukaly, ne naopak. Aplikace je st\u00e1le v ran\u00fdch f\u00e1z\u00edch, ale ji\u017e pom\u00e1h\u00e1 \u017een\u00e1m anonymn\u011b hodnotit a kontrolovat mu\u017ee, kter\u00e9 \u0161ukali.<\/p>\n<h3>WantMatures<\/h3>\n<p>Pokud jste \u017eena, kter\u00e1 chce jen \u0161ukat, pak Seznamovac\u00ed aplikace WantMatures rozhodn\u011b stoj\u00ed za to se pod\u00edvat. Aplikace je navr\u017eena speci\u00e1ln\u011b pro \u017eeny, kter\u00e9 se cht\u011bj\u00ed spojit se star\u0161\u00edmi mu\u017ei, a je to opravdu snadn\u00e9 pou\u017eit\u00ed. Sta\u010d\u00ed si vytvo\u0159it profil, proch\u00e1zet profily potenci\u00e1ln\u00edch shod a za\u010d\u00edt si pos\u00edlat zpr\u00e1vy. Mu\u017ei v aplikaci v\u0161ichni hledaj\u00ed jednu v\u011bc a neboj\u00ed se to \u0159\u00edct. Tak\u017ee, pokud jste unaveni z jedn\u00e1n\u00ed s kluky, kte\u0159\u00ed cht\u011bj\u00ed jen hr\u00e1t hry, je to aplikace pro v\u00e1s.<\/p>\n<h3>Fling.com<\/h3>\n<p>Pokud jste \u017eena, kter\u00e1 chce \u0161ukat, pak je Fling.com seznamovac\u00ed aplikace pro v\u00e1s. S v\u00edce ne\u017e 2 miliony \u010dlen\u016f po cel\u00e9m sv\u011bt\u011b je to nejv\u011bt\u0161\u00ed seznamovac\u00ed aplikace sv\u00e9ho druhu a je snadn\u00e9 pochopit pro\u010d. D\u00edky jednoduch\u00e9, ale efektivn\u00ed funkci vyhled\u00e1v\u00e1n\u00ed m\u016f\u017eete rychle a snadno naj\u00edt n\u011bkoho, kdo spl\u0148uje va\u0161e krit\u00e9ria.<\/p>\n<p>Neexistuj\u00ed \u017e\u00e1dn\u00e9 slo\u017eit\u00e9 algoritmy ani zdlouhav\u00e9 dotazn\u00edky k vypln\u011bn\u00ed, jen jednoduch\u00fd profil a fotografie. Jakmile najdete n\u011bkoho, kdo se v\u00e1m l\u00edb\u00ed, po\u0161lete mu zpr\u00e1vu a z\u00e1bava m\u016f\u017ee za\u010d\u00edt.<\/p>\n<p>Fling.com je zdarma k pou\u017eit\u00ed a neexistuj\u00ed \u017e\u00e1dn\u00e9 skryt\u00e9 n\u00e1klady, tak\u017ee se m\u016f\u017eete soust\u0159edit jen na nalezen\u00ed n\u011bkoho, kdo by \u0161ukal. A d\u00edky sv\u00e9 velk\u00e9 \u010dlensk\u00e9 z\u00e1kladn\u011b ur\u010dit\u011b najdete n\u011bkoho, kdo je pro to.<\/p>\n","protected":false},"excerpt":{"rendered":"<p>Na \u017een\u011b, kter\u00e1 v\u00ed, co chce, a neboj\u00ed se za t\u00edm j\u00edt, je n\u011bco neuv\u011b\u0159iteln\u011b p\u0159ita\u017eliv\u00e9ho. \u017deny, kter\u00e9 cht\u011bj\u00ed \u0161ukat,&hellip;<\/p>\n","protected":false},"author":1,"featured_media":0,"parent":0,"menu_order":0,"comment_status":"closed","ping_status":"closed","template":"","meta":[],"yoast_head":"<!-- This site is optimized with the Yoast SEO plugin v17.7.1 - https:\/\/yoast.com\/wordpress\/plugins\/seo\/ -->\n<title>\u017deny hledaj\u00edc\u00ed sex - Dating Themes<\/title>\n<meta name=\"robots\" content=\"index, follow, max-snippet:-1, max-image-preview:large, max-video-preview:-1\" \/>\n<link rel=\"canonical\" href=\"https:\/\/wpdiarytheme.com\/cs\/zeny-hledajici-sex\/\" \/>\n<meta property=\"og:locale\" content=\"cs_CZ\" \/>\n<meta property=\"og:type\" content=\"article\" \/>\n<meta property=\"og:title\" content=\"\u017deny hledaj\u00edc\u00ed sex - Dating Themes\" \/>\n<meta property=\"og:description\" content=\"Na \u017een\u011b, kter\u00e1 v\u00ed, co chce, a neboj\u00ed se za t\u00edm j\u00edt, je n\u011bco neuv\u011b\u0159iteln\u011b p\u0159ita\u017eliv\u00e9ho. \u017deny, kter\u00e9 cht\u011bj\u00ed \u0161ukat,&hellip;\" \/>\n<meta property=\"og:url\" content=\"https:\/\/wpdiarytheme.com\/cs\/zeny-hledajici-sex\/\" \/>\n<meta property=\"og:site_name\" content=\"Dating Themes\" \/>\n<meta name=\"twitter:card\" content=\"summary_large_image\" \/>\n<meta name=\"twitter:label1\" content=\"Odhadovan\u00e1 doba \u010dten\u00ed\" \/>\n\t<meta name=\"twitter:data1\" content=\"3 minuty\" \/>\n<script type=\"application\/ld+json\" class=\"yoast-schema-graph\">{\"@context\":\"https:\/\/schema.org\",\"@graph\":[{\"@type\":\"WebSite\",\"@id\":\"https:\/\/wpdiarytheme.com\/#website\",\"url\":\"https:\/\/wpdiarytheme.com\/\",\"name\":\"Dating Themes\",\"description\":\"Find Your Perfect App\",\"potentialAction\":[{\"@type\":\"SearchAction\",\"target\":{\"@type\":\"EntryPoint\",\"urlTemplate\":\"https:\/\/wpdiarytheme.com\/?s={search_term_string}\"},\"query-input\":\"required name=search_term_string\"}],\"inLanguage\":\"cs\"},{\"@type\":\"WebPage\",\"@id\":\"https:\/\/wpdiarytheme.com\/cs\/zeny-hledajici-sex\/#webpage\",\"url\":\"https:\/\/wpdiarytheme.com\/cs\/zeny-hledajici-sex\/\",\"name\":\"\\u017deny hledaj\\u00edc\\u00ed sex - Dating Themes\",\"isPartOf\":{\"@id\":\"https:\/\/wpdiarytheme.com\/#website\"},\"datePublished\":\"2022-09-30T12:11:56+00:00\",\"dateModified\":\"2022-09-30T12:11:56+00:00\",\"breadcrumb\":{\"@id\":\"https:\/\/wpdiarytheme.com\/cs\/zeny-hledajici-sex\/#breadcrumb\"},\"inLanguage\":\"cs\",\"potentialAction\":[{\"@type\":\"ReadAction\",\"target\":[\"https:\/\/wpdiarytheme.com\/cs\/zeny-hledajici-sex\/\"]}]},{\"@type\":\"BreadcrumbList\",\"@id\":\"https:\/\/wpdiarytheme.com\/cs\/zeny-hledajici-sex\/#breadcrumb\",\"itemListElement\":[{\"@type\":\"ListItem\",\"position\":1,\"name\":\"Home\",\"item\":\"https:\/\/wpdiarytheme.com\/cs\/\"},{\"@type\":\"ListItem\",\"position\":2,\"name\":\"\\u017deny hledaj\\u00edc\\u00ed sex\"}]}]}<\/script>\n<!-- \/ Yoast SEO plugin. -->","yoast_head_json":{"title":"\u017deny hledaj\u00edc\u00ed sex - Dating Themes","robots":{"index":"index","follow":"follow","max-snippet":"max-snippet:-1","max-image-preview":"max-image-preview:large","max-video-preview":"max-video-preview:-1"},"canonical":"https:\/\/wpdiarytheme.com\/cs\/zeny-hledajici-sex\/","og_locale":"cs_CZ","og_type":"article","og_title":"\u017deny hledaj\u00edc\u00ed sex - Dating Themes","og_description":"Na \u017een\u011b, kter\u00e1 v\u00ed, co chce, a neboj\u00ed se za t\u00edm j\u00edt, je n\u011bco neuv\u011b\u0159iteln\u011b p\u0159ita\u017eliv\u00e9ho. \u017deny, kter\u00e9 cht\u011bj\u00ed \u0161ukat,&hellip;","og_url":"https:\/\/wpdiarytheme.com\/cs\/zeny-hledajici-sex\/","og_site_name":"Dating Themes","twitter_card":"summary_large_image","twitter_misc":{"Odhadovan\u00e1 doba \u010dten\u00ed":"3 minuty"},"schema":{"@context":"https:\/\/schema.org","@graph":[{"@type":"WebSite","@id":"https:\/\/wpdiarytheme.com\/#website","url":"https:\/\/wpdiarytheme.com\/","name":"Dating Themes","description":"Find Your Perfect App","potentialAction":[{"@type":"SearchAction","target":{"@type":"EntryPoint","urlTemplate":"https:\/\/wpdiarytheme.com\/?s={search_term_string}"},"query-input":"required name=search_term_string"}],"inLanguage":"cs"},{"@type":"WebPage","@id":"https:\/\/wpdiarytheme.com\/cs\/zeny-hledajici-sex\/#webpage","url":"https:\/\/wpdiarytheme.com\/cs\/zeny-hledajici-sex\/","name":"\u017deny hledaj\u00edc\u00ed sex - Dating Themes","isPartOf":{"@id":"https:\/\/wpdiarytheme.com\/#website"},"datePublished":"2022-09-30T12:11:56+00:00","dateModified":"2022-09-30T12:11:56+00:00","breadcrumb":{"@id":"https:\/\/wpdiarytheme.com\/cs\/zeny-hledajici-sex\/#breadcrumb"},"inLanguage":"cs","potentialAction":[{"@type":"ReadAction","target":["https:\/\/wpdiarytheme.com\/cs\/zeny-hledajici-sex\/"]}]},{"@type":"BreadcrumbList","@id":"https:\/\/wpdiarytheme.com\/cs\/zeny-hledajici-sex\/#breadcrumb","itemListElement":[{"@type":"ListItem","position":1,"name":"Home","item":"https:\/\/wpdiarytheme.com\/cs\/"},{"@type":"ListItem","position":2,"name":"\u017deny hledaj\u00edc\u00ed sex"}]}]}},"_links":{"self":[{"href":"https:\/\/wpdiarytheme.com\/cs\/wp-json\/wp\/v2\/pages\/287"}],"collection":[{"href":"https:\/\/wpdiarytheme.com\/cs\/wp-json\/wp\/v2\/pages"}],"about":[{"href":"https:\/\/wpdiarytheme.com\/cs\/wp-json\/wp\/v2\/types\/page"}],"author":[{"embeddable":true,"href":"https:\/\/wpdiarytheme.com\/cs\/wp-json\/wp\/v2\/users\/1"}],"replies":[{"embeddable":true,"href":"https:\/\/wpdiarytheme.com\/cs\/wp-json\/wp\/v2\/comments?post=287"}],"version-history":[{"count":0,"href":"https:\/\/wpdiarytheme.com\/cs\/wp-json\/wp\/v2\/pages\/287\/revisions"}],"wp:attachment":[{"href":"https:\/\/wpdiarytheme.com\/cs\/wp-json\/wp\/v2\/media?parent=287"}],"curies":[{"name":"wp","href":"https:\/\/api.w.org\/{rel}","templated":true}]}}