{"id":269,"date":"2022-09-30T13:11:17","date_gmt":"2022-09-30T12:11:17","guid":{"rendered":"http:\/\/wpdiarytheme.com\/zdarma-naughty-chat-apps\/"},"modified":"2022-09-30T13:11:17","modified_gmt":"2022-09-30T12:11:17","slug":"zdarma-naughty-chat-apps","status":"publish","type":"page","link":"https:\/\/wpdiarytheme.com\/cs\/zdarma-naughty-chat-apps\/","title":{"rendered":"Zdarma Naughty Chat Apps"},"content":{"rendered":"<p>Nelze pop\u0159\u00edt, \u017ee chatovac\u00ed m\u00edstnosti mohou b\u00fdt skv\u011bl\u00fdm zp\u016fsobem, jak se spojit s lidmi, kte\u0159\u00ed sd\u00edlej\u00ed va\u0161e z\u00e1jmy. Nelze v\u0161ak pop\u0159\u00edt, \u017ee chatovac\u00ed m\u00edstnosti mohou b\u00fdt skv\u011bl\u00fdm zp\u016fsobem, jak se spojit s lidmi, kte\u0159\u00ed sd\u00edlej\u00ed va\u0161i nezbednou str\u00e1nku.<\/p>\n<p>Pokud hled\u00e1te trochu v\u00edce vzru\u0161en\u00ed ve sv\u00e9m \u017eivot\u011b, mo\u017en\u00e1 budete cht\u00edt zv\u00e1\u017eit str\u00e1ven\u00ed n\u011bjak\u00e9ho \u010dasu v nezbedn\u00e9 chatovac\u00ed m\u00edstnosti. Zde si m\u016f\u017eete nechat vlasy dol\u016f a b\u00fdt tak zlobiv\u00ed, jak chcete b\u00fdt. A\u0165 u\u017e hled\u00e1te n\u011bjakou ne\u0161kodnou z\u00e1bavu nebo n\u011bco trochu riskantn\u011bj\u0161\u00edho, ur\u010dit\u011b to najdete v nezbedn\u00e9 chatovac\u00ed m\u00edstnosti.<\/p>\n<p>Samoz\u0159ejm\u011b, stejn\u011b jako u \u010dehokoli jin\u00e9ho, budete muset p\u0159i <a href=\"http:\/\/wpdiarytheme.com\/talk-with-milfs\/\">chatov\u00e1n\u00ed s ciz\u00edmi lidmi online<\/a> pou\u017e\u00edt sv\u016fj nejlep\u0161\u00ed \u00fasudek. Neposkytujte osobn\u00ed \u00fadaje ani se nezapojujte do \u017e\u00e1dn\u00fdch aktivit, kter\u00e9 v\u00e1m nejsou p\u0159\u00edjemn\u00e9. Ale pokud hrajete bezpe\u010dn\u011b, str\u00e1vit n\u011bjak\u00fd \u010das v nezbedn\u00e9 chatovac\u00ed m\u00edstnosti m\u016f\u017ee b\u00fdt skv\u011bl\u00fd zp\u016fsob, jak oko\u0159enit sv\u016fj milostn\u00fd \u017eivot.<\/p>\n<h2>Naughty Chat Str\u00e1nky<\/h2>\n<p>Zlobiv\u00fd chat m\u016f\u017ee b\u00fdt skv\u011bl\u00fd zp\u016fsob, jak oko\u0159enit sv\u016fj seznamovac\u00ed \u017eivot. M\u016f\u017ee to p\u0159idat vzru\u0161en\u00ed a intriky do jinak sv\u011btsk\u00e9ho vztahu. Zlobiv\u00fd chat m\u016f\u017ee b\u00fdt tak\u00e9 skv\u011bl\u00fd zp\u016fsob, jak poznat n\u011bkoho nov\u00e9ho. M\u016f\u017ee v\u00e1m pomoci prolomit ledy a poznat n\u011bkoho na osobn\u011bj\u0161\u00ed \u00farovni. Zlobiv\u00fd chat m\u016f\u017ee b\u00fdt skv\u011bl\u00fd zp\u016fsob, jak vybudovat sexu\u00e1ln\u00ed nap\u011bt\u00ed a o\u010dek\u00e1v\u00e1n\u00ed. M\u016f\u017ee to b\u00fdt tak\u00e9 skv\u011bl\u00fd zp\u016fsob, jak uvolnit n\u011bkter\u00e9 z va\u0161ich z\u00e1bran a prozkoumat va\u0161i divokou str\u00e1nku. Pokud chcete p\u0159idat n\u011bjak\u00e9 ko\u0159en\u00ed do sv\u00e9ho seznamovac\u00edho \u017eivota, zlobiv\u00fd chat je skv\u011bl\u00fdm m\u00edstem, kde za\u010d\u00edt.<\/p>\n<p>Pokud hled\u00e1te l\u00e1sku, pro\u010d nezkusit n\u011bco trochu zlobiv\u00e9ho? Bezplatn\u00fd zlobiv\u00fd chat je perfektn\u00ed zp\u016fsob, jak oko\u0159enit sv\u016fj milostn\u00fd \u017eivot a znovu rozjet mot\u00fdly. A\u0165 u\u017e jste svobodn\u00ed nebo ve vztahu, trochu zlobiv\u00e9ho chatu m\u016f\u017ee j\u00edt dlouhou cestu. Tak na co je\u0161t\u011b \u010dek\u00e1te? Flirtujte a bavte se!<\/p>\n<h2>Sex Chatroomy<\/h2>\n<p>Chatovac\u00ed m\u00edstnosti pro dosp\u011bl\u00e9 mohou b\u00fdt skv\u011bl\u00fdm zp\u016fsobem, jak poznat nov\u00e9 lidi, zejm\u00e9na pokud hled\u00e1te rande. Mohou b\u00fdt hodn\u011b z\u00e1bavn\u00e9 a obvykle najdete n\u011bkoho, kdo sd\u00edl\u00ed va\u0161e z\u00e1jmy. P\u0159i pou\u017e\u00edv\u00e1n\u00ed chatovac\u00edch m\u00edstnost\u00ed je v\u0161ak d\u016fle\u017eit\u00e9 b\u00fdt v bezpe\u010d\u00ed a nikdy neposkytovat osobn\u00ed \u00fadaje.<\/p>\n<h3>Outpersonal.com<\/h3>\n<p>Pokud hled\u00e1te nezbednou aplikaci chatovac\u00ed m\u00edstnosti, je Outpersonal.com skv\u011bl\u00e1 volba. Aplikace je zdarma ke sta\u017een\u00ed a pou\u017eit\u00ed a nab\u00edz\u00ed \u0161irokou \u0161k\u00e1lu funkc\u00ed, kter\u00e9 v\u00e1m pomohou naj\u00edt a spojit se s potenci\u00e1ln\u00edmi shodami. U\u017eivatele m\u016f\u017eete vyhled\u00e1vat podle lokality, v\u011bku a z\u00e1jm\u016f a m\u016f\u017eete jim pos\u00edlat zpr\u00e1vy p\u0159\u00edmo. Aplikace m\u00e1 tak\u00e9 funkci &#8222;Spark&#8220;, kter\u00e1 v\u00e1m umo\u017en\u00ed odeslat koketn\u00ed zpr\u00e1vu jin\u00e9mu u\u017eivateli. Celkov\u011b je Outpersonal.com skv\u011blou volbou pro ty, kte\u0159\u00ed hledaj\u00ed nezbednou aplikaci chatovac\u00ed m\u00edstnosti.<\/p>\n<h3>CougarLife<\/h3>\n<p>CougarLife je seznamovac\u00ed aplikace, kter\u00e1 v\u00e1m umo\u017en\u00ed chatovat s ostatn\u00edmi u\u017eivateli, kte\u0159\u00ed hledaj\u00ed p\u0159\u00edle\u017eitostn\u00e9 p\u0159ipojen\u00ed. Aplikace je zdarma ke sta\u017een\u00ed a pou\u017eit\u00ed a nab\u00edz\u00ed \u0159adu funkc\u00ed, kter\u00e9 usnad\u0148uj\u00ed nalezen\u00ed n\u011bkoho, s k\u00fdm m\u016f\u017eete chatovat. M\u016f\u017eete vyhled\u00e1vat u\u017eivatele podle m\u00edsta, v\u011bku a z\u00e1jm\u016f a m\u016f\u017eete tak\u00e9 zobrazit profily a fotografie. Pokud m\u00e1te z\u00e1jem setkat se s n\u011bk\u00fdm pro p\u0159\u00edle\u017eitostn\u00e9 p\u0159ipojen\u00ed, CougarLife je skv\u011bl\u00e1 volba.<\/p>\n<h3>Uberhorny<\/h3>\n<p>Pokud hled\u00e1te nezbednou chatovac\u00ed m\u00edstnost, ve kter\u00e9 se m\u016f\u017eete pobavit, Uberhorny je skv\u011bl\u00e1 volba. Str\u00e1nka m\u00e1 velk\u00fd v\u00fdb\u011br chatovac\u00edch m\u00edstnost\u00ed, ze kter\u00fdch si m\u016f\u017eete vybrat, a m\u016f\u017eete snadno naj\u00edt ten, kter\u00fd vyhovuje va\u0161im z\u00e1jm\u016fm. Chatovac\u00ed m\u00edstnosti jsou dob\u0159e moderovan\u00e9 a existuje dobr\u00e1 sm\u011bs u\u017eivatel\u016f, tak\u017ee ur\u010dit\u011b najdete n\u011bkoho, s k\u00fdm se budete bavit. Jedinou nev\u00fdhodou je, \u017ee web nen\u00ed zdarma, ale stoj\u00ed za to cenu za velk\u00fd v\u00fdb\u011br chatovac\u00edch m\u00edstnost\u00ed a z\u00e1bavu, kterou ur\u010dit\u011b budete m\u00edt.<\/p>\n","protected":false},"excerpt":{"rendered":"<p>Nelze pop\u0159\u00edt, \u017ee chatovac\u00ed m\u00edstnosti mohou b\u00fdt skv\u011bl\u00fdm zp\u016fsobem, jak se spojit s lidmi, kte\u0159\u00ed sd\u00edlej\u00ed va\u0161e z\u00e1jmy. Nelze v\u0161ak&hellip;<\/p>\n","protected":false},"author":1,"featured_media":0,"parent":0,"menu_order":0,"comment_status":"closed","ping_status":"closed","template":"","meta":[],"yoast_head":"<!-- This site is optimized with the Yoast SEO plugin v17.7.1 - https:\/\/yoast.com\/wordpress\/plugins\/seo\/ -->\n<title>Zdarma Naughty Chat Apps - Dating Themes<\/title>\n<meta name=\"robots\" content=\"index, follow, max-snippet:-1, max-image-preview:large, max-video-preview:-1\" \/>\n<link rel=\"canonical\" href=\"https:\/\/wpdiarytheme.com\/cs\/zdarma-naughty-chat-apps\/\" \/>\n<meta property=\"og:locale\" content=\"cs_CZ\" \/>\n<meta property=\"og:type\" content=\"article\" \/>\n<meta property=\"og:title\" content=\"Zdarma Naughty Chat Apps - Dating Themes\" \/>\n<meta property=\"og:description\" content=\"Nelze pop\u0159\u00edt, \u017ee chatovac\u00ed m\u00edstnosti mohou b\u00fdt skv\u011bl\u00fdm zp\u016fsobem, jak se spojit s lidmi, kte\u0159\u00ed sd\u00edlej\u00ed va\u0161e z\u00e1jmy. Nelze v\u0161ak&hellip;\" \/>\n<meta property=\"og:url\" content=\"https:\/\/wpdiarytheme.com\/cs\/zdarma-naughty-chat-apps\/\" \/>\n<meta property=\"og:site_name\" content=\"Dating Themes\" \/>\n<meta name=\"twitter:card\" content=\"summary_large_image\" \/>\n<meta name=\"twitter:label1\" content=\"Odhadovan\u00e1 doba \u010dten\u00ed\" \/>\n\t<meta name=\"twitter:data1\" content=\"4 minuty\" \/>\n<script type=\"application\/ld+json\" class=\"yoast-schema-graph\">{\"@context\":\"https:\/\/schema.org\",\"@graph\":[{\"@type\":\"WebSite\",\"@id\":\"https:\/\/wpdiarytheme.com\/cs\/#website\",\"url\":\"https:\/\/wpdiarytheme.com\/cs\/\",\"name\":\"Dating Themes\",\"description\":\"Find Your Perfect App\",\"potentialAction\":[{\"@type\":\"SearchAction\",\"target\":{\"@type\":\"EntryPoint\",\"urlTemplate\":\"https:\/\/wpdiarytheme.com\/cs\/?s={search_term_string}\"},\"query-input\":\"required name=search_term_string\"}],\"inLanguage\":\"cs\"},{\"@type\":\"WebPage\",\"@id\":\"https:\/\/wpdiarytheme.com\/cs\/zdarma-naughty-chat-apps\/#webpage\",\"url\":\"https:\/\/wpdiarytheme.com\/cs\/zdarma-naughty-chat-apps\/\",\"name\":\"Zdarma Naughty Chat Apps - Dating Themes\",\"isPartOf\":{\"@id\":\"https:\/\/wpdiarytheme.com\/cs\/#website\"},\"datePublished\":\"2022-09-30T12:11:17+00:00\",\"dateModified\":\"2022-09-30T12:11:17+00:00\",\"breadcrumb\":{\"@id\":\"https:\/\/wpdiarytheme.com\/cs\/zdarma-naughty-chat-apps\/#breadcrumb\"},\"inLanguage\":\"cs\",\"potentialAction\":[{\"@type\":\"ReadAction\",\"target\":[\"https:\/\/wpdiarytheme.com\/cs\/zdarma-naughty-chat-apps\/\"]}]},{\"@type\":\"BreadcrumbList\",\"@id\":\"https:\/\/wpdiarytheme.com\/cs\/zdarma-naughty-chat-apps\/#breadcrumb\",\"itemListElement\":[{\"@type\":\"ListItem\",\"position\":1,\"name\":\"Home\",\"item\":\"https:\/\/wpdiarytheme.com\/cs\/\"},{\"@type\":\"ListItem\",\"position\":2,\"name\":\"Zdarma Naughty Chat Apps\"}]}]}<\/script>\n<!-- \/ Yoast SEO plugin. -->","yoast_head_json":{"title":"Zdarma Naughty Chat Apps - Dating Themes","robots":{"index":"index","follow":"follow","max-snippet":"max-snippet:-1","max-image-preview":"max-image-preview:large","max-video-preview":"max-video-preview:-1"},"canonical":"https:\/\/wpdiarytheme.com\/cs\/zdarma-naughty-chat-apps\/","og_locale":"cs_CZ","og_type":"article","og_title":"Zdarma Naughty Chat Apps - Dating Themes","og_description":"Nelze pop\u0159\u00edt, \u017ee chatovac\u00ed m\u00edstnosti mohou b\u00fdt skv\u011bl\u00fdm zp\u016fsobem, jak se spojit s lidmi, kte\u0159\u00ed sd\u00edlej\u00ed va\u0161e z\u00e1jmy. Nelze v\u0161ak&hellip;","og_url":"https:\/\/wpdiarytheme.com\/cs\/zdarma-naughty-chat-apps\/","og_site_name":"Dating Themes","twitter_card":"summary_large_image","twitter_misc":{"Odhadovan\u00e1 doba \u010dten\u00ed":"4 minuty"},"schema":{"@context":"https:\/\/schema.org","@graph":[{"@type":"WebSite","@id":"https:\/\/wpdiarytheme.com\/cs\/#website","url":"https:\/\/wpdiarytheme.com\/cs\/","name":"Dating Themes","description":"Find Your Perfect App","potentialAction":[{"@type":"SearchAction","target":{"@type":"EntryPoint","urlTemplate":"https:\/\/wpdiarytheme.com\/cs\/?s={search_term_string}"},"query-input":"required name=search_term_string"}],"inLanguage":"cs"},{"@type":"WebPage","@id":"https:\/\/wpdiarytheme.com\/cs\/zdarma-naughty-chat-apps\/#webpage","url":"https:\/\/wpdiarytheme.com\/cs\/zdarma-naughty-chat-apps\/","name":"Zdarma Naughty Chat Apps - Dating Themes","isPartOf":{"@id":"https:\/\/wpdiarytheme.com\/cs\/#website"},"datePublished":"2022-09-30T12:11:17+00:00","dateModified":"2022-09-30T12:11:17+00:00","breadcrumb":{"@id":"https:\/\/wpdiarytheme.com\/cs\/zdarma-naughty-chat-apps\/#breadcrumb"},"inLanguage":"cs","potentialAction":[{"@type":"ReadAction","target":["https:\/\/wpdiarytheme.com\/cs\/zdarma-naughty-chat-apps\/"]}]},{"@type":"BreadcrumbList","@id":"https:\/\/wpdiarytheme.com\/cs\/zdarma-naughty-chat-apps\/#breadcrumb","itemListElement":[{"@type":"ListItem","position":1,"name":"Home","item":"https:\/\/wpdiarytheme.com\/cs\/"},{"@type":"ListItem","position":2,"name":"Zdarma Naughty Chat Apps"}]}]}},"_links":{"self":[{"href":"https:\/\/wpdiarytheme.com\/cs\/wp-json\/wp\/v2\/pages\/269"}],"collection":[{"href":"https:\/\/wpdiarytheme.com\/cs\/wp-json\/wp\/v2\/pages"}],"about":[{"href":"https:\/\/wpdiarytheme.com\/cs\/wp-json\/wp\/v2\/types\/page"}],"author":[{"embeddable":true,"href":"https:\/\/wpdiarytheme.com\/cs\/wp-json\/wp\/v2\/users\/1"}],"replies":[{"embeddable":true,"href":"https:\/\/wpdiarytheme.com\/cs\/wp-json\/wp\/v2\/comments?post=269"}],"version-history":[{"count":0,"href":"https:\/\/wpdiarytheme.com\/cs\/wp-json\/wp\/v2\/pages\/269\/revisions"}],"wp:attachment":[{"href":"https:\/\/wpdiarytheme.com\/cs\/wp-json\/wp\/v2\/media?parent=269"}],"curies":[{"name":"wp","href":"https:\/\/api.w.org\/{rel}","templated":true}]}}